{"id":15770,"date":"2018-10-01T17:39:25","date_gmt":"2018-10-01T21:39:25","guid":{"rendered":"https:\/\/www.duboischemicals.com\/\/heavy-equipment\/"},"modified":"2021-02-26T10:15:01","modified_gmt":"2021-02-26T15:15:01","slug":"heavy-equipment","status":"publish","type":"page","link":"https:\/\/www.duboischemicals.com\/fr\/industries\/heavy-equipment\/","title":{"rendered":"\u00c9quipement lourd"},"content":{"rendered":"<h2>Des solutions compl\u00e8tes pour les fabricants d&rsquo;\u00e9quipements lourds<\/h2>\n<p>Nous b\u00e9n\u00e9ficions tous des avantages de l&rsquo;\u00e9quipement lourd tous les jours, des agriculteurs qui r\u00e9coltent la nourriture que nous mangeons aux ouvriers du b\u00e2timent qui construisent nos maisons et nos routes.\u00a0\u00a0<span data-ccp-props=\"{&quot;134233118&quot;:true,&quot;201341983&quot;:0,&quot;335559739&quot;:200,&quot;335559740&quot;:240}\">\u00a0<\/span><\/p>\n<p>L&rsquo;\u00e9quipement lourd est soumis \u00e0 des conditions d&rsquo;exploitation exigeantes. Les clients privil\u00e9gient la fiabilit\u00e9 et la long\u00e9vit\u00e9 lorsqu&rsquo;ils envisagent d&rsquo;acheter leurs machines. DuBois propose des solutions compl\u00e8tes qui garantissent que vos \u00e9quipements restent sur le terrain, ce qui permet \u00e0 vos clients de respecter leurs d\u00e9lais et de maximiser leurs rendements. Nos produits sont con\u00e7us pour r\u00e9pondre aux normes de qualit\u00e9 les plus strictes dans les applications suivantes\u00a0:<span data-ccp-props=\"{&quot;134233118&quot;:true,&quot;201341983&quot;:0,&quot;335559739&quot;:200,&quot;335559740&quot;:240}\">\u00a0<\/span><\/p>\n<ul>\n<li data-leveltext=\"\uf0b7\" data-font=\"Symbol\" data-listid=\"6\" aria-setsize=\"-1\" data-aria-posinset=\"1\" data-aria-level=\"1\">Agriculture<span data-ccp-props=\"{&quot;134233279&quot;:true,&quot;201341983&quot;:0,&quot;335559739&quot;:200,&quot;335559740&quot;:240}\">\u00a0<\/span><\/li>\n<li data-leveltext=\"\uf0b7\" data-font=\"Symbol\" data-listid=\"6\" aria-setsize=\"-1\" data-aria-posinset=\"2\" data-aria-level=\"1\">Construction<span data-ccp-props=\"{&quot;134233279&quot;:true,&quot;201341983&quot;:0,&quot;335559739&quot;:200,&quot;335559740&quot;:240}\">\u00a0<\/span><\/li>\n<li data-leveltext=\"\uf0b7\" data-font=\"Symbol\" data-listid=\"6\" aria-setsize=\"-1\" data-aria-posinset=\"3\" data-aria-level=\"1\">Manutention-des-mat\u00e9riaux<span data-ccp-props=\"{&quot;134233279&quot;:true,&quot;201341983&quot;:0,&quot;335559739&quot;:200,&quot;335559740&quot;:240}\">\u00a0<\/span><\/li>\n<li data-leveltext=\"\uf0b7\" data-font=\"Symbol\" data-listid=\"6\" aria-setsize=\"-1\" data-aria-posinset=\"4\" data-aria-level=\"1\">Exploitation mini\u00e8re\u00a0<span data-ccp-props=\"{&quot;134233279&quot;:true,&quot;201341983&quot;:0,&quot;335559739&quot;:200,&quot;335559740&quot;:240}\">\u00a0<\/span><\/li>\n<li data-leveltext=\"\uf0b7\" data-font=\"Symbol\" data-listid=\"6\" aria-setsize=\"-1\" data-aria-posinset=\"4\" data-aria-level=\"1\">Forces arm\u00e9es<span data-ccp-props=\"{&quot;134233279&quot;:true,&quot;201341983&quot;:0,&quot;335559739&quot;:200,&quot;335559740&quot;:240}\">\u00a0<\/span><\/li>\n<li data-leveltext=\"\uf0b7\" data-font=\"Symbol\" data-listid=\"6\" aria-setsize=\"-1\" data-aria-posinset=\"4\" data-aria-level=\"1\">V\u00e9hicules hors route<span data-ccp-props=\"{&quot;134233279&quot;:true,&quot;201341983&quot;:0,&quot;335559739&quot;:200,&quot;335559740&quot;:240}\">\u00a0<\/span><\/li>\n<\/ul>\n<p>Les fabricants d&rsquo;\u00e9quipements lourds sont confront\u00e9s \u00e0 de nombreux probl\u00e8mes de corrosion, de nettoyage et de performance des rev\u00eatements. DuBois fournit des solutions pour\u00a0:<span data-ccp-props=\"{&quot;201341983&quot;:0,&quot;335559739&quot;:200,&quot;335559740&quot;:276}\">\u00a0<\/span><\/p>\n<ul>\n<li data-leveltext=\"\uf0b7\" data-font=\"Symbol\" data-listid=\"9\" aria-setsize=\"-1\" data-aria-posinset=\"3\" data-aria-level=\"1\">\u00c9liminer la calamine laiss\u00e9e sur les bords par la d\u00e9coupe au laser<span data-ccp-props=\"{&quot;134233279&quot;:true,&quot;201341983&quot;:0,&quot;335559739&quot;:200,&quot;335559740&quot;:276}\">\u00a0<\/span><\/li>\n<li data-leveltext=\"\uf0b7\" data-font=\"Symbol\" data-listid=\"9\" aria-setsize=\"-1\" data-aria-posinset=\"3\" data-aria-level=\"1\">Am\u00e9liorer l&rsquo;adh\u00e9rence sur les surfaces soud\u00e9es<span data-ccp-props=\"{&quot;134233279&quot;:true,&quot;201341983&quot;:0,&quot;335559739&quot;:200,&quot;335559740&quot;:276}\">\u00a0<\/span><\/li>\n<li data-leveltext=\"\uf0b7\" data-font=\"Symbol\" data-listid=\"9\" aria-setsize=\"-1\" data-aria-posinset=\"3\" data-aria-level=\"1\">Prot\u00e9ger les pi\u00e8ces contre la corrosion pendant la fabrication et l&rsquo;exp\u00e9dition\u00a0\u00a0<span data-ccp-props=\"{&quot;134233279&quot;:true,&quot;201341983&quot;:0,&quot;335559739&quot;:200,&quot;335559740&quot;:276}\">\u00a0<\/span><\/li>\n<\/ul>\n<p>Que vos besoins concernent la fabrication d\u2019\u00e9quipement d\u2019origine ou la remise \u00e0 neuf, DuBois a une solution pour vous.<span data-ccp-props=\"{&quot;201341983&quot;:0,&quot;335559739&quot;:200,&quot;335559740&quot;:276}\">\u00a0<\/span><\/p>\n<p><b>Produits\u00a0<\/b><b>et technologies<\/b><span data-ccp-props=\"{&quot;201341983&quot;:0,&quot;335559739&quot;:150,&quot;335559740&quot;:240}\">\u00a0<\/span><\/p>\n<ul>\n<li data-leveltext=\"\uf0b7\" data-font=\"Symbol\" data-listid=\"4\" aria-setsize=\"-1\" data-aria-posinset=\"3\" data-aria-level=\"1\"><a href=\"http:\/\/www.duboischemicals.com\/\/manufacturing\/products\/metalworking-fluids\/\">Liquides m\u00e9tallurgiques<\/a>\u00a0<span data-ccp-props=\"{&quot;201341983&quot;:0,&quot;335559685&quot;:450,&quot;335559739&quot;:200,&quot;335559740&quot;:240}\">\u00a0<\/span><\/li>\n<li data-leveltext=\"\uf0b7\" data-font=\"Symbol\" data-listid=\"4\" aria-setsize=\"-1\" data-aria-posinset=\"3\" data-aria-level=\"1\"><a href=\"http:\/\/www.duboischemicals.com\/\/manufacturing\/products\/lubricants\/\">Lubrifiants<\/a><span data-ccp-props=\"{&quot;201341983&quot;:0,&quot;335559685&quot;:450,&quot;335559739&quot;:200,&quot;335559740&quot;:240}\">\u00a0<\/span><\/li>\n<li data-leveltext=\"\uf0b7\" data-font=\"Symbol\" data-listid=\"4\" aria-setsize=\"-1\" data-aria-posinset=\"3\" data-aria-level=\"1\"><a href=\"http:\/\/www.duboischemicals.com\/\/manufacturing\/products\/rust-preventives\/\">Antirouilles<\/a><span data-ccp-props=\"{&quot;201341983&quot;:0,&quot;335559685&quot;:450,&quot;335559739&quot;:200,&quot;335559740&quot;:240}\">\u00a0<\/span><\/li>\n<li data-leveltext=\"\uf0b7\" data-font=\"Symbol\" data-listid=\"4\" aria-setsize=\"-1\" data-aria-posinset=\"3\" data-aria-level=\"1\"><a href=\"http:\/\/www.duboischemicals.com\/\/manufacturing\/products\/industrial-cleaners\/\">Nettoyants industriels<\/a><span data-ccp-props=\"{&quot;201341983&quot;:0,&quot;335559685&quot;:450,&quot;335559739&quot;:200,&quot;335559740&quot;:240}\">\u00a0<\/span><\/li>\n<li data-leveltext=\"\uf0b7\" data-font=\"Symbol\" data-listid=\"4\" aria-setsize=\"-1\" data-aria-posinset=\"3\" data-aria-level=\"1\"><a href=\"http:\/\/www.duboischemicals.com\/\/manufacturing\/products\/pretreatment-paint-line-solutions\/\">Solutions pour le pr\u00e9traitement des m\u00e9taux et pour les cha\u00eenes de peinture<\/a>\u00a0<span data-ccp-props=\"{&quot;201341983&quot;:0,&quot;335559685&quot;:450,&quot;335559739&quot;:200,&quot;335559740&quot;:240}\">\u00a0<\/span><\/li>\n<li data-leveltext=\"\uf0b7\" data-font=\"Symbol\" data-listid=\"4\" aria-setsize=\"-1\" data-aria-posinset=\"3\" data-aria-level=\"1\"><a href=\"http:\/\/www.duboischemicals.com\/\/manufacturing\/products\/heat-treatment\/\">Sels de traitement thermique et liquides de trempe<\/a>\u00a0<span data-ccp-props=\"{&quot;201341983&quot;:0,&quot;335559685&quot;:450,&quot;335559739&quot;:200,&quot;335559740&quot;:240}\">\u00a0<\/span><\/li>\n<li data-leveltext=\"\uf0b7\" data-font=\"Symbol\" data-listid=\"4\" aria-setsize=\"-1\" data-aria-posinset=\"3\" data-aria-level=\"1\"><a href=\"http:\/\/www.duboischemicals.com\/\/manufacturing\/products\/facility-maintenance-cleaners\/\">Nettoyants pour l\u2019entretien des installations<\/a>\u00a0<span data-ccp-props=\"{&quot;201341983&quot;:0,&quot;335559685&quot;:450,&quot;335559739&quot;:200,&quot;335559740&quot;:240}\">\u00a0<\/span><\/li>\n<li data-leveltext=\"\uf0b7\" data-font=\"Symbol\" data-listid=\"4\" aria-setsize=\"-1\" data-aria-posinset=\"3\" data-aria-level=\"1\"><a href=\"http:\/\/www.duboischemicals.com\/\/water-treatment\/\">Traitement de l\u2019eau et des d\u00e9chets<\/a><\/li>\n<\/ul>\n<p><b>Ressources suppl\u00e9mentaires<\/b><span data-ccp-props=\"{&quot;201341983&quot;:0,&quot;335559739&quot;:150,&quot;335559740&quot;:240}\">\u00a0<\/span><\/p>\n<ul>\n<li data-leveltext=\"\uf0b7\" data-font=\"Symbol\" data-listid=\"7\" aria-setsize=\"-1\" data-aria-posinset=\"3\" data-aria-level=\"1\"><a href=\"https:\/\/www.youtube.com\/watch?v=5Mh8qbcn2EY&amp;index=7&amp;list=PLB4O3nzKt7Uw7DOX53wQWKKgJY0FN4Q1S\" target=\"_blank\" rel=\"noopener noreferrer\">Vid\u00e9o sur les gels pr\u00eats \u00e0 l&#8217;emploi<\/a><span data-ccp-props=\"{&quot;134233279&quot;:true,&quot;201341983&quot;:0,&quot;335559739&quot;:150,&quot;335559740&quot;:240}\">\u00a0<\/span><\/li>\n<li data-leveltext=\"\uf0b7\" data-font=\"Symbol\" data-listid=\"7\" aria-setsize=\"-1\" data-aria-posinset=\"3\" data-aria-level=\"1\"><a href=\"https:\/\/www.youtube.com\/watch?v=96A3rK0GSmk&amp;index=3&amp;list=PLB4O3nzKt7Uw7DOX53wQWKKgJY0FN4Q1S\" target=\"_blank\" rel=\"noopener noreferrer\">Vid\u00e9o sur l\u2019\u00e9limination fiable de la rouille<\/a><\/li>\n<\/ul>\n","protected":false},"excerpt":{"rendered":"<p>Des solutions compl\u00e8tes pour les fabricants d&rsquo;\u00e9quipements lourds Nous b\u00e9n\u00e9ficions tous des avantages de l&rsquo;\u00e9quipement lourd tous les jours, des agriculteurs qui r\u00e9coltent la nourriture que nous mangeons aux ouvriers du b\u00e2timent qui construisent nos&#8230;<\/p>\n","protected":false},"author":220,"featured_media":0,"parent":15833,"menu_order":8,"comment_status":"closed","ping_status":"closed","template":"","meta":{"_acf_changed":false,"footnotes":""},"class_list":["post-15770","page","type-page","status-publish","hentry"],"acf":[],"yoast_head":"<!-- This site is optimized with the Yoast SEO plugin v26.8 - https:\/\/yoast.com\/product\/yoast-seo-wordpress\/ -->\n<title>\u00c9quipement lourd - DuBois Chemicals<\/title>\n<meta name=\"robots\" content=\"index, follow, max-snippet:-1, max-image-preview:large, max-video-preview:-1\" \/>\n<link rel=\"canonical\" href=\"https:\/\/www.duboischemicals.com\/fr\/industries\/heavy-equipment\/\" \/>\n<meta property=\"og:locale\" content=\"fr_FR\" \/>\n<meta property=\"og:type\" content=\"article\" \/>\n<meta property=\"og:title\" content=\"\u00c9quipement lourd - DuBois Chemicals\" \/>\n<meta property=\"og:description\" content=\"Des solutions compl\u00e8tes pour les fabricants d&rsquo;\u00e9quipements lourds Nous b\u00e9n\u00e9ficions tous des avantages de l&rsquo;\u00e9quipement lourd tous les jours, des agriculteurs qui r\u00e9coltent la nourriture que nous mangeons aux ouvriers du b\u00e2timent qui construisent nos...\" \/>\n<meta property=\"og:url\" content=\"https:\/\/www.duboischemicals.com\/fr\/industries\/heavy-equipment\/\" \/>\n<meta property=\"og:site_name\" content=\"DuBois Chemicals\" \/>\n<meta property=\"article:modified_time\" content=\"2021-02-26T15:15:01+00:00\" \/>\n<meta name=\"twitter:card\" content=\"summary_large_image\" \/>\n<meta name=\"twitter:label1\" content=\"Dur\u00e9e de lecture estim\u00e9e\" \/>\n\t<meta name=\"twitter:data1\" content=\"1 minute\" \/>\n<script type=\"application\/ld+json\" class=\"yoast-schema-graph\">{\"@context\":\"https:\/\/schema.org\",\"@graph\":[{\"@type\":\"WebPage\",\"@id\":\"https:\/\/www.duboischemicals.com\/fr\/industries\/heavy-equipment\/\",\"url\":\"https:\/\/www.duboischemicals.com\/fr\/industries\/heavy-equipment\/\",\"name\":\"\u00c9quipement lourd - DuBois Chemicals\",\"isPartOf\":{\"@id\":\"https:\/\/www.duboischemicals.com\/fr\/#website\"},\"datePublished\":\"2018-10-01T21:39:25+00:00\",\"dateModified\":\"2021-02-26T15:15:01+00:00\",\"breadcrumb\":{\"@id\":\"https:\/\/www.duboischemicals.com\/fr\/industries\/heavy-equipment\/#breadcrumb\"},\"inLanguage\":\"fr-FR\",\"potentialAction\":[{\"@type\":\"ReadAction\",\"target\":[\"https:\/\/www.duboischemicals.com\/fr\/industries\/heavy-equipment\/\"]}]},{\"@type\":\"BreadcrumbList\",\"@id\":\"https:\/\/www.duboischemicals.com\/fr\/industries\/heavy-equipment\/#breadcrumb\",\"itemListElement\":[{\"@type\":\"ListItem\",\"position\":1,\"name\":\"Accueil\",\"item\":\"https:\/\/www.duboischemicals.com\/fr\/\"},{\"@type\":\"ListItem\",\"position\":2,\"name\":\"Industries\",\"item\":\"https:\/\/www.duboischemicals.com\/fr\/industries\/\"},{\"@type\":\"ListItem\",\"position\":3,\"name\":\"\u00c9quipement lourd\"}]},{\"@type\":\"WebSite\",\"@id\":\"https:\/\/www.duboischemicals.com\/fr\/#website\",\"url\":\"https:\/\/www.duboischemicals.com\/fr\/\",\"name\":\"DuBois Chemicals\",\"description\":\"\",\"potentialAction\":[{\"@type\":\"SearchAction\",\"target\":{\"@type\":\"EntryPoint\",\"urlTemplate\":\"https:\/\/www.duboischemicals.com\/fr\/?s={search_term_string}\"},\"query-input\":{\"@type\":\"PropertyValueSpecification\",\"valueRequired\":true,\"valueName\":\"search_term_string\"}}],\"inLanguage\":\"fr-FR\"}]}<\/script>\n<!-- \/ Yoast SEO plugin. -->","yoast_head_json":{"title":"\u00c9quipement lourd - DuBois Chemicals","robots":{"index":"index","follow":"follow","max-snippet":"max-snippet:-1","max-image-preview":"max-image-preview:large","max-video-preview":"max-video-preview:-1"},"canonical":"https:\/\/www.duboischemicals.com\/fr\/industries\/heavy-equipment\/","og_locale":"fr_FR","og_type":"article","og_title":"\u00c9quipement lourd - DuBois Chemicals","og_description":"Des solutions compl\u00e8tes pour les fabricants d&rsquo;\u00e9quipements lourds Nous b\u00e9n\u00e9ficions tous des avantages de l&rsquo;\u00e9quipement lourd tous les jours, des agriculteurs qui r\u00e9coltent la nourriture que nous mangeons aux ouvriers du b\u00e2timent qui construisent nos...","og_url":"https:\/\/www.duboischemicals.com\/fr\/industries\/heavy-equipment\/","og_site_name":"DuBois Chemicals","article_modified_time":"2021-02-26T15:15:01+00:00","twitter_card":"summary_large_image","twitter_misc":{"Dur\u00e9e de lecture estim\u00e9e":"1 minute"},"schema":{"@context":"https:\/\/schema.org","@graph":[{"@type":"WebPage","@id":"https:\/\/www.duboischemicals.com\/fr\/industries\/heavy-equipment\/","url":"https:\/\/www.duboischemicals.com\/fr\/industries\/heavy-equipment\/","name":"\u00c9quipement lourd - DuBois Chemicals","isPartOf":{"@id":"https:\/\/www.duboischemicals.com\/fr\/#website"},"datePublished":"2018-10-01T21:39:25+00:00","dateModified":"2021-02-26T15:15:01+00:00","breadcrumb":{"@id":"https:\/\/www.duboischemicals.com\/fr\/industries\/heavy-equipment\/#breadcrumb"},"inLanguage":"fr-FR","potentialAction":[{"@type":"ReadAction","target":["https:\/\/www.duboischemicals.com\/fr\/industries\/heavy-equipment\/"]}]},{"@type":"BreadcrumbList","@id":"https:\/\/www.duboischemicals.com\/fr\/industries\/heavy-equipment\/#breadcrumb","itemListElement":[{"@type":"ListItem","position":1,"name":"Accueil","item":"https:\/\/www.duboischemicals.com\/fr\/"},{"@type":"ListItem","position":2,"name":"Industries","item":"https:\/\/www.duboischemicals.com\/fr\/industries\/"},{"@type":"ListItem","position":3,"name":"\u00c9quipement lourd"}]},{"@type":"WebSite","@id":"https:\/\/www.duboischemicals.com\/fr\/#website","url":"https:\/\/www.duboischemicals.com\/fr\/","name":"DuBois Chemicals","description":"","potentialAction":[{"@type":"SearchAction","target":{"@type":"EntryPoint","urlTemplate":"https:\/\/www.duboischemicals.com\/fr\/?s={search_term_string}"},"query-input":{"@type":"PropertyValueSpecification","valueRequired":true,"valueName":"search_term_string"}}],"inLanguage":"fr-FR"}]}},"_links":{"self":[{"href":"https:\/\/www.duboischemicals.com\/fr\/wp-json\/wp\/v2\/pages\/15770","targetHints":{"allow":["GET"]}}],"collection":[{"href":"https:\/\/www.duboischemicals.com\/fr\/wp-json\/wp\/v2\/pages"}],"about":[{"href":"https:\/\/www.duboischemicals.com\/fr\/wp-json\/wp\/v2\/types\/page"}],"author":[{"embeddable":true,"href":"https:\/\/www.duboischemicals.com\/fr\/wp-json\/wp\/v2\/users\/220"}],"replies":[{"embeddable":true,"href":"https:\/\/www.duboischemicals.com\/fr\/wp-json\/wp\/v2\/comments?post=15770"}],"version-history":[{"count":6,"href":"https:\/\/www.duboischemicals.com\/fr\/wp-json\/wp\/v2\/pages\/15770\/revisions"}],"predecessor-version":[{"id":19288,"href":"https:\/\/www.duboischemicals.com\/fr\/wp-json\/wp\/v2\/pages\/15770\/revisions\/19288"}],"up":[{"embeddable":true,"href":"https:\/\/www.duboischemicals.com\/fr\/wp-json\/wp\/v2\/pages\/15833"}],"wp:attachment":[{"href":"https:\/\/www.duboischemicals.com\/fr\/wp-json\/wp\/v2\/media?parent=15770"}],"curies":[{"name":"wp","href":"https:\/\/api.w.org\/{rel}","templated":true}]}}