{"id":15773,"date":"2020-11-24T14:34:50","date_gmt":"2020-11-24T19:34:50","guid":{"rendered":"https:\/\/www.duboischemicals.com\/\/equipment\/product-feed-control\/"},"modified":"2021-02-17T05:12:41","modified_gmt":"2021-02-17T10:12:41","slug":"product-feed-control","status":"publish","type":"page","link":"https:\/\/www.duboischemicals.com\/fr\/equipment\/product-feed-control\/","title":{"rendered":"Alimentation en produits chimiques et contr\u00f4le"},"content":{"rendered":"<h2>\u00c9quipement d\u2019alimentation en produits chimiques et de contr\u00f4le<\/h2>\n<p>Les produits chimiques de sp\u00e9cialit\u00e9 doivent \u00eatre livr\u00e9s \u00e0 la concentration et au volume appropri\u00e9s. DuBois fournit des \u00e9quipements d&rsquo;alimentation en produits chimiques pour manipuler ses produits avec pr\u00e9cision et en toute s\u00e9curit\u00e9. Des simples pompes doseuses de produits chimiques aux solutions int\u00e9gr\u00e9es complexes, nous avons les ressources et le savoir-faire n\u00e9cessaires pour r\u00e9pondre \u00e0 vos besoins les plus exigeants.<\/p>\n<p>Voici quelques-unes de nos solutions en mati\u00e8re d&rsquo;\u00e9quipement\u00a0:<\/p>\n<ul>\n<li>Syst\u00e8mes de dilution de produits sur mesure<\/li>\n<li>Syst\u00e8mes de transfert de produits chimiques<\/li>\n<li>Confinement secondaire<\/li>\n<li>Syst\u00e8mes de pulv\u00e9risation de gel pr\u00eats \u00e0 l&#8217;emploi<\/li>\n<\/ul>\n","protected":false},"excerpt":{"rendered":"<p>\u00c9quipement d\u2019alimentation en produits chimiques et de contr\u00f4le Les produits chimiques de sp\u00e9cialit\u00e9 doivent \u00eatre livr\u00e9s \u00e0 la concentration et au volume appropri\u00e9s. DuBois fournit des \u00e9quipements d&rsquo;alimentation en produits chimiques pour manipuler ses produits&#8230;<\/p>\n","protected":false},"author":220,"featured_media":0,"parent":15772,"menu_order":1,"comment_status":"closed","ping_status":"closed","template":"","meta":{"_acf_changed":false,"footnotes":""},"class_list":["post-15773","page","type-page","status-publish","hentry"],"acf":[],"yoast_head":"<!-- This site is optimized with the Yoast SEO plugin v26.8 - https:\/\/yoast.com\/product\/yoast-seo-wordpress\/ -->\n<title>Alimentation en produits chimiques et contr\u00f4le - DuBois Chemicals<\/title>\n<meta name=\"robots\" content=\"index, follow, max-snippet:-1, max-image-preview:large, max-video-preview:-1\" \/>\n<link rel=\"canonical\" href=\"https:\/\/www.duboischemicals.com\/fr\/equipment\/product-feed-control\/\" \/>\n<meta property=\"og:locale\" content=\"fr_FR\" \/>\n<meta property=\"og:type\" content=\"article\" \/>\n<meta property=\"og:title\" content=\"Alimentation en produits chimiques et contr\u00f4le - DuBois Chemicals\" \/>\n<meta property=\"og:description\" content=\"\u00c9quipement d\u2019alimentation en produits chimiques et de contr\u00f4le Les produits chimiques de sp\u00e9cialit\u00e9 doivent \u00eatre livr\u00e9s \u00e0 la concentration et au volume appropri\u00e9s. DuBois fournit des \u00e9quipements d&rsquo;alimentation en produits chimiques pour manipuler ses produits...\" \/>\n<meta property=\"og:url\" content=\"https:\/\/www.duboischemicals.com\/fr\/equipment\/product-feed-control\/\" \/>\n<meta property=\"og:site_name\" content=\"DuBois Chemicals\" \/>\n<meta property=\"article:modified_time\" content=\"2021-02-17T10:12:41+00:00\" \/>\n<meta name=\"twitter:card\" content=\"summary_large_image\" \/>\n<meta name=\"twitter:label1\" content=\"Dur\u00e9e de lecture estim\u00e9e\" \/>\n\t<meta name=\"twitter:data1\" content=\"1 minute\" \/>\n<script type=\"application\/ld+json\" class=\"yoast-schema-graph\">{\"@context\":\"https:\/\/schema.org\",\"@graph\":[{\"@type\":\"WebPage\",\"@id\":\"https:\/\/www.duboischemicals.com\/fr\/equipment\/product-feed-control\/\",\"url\":\"https:\/\/www.duboischemicals.com\/fr\/equipment\/product-feed-control\/\",\"name\":\"Alimentation en produits chimiques et contr\u00f4le - DuBois Chemicals\",\"isPartOf\":{\"@id\":\"https:\/\/www.duboischemicals.com\/fr\/#website\"},\"datePublished\":\"2020-11-24T19:34:50+00:00\",\"dateModified\":\"2021-02-17T10:12:41+00:00\",\"breadcrumb\":{\"@id\":\"https:\/\/www.duboischemicals.com\/fr\/equipment\/product-feed-control\/#breadcrumb\"},\"inLanguage\":\"fr-FR\",\"potentialAction\":[{\"@type\":\"ReadAction\",\"target\":[\"https:\/\/www.duboischemicals.com\/fr\/equipment\/product-feed-control\/\"]}]},{\"@type\":\"BreadcrumbList\",\"@id\":\"https:\/\/www.duboischemicals.com\/fr\/equipment\/product-feed-control\/#breadcrumb\",\"itemListElement\":[{\"@type\":\"ListItem\",\"position\":1,\"name\":\"Accueil\",\"item\":\"https:\/\/www.duboischemicals.com\/fr\/\"},{\"@type\":\"ListItem\",\"position\":2,\"name\":\"\u00c9quipement\",\"item\":\"https:\/\/www.duboischemicals.com\/fr\/equipment\/\"},{\"@type\":\"ListItem\",\"position\":3,\"name\":\"Alimentation en produits chimiques et contr\u00f4le\"}]},{\"@type\":\"WebSite\",\"@id\":\"https:\/\/www.duboischemicals.com\/fr\/#website\",\"url\":\"https:\/\/www.duboischemicals.com\/fr\/\",\"name\":\"DuBois Chemicals\",\"description\":\"\",\"potentialAction\":[{\"@type\":\"SearchAction\",\"target\":{\"@type\":\"EntryPoint\",\"urlTemplate\":\"https:\/\/www.duboischemicals.com\/fr\/?s={search_term_string}\"},\"query-input\":{\"@type\":\"PropertyValueSpecification\",\"valueRequired\":true,\"valueName\":\"search_term_string\"}}],\"inLanguage\":\"fr-FR\"}]}<\/script>\n<!-- \/ Yoast SEO plugin. -->","yoast_head_json":{"title":"Alimentation en produits chimiques et contr\u00f4le - DuBois Chemicals","robots":{"index":"index","follow":"follow","max-snippet":"max-snippet:-1","max-image-preview":"max-image-preview:large","max-video-preview":"max-video-preview:-1"},"canonical":"https:\/\/www.duboischemicals.com\/fr\/equipment\/product-feed-control\/","og_locale":"fr_FR","og_type":"article","og_title":"Alimentation en produits chimiques et contr\u00f4le - DuBois Chemicals","og_description":"\u00c9quipement d\u2019alimentation en produits chimiques et de contr\u00f4le Les produits chimiques de sp\u00e9cialit\u00e9 doivent \u00eatre livr\u00e9s \u00e0 la concentration et au volume appropri\u00e9s. DuBois fournit des \u00e9quipements d&rsquo;alimentation en produits chimiques pour manipuler ses produits...","og_url":"https:\/\/www.duboischemicals.com\/fr\/equipment\/product-feed-control\/","og_site_name":"DuBois Chemicals","article_modified_time":"2021-02-17T10:12:41+00:00","twitter_card":"summary_large_image","twitter_misc":{"Dur\u00e9e de lecture estim\u00e9e":"1 minute"},"schema":{"@context":"https:\/\/schema.org","@graph":[{"@type":"WebPage","@id":"https:\/\/www.duboischemicals.com\/fr\/equipment\/product-feed-control\/","url":"https:\/\/www.duboischemicals.com\/fr\/equipment\/product-feed-control\/","name":"Alimentation en produits chimiques et contr\u00f4le - DuBois Chemicals","isPartOf":{"@id":"https:\/\/www.duboischemicals.com\/fr\/#website"},"datePublished":"2020-11-24T19:34:50+00:00","dateModified":"2021-02-17T10:12:41+00:00","breadcrumb":{"@id":"https:\/\/www.duboischemicals.com\/fr\/equipment\/product-feed-control\/#breadcrumb"},"inLanguage":"fr-FR","potentialAction":[{"@type":"ReadAction","target":["https:\/\/www.duboischemicals.com\/fr\/equipment\/product-feed-control\/"]}]},{"@type":"BreadcrumbList","@id":"https:\/\/www.duboischemicals.com\/fr\/equipment\/product-feed-control\/#breadcrumb","itemListElement":[{"@type":"ListItem","position":1,"name":"Accueil","item":"https:\/\/www.duboischemicals.com\/fr\/"},{"@type":"ListItem","position":2,"name":"\u00c9quipement","item":"https:\/\/www.duboischemicals.com\/fr\/equipment\/"},{"@type":"ListItem","position":3,"name":"Alimentation en produits chimiques et contr\u00f4le"}]},{"@type":"WebSite","@id":"https:\/\/www.duboischemicals.com\/fr\/#website","url":"https:\/\/www.duboischemicals.com\/fr\/","name":"DuBois Chemicals","description":"","potentialAction":[{"@type":"SearchAction","target":{"@type":"EntryPoint","urlTemplate":"https:\/\/www.duboischemicals.com\/fr\/?s={search_term_string}"},"query-input":{"@type":"PropertyValueSpecification","valueRequired":true,"valueName":"search_term_string"}}],"inLanguage":"fr-FR"}]}},"_links":{"self":[{"href":"https:\/\/www.duboischemicals.com\/fr\/wp-json\/wp\/v2\/pages\/15773","targetHints":{"allow":["GET"]}}],"collection":[{"href":"https:\/\/www.duboischemicals.com\/fr\/wp-json\/wp\/v2\/pages"}],"about":[{"href":"https:\/\/www.duboischemicals.com\/fr\/wp-json\/wp\/v2\/types\/page"}],"author":[{"embeddable":true,"href":"https:\/\/www.duboischemicals.com\/fr\/wp-json\/wp\/v2\/users\/220"}],"replies":[{"embeddable":true,"href":"https:\/\/www.duboischemicals.com\/fr\/wp-json\/wp\/v2\/comments?post=15773"}],"version-history":[{"count":2,"href":"https:\/\/www.duboischemicals.com\/fr\/wp-json\/wp\/v2\/pages\/15773\/revisions"}],"predecessor-version":[{"id":17687,"href":"https:\/\/www.duboischemicals.com\/fr\/wp-json\/wp\/v2\/pages\/15773\/revisions\/17687"}],"up":[{"embeddable":true,"href":"https:\/\/www.duboischemicals.com\/fr\/wp-json\/wp\/v2\/pages\/15772"}],"wp:attachment":[{"href":"https:\/\/www.duboischemicals.com\/fr\/wp-json\/wp\/v2\/media?parent=15773"}],"curies":[{"name":"wp","href":"https:\/\/api.w.org\/{rel}","templated":true}]}}