{"id":15774,"date":"2020-11-24T14:34:50","date_gmt":"2020-11-24T19:34:50","guid":{"rendered":"https:\/\/www.duboischemicals.com\/\/equipment\/process-monitoring\/"},"modified":"2021-02-17T05:12:41","modified_gmt":"2021-02-17T10:12:41","slug":"process-monitoring","status":"publish","type":"page","link":"https:\/\/www.duboischemicals.com\/fr\/equipment\/process-monitoring\/","title":{"rendered":"Contr\u00f4le des proc\u00e9d\u00e9s"},"content":{"rendered":"<h2>Syst\u00e8mes de surveillance des processus personnalis\u00e9s<\/h2>\n<p>DuBois est conscient qu&rsquo;il est essentiel que vos processus fonctionnent sans heurt en respectant les param\u00e8tres de contr\u00f4le. DuBois cr\u00e9e des syst\u00e8mes de contr\u00f4le personnalis\u00e9s qui vous fournissent les informations dont vous avez besoin pour rep\u00e9rer un probl\u00e8me potentiel avant qu&rsquo;il ne devienne un probl\u00e8me. Voici quelques-unes de nos solutions dynamiques con\u00e7ues pour vous apporter la tranquillit\u00e9 d&rsquo;esprit\u00a0:<\/p>\n<p>Livraison et surveillance automatis\u00e9es des produits chimiques pour le nettoyage de proc\u00e9d\u00e9 et les laveuses de pr\u00e9traitement pour la peinture<\/p>\n<ul>\n<li>Rapports en ligne centralis\u00e9s avec acc\u00e8s en temps r\u00e9el, historique des donn\u00e9es et rapports par courrier \u00e9lectronique<\/li>\n<li>Options d&rsquo;alarme, notamment par courrier \u00e9lectronique et par signaux sonores et visuels<\/li>\n<li>Surveillance du pH, de la conductivit\u00e9, de la temp\u00e9rature, de la pression en lb\/po\u00b2 et des niveaux de produits chimiques<\/li>\n<li>Affichage num\u00e9rique \u00e0 chaque \u00e9tape du processus<\/li>\n<\/ul>\n<p>Contr\u00f4le des stocks par la surveillance du niveau des substances chimiques<\/p>\n<ul>\n<li>Surveillance en ligne avec notification par courriel, historique d&rsquo;utilisation, rapports quotidiens\/hebdomadaires<\/li>\n<li>Options m\u00e9caniques disponibles pour l&rsquo;indication du niveau \u00e9conomique<\/li>\n<\/ul>\n","protected":false},"excerpt":{"rendered":"<p>Syst\u00e8mes de surveillance des processus personnalis\u00e9s DuBois est conscient qu&rsquo;il est essentiel que vos processus fonctionnent sans heurt en respectant les param\u00e8tres de contr\u00f4le. DuBois cr\u00e9e des syst\u00e8mes de contr\u00f4le personnalis\u00e9s qui vous fournissent les&#8230;<\/p>\n","protected":false},"author":220,"featured_media":0,"parent":15772,"menu_order":2,"comment_status":"closed","ping_status":"closed","template":"","meta":{"_acf_changed":false,"footnotes":""},"class_list":["post-15774","page","type-page","status-publish","hentry"],"acf":[],"yoast_head":"<!-- This site is optimized with the Yoast SEO plugin v26.8 - https:\/\/yoast.com\/product\/yoast-seo-wordpress\/ -->\n<title>Contr\u00f4le des proc\u00e9d\u00e9s - DuBois Chemicals<\/title>\n<meta name=\"robots\" content=\"index, follow, max-snippet:-1, max-image-preview:large, max-video-preview:-1\" \/>\n<link rel=\"canonical\" href=\"https:\/\/www.duboischemicals.com\/fr\/equipment\/process-monitoring\/\" \/>\n<meta property=\"og:locale\" content=\"fr_FR\" \/>\n<meta property=\"og:type\" content=\"article\" \/>\n<meta property=\"og:title\" content=\"Contr\u00f4le des proc\u00e9d\u00e9s - DuBois Chemicals\" \/>\n<meta property=\"og:description\" content=\"Syst\u00e8mes de surveillance des processus personnalis\u00e9s DuBois est conscient qu&rsquo;il est essentiel que vos processus fonctionnent sans heurt en respectant les param\u00e8tres de contr\u00f4le. DuBois cr\u00e9e des syst\u00e8mes de contr\u00f4le personnalis\u00e9s qui vous fournissent les...\" \/>\n<meta property=\"og:url\" content=\"https:\/\/www.duboischemicals.com\/fr\/equipment\/process-monitoring\/\" \/>\n<meta property=\"og:site_name\" content=\"DuBois Chemicals\" \/>\n<meta property=\"article:modified_time\" content=\"2021-02-17T10:12:41+00:00\" \/>\n<meta name=\"twitter:card\" content=\"summary_large_image\" \/>\n<meta name=\"twitter:label1\" content=\"Dur\u00e9e de lecture estim\u00e9e\" \/>\n\t<meta name=\"twitter:data1\" content=\"1 minute\" \/>\n<script type=\"application\/ld+json\" class=\"yoast-schema-graph\">{\"@context\":\"https:\/\/schema.org\",\"@graph\":[{\"@type\":\"WebPage\",\"@id\":\"https:\/\/www.duboischemicals.com\/fr\/equipment\/process-monitoring\/\",\"url\":\"https:\/\/www.duboischemicals.com\/fr\/equipment\/process-monitoring\/\",\"name\":\"Contr\u00f4le des proc\u00e9d\u00e9s - DuBois Chemicals\",\"isPartOf\":{\"@id\":\"https:\/\/www.duboischemicals.com\/fr\/#website\"},\"datePublished\":\"2020-11-24T19:34:50+00:00\",\"dateModified\":\"2021-02-17T10:12:41+00:00\",\"breadcrumb\":{\"@id\":\"https:\/\/www.duboischemicals.com\/fr\/equipment\/process-monitoring\/#breadcrumb\"},\"inLanguage\":\"fr-FR\",\"potentialAction\":[{\"@type\":\"ReadAction\",\"target\":[\"https:\/\/www.duboischemicals.com\/fr\/equipment\/process-monitoring\/\"]}]},{\"@type\":\"BreadcrumbList\",\"@id\":\"https:\/\/www.duboischemicals.com\/fr\/equipment\/process-monitoring\/#breadcrumb\",\"itemListElement\":[{\"@type\":\"ListItem\",\"position\":1,\"name\":\"Accueil\",\"item\":\"https:\/\/www.duboischemicals.com\/fr\/\"},{\"@type\":\"ListItem\",\"position\":2,\"name\":\"\u00c9quipement\",\"item\":\"https:\/\/www.duboischemicals.com\/fr\/equipment\/\"},{\"@type\":\"ListItem\",\"position\":3,\"name\":\"Contr\u00f4le des proc\u00e9d\u00e9s\"}]},{\"@type\":\"WebSite\",\"@id\":\"https:\/\/www.duboischemicals.com\/fr\/#website\",\"url\":\"https:\/\/www.duboischemicals.com\/fr\/\",\"name\":\"DuBois Chemicals\",\"description\":\"\",\"potentialAction\":[{\"@type\":\"SearchAction\",\"target\":{\"@type\":\"EntryPoint\",\"urlTemplate\":\"https:\/\/www.duboischemicals.com\/fr\/?s={search_term_string}\"},\"query-input\":{\"@type\":\"PropertyValueSpecification\",\"valueRequired\":true,\"valueName\":\"search_term_string\"}}],\"inLanguage\":\"fr-FR\"}]}<\/script>\n<!-- \/ Yoast SEO plugin. -->","yoast_head_json":{"title":"Contr\u00f4le des proc\u00e9d\u00e9s - DuBois Chemicals","robots":{"index":"index","follow":"follow","max-snippet":"max-snippet:-1","max-image-preview":"max-image-preview:large","max-video-preview":"max-video-preview:-1"},"canonical":"https:\/\/www.duboischemicals.com\/fr\/equipment\/process-monitoring\/","og_locale":"fr_FR","og_type":"article","og_title":"Contr\u00f4le des proc\u00e9d\u00e9s - DuBois Chemicals","og_description":"Syst\u00e8mes de surveillance des processus personnalis\u00e9s DuBois est conscient qu&rsquo;il est essentiel que vos processus fonctionnent sans heurt en respectant les param\u00e8tres de contr\u00f4le. DuBois cr\u00e9e des syst\u00e8mes de contr\u00f4le personnalis\u00e9s qui vous fournissent les...","og_url":"https:\/\/www.duboischemicals.com\/fr\/equipment\/process-monitoring\/","og_site_name":"DuBois Chemicals","article_modified_time":"2021-02-17T10:12:41+00:00","twitter_card":"summary_large_image","twitter_misc":{"Dur\u00e9e de lecture estim\u00e9e":"1 minute"},"schema":{"@context":"https:\/\/schema.org","@graph":[{"@type":"WebPage","@id":"https:\/\/www.duboischemicals.com\/fr\/equipment\/process-monitoring\/","url":"https:\/\/www.duboischemicals.com\/fr\/equipment\/process-monitoring\/","name":"Contr\u00f4le des proc\u00e9d\u00e9s - DuBois Chemicals","isPartOf":{"@id":"https:\/\/www.duboischemicals.com\/fr\/#website"},"datePublished":"2020-11-24T19:34:50+00:00","dateModified":"2021-02-17T10:12:41+00:00","breadcrumb":{"@id":"https:\/\/www.duboischemicals.com\/fr\/equipment\/process-monitoring\/#breadcrumb"},"inLanguage":"fr-FR","potentialAction":[{"@type":"ReadAction","target":["https:\/\/www.duboischemicals.com\/fr\/equipment\/process-monitoring\/"]}]},{"@type":"BreadcrumbList","@id":"https:\/\/www.duboischemicals.com\/fr\/equipment\/process-monitoring\/#breadcrumb","itemListElement":[{"@type":"ListItem","position":1,"name":"Accueil","item":"https:\/\/www.duboischemicals.com\/fr\/"},{"@type":"ListItem","position":2,"name":"\u00c9quipement","item":"https:\/\/www.duboischemicals.com\/fr\/equipment\/"},{"@type":"ListItem","position":3,"name":"Contr\u00f4le des proc\u00e9d\u00e9s"}]},{"@type":"WebSite","@id":"https:\/\/www.duboischemicals.com\/fr\/#website","url":"https:\/\/www.duboischemicals.com\/fr\/","name":"DuBois Chemicals","description":"","potentialAction":[{"@type":"SearchAction","target":{"@type":"EntryPoint","urlTemplate":"https:\/\/www.duboischemicals.com\/fr\/?s={search_term_string}"},"query-input":{"@type":"PropertyValueSpecification","valueRequired":true,"valueName":"search_term_string"}}],"inLanguage":"fr-FR"}]}},"_links":{"self":[{"href":"https:\/\/www.duboischemicals.com\/fr\/wp-json\/wp\/v2\/pages\/15774","targetHints":{"allow":["GET"]}}],"collection":[{"href":"https:\/\/www.duboischemicals.com\/fr\/wp-json\/wp\/v2\/pages"}],"about":[{"href":"https:\/\/www.duboischemicals.com\/fr\/wp-json\/wp\/v2\/types\/page"}],"author":[{"embeddable":true,"href":"https:\/\/www.duboischemicals.com\/fr\/wp-json\/wp\/v2\/users\/220"}],"replies":[{"embeddable":true,"href":"https:\/\/www.duboischemicals.com\/fr\/wp-json\/wp\/v2\/comments?post=15774"}],"version-history":[{"count":2,"href":"https:\/\/www.duboischemicals.com\/fr\/wp-json\/wp\/v2\/pages\/15774\/revisions"}],"predecessor-version":[{"id":17688,"href":"https:\/\/www.duboischemicals.com\/fr\/wp-json\/wp\/v2\/pages\/15774\/revisions\/17688"}],"up":[{"embeddable":true,"href":"https:\/\/www.duboischemicals.com\/fr\/wp-json\/wp\/v2\/pages\/15772"}],"wp:attachment":[{"href":"https:\/\/www.duboischemicals.com\/fr\/wp-json\/wp\/v2\/media?parent=15774"}],"curies":[{"name":"wp","href":"https:\/\/api.w.org\/{rel}","templated":true}]}}