{"id":15778,"date":"2018-10-01T00:19:30","date_gmt":"2018-10-01T04:19:30","guid":{"rendered":"https:\/\/www.duboischemicals.com\/\/privacy-policy\/"},"modified":"2021-02-17T05:12:42","modified_gmt":"2021-02-17T10:12:42","slug":"privacy-policy","status":"publish","type":"page","link":"https:\/\/www.duboischemicals.com\/fr\/privacy-policy\/","title":{"rendered":"Politique de confidentialit\u00e9"},"content":{"rendered":"<h2>Qui nous sommes<\/h2>\n<p>L&rsquo;adresse de notre site Web est la suivante\u00a0: http:\/\/www.duboischemicals.com\/.<\/p>\n<h2>Quelles sont les donn\u00e9es personnelles que nous recueillons et pourquoi nous les recueillons<\/h2>\n<h3>Commentaires<\/h3>\n<p>Lorsque les visiteurs laissent des commentaires sur le site, nous recueillons les donn\u00e9es figurant dans le formulaire de commentaires, ainsi que l&rsquo;adresse IP du visiteur et la cha\u00eene de l&rsquo;agent utilisateur du navigateur pour faciliter la d\u00e9tection des pourriels.<\/p>\n<p>Une cha\u00eene anonyme cr\u00e9\u00e9e \u00e0 partir de votre adresse \u00e9lectronique (\u00e9galement appel\u00e9e \u00ab\u00a0hash\u00a0\u00bb) peut \u00eatre fournie au service Gravatar pour voir si vous l&rsquo;utilisez. Vous trouverez la politique de confidentialit\u00e9 du service Gravatar \u00e0 l&rsquo;adresse suivante\u00a0: https:\/\/automattic.com\/privacy\/ (en anglais). Apr\u00e8s l&rsquo;approbation de votre commentaire, votre photo de profil est visible au public avec votre commentaire.<\/p>\n<h3>M\u00e9dia<\/h3>\n<p>Si vous t\u00e9l\u00e9chargez des images sur le site Web, vous devez \u00e9viter celles qui contiennent des donn\u00e9es de localisation int\u00e9gr\u00e9es (EXIF GPS). Les visiteurs du site Web peuvent t\u00e9l\u00e9charger et extraire toutes les donn\u00e9es de localisation \u00e0 partir des images du site.<\/p>\n<h3>Formulaires de contact<\/h3>\n<h3>T\u00e9moins<\/h3>\n<p>Si vous laissez un commentaire sur notre site, vous pouvez choisir de sauvegarder votre nom, votre adresse \u00e9lectronique et votre site Web dans des t\u00e9moins. Ils ont \u00e9t\u00e9 con\u00e7us pour vous faciliter la t\u00e2che, afin que vous n&rsquo;ayez pas \u00e0 remplir \u00e0 nouveau vos coordonn\u00e9es lorsque vous laissez un autre commentaire. Ces t\u00e9moins seront conserv\u00e9s pendant un an.<\/p>\n<p>Si vous avez un compte et que vous vous connectez au site, nous d\u00e9finirons un t\u00e9moin temporaire pour d\u00e9terminer si votre navigateur accepte les t\u00e9moins. Ce t\u00e9moin ne contient aucune donn\u00e9e personnelle et est supprim\u00e9 lorsque vous fermez votre navigateur.<\/p>\n<p>Lorsque vous vous connecterez, nous cr\u00e9erons \u00e9galement plusieurs t\u00e9moins pour sauvegarder vos informations de connexion et vos choix d&rsquo;affichage \u00e0 l&rsquo;\u00e9cran. Les t\u00e9moins de connexion sont conserv\u00e9s pendant deux jours, et les t\u00e9moins d&rsquo;options d&rsquo;\u00e9cran pendant un an. Si vous s\u00e9lectionnez \u00ab\u00a0Se souvenir de moi\u00a0\u00bb, votre identifiant sera conserv\u00e9 pendant deux semaines. Si vous vous d\u00e9connectez de votre compte, les t\u00e9moins de connexion seront supprim\u00e9s.<\/p>\n<p>Si vous modifiez ou publiez un article, un t\u00e9moin suppl\u00e9mentaire sera sauvegard\u00e9 dans votre navigateur. Ce t\u00e9moin ne contient aucune donn\u00e9e personnelle et indique simplement le num\u00e9ro d&rsquo;identification de l&rsquo;article que vous venez de modifier. Il expire au bout d&rsquo;un jour.<\/p>\n<h3>Contenu int\u00e9gr\u00e9 provenant d&rsquo;autres sites Web<\/h3>\n<p>Les articles du pr\u00e9sent site peuvent comporter du contenu int\u00e9gr\u00e9 (p.\u00a0ex., des vid\u00e9os, des images, des articles, etc.). Le contenu int\u00e9gr\u00e9 provenant d&rsquo;autres sites Web se comporte exactement de la m\u00eame mani\u00e8re que si le visiteur avait consult\u00e9 ces sites.<\/p>\n<p>Ces sites Web peuvent recueillir des donn\u00e9es vous concernant, utiliser des t\u00e9moins, int\u00e9grer un suivi tiers suppl\u00e9mentaire et surveiller votre interaction avec ce contenu int\u00e9gr\u00e9, y compris le suivi de votre interaction avec le contenu int\u00e9gr\u00e9 si vous avez un compte et \u00eates connect\u00e9 \u00e0 ce site Web.<\/p>\n<h3>Analyses<\/h3>\n<h2>Avec qui nous partageons vos donn\u00e9es<\/h2>\n<h2>Combien de temps nous conservons vos donn\u00e9es<\/h2>\n<p>Si vous laissez un commentaire, le commentaire et ses m\u00e9tadonn\u00e9es sont conserv\u00e9s ind\u00e9finiment. Ainsi, nous pouvons reconna\u00eetre et approuver automatiquement tout commentaire de suivi au lieu de le placer dans une file d&rsquo;attente de mod\u00e9ration.<\/p>\n<p>Pour les utilisateurs qui s&rsquo;inscrivent sur notre site Web (le cas \u00e9ch\u00e9ant), nous stockons \u00e9galement les informations personnelles qu&rsquo;ils indiquent dans leur profil d&rsquo;utilisateur. Tous les utilisateurs peuvent voir, modifier ou supprimer leurs informations personnelles en tout temps (mais ils ne peuvent pas changer leur nom d&rsquo;utilisateur). Les administrateurs de sites Web peuvent \u00e9galement consulter et modifier ces informations.<\/p>\n<h2>Vos droits en ce qui concerne vos donn\u00e9es<\/h2>\n<p>Si vous avez un compte sur ce site ou si vous avez laiss\u00e9 des commentaires, vous pouvez demander \u00e0 recevoir un fichier export\u00e9 des donn\u00e9es personnelles que nous d\u00e9tenons \u00e0 votre sujet, y compris les donn\u00e9es que vous nous avez fournies. Vous pouvez \u00e9galement nous demander d&rsquo;effacer les donn\u00e9es personnelles que nous poss\u00e9dons \u00e0 votre sujet. Cela n&rsquo;inclut pas les donn\u00e9es que nous devons conserver \u00e0 des fins administratives, juridiques ou de s\u00e9curit\u00e9.<\/p>\n<h2>O\u00f9 nous envoyons vos donn\u00e9es<\/h2>\n<p>Les commentaires des visiteurs peuvent \u00eatre v\u00e9rifi\u00e9s au moyen d&rsquo;un service automatis\u00e9 de d\u00e9tection des pourriels.<\/p>\n<h2>Vos coordonn\u00e9es<\/h2>\n<h2>Informations compl\u00e9mentaires<\/h2>\n<h3>Comment nous prot\u00e9geons vos donn\u00e9es<\/h3>\n<h3>Quelles sont les proc\u00e9dures de violation des donn\u00e9es que nous avons mises en place<\/h3>\n<h3>De quels tiers nous recevons des donn\u00e9es<\/h3>\n<h3>Quelle prise de d\u00e9cision automatis\u00e9e ou quel profilage nous effectuons \u00e0 partir des donn\u00e9es des utilisateurs<\/h3>\n<h3>Exigences r\u00e9glementaires du secteur en mati\u00e8re de communication<\/h3>\n","protected":false},"excerpt":{"rendered":"<p>Qui nous sommes L&rsquo;adresse de notre site Web est la suivante\u00a0: http:\/\/www.duboischemicals.com\/. Quelles sont les donn\u00e9es personnelles que nous recueillons et pourquoi nous les recueillons Commentaires Lorsque les visiteurs laissent des commentaires sur le site,&#8230;<\/p>\n","protected":false},"author":220,"featured_media":0,"parent":0,"menu_order":0,"comment_status":"closed","ping_status":"closed","template":"","meta":{"_acf_changed":false,"footnotes":""},"class_list":["post-15778","page","type-page","status-publish","hentry"],"acf":[],"yoast_head":"<!-- This site is optimized with the Yoast SEO plugin v26.8 - https:\/\/yoast.com\/product\/yoast-seo-wordpress\/ -->\n<title>Politique de confidentialit\u00e9 - DuBois Chemicals<\/title>\n<meta name=\"robots\" content=\"index, follow, max-snippet:-1, max-image-preview:large, max-video-preview:-1\" \/>\n<link rel=\"canonical\" href=\"https:\/\/www.duboischemicals.com\/fr\/privacy-policy\/\" \/>\n<meta property=\"og:locale\" content=\"fr_FR\" \/>\n<meta property=\"og:type\" content=\"article\" \/>\n<meta property=\"og:title\" content=\"Politique de confidentialit\u00e9 - DuBois Chemicals\" \/>\n<meta property=\"og:description\" content=\"Qui nous sommes L&rsquo;adresse de notre site Web est la suivante\u00a0: http:\/\/www.duboischemicals.com\/. Quelles sont les donn\u00e9es personnelles que nous recueillons et pourquoi nous les recueillons Commentaires Lorsque les visiteurs laissent des commentaires sur le site,...\" \/>\n<meta property=\"og:url\" content=\"https:\/\/www.duboischemicals.com\/fr\/privacy-policy\/\" \/>\n<meta property=\"og:site_name\" content=\"DuBois Chemicals\" \/>\n<meta property=\"article:modified_time\" content=\"2021-02-17T10:12:42+00:00\" \/>\n<meta name=\"twitter:card\" content=\"summary_large_image\" \/>\n<meta name=\"twitter:label1\" content=\"Dur\u00e9e de lecture estim\u00e9e\" \/>\n\t<meta name=\"twitter:data1\" content=\"4 minutes\" \/>\n<script type=\"application\/ld+json\" class=\"yoast-schema-graph\">{\"@context\":\"https:\/\/schema.org\",\"@graph\":[{\"@type\":\"WebPage\",\"@id\":\"https:\/\/www.duboischemicals.com\/fr\/privacy-policy\/\",\"url\":\"https:\/\/www.duboischemicals.com\/fr\/privacy-policy\/\",\"name\":\"Politique de confidentialit\u00e9 - DuBois Chemicals\",\"isPartOf\":{\"@id\":\"https:\/\/www.duboischemicals.com\/fr\/#website\"},\"datePublished\":\"2018-10-01T04:19:30+00:00\",\"dateModified\":\"2021-02-17T10:12:42+00:00\",\"breadcrumb\":{\"@id\":\"https:\/\/www.duboischemicals.com\/fr\/privacy-policy\/#breadcrumb\"},\"inLanguage\":\"fr-FR\",\"potentialAction\":[{\"@type\":\"ReadAction\",\"target\":[\"https:\/\/www.duboischemicals.com\/fr\/privacy-policy\/\"]}]},{\"@type\":\"BreadcrumbList\",\"@id\":\"https:\/\/www.duboischemicals.com\/fr\/privacy-policy\/#breadcrumb\",\"itemListElement\":[{\"@type\":\"ListItem\",\"position\":1,\"name\":\"Accueil\",\"item\":\"https:\/\/www.duboischemicals.com\/fr\/\"},{\"@type\":\"ListItem\",\"position\":2,\"name\":\"Politique de confidentialit\u00e9\"}]},{\"@type\":\"WebSite\",\"@id\":\"https:\/\/www.duboischemicals.com\/fr\/#website\",\"url\":\"https:\/\/www.duboischemicals.com\/fr\/\",\"name\":\"DuBois Chemicals\",\"description\":\"\",\"potentialAction\":[{\"@type\":\"SearchAction\",\"target\":{\"@type\":\"EntryPoint\",\"urlTemplate\":\"https:\/\/www.duboischemicals.com\/fr\/?s={search_term_string}\"},\"query-input\":{\"@type\":\"PropertyValueSpecification\",\"valueRequired\":true,\"valueName\":\"search_term_string\"}}],\"inLanguage\":\"fr-FR\"}]}<\/script>\n<!-- \/ Yoast SEO plugin. -->","yoast_head_json":{"title":"Politique de confidentialit\u00e9 - DuBois Chemicals","robots":{"index":"index","follow":"follow","max-snippet":"max-snippet:-1","max-image-preview":"max-image-preview:large","max-video-preview":"max-video-preview:-1"},"canonical":"https:\/\/www.duboischemicals.com\/fr\/privacy-policy\/","og_locale":"fr_FR","og_type":"article","og_title":"Politique de confidentialit\u00e9 - DuBois Chemicals","og_description":"Qui nous sommes L&rsquo;adresse de notre site Web est la suivante\u00a0: http:\/\/www.duboischemicals.com\/. Quelles sont les donn\u00e9es personnelles que nous recueillons et pourquoi nous les recueillons Commentaires Lorsque les visiteurs laissent des commentaires sur le site,...","og_url":"https:\/\/www.duboischemicals.com\/fr\/privacy-policy\/","og_site_name":"DuBois Chemicals","article_modified_time":"2021-02-17T10:12:42+00:00","twitter_card":"summary_large_image","twitter_misc":{"Dur\u00e9e de lecture estim\u00e9e":"4 minutes"},"schema":{"@context":"https:\/\/schema.org","@graph":[{"@type":"WebPage","@id":"https:\/\/www.duboischemicals.com\/fr\/privacy-policy\/","url":"https:\/\/www.duboischemicals.com\/fr\/privacy-policy\/","name":"Politique de confidentialit\u00e9 - DuBois Chemicals","isPartOf":{"@id":"https:\/\/www.duboischemicals.com\/fr\/#website"},"datePublished":"2018-10-01T04:19:30+00:00","dateModified":"2021-02-17T10:12:42+00:00","breadcrumb":{"@id":"https:\/\/www.duboischemicals.com\/fr\/privacy-policy\/#breadcrumb"},"inLanguage":"fr-FR","potentialAction":[{"@type":"ReadAction","target":["https:\/\/www.duboischemicals.com\/fr\/privacy-policy\/"]}]},{"@type":"BreadcrumbList","@id":"https:\/\/www.duboischemicals.com\/fr\/privacy-policy\/#breadcrumb","itemListElement":[{"@type":"ListItem","position":1,"name":"Accueil","item":"https:\/\/www.duboischemicals.com\/fr\/"},{"@type":"ListItem","position":2,"name":"Politique de confidentialit\u00e9"}]},{"@type":"WebSite","@id":"https:\/\/www.duboischemicals.com\/fr\/#website","url":"https:\/\/www.duboischemicals.com\/fr\/","name":"DuBois Chemicals","description":"","potentialAction":[{"@type":"SearchAction","target":{"@type":"EntryPoint","urlTemplate":"https:\/\/www.duboischemicals.com\/fr\/?s={search_term_string}"},"query-input":{"@type":"PropertyValueSpecification","valueRequired":true,"valueName":"search_term_string"}}],"inLanguage":"fr-FR"}]}},"_links":{"self":[{"href":"https:\/\/www.duboischemicals.com\/fr\/wp-json\/wp\/v2\/pages\/15778","targetHints":{"allow":["GET"]}}],"collection":[{"href":"https:\/\/www.duboischemicals.com\/fr\/wp-json\/wp\/v2\/pages"}],"about":[{"href":"https:\/\/www.duboischemicals.com\/fr\/wp-json\/wp\/v2\/types\/page"}],"author":[{"embeddable":true,"href":"https:\/\/www.duboischemicals.com\/fr\/wp-json\/wp\/v2\/users\/220"}],"replies":[{"embeddable":true,"href":"https:\/\/www.duboischemicals.com\/fr\/wp-json\/wp\/v2\/comments?post=15778"}],"version-history":[{"count":2,"href":"https:\/\/www.duboischemicals.com\/fr\/wp-json\/wp\/v2\/pages\/15778\/revisions"}],"predecessor-version":[{"id":17692,"href":"https:\/\/www.duboischemicals.com\/fr\/wp-json\/wp\/v2\/pages\/15778\/revisions\/17692"}],"wp:attachment":[{"href":"https:\/\/www.duboischemicals.com\/fr\/wp-json\/wp\/v2\/media?parent=15778"}],"curies":[{"name":"wp","href":"https:\/\/api.w.org\/{rel}","templated":true}]}}