{"id":15780,"date":"2020-11-24T14:34:51","date_gmt":"2020-11-24T19:34:51","guid":{"rendered":"https:\/\/www.duboischemicals.com\/\/service-support\/performance-testing\/"},"modified":"2021-02-17T05:12:42","modified_gmt":"2021-02-17T10:12:42","slug":"performance-testing","status":"publish","type":"page","link":"https:\/\/www.duboischemicals.com\/fr\/service-support\/performance-testing\/","title":{"rendered":"Essais de rendement"},"content":{"rendered":"<h2>Essais et analyses des rendements des produits<\/h2>\n<p>Les laboratoires du service \u00e0 la client\u00e8le de DuBois simuleront votre processus actuel et examineront les r\u00e9sultats pour faire les meilleures recommandations possibles. Nos ing\u00e9nieurs d&rsquo;application et nos chimistes analytiques permettent \u00e0 nos repr\u00e9sentants commerciaux techniques de v\u00e9rifier les rendements des produits pendant les essais et de fournir des donn\u00e9es analytiques continues pour garantir le maintien de performances optimales dans vos applications.<\/p>\n<p>Nos \u00e9quipes techniques associent leur vaste exp\u00e9rience des applications en laboratoire et sur le terrain \u00e0 plusieurs outils pour garantir le rendement attendu d\u2019un fournisseur de produits chimiques sp\u00e9cialis\u00e9s de premier plan.<\/p>\n","protected":false},"excerpt":{"rendered":"<p>Essais et analyses des rendements des produits Les laboratoires du service \u00e0 la client\u00e8le de DuBois simuleront votre processus actuel et examineront les r\u00e9sultats pour faire les meilleures recommandations possibles. Nos ing\u00e9nieurs d&rsquo;application et nos&#8230;<\/p>\n","protected":false},"author":220,"featured_media":0,"parent":15775,"menu_order":4,"comment_status":"closed","ping_status":"closed","template":"","meta":{"_acf_changed":false,"footnotes":""},"class_list":["post-15780","page","type-page","status-publish","hentry"],"acf":[],"yoast_head":"<!-- This site is optimized with the Yoast SEO plugin v26.8 - https:\/\/yoast.com\/product\/yoast-seo-wordpress\/ -->\n<title>Essais de rendement - DuBois Chemicals<\/title>\n<meta name=\"robots\" content=\"index, follow, max-snippet:-1, max-image-preview:large, max-video-preview:-1\" \/>\n<link rel=\"canonical\" href=\"https:\/\/www.duboischemicals.com\/fr\/service-support\/performance-testing\/\" \/>\n<meta property=\"og:locale\" content=\"fr_FR\" \/>\n<meta property=\"og:type\" content=\"article\" \/>\n<meta property=\"og:title\" content=\"Essais de rendement - DuBois Chemicals\" \/>\n<meta property=\"og:description\" content=\"Essais et analyses des rendements des produits Les laboratoires du service \u00e0 la client\u00e8le de DuBois simuleront votre processus actuel et examineront les r\u00e9sultats pour faire les meilleures recommandations possibles. Nos ing\u00e9nieurs d&rsquo;application et nos...\" \/>\n<meta property=\"og:url\" content=\"https:\/\/www.duboischemicals.com\/fr\/service-support\/performance-testing\/\" \/>\n<meta property=\"og:site_name\" content=\"DuBois Chemicals\" \/>\n<meta property=\"article:modified_time\" content=\"2021-02-17T10:12:42+00:00\" \/>\n<meta name=\"twitter:card\" content=\"summary_large_image\" \/>\n<meta name=\"twitter:label1\" content=\"Dur\u00e9e de lecture estim\u00e9e\" \/>\n\t<meta name=\"twitter:data1\" content=\"1 minute\" \/>\n<script type=\"application\/ld+json\" class=\"yoast-schema-graph\">{\"@context\":\"https:\/\/schema.org\",\"@graph\":[{\"@type\":\"WebPage\",\"@id\":\"https:\/\/www.duboischemicals.com\/fr\/service-support\/performance-testing\/\",\"url\":\"https:\/\/www.duboischemicals.com\/fr\/service-support\/performance-testing\/\",\"name\":\"Essais de rendement - DuBois Chemicals\",\"isPartOf\":{\"@id\":\"https:\/\/www.duboischemicals.com\/fr\/#website\"},\"datePublished\":\"2020-11-24T19:34:51+00:00\",\"dateModified\":\"2021-02-17T10:12:42+00:00\",\"breadcrumb\":{\"@id\":\"https:\/\/www.duboischemicals.com\/fr\/service-support\/performance-testing\/#breadcrumb\"},\"inLanguage\":\"fr-FR\",\"potentialAction\":[{\"@type\":\"ReadAction\",\"target\":[\"https:\/\/www.duboischemicals.com\/fr\/service-support\/performance-testing\/\"]}]},{\"@type\":\"BreadcrumbList\",\"@id\":\"https:\/\/www.duboischemicals.com\/fr\/service-support\/performance-testing\/#breadcrumb\",\"itemListElement\":[{\"@type\":\"ListItem\",\"position\":1,\"name\":\"Accueil\",\"item\":\"https:\/\/www.duboischemicals.com\/fr\/\"},{\"@type\":\"ListItem\",\"position\":2,\"name\":\"Service et soutien\",\"item\":\"https:\/\/www.duboischemicals.com\/fr\/service-support\/\"},{\"@type\":\"ListItem\",\"position\":3,\"name\":\"Essais de rendement\"}]},{\"@type\":\"WebSite\",\"@id\":\"https:\/\/www.duboischemicals.com\/fr\/#website\",\"url\":\"https:\/\/www.duboischemicals.com\/fr\/\",\"name\":\"DuBois Chemicals\",\"description\":\"\",\"potentialAction\":[{\"@type\":\"SearchAction\",\"target\":{\"@type\":\"EntryPoint\",\"urlTemplate\":\"https:\/\/www.duboischemicals.com\/fr\/?s={search_term_string}\"},\"query-input\":{\"@type\":\"PropertyValueSpecification\",\"valueRequired\":true,\"valueName\":\"search_term_string\"}}],\"inLanguage\":\"fr-FR\"}]}<\/script>\n<!-- \/ Yoast SEO plugin. -->","yoast_head_json":{"title":"Essais de rendement - DuBois Chemicals","robots":{"index":"index","follow":"follow","max-snippet":"max-snippet:-1","max-image-preview":"max-image-preview:large","max-video-preview":"max-video-preview:-1"},"canonical":"https:\/\/www.duboischemicals.com\/fr\/service-support\/performance-testing\/","og_locale":"fr_FR","og_type":"article","og_title":"Essais de rendement - DuBois Chemicals","og_description":"Essais et analyses des rendements des produits Les laboratoires du service \u00e0 la client\u00e8le de DuBois simuleront votre processus actuel et examineront les r\u00e9sultats pour faire les meilleures recommandations possibles. Nos ing\u00e9nieurs d&rsquo;application et nos...","og_url":"https:\/\/www.duboischemicals.com\/fr\/service-support\/performance-testing\/","og_site_name":"DuBois Chemicals","article_modified_time":"2021-02-17T10:12:42+00:00","twitter_card":"summary_large_image","twitter_misc":{"Dur\u00e9e de lecture estim\u00e9e":"1 minute"},"schema":{"@context":"https:\/\/schema.org","@graph":[{"@type":"WebPage","@id":"https:\/\/www.duboischemicals.com\/fr\/service-support\/performance-testing\/","url":"https:\/\/www.duboischemicals.com\/fr\/service-support\/performance-testing\/","name":"Essais de rendement - DuBois Chemicals","isPartOf":{"@id":"https:\/\/www.duboischemicals.com\/fr\/#website"},"datePublished":"2020-11-24T19:34:51+00:00","dateModified":"2021-02-17T10:12:42+00:00","breadcrumb":{"@id":"https:\/\/www.duboischemicals.com\/fr\/service-support\/performance-testing\/#breadcrumb"},"inLanguage":"fr-FR","potentialAction":[{"@type":"ReadAction","target":["https:\/\/www.duboischemicals.com\/fr\/service-support\/performance-testing\/"]}]},{"@type":"BreadcrumbList","@id":"https:\/\/www.duboischemicals.com\/fr\/service-support\/performance-testing\/#breadcrumb","itemListElement":[{"@type":"ListItem","position":1,"name":"Accueil","item":"https:\/\/www.duboischemicals.com\/fr\/"},{"@type":"ListItem","position":2,"name":"Service et soutien","item":"https:\/\/www.duboischemicals.com\/fr\/service-support\/"},{"@type":"ListItem","position":3,"name":"Essais de rendement"}]},{"@type":"WebSite","@id":"https:\/\/www.duboischemicals.com\/fr\/#website","url":"https:\/\/www.duboischemicals.com\/fr\/","name":"DuBois Chemicals","description":"","potentialAction":[{"@type":"SearchAction","target":{"@type":"EntryPoint","urlTemplate":"https:\/\/www.duboischemicals.com\/fr\/?s={search_term_string}"},"query-input":{"@type":"PropertyValueSpecification","valueRequired":true,"valueName":"search_term_string"}}],"inLanguage":"fr-FR"}]}},"_links":{"self":[{"href":"https:\/\/www.duboischemicals.com\/fr\/wp-json\/wp\/v2\/pages\/15780","targetHints":{"allow":["GET"]}}],"collection":[{"href":"https:\/\/www.duboischemicals.com\/fr\/wp-json\/wp\/v2\/pages"}],"about":[{"href":"https:\/\/www.duboischemicals.com\/fr\/wp-json\/wp\/v2\/types\/page"}],"author":[{"embeddable":true,"href":"https:\/\/www.duboischemicals.com\/fr\/wp-json\/wp\/v2\/users\/220"}],"replies":[{"embeddable":true,"href":"https:\/\/www.duboischemicals.com\/fr\/wp-json\/wp\/v2\/comments?post=15780"}],"version-history":[{"count":2,"href":"https:\/\/www.duboischemicals.com\/fr\/wp-json\/wp\/v2\/pages\/15780\/revisions"}],"predecessor-version":[{"id":17694,"href":"https:\/\/www.duboischemicals.com\/fr\/wp-json\/wp\/v2\/pages\/15780\/revisions\/17694"}],"up":[{"embeddable":true,"href":"https:\/\/www.duboischemicals.com\/fr\/wp-json\/wp\/v2\/pages\/15775"}],"wp:attachment":[{"href":"https:\/\/www.duboischemicals.com\/fr\/wp-json\/wp\/v2\/media?parent=15780"}],"curies":[{"name":"wp","href":"https:\/\/api.w.org\/{rel}","templated":true}]}}