{"id":15785,"date":"2018-10-01T17:58:45","date_gmt":"2018-10-01T21:58:45","guid":{"rendered":"https:\/\/www.duboischemicals.com\/\/about-us\/"},"modified":"2024-05-31T10:12:08","modified_gmt":"2024-05-31T14:12:08","slug":"about-us","status":"publish","type":"page","link":"https:\/\/www.duboischemicals.com\/fr\/about-us\/","title":{"rendered":"\u00c0 propos de nous"},"content":{"rendered":"<h2 dir=\"ltr\">DuBois, c&rsquo;est plus que des solutions chimiques<\/h2>\n<p class=\"textbox\" dir=\"ltr\">DuBois est au service de ses clients depuis 1920. Nos solutions chimiques personnalis\u00e9es \u00e0 valeur ajout\u00e9e sont con\u00e7ues pour am\u00e9liorer vos proc\u00e9d\u00e9s et vous apporter la tranquillit\u00e9 d&rsquo;esprit.<\/p>\n<p class=\"textbox\" dir=\"ltr\">DuBois s&rsquo;engage \u00e0 \u00e9couter vos besoins, \u00e0 s&rsquo;associer avec vous et \u00e0 appliquer des solutions innovantes et durables qui d\u00e9passent vos attentes.<\/p>\n<p class=\"textbox\" dir=\"ltr\">En savoir plus sur DuBois\u00a0:<\/p>\n<ul>\n<li dir=\"ltr\"><a href=\"http:\/\/www.duboischemicals.com\/\/about-us\/our-story-history\/\">Notre histoire<\/a><\/li>\n<li dir=\"ltr\"><a href=\"http:\/\/www.duboischemicals.com\/\/about-us\/quality\/\">Notre qualit\u00e9<\/a><\/li>\n<li dir=\"ltr\"><a href=\"http:\/\/www.duboischemicals.com\/\/about-us\/innovation\/\">Nos innovations<\/a><\/li>\n<li dir=\"ltr\"><a href=\"http:\/\/www.duboischemicals.com\/\/about-us\/environmental-health-safety\/\">La sant\u00e9, la s\u00e9curit\u00e9 et l\u2019environnement chez DuBois<\/a><\/li>\n<li dir=\"ltr\"><a href=\"http:\/\/www.duboischemicals.com\/\/about-us\/industry-affiliations\/\">Nos affiliations \u00e0 des organismes industriels<\/a><\/li>\n<li dir=\"ltr\"><a href=\"http:\/\/www.duboischemicals.com\/\/about-us\/facility-locations\/\">L\u2019emplacement de nos installations<\/a><\/li>\n<\/ul>\n<p>&nbsp;<\/p>\n<p>&nbsp;<\/p>\n<p id=\"tw-target-text\" class=\"tw-data-text tw-text-large tw-ta\" dir=\"ltr\" data-placeholder=\"Translation\" aria-label=\"Translated text\" data-ved=\"2ahUKEwjizILqiLiGAxUtEVkFHQF1BfwQ3ewLegQIChAU\"><span class=\"Y2IQFc\" lang=\"fr\">Pour en savoir plus sur le travail forc\u00e9 de DuBois Chemicals dans les cha\u00eenes d\u2019approvisionnement canadiennes, <a href=\"https:\/\/www.duboischemicals.com\/wp-content\/uploads\/2024\/05\/2023-DB-Forced-Labour-Report_FR-revised-for-site-2.pdf\" target=\"_blank\" rel=\"noopener\">cliquez ici.<\/a><br \/>\nPour la version anglaise, <a href=\"https:\/\/www.duboischemicals.com\/wp-content\/uploads\/2024\/05\/2023-DB-Forced-Labour-Report.pdf\" target=\"_blank\" rel=\"noopener\">cliquez ici<\/a>.<\/span><\/p>\n","protected":false},"excerpt":{"rendered":"<p>DuBois, c&rsquo;est plus que des solutions chimiques DuBois est au service de ses clients depuis 1920. Nos solutions chimiques personnalis\u00e9es \u00e0 valeur ajout\u00e9e sont con\u00e7ues pour am\u00e9liorer vos proc\u00e9d\u00e9s et vous apporter la tranquillit\u00e9 d&rsquo;esprit&#8230;.<\/p>\n","protected":false},"author":220,"featured_media":0,"parent":0,"menu_order":0,"comment_status":"closed","ping_status":"closed","template":"","meta":{"_acf_changed":false,"footnotes":""},"class_list":["post-15785","page","type-page","status-publish","hentry"],"acf":[],"yoast_head":"<!-- This site is optimized with the Yoast SEO plugin v26.8 - https:\/\/yoast.com\/product\/yoast-seo-wordpress\/ -->\n<title>\u00c0 propos de nous - DuBois Chemicals<\/title>\n<meta name=\"robots\" content=\"index, follow, max-snippet:-1, max-image-preview:large, max-video-preview:-1\" \/>\n<link rel=\"canonical\" href=\"https:\/\/www.duboischemicals.com\/fr\/about-us\/\" \/>\n<meta property=\"og:locale\" content=\"fr_FR\" \/>\n<meta property=\"og:type\" content=\"article\" \/>\n<meta property=\"og:title\" content=\"\u00c0 propos de nous - DuBois Chemicals\" \/>\n<meta property=\"og:description\" content=\"DuBois, c&rsquo;est plus que des solutions chimiques DuBois est au service de ses clients depuis 1920. Nos solutions chimiques personnalis\u00e9es \u00e0 valeur ajout\u00e9e sont con\u00e7ues pour am\u00e9liorer vos proc\u00e9d\u00e9s et vous apporter la tranquillit\u00e9 d&rsquo;esprit....\" \/>\n<meta property=\"og:url\" content=\"https:\/\/www.duboischemicals.com\/fr\/about-us\/\" \/>\n<meta property=\"og:site_name\" content=\"DuBois Chemicals\" \/>\n<meta property=\"article:modified_time\" content=\"2024-05-31T14:12:08+00:00\" \/>\n<meta name=\"twitter:card\" content=\"summary_large_image\" \/>\n<meta name=\"twitter:label1\" content=\"Dur\u00e9e de lecture estim\u00e9e\" \/>\n\t<meta name=\"twitter:data1\" content=\"1 minute\" \/>\n<script type=\"application\/ld+json\" class=\"yoast-schema-graph\">{\"@context\":\"https:\/\/schema.org\",\"@graph\":[{\"@type\":\"WebPage\",\"@id\":\"https:\/\/www.duboischemicals.com\/fr\/about-us\/\",\"url\":\"https:\/\/www.duboischemicals.com\/fr\/about-us\/\",\"name\":\"\u00c0 propos de nous - DuBois Chemicals\",\"isPartOf\":{\"@id\":\"https:\/\/www.duboischemicals.com\/fr\/#website\"},\"datePublished\":\"2018-10-01T21:58:45+00:00\",\"dateModified\":\"2024-05-31T14:12:08+00:00\",\"breadcrumb\":{\"@id\":\"https:\/\/www.duboischemicals.com\/fr\/about-us\/#breadcrumb\"},\"inLanguage\":\"fr-FR\",\"potentialAction\":[{\"@type\":\"ReadAction\",\"target\":[\"https:\/\/www.duboischemicals.com\/fr\/about-us\/\"]}]},{\"@type\":\"BreadcrumbList\",\"@id\":\"https:\/\/www.duboischemicals.com\/fr\/about-us\/#breadcrumb\",\"itemListElement\":[{\"@type\":\"ListItem\",\"position\":1,\"name\":\"Accueil\",\"item\":\"https:\/\/www.duboischemicals.com\/fr\/\"},{\"@type\":\"ListItem\",\"position\":2,\"name\":\"\u00c0 propos de nous\"}]},{\"@type\":\"WebSite\",\"@id\":\"https:\/\/www.duboischemicals.com\/fr\/#website\",\"url\":\"https:\/\/www.duboischemicals.com\/fr\/\",\"name\":\"DuBois Chemicals\",\"description\":\"\",\"potentialAction\":[{\"@type\":\"SearchAction\",\"target\":{\"@type\":\"EntryPoint\",\"urlTemplate\":\"https:\/\/www.duboischemicals.com\/fr\/?s={search_term_string}\"},\"query-input\":{\"@type\":\"PropertyValueSpecification\",\"valueRequired\":true,\"valueName\":\"search_term_string\"}}],\"inLanguage\":\"fr-FR\"}]}<\/script>\n<!-- \/ Yoast SEO plugin. -->","yoast_head_json":{"title":"\u00c0 propos de nous - DuBois Chemicals","robots":{"index":"index","follow":"follow","max-snippet":"max-snippet:-1","max-image-preview":"max-image-preview:large","max-video-preview":"max-video-preview:-1"},"canonical":"https:\/\/www.duboischemicals.com\/fr\/about-us\/","og_locale":"fr_FR","og_type":"article","og_title":"\u00c0 propos de nous - DuBois Chemicals","og_description":"DuBois, c&rsquo;est plus que des solutions chimiques DuBois est au service de ses clients depuis 1920. Nos solutions chimiques personnalis\u00e9es \u00e0 valeur ajout\u00e9e sont con\u00e7ues pour am\u00e9liorer vos proc\u00e9d\u00e9s et vous apporter la tranquillit\u00e9 d&rsquo;esprit....","og_url":"https:\/\/www.duboischemicals.com\/fr\/about-us\/","og_site_name":"DuBois Chemicals","article_modified_time":"2024-05-31T14:12:08+00:00","twitter_card":"summary_large_image","twitter_misc":{"Dur\u00e9e de lecture estim\u00e9e":"1 minute"},"schema":{"@context":"https:\/\/schema.org","@graph":[{"@type":"WebPage","@id":"https:\/\/www.duboischemicals.com\/fr\/about-us\/","url":"https:\/\/www.duboischemicals.com\/fr\/about-us\/","name":"\u00c0 propos de nous - DuBois Chemicals","isPartOf":{"@id":"https:\/\/www.duboischemicals.com\/fr\/#website"},"datePublished":"2018-10-01T21:58:45+00:00","dateModified":"2024-05-31T14:12:08+00:00","breadcrumb":{"@id":"https:\/\/www.duboischemicals.com\/fr\/about-us\/#breadcrumb"},"inLanguage":"fr-FR","potentialAction":[{"@type":"ReadAction","target":["https:\/\/www.duboischemicals.com\/fr\/about-us\/"]}]},{"@type":"BreadcrumbList","@id":"https:\/\/www.duboischemicals.com\/fr\/about-us\/#breadcrumb","itemListElement":[{"@type":"ListItem","position":1,"name":"Accueil","item":"https:\/\/www.duboischemicals.com\/fr\/"},{"@type":"ListItem","position":2,"name":"\u00c0 propos de nous"}]},{"@type":"WebSite","@id":"https:\/\/www.duboischemicals.com\/fr\/#website","url":"https:\/\/www.duboischemicals.com\/fr\/","name":"DuBois Chemicals","description":"","potentialAction":[{"@type":"SearchAction","target":{"@type":"EntryPoint","urlTemplate":"https:\/\/www.duboischemicals.com\/fr\/?s={search_term_string}"},"query-input":{"@type":"PropertyValueSpecification","valueRequired":true,"valueName":"search_term_string"}}],"inLanguage":"fr-FR"}]}},"_links":{"self":[{"href":"https:\/\/www.duboischemicals.com\/fr\/wp-json\/wp\/v2\/pages\/15785","targetHints":{"allow":["GET"]}}],"collection":[{"href":"https:\/\/www.duboischemicals.com\/fr\/wp-json\/wp\/v2\/pages"}],"about":[{"href":"https:\/\/www.duboischemicals.com\/fr\/wp-json\/wp\/v2\/types\/page"}],"author":[{"embeddable":true,"href":"https:\/\/www.duboischemicals.com\/fr\/wp-json\/wp\/v2\/users\/220"}],"replies":[{"embeddable":true,"href":"https:\/\/www.duboischemicals.com\/fr\/wp-json\/wp\/v2\/comments?post=15785"}],"version-history":[{"count":3,"href":"https:\/\/www.duboischemicals.com\/fr\/wp-json\/wp\/v2\/pages\/15785\/revisions"}],"predecessor-version":[{"id":37078,"href":"https:\/\/www.duboischemicals.com\/fr\/wp-json\/wp\/v2\/pages\/15785\/revisions\/37078"}],"wp:attachment":[{"href":"https:\/\/www.duboischemicals.com\/fr\/wp-json\/wp\/v2\/media?parent=15785"}],"curies":[{"name":"wp","href":"https:\/\/api.w.org\/{rel}","templated":true}]}}