{"id":15803,"date":"2018-10-01T20:40:11","date_gmt":"2018-10-02T00:40:11","guid":{"rendered":"https:\/\/www.duboischemicals.com\/\/distributor-login\/"},"modified":"2021-02-17T05:12:52","modified_gmt":"2021-02-17T10:12:52","slug":"distributor-login","status":"publish","type":"page","link":"https:\/\/www.duboischemicals.com\/fr\/distributor-login\/","title":{"rendered":"Connexion des distributeurs"},"content":{"rendered":"<h2>Section de connexion des distributeurs<\/h2>\n<p>Veuillez vous connecter pour acc\u00e9der aux ressources utiles r\u00e9serv\u00e9es aux distributeurs de DuBois ou <a href=\"http:\/\/www.duboischemicals.com\/\/request-portal-access\/\">Demander un acc\u00e8s<\/a>.<\/p>\n","protected":false},"excerpt":{"rendered":"<p>Section de connexion des distributeurs Veuillez vous connecter pour acc\u00e9der aux ressources utiles r\u00e9serv\u00e9es aux distributeurs de DuBois ou Demander un acc\u00e8s.<\/p>\n","protected":false},"author":220,"featured_media":0,"parent":0,"menu_order":0,"comment_status":"closed","ping_status":"closed","template":"template-portal-login.php","meta":{"_acf_changed":false,"footnotes":""},"class_list":["post-15803","page","type-page","status-publish","hentry"],"acf":[],"yoast_head":"<!-- This site is optimized with the Yoast SEO plugin v26.8 - https:\/\/yoast.com\/product\/yoast-seo-wordpress\/ -->\n<title>Connexion des distributeurs - DuBois Chemicals<\/title>\n<meta name=\"robots\" content=\"index, follow, max-snippet:-1, max-image-preview:large, max-video-preview:-1\" \/>\n<link rel=\"canonical\" href=\"https:\/\/www.duboischemicals.com\/fr\/distributor-login\/\" \/>\n<meta property=\"og:locale\" content=\"fr_FR\" \/>\n<meta property=\"og:type\" content=\"article\" \/>\n<meta property=\"og:title\" content=\"Connexion des distributeurs - DuBois Chemicals\" \/>\n<meta property=\"og:description\" content=\"Section de connexion des distributeurs Veuillez vous connecter pour acc\u00e9der aux ressources utiles r\u00e9serv\u00e9es aux distributeurs de DuBois ou Demander un acc\u00e8s.\" \/>\n<meta property=\"og:url\" content=\"https:\/\/www.duboischemicals.com\/fr\/distributor-login\/\" \/>\n<meta property=\"og:site_name\" content=\"DuBois Chemicals\" \/>\n<meta property=\"article:modified_time\" content=\"2021-02-17T10:12:52+00:00\" \/>\n<meta name=\"twitter:card\" content=\"summary_large_image\" \/>\n<script type=\"application\/ld+json\" class=\"yoast-schema-graph\">{\"@context\":\"https:\/\/schema.org\",\"@graph\":[{\"@type\":\"WebPage\",\"@id\":\"https:\/\/www.duboischemicals.com\/fr\/distributor-login\/\",\"url\":\"https:\/\/www.duboischemicals.com\/fr\/distributor-login\/\",\"name\":\"Connexion des distributeurs - DuBois Chemicals\",\"isPartOf\":{\"@id\":\"https:\/\/www.duboischemicals.com\/fr\/#website\"},\"datePublished\":\"2018-10-02T00:40:11+00:00\",\"dateModified\":\"2021-02-17T10:12:52+00:00\",\"breadcrumb\":{\"@id\":\"https:\/\/www.duboischemicals.com\/fr\/distributor-login\/#breadcrumb\"},\"inLanguage\":\"fr-FR\",\"potentialAction\":[{\"@type\":\"ReadAction\",\"target\":[\"https:\/\/www.duboischemicals.com\/fr\/distributor-login\/\"]}]},{\"@type\":\"BreadcrumbList\",\"@id\":\"https:\/\/www.duboischemicals.com\/fr\/distributor-login\/#breadcrumb\",\"itemListElement\":[{\"@type\":\"ListItem\",\"position\":1,\"name\":\"Accueil\",\"item\":\"https:\/\/www.duboischemicals.com\/fr\/\"},{\"@type\":\"ListItem\",\"position\":2,\"name\":\"Connexion des distributeurs\"}]},{\"@type\":\"WebSite\",\"@id\":\"https:\/\/www.duboischemicals.com\/fr\/#website\",\"url\":\"https:\/\/www.duboischemicals.com\/fr\/\",\"name\":\"DuBois Chemicals\",\"description\":\"\",\"potentialAction\":[{\"@type\":\"SearchAction\",\"target\":{\"@type\":\"EntryPoint\",\"urlTemplate\":\"https:\/\/www.duboischemicals.com\/fr\/?s={search_term_string}\"},\"query-input\":{\"@type\":\"PropertyValueSpecification\",\"valueRequired\":true,\"valueName\":\"search_term_string\"}}],\"inLanguage\":\"fr-FR\"}]}<\/script>\n<!-- \/ Yoast SEO plugin. -->","yoast_head_json":{"title":"Connexion des distributeurs - DuBois Chemicals","robots":{"index":"index","follow":"follow","max-snippet":"max-snippet:-1","max-image-preview":"max-image-preview:large","max-video-preview":"max-video-preview:-1"},"canonical":"https:\/\/www.duboischemicals.com\/fr\/distributor-login\/","og_locale":"fr_FR","og_type":"article","og_title":"Connexion des distributeurs - DuBois Chemicals","og_description":"Section de connexion des distributeurs Veuillez vous connecter pour acc\u00e9der aux ressources utiles r\u00e9serv\u00e9es aux distributeurs de DuBois ou Demander un acc\u00e8s.","og_url":"https:\/\/www.duboischemicals.com\/fr\/distributor-login\/","og_site_name":"DuBois Chemicals","article_modified_time":"2021-02-17T10:12:52+00:00","twitter_card":"summary_large_image","schema":{"@context":"https:\/\/schema.org","@graph":[{"@type":"WebPage","@id":"https:\/\/www.duboischemicals.com\/fr\/distributor-login\/","url":"https:\/\/www.duboischemicals.com\/fr\/distributor-login\/","name":"Connexion des distributeurs - DuBois Chemicals","isPartOf":{"@id":"https:\/\/www.duboischemicals.com\/fr\/#website"},"datePublished":"2018-10-02T00:40:11+00:00","dateModified":"2021-02-17T10:12:52+00:00","breadcrumb":{"@id":"https:\/\/www.duboischemicals.com\/fr\/distributor-login\/#breadcrumb"},"inLanguage":"fr-FR","potentialAction":[{"@type":"ReadAction","target":["https:\/\/www.duboischemicals.com\/fr\/distributor-login\/"]}]},{"@type":"BreadcrumbList","@id":"https:\/\/www.duboischemicals.com\/fr\/distributor-login\/#breadcrumb","itemListElement":[{"@type":"ListItem","position":1,"name":"Accueil","item":"https:\/\/www.duboischemicals.com\/fr\/"},{"@type":"ListItem","position":2,"name":"Connexion des distributeurs"}]},{"@type":"WebSite","@id":"https:\/\/www.duboischemicals.com\/fr\/#website","url":"https:\/\/www.duboischemicals.com\/fr\/","name":"DuBois Chemicals","description":"","potentialAction":[{"@type":"SearchAction","target":{"@type":"EntryPoint","urlTemplate":"https:\/\/www.duboischemicals.com\/fr\/?s={search_term_string}"},"query-input":{"@type":"PropertyValueSpecification","valueRequired":true,"valueName":"search_term_string"}}],"inLanguage":"fr-FR"}]}},"_links":{"self":[{"href":"https:\/\/www.duboischemicals.com\/fr\/wp-json\/wp\/v2\/pages\/15803","targetHints":{"allow":["GET"]}}],"collection":[{"href":"https:\/\/www.duboischemicals.com\/fr\/wp-json\/wp\/v2\/pages"}],"about":[{"href":"https:\/\/www.duboischemicals.com\/fr\/wp-json\/wp\/v2\/types\/page"}],"author":[{"embeddable":true,"href":"https:\/\/www.duboischemicals.com\/fr\/wp-json\/wp\/v2\/users\/220"}],"replies":[{"embeddable":true,"href":"https:\/\/www.duboischemicals.com\/fr\/wp-json\/wp\/v2\/comments?post=15803"}],"version-history":[{"count":2,"href":"https:\/\/www.duboischemicals.com\/fr\/wp-json\/wp\/v2\/pages\/15803\/revisions"}],"predecessor-version":[{"id":17717,"href":"https:\/\/www.duboischemicals.com\/fr\/wp-json\/wp\/v2\/pages\/15803\/revisions\/17717"}],"wp:attachment":[{"href":"https:\/\/www.duboischemicals.com\/fr\/wp-json\/wp\/v2\/media?parent=15803"}],"curies":[{"name":"wp","href":"https:\/\/api.w.org\/{rel}","templated":true}]}}