{"id":15859,"date":"2018-11-28T14:48:12","date_gmt":"2018-11-28T19:48:12","guid":{"rendered":"https:\/\/www.duboischemicals.com\/\/blendco-adds-to-dubois-excellence\/"},"modified":"2021-02-26T10:15:20","modified_gmt":"2021-02-26T15:15:20","slug":"blendco-adds-to-dubois-excellence","status":"publish","type":"page","link":"https:\/\/www.duboischemicals.com\/fr\/blendco-adds-to-dubois-excellence\/","title":{"rendered":"Blendco s\u2019ajoute \u00e0 l\u2019excellence de DuBois"},"content":{"rendered":"<p><img loading=\"lazy\" decoding=\"async\" class=\"alignnone size-full wp-image-13297\" src=\"http:\/\/www.duboischemicals.com\/\/wp-content\/uploads\/2018\/11\/BlendcoLogo_New.jpg\" alt=\"\" width=\"197\" height=\"72\" srcset=\"https:\/\/www.duboischemicals.com\/wp-content\/uploads\/2018\/11\/BlendcoLogo_New.jpg 197w, https:\/\/www.duboischemicals.com\/wp-content\/uploads\/2018\/11\/BlendcoLogo_New-150x55.jpg 150w\" sizes=\"auto, (max-width: 197px) 100vw, 197px\" \/><\/p>\n<p>Gr\u00e2ce \u00e0 l\u2019acquisition de Blendco Systems en 2009, DuBois Chemicals a apport\u00e9 son expertise en solutions chimiques personnalis\u00e9es \u00e0 l\u2019industrie du lavage automobile.<\/p>\n<p>Blendco, un fournisseur de d\u00e9tergents, de produits de polissage et de produits de protection en t\u00eate de l\u2019industrie, peut maintenant compter sur pr\u00e8s de 100 ans d\u2019engagement de DuBois \u00e0 offrir des produits et des services fiables et de premi\u00e8re qualit\u00e9 gr\u00e2ce \u00e0 des technologies de pointe qui sont essentielles pour diminuer les co\u00fbts d\u2019exploitation, r\u00e9duire la consommation de ressources naturelles, et \u00e9liminer le gaspillage.<\/p>\n<p>Trouvez r\u00e9ponse \u00e0 tous vos besoins en mati\u00e8re d\u2019\u00e9quipement et de solutions chimiques pour le lavage automobile en suivant les liens ci-dessous\u00a0:<\/p>\n<ul>\n<li><a href=\"https:\/\/www.duboischemicals.com\/auto-care\/products\/auto-wash-products\/\">Produits de lavage automobile<\/a><\/li>\n<li><a href=\"https:\/\/www.duboischemicals.com\/auto-care\/search-products\/\">Recherche de produits de lavage automobile<\/a><\/li>\n<li><a href=\"https:\/\/www.duboischemicals.com\/auto-care\/equipment\/\">\u00c9quipement de lavage automobile<\/a><\/li>\n<li><a href=\"https:\/\/www.duboischemicals.com\/auto-care\/service-support\/\">Service et soutien<\/a><\/li>\n<li><a href=\"https:\/\/www.duboischemicals.com\/auto-care\/resources\/\">Ressources<\/a><\/li>\n<\/ul>\n","protected":false},"excerpt":{"rendered":"<p>Gr\u00e2ce \u00e0 l\u2019acquisition de Blendco Systems en 2009, DuBois Chemicals a apport\u00e9 son expertise en solutions chimiques personnalis\u00e9es \u00e0 l\u2019industrie du lavage automobile. Blendco, un fournisseur de d\u00e9tergents, de produits de polissage et de produits&#8230;<\/p>\n","protected":false},"author":220,"featured_media":0,"parent":0,"menu_order":0,"comment_status":"closed","ping_status":"closed","template":"","meta":{"_acf_changed":false,"footnotes":""},"class_list":["post-15859","page","type-page","status-publish","hentry"],"acf":[],"yoast_head":"<!-- This site is optimized with the Yoast SEO plugin v26.8 - https:\/\/yoast.com\/product\/yoast-seo-wordpress\/ -->\n<title>Blendco s\u2019ajoute \u00e0 l\u2019excellence de DuBois - DuBois Chemicals<\/title>\n<meta name=\"robots\" content=\"index, follow, max-snippet:-1, max-image-preview:large, max-video-preview:-1\" \/>\n<link rel=\"canonical\" href=\"https:\/\/www.duboischemicals.com\/fr\/blendco-adds-to-dubois-excellence\/\" \/>\n<meta property=\"og:locale\" content=\"fr_FR\" \/>\n<meta property=\"og:type\" content=\"article\" \/>\n<meta property=\"og:title\" content=\"Blendco s\u2019ajoute \u00e0 l\u2019excellence de DuBois - DuBois Chemicals\" \/>\n<meta property=\"og:description\" content=\"Gr\u00e2ce \u00e0 l\u2019acquisition de Blendco Systems en 2009, DuBois Chemicals a apport\u00e9 son expertise en solutions chimiques personnalis\u00e9es \u00e0 l\u2019industrie du lavage automobile. Blendco, un fournisseur de d\u00e9tergents, de produits de polissage et de produits...\" \/>\n<meta property=\"og:url\" content=\"https:\/\/www.duboischemicals.com\/fr\/blendco-adds-to-dubois-excellence\/\" \/>\n<meta property=\"og:site_name\" content=\"DuBois Chemicals\" \/>\n<meta property=\"article:modified_time\" content=\"2021-02-26T15:15:20+00:00\" \/>\n<meta property=\"og:image\" content=\"http:\/\/www.duboischemicals.com\/\/wp-content\/uploads\/2018\/11\/BlendcoLogo_New.jpg\" \/>\n<meta name=\"twitter:card\" content=\"summary_large_image\" \/>\n<meta name=\"twitter:label1\" content=\"Dur\u00e9e de lecture estim\u00e9e\" \/>\n\t<meta name=\"twitter:data1\" content=\"1 minute\" \/>\n<script type=\"application\/ld+json\" class=\"yoast-schema-graph\">{\"@context\":\"https:\/\/schema.org\",\"@graph\":[{\"@type\":\"WebPage\",\"@id\":\"https:\/\/www.duboischemicals.com\/fr\/blendco-adds-to-dubois-excellence\/\",\"url\":\"https:\/\/www.duboischemicals.com\/fr\/blendco-adds-to-dubois-excellence\/\",\"name\":\"Blendco s\u2019ajoute \u00e0 l\u2019excellence de DuBois - DuBois Chemicals\",\"isPartOf\":{\"@id\":\"https:\/\/www.duboischemicals.com\/fr\/#website\"},\"primaryImageOfPage\":{\"@id\":\"https:\/\/www.duboischemicals.com\/fr\/blendco-adds-to-dubois-excellence\/#primaryimage\"},\"image\":{\"@id\":\"https:\/\/www.duboischemicals.com\/fr\/blendco-adds-to-dubois-excellence\/#primaryimage\"},\"thumbnailUrl\":\"http:\/\/www.duboischemicals.com\/\/wp-content\/uploads\/2018\/11\/BlendcoLogo_New.jpg\",\"datePublished\":\"2018-11-28T19:48:12+00:00\",\"dateModified\":\"2021-02-26T15:15:20+00:00\",\"breadcrumb\":{\"@id\":\"https:\/\/www.duboischemicals.com\/fr\/blendco-adds-to-dubois-excellence\/#breadcrumb\"},\"inLanguage\":\"fr-FR\",\"potentialAction\":[{\"@type\":\"ReadAction\",\"target\":[\"https:\/\/www.duboischemicals.com\/fr\/blendco-adds-to-dubois-excellence\/\"]}]},{\"@type\":\"ImageObject\",\"inLanguage\":\"fr-FR\",\"@id\":\"https:\/\/www.duboischemicals.com\/fr\/blendco-adds-to-dubois-excellence\/#primaryimage\",\"url\":\"http:\/\/www.duboischemicals.com\/\/wp-content\/uploads\/2018\/11\/BlendcoLogo_New.jpg\",\"contentUrl\":\"http:\/\/www.duboischemicals.com\/\/wp-content\/uploads\/2018\/11\/BlendcoLogo_New.jpg\"},{\"@type\":\"BreadcrumbList\",\"@id\":\"https:\/\/www.duboischemicals.com\/fr\/blendco-adds-to-dubois-excellence\/#breadcrumb\",\"itemListElement\":[{\"@type\":\"ListItem\",\"position\":1,\"name\":\"Accueil\",\"item\":\"https:\/\/www.duboischemicals.com\/fr\/\"},{\"@type\":\"ListItem\",\"position\":2,\"name\":\"Blendco s\u2019ajoute \u00e0 l\u2019excellence de DuBois\"}]},{\"@type\":\"WebSite\",\"@id\":\"https:\/\/www.duboischemicals.com\/fr\/#website\",\"url\":\"https:\/\/www.duboischemicals.com\/fr\/\",\"name\":\"DuBois Chemicals\",\"description\":\"\",\"potentialAction\":[{\"@type\":\"SearchAction\",\"target\":{\"@type\":\"EntryPoint\",\"urlTemplate\":\"https:\/\/www.duboischemicals.com\/fr\/?s={search_term_string}\"},\"query-input\":{\"@type\":\"PropertyValueSpecification\",\"valueRequired\":true,\"valueName\":\"search_term_string\"}}],\"inLanguage\":\"fr-FR\"}]}<\/script>\n<!-- \/ Yoast SEO plugin. -->","yoast_head_json":{"title":"Blendco s\u2019ajoute \u00e0 l\u2019excellence de DuBois - DuBois Chemicals","robots":{"index":"index","follow":"follow","max-snippet":"max-snippet:-1","max-image-preview":"max-image-preview:large","max-video-preview":"max-video-preview:-1"},"canonical":"https:\/\/www.duboischemicals.com\/fr\/blendco-adds-to-dubois-excellence\/","og_locale":"fr_FR","og_type":"article","og_title":"Blendco s\u2019ajoute \u00e0 l\u2019excellence de DuBois - DuBois Chemicals","og_description":"Gr\u00e2ce \u00e0 l\u2019acquisition de Blendco Systems en 2009, DuBois Chemicals a apport\u00e9 son expertise en solutions chimiques personnalis\u00e9es \u00e0 l\u2019industrie du lavage automobile. Blendco, un fournisseur de d\u00e9tergents, de produits de polissage et de produits...","og_url":"https:\/\/www.duboischemicals.com\/fr\/blendco-adds-to-dubois-excellence\/","og_site_name":"DuBois Chemicals","article_modified_time":"2021-02-26T15:15:20+00:00","og_image":[{"url":"http:\/\/www.duboischemicals.com\/\/wp-content\/uploads\/2018\/11\/BlendcoLogo_New.jpg","type":"","width":"","height":""}],"twitter_card":"summary_large_image","twitter_misc":{"Dur\u00e9e de lecture estim\u00e9e":"1 minute"},"schema":{"@context":"https:\/\/schema.org","@graph":[{"@type":"WebPage","@id":"https:\/\/www.duboischemicals.com\/fr\/blendco-adds-to-dubois-excellence\/","url":"https:\/\/www.duboischemicals.com\/fr\/blendco-adds-to-dubois-excellence\/","name":"Blendco s\u2019ajoute \u00e0 l\u2019excellence de DuBois - DuBois Chemicals","isPartOf":{"@id":"https:\/\/www.duboischemicals.com\/fr\/#website"},"primaryImageOfPage":{"@id":"https:\/\/www.duboischemicals.com\/fr\/blendco-adds-to-dubois-excellence\/#primaryimage"},"image":{"@id":"https:\/\/www.duboischemicals.com\/fr\/blendco-adds-to-dubois-excellence\/#primaryimage"},"thumbnailUrl":"http:\/\/www.duboischemicals.com\/\/wp-content\/uploads\/2018\/11\/BlendcoLogo_New.jpg","datePublished":"2018-11-28T19:48:12+00:00","dateModified":"2021-02-26T15:15:20+00:00","breadcrumb":{"@id":"https:\/\/www.duboischemicals.com\/fr\/blendco-adds-to-dubois-excellence\/#breadcrumb"},"inLanguage":"fr-FR","potentialAction":[{"@type":"ReadAction","target":["https:\/\/www.duboischemicals.com\/fr\/blendco-adds-to-dubois-excellence\/"]}]},{"@type":"ImageObject","inLanguage":"fr-FR","@id":"https:\/\/www.duboischemicals.com\/fr\/blendco-adds-to-dubois-excellence\/#primaryimage","url":"http:\/\/www.duboischemicals.com\/\/wp-content\/uploads\/2018\/11\/BlendcoLogo_New.jpg","contentUrl":"http:\/\/www.duboischemicals.com\/\/wp-content\/uploads\/2018\/11\/BlendcoLogo_New.jpg"},{"@type":"BreadcrumbList","@id":"https:\/\/www.duboischemicals.com\/fr\/blendco-adds-to-dubois-excellence\/#breadcrumb","itemListElement":[{"@type":"ListItem","position":1,"name":"Accueil","item":"https:\/\/www.duboischemicals.com\/fr\/"},{"@type":"ListItem","position":2,"name":"Blendco s\u2019ajoute \u00e0 l\u2019excellence de DuBois"}]},{"@type":"WebSite","@id":"https:\/\/www.duboischemicals.com\/fr\/#website","url":"https:\/\/www.duboischemicals.com\/fr\/","name":"DuBois Chemicals","description":"","potentialAction":[{"@type":"SearchAction","target":{"@type":"EntryPoint","urlTemplate":"https:\/\/www.duboischemicals.com\/fr\/?s={search_term_string}"},"query-input":{"@type":"PropertyValueSpecification","valueRequired":true,"valueName":"search_term_string"}}],"inLanguage":"fr-FR"}]}},"_links":{"self":[{"href":"https:\/\/www.duboischemicals.com\/fr\/wp-json\/wp\/v2\/pages\/15859","targetHints":{"allow":["GET"]}}],"collection":[{"href":"https:\/\/www.duboischemicals.com\/fr\/wp-json\/wp\/v2\/pages"}],"about":[{"href":"https:\/\/www.duboischemicals.com\/fr\/wp-json\/wp\/v2\/types\/page"}],"author":[{"embeddable":true,"href":"https:\/\/www.duboischemicals.com\/fr\/wp-json\/wp\/v2\/users\/220"}],"replies":[{"embeddable":true,"href":"https:\/\/www.duboischemicals.com\/fr\/wp-json\/wp\/v2\/comments?post=15859"}],"version-history":[{"count":4,"href":"https:\/\/www.duboischemicals.com\/fr\/wp-json\/wp\/v2\/pages\/15859\/revisions"}],"predecessor-version":[{"id":19331,"href":"https:\/\/www.duboischemicals.com\/fr\/wp-json\/wp\/v2\/pages\/15859\/revisions\/19331"}],"wp:attachment":[{"href":"https:\/\/www.duboischemicals.com\/fr\/wp-json\/wp\/v2\/media?parent=15859"}],"curies":[{"name":"wp","href":"https:\/\/api.w.org\/{rel}","templated":true}]}}