{"id":15860,"date":"2020-11-24T14:35:16","date_gmt":"2020-11-24T19:35:16","guid":{"rendered":"https:\/\/www.duboischemicals.com\/\/lynx-enterprises-adds-to-dubois-excellence\/"},"modified":"2021-02-17T05:13:12","modified_gmt":"2021-02-17T10:13:12","slug":"lynx-enterprises-adds-to-dubois-excellence","status":"publish","type":"page","link":"https:\/\/www.duboischemicals.com\/fr\/lynx-enterprises-adds-to-dubois-excellence\/","title":{"rendered":"Lynx Enterprises s\u2019ajoute \u00e0 l\u2019excellence de DuBois"},"content":{"rendered":"<p><img loading=\"lazy\" decoding=\"async\" class=\"alignnone wp-image-13305 size-thumbnail\" src=\"https:\/\/www.duboischemicals.com\/wp-content\/uploads\/2018\/11\/Lynx-Enterprises-Logo-Higher-Res-150x150.jpg\" alt=\"\" width=\"150\" height=\"150\" \/><\/p>\n<p>En 2017, DuBois Chemicals a fait l\u2019acquisition de Lynx Enterprises et de Eagle Manufacturing afin de combiner les capacit\u00e9s de DuBois en entretien d\u2019usine et en nettoyage de v\u00e9hicules avec les produits et le r\u00e9seau de distribution de Lynx et d\u2019Eagle.<\/p>\n<p>Depuis pr\u00e8s de 100 ans, DuBois s\u2019engage \u00e0 offrir des produits et des services fiables et de premi\u00e8re qualit\u00e9 gr\u00e2ce \u00e0 un soutien et \u00e0 des technologies de pointe qui sont essentielles pour diminuer les co\u00fbts d\u2019exploitation, r\u00e9duire la consommation de ressources naturelles, et \u00e9liminer le gaspillage.<\/p>\n<p>Trouvez un choix complet de solutions et de produits novateurs ainsi que du soutien pour vos besoins en mati\u00e8re d\u2019entretien d\u2019usine et de nettoyage de v\u00e9hicules en suivant les liens ci-dessous\u00a0:<\/p>\n<ul>\n<li><a href=\"https:\/\/www.duboischemicals.com\/manufacturing\/products\/\">Produits<\/a><\/li>\n<li><a href=\"https:\/\/www.duboischemicals.com\/manufacturing\/search-products\/\">Recherche de produits<\/a><\/li>\n<li><a href=\"https:\/\/www.duboischemicals.com\/manufacturing\/equipment\/\">\u00c9quipement<\/a><\/li>\n<li><a href=\"https:\/\/www.duboischemicals.com\/manufacturing\/service-support\/\">Service et soutien<\/a><\/li>\n<li><a href=\"https:\/\/www.duboischemicals.com\/manufacturing\/resources\/\">Ressources<\/a><\/li>\n<\/ul>\n","protected":false},"excerpt":{"rendered":"<p>En 2017, DuBois Chemicals a fait l\u2019acquisition de Lynx Enterprises et de Eagle Manufacturing afin de combiner les capacit\u00e9s de DuBois en entretien d\u2019usine et en nettoyage de v\u00e9hicules avec les produits et le r\u00e9seau&#8230;<\/p>\n","protected":false},"author":220,"featured_media":0,"parent":0,"menu_order":0,"comment_status":"closed","ping_status":"closed","template":"","meta":{"_acf_changed":false,"footnotes":""},"class_list":["post-15860","page","type-page","status-publish","hentry"],"acf":[],"yoast_head":"<!-- This site is optimized with the Yoast SEO plugin v26.8 - https:\/\/yoast.com\/product\/yoast-seo-wordpress\/ -->\n<title>Lynx Enterprises s\u2019ajoute \u00e0 l\u2019excellence de DuBois - DuBois Chemicals<\/title>\n<meta name=\"robots\" content=\"index, follow, max-snippet:-1, max-image-preview:large, max-video-preview:-1\" \/>\n<link rel=\"canonical\" href=\"https:\/\/www.duboischemicals.com\/fr\/lynx-enterprises-adds-to-dubois-excellence\/\" \/>\n<meta property=\"og:locale\" content=\"fr_FR\" \/>\n<meta property=\"og:type\" content=\"article\" \/>\n<meta property=\"og:title\" content=\"Lynx Enterprises s\u2019ajoute \u00e0 l\u2019excellence de DuBois - DuBois Chemicals\" \/>\n<meta property=\"og:description\" content=\"En 2017, DuBois Chemicals a fait l\u2019acquisition de Lynx Enterprises et de Eagle Manufacturing afin de combiner les capacit\u00e9s de DuBois en entretien d\u2019usine et en nettoyage de v\u00e9hicules avec les produits et le r\u00e9seau...\" \/>\n<meta property=\"og:url\" content=\"https:\/\/www.duboischemicals.com\/fr\/lynx-enterprises-adds-to-dubois-excellence\/\" \/>\n<meta property=\"og:site_name\" content=\"DuBois Chemicals\" \/>\n<meta property=\"article:modified_time\" content=\"2021-02-17T10:13:12+00:00\" \/>\n<meta property=\"og:image\" content=\"https:\/\/www.duboischemicals.com\/wp-content\/uploads\/2018\/11\/Lynx-Enterprises-Logo-Higher-Res-150x150.jpg\" \/>\n<meta name=\"twitter:card\" content=\"summary_large_image\" \/>\n<meta name=\"twitter:label1\" content=\"Dur\u00e9e de lecture estim\u00e9e\" \/>\n\t<meta name=\"twitter:data1\" content=\"1 minute\" \/>\n<script type=\"application\/ld+json\" class=\"yoast-schema-graph\">{\"@context\":\"https:\/\/schema.org\",\"@graph\":[{\"@type\":\"WebPage\",\"@id\":\"https:\/\/www.duboischemicals.com\/fr\/lynx-enterprises-adds-to-dubois-excellence\/\",\"url\":\"https:\/\/www.duboischemicals.com\/fr\/lynx-enterprises-adds-to-dubois-excellence\/\",\"name\":\"Lynx Enterprises s\u2019ajoute \u00e0 l\u2019excellence de DuBois - DuBois Chemicals\",\"isPartOf\":{\"@id\":\"https:\/\/www.duboischemicals.com\/fr\/#website\"},\"primaryImageOfPage\":{\"@id\":\"https:\/\/www.duboischemicals.com\/fr\/lynx-enterprises-adds-to-dubois-excellence\/#primaryimage\"},\"image\":{\"@id\":\"https:\/\/www.duboischemicals.com\/fr\/lynx-enterprises-adds-to-dubois-excellence\/#primaryimage\"},\"thumbnailUrl\":\"https:\/\/www.duboischemicals.com\/wp-content\/uploads\/2018\/11\/Lynx-Enterprises-Logo-Higher-Res-150x150.jpg\",\"datePublished\":\"2020-11-24T19:35:16+00:00\",\"dateModified\":\"2021-02-17T10:13:12+00:00\",\"breadcrumb\":{\"@id\":\"https:\/\/www.duboischemicals.com\/fr\/lynx-enterprises-adds-to-dubois-excellence\/#breadcrumb\"},\"inLanguage\":\"fr-FR\",\"potentialAction\":[{\"@type\":\"ReadAction\",\"target\":[\"https:\/\/www.duboischemicals.com\/fr\/lynx-enterprises-adds-to-dubois-excellence\/\"]}]},{\"@type\":\"ImageObject\",\"inLanguage\":\"fr-FR\",\"@id\":\"https:\/\/www.duboischemicals.com\/fr\/lynx-enterprises-adds-to-dubois-excellence\/#primaryimage\",\"url\":\"https:\/\/www.duboischemicals.com\/wp-content\/uploads\/2018\/11\/Lynx-Enterprises-Logo-Higher-Res-150x150.jpg\",\"contentUrl\":\"https:\/\/www.duboischemicals.com\/wp-content\/uploads\/2018\/11\/Lynx-Enterprises-Logo-Higher-Res-150x150.jpg\"},{\"@type\":\"BreadcrumbList\",\"@id\":\"https:\/\/www.duboischemicals.com\/fr\/lynx-enterprises-adds-to-dubois-excellence\/#breadcrumb\",\"itemListElement\":[{\"@type\":\"ListItem\",\"position\":1,\"name\":\"Accueil\",\"item\":\"https:\/\/www.duboischemicals.com\/fr\/\"},{\"@type\":\"ListItem\",\"position\":2,\"name\":\"Lynx Enterprises s\u2019ajoute \u00e0 l\u2019excellence de DuBois\"}]},{\"@type\":\"WebSite\",\"@id\":\"https:\/\/www.duboischemicals.com\/fr\/#website\",\"url\":\"https:\/\/www.duboischemicals.com\/fr\/\",\"name\":\"DuBois Chemicals\",\"description\":\"\",\"potentialAction\":[{\"@type\":\"SearchAction\",\"target\":{\"@type\":\"EntryPoint\",\"urlTemplate\":\"https:\/\/www.duboischemicals.com\/fr\/?s={search_term_string}\"},\"query-input\":{\"@type\":\"PropertyValueSpecification\",\"valueRequired\":true,\"valueName\":\"search_term_string\"}}],\"inLanguage\":\"fr-FR\"}]}<\/script>\n<!-- \/ Yoast SEO plugin. -->","yoast_head_json":{"title":"Lynx Enterprises s\u2019ajoute \u00e0 l\u2019excellence de DuBois - DuBois Chemicals","robots":{"index":"index","follow":"follow","max-snippet":"max-snippet:-1","max-image-preview":"max-image-preview:large","max-video-preview":"max-video-preview:-1"},"canonical":"https:\/\/www.duboischemicals.com\/fr\/lynx-enterprises-adds-to-dubois-excellence\/","og_locale":"fr_FR","og_type":"article","og_title":"Lynx Enterprises s\u2019ajoute \u00e0 l\u2019excellence de DuBois - DuBois Chemicals","og_description":"En 2017, DuBois Chemicals a fait l\u2019acquisition de Lynx Enterprises et de Eagle Manufacturing afin de combiner les capacit\u00e9s de DuBois en entretien d\u2019usine et en nettoyage de v\u00e9hicules avec les produits et le r\u00e9seau...","og_url":"https:\/\/www.duboischemicals.com\/fr\/lynx-enterprises-adds-to-dubois-excellence\/","og_site_name":"DuBois Chemicals","article_modified_time":"2021-02-17T10:13:12+00:00","og_image":[{"url":"https:\/\/www.duboischemicals.com\/wp-content\/uploads\/2018\/11\/Lynx-Enterprises-Logo-Higher-Res-150x150.jpg","type":"","width":"","height":""}],"twitter_card":"summary_large_image","twitter_misc":{"Dur\u00e9e de lecture estim\u00e9e":"1 minute"},"schema":{"@context":"https:\/\/schema.org","@graph":[{"@type":"WebPage","@id":"https:\/\/www.duboischemicals.com\/fr\/lynx-enterprises-adds-to-dubois-excellence\/","url":"https:\/\/www.duboischemicals.com\/fr\/lynx-enterprises-adds-to-dubois-excellence\/","name":"Lynx Enterprises s\u2019ajoute \u00e0 l\u2019excellence de DuBois - DuBois Chemicals","isPartOf":{"@id":"https:\/\/www.duboischemicals.com\/fr\/#website"},"primaryImageOfPage":{"@id":"https:\/\/www.duboischemicals.com\/fr\/lynx-enterprises-adds-to-dubois-excellence\/#primaryimage"},"image":{"@id":"https:\/\/www.duboischemicals.com\/fr\/lynx-enterprises-adds-to-dubois-excellence\/#primaryimage"},"thumbnailUrl":"https:\/\/www.duboischemicals.com\/wp-content\/uploads\/2018\/11\/Lynx-Enterprises-Logo-Higher-Res-150x150.jpg","datePublished":"2020-11-24T19:35:16+00:00","dateModified":"2021-02-17T10:13:12+00:00","breadcrumb":{"@id":"https:\/\/www.duboischemicals.com\/fr\/lynx-enterprises-adds-to-dubois-excellence\/#breadcrumb"},"inLanguage":"fr-FR","potentialAction":[{"@type":"ReadAction","target":["https:\/\/www.duboischemicals.com\/fr\/lynx-enterprises-adds-to-dubois-excellence\/"]}]},{"@type":"ImageObject","inLanguage":"fr-FR","@id":"https:\/\/www.duboischemicals.com\/fr\/lynx-enterprises-adds-to-dubois-excellence\/#primaryimage","url":"https:\/\/www.duboischemicals.com\/wp-content\/uploads\/2018\/11\/Lynx-Enterprises-Logo-Higher-Res-150x150.jpg","contentUrl":"https:\/\/www.duboischemicals.com\/wp-content\/uploads\/2018\/11\/Lynx-Enterprises-Logo-Higher-Res-150x150.jpg"},{"@type":"BreadcrumbList","@id":"https:\/\/www.duboischemicals.com\/fr\/lynx-enterprises-adds-to-dubois-excellence\/#breadcrumb","itemListElement":[{"@type":"ListItem","position":1,"name":"Accueil","item":"https:\/\/www.duboischemicals.com\/fr\/"},{"@type":"ListItem","position":2,"name":"Lynx Enterprises s\u2019ajoute \u00e0 l\u2019excellence de DuBois"}]},{"@type":"WebSite","@id":"https:\/\/www.duboischemicals.com\/fr\/#website","url":"https:\/\/www.duboischemicals.com\/fr\/","name":"DuBois Chemicals","description":"","potentialAction":[{"@type":"SearchAction","target":{"@type":"EntryPoint","urlTemplate":"https:\/\/www.duboischemicals.com\/fr\/?s={search_term_string}"},"query-input":{"@type":"PropertyValueSpecification","valueRequired":true,"valueName":"search_term_string"}}],"inLanguage":"fr-FR"}]}},"_links":{"self":[{"href":"https:\/\/www.duboischemicals.com\/fr\/wp-json\/wp\/v2\/pages\/15860","targetHints":{"allow":["GET"]}}],"collection":[{"href":"https:\/\/www.duboischemicals.com\/fr\/wp-json\/wp\/v2\/pages"}],"about":[{"href":"https:\/\/www.duboischemicals.com\/fr\/wp-json\/wp\/v2\/types\/page"}],"author":[{"embeddable":true,"href":"https:\/\/www.duboischemicals.com\/fr\/wp-json\/wp\/v2\/users\/220"}],"replies":[{"embeddable":true,"href":"https:\/\/www.duboischemicals.com\/fr\/wp-json\/wp\/v2\/comments?post=15860"}],"version-history":[{"count":2,"href":"https:\/\/www.duboischemicals.com\/fr\/wp-json\/wp\/v2\/pages\/15860\/revisions"}],"predecessor-version":[{"id":17774,"href":"https:\/\/www.duboischemicals.com\/fr\/wp-json\/wp\/v2\/pages\/15860\/revisions\/17774"}],"wp:attachment":[{"href":"https:\/\/www.duboischemicals.com\/fr\/wp-json\/wp\/v2\/media?parent=15860"}],"curies":[{"name":"wp","href":"https:\/\/api.w.org\/{rel}","templated":true}]}}