{"id":15864,"date":"2018-11-28T15:14:14","date_gmt":"2018-11-28T20:14:14","guid":{"rendered":"https:\/\/www.duboischemicals.com\/\/bhs-adds-to-dubois-excellence\/"},"modified":"2021-02-25T05:51:58","modified_gmt":"2021-02-25T10:51:58","slug":"bhs-adds-to-dubois-excellence","status":"publish","type":"page","link":"https:\/\/www.duboischemicals.com\/fr\/bhs-adds-to-dubois-excellence\/","title":{"rendered":"BHS s\u2019ajoute \u00e0 l\u2019excellence de DuBois"},"content":{"rendered":"<p><img loading=\"lazy\" decoding=\"async\" class=\"alignnone size-medium wp-image-13296\" src=\"https:\/\/www.duboischemicals.com\/wp-content\/uploads\/2018\/11\/BHS-SCP-logo-Embroidery-300x57.jpg\" alt=\"\" width=\"300\" height=\"57\" srcset=\"https:\/\/www.duboischemicals.com\/wp-content\/uploads\/2018\/11\/BHS-SCP-logo-Embroidery-300x57.jpg 300w, https:\/\/www.duboischemicals.com\/wp-content\/uploads\/2018\/11\/BHS-SCP-logo-Embroidery-150x29.jpg 150w, https:\/\/www.duboischemicals.com\/wp-content\/uploads\/2018\/11\/BHS-SCP-logo-Embroidery.jpg 468w\" sizes=\"auto, (max-width: 300px) 100vw, 300px\" \/><\/p>\n<p>DuBois Chemicals a fait l\u2019acquisition de BHS Specialty Chemical Products en 2017 afin de d\u00e9velopper les activit\u00e9s de DuBois dans les secteurs de la fabrication, du traitement de l\u2019eau, et des aliments et boissons dans l\u2019ouest des \u00c9tats-Unis.<\/p>\n<p>Depuis pr\u00e8s de 100 ans, DuBois s\u2019engage \u00e0 offrir des produits et des services fiables et de premi\u00e8re qualit\u00e9 gr\u00e2ce \u00e0 un soutien et \u00e0 des technologies de pointe qui sont essentielles pour diminuer les co\u00fbts d\u2019exploitation, r\u00e9duire la consommation de ressources naturelles, et \u00e9liminer le gaspillage.<\/p>\n<p>Trouvez un choix complet de produits chimiques novateurs ainsi que du soutien pour tous vos besoins en mati\u00e8re de solutions chimiques pour les secteurs du traitement de l\u2019eau et des aliments et boissons en suivant les liens ci-dessous :<\/p>\n<ul>\n<li><a href=\"\/food-beverage\/fr\/products\/\">Produits pour le secteur des aliments et des boissons<\/a><\/li>\n<li><a href=\"\/water-treatment\/fr\/products\/\">Produits pour le traitement de l\u2019eau<\/a><\/li>\n<li><a href=\"\/food-beverage\/fr\/search-products\/\">Recherche de produits<\/a><\/li>\n<li><a href=\"\/food-beverage\/fr\/service-support\/\">Service et soutien pour le secteur des aliments et des boissons<\/a><\/li>\n<li><a href=\"\/water-treatment\/fr\/service-support\/\">Service et soutien pour le traitement de l\u2019eau<\/a><\/li>\n<li><a href=\"\/food-beverage\/resources\/\">Ressources<\/a><\/li>\n<\/ul>\n","protected":false},"excerpt":{"rendered":"<p>DuBois Chemicals a fait l\u2019acquisition de BHS Specialty Chemical Products en 2017 afin de d\u00e9velopper les activit\u00e9s de DuBois dans les secteurs de la fabrication, du traitement de l\u2019eau, et des aliments et boissons dans&#8230;<\/p>\n","protected":false},"author":220,"featured_media":0,"parent":0,"menu_order":0,"comment_status":"closed","ping_status":"closed","template":"","meta":{"_acf_changed":false,"footnotes":""},"class_list":["post-15864","page","type-page","status-publish","hentry"],"acf":[],"yoast_head":"<!-- This site is optimized with the Yoast SEO plugin v26.8 - https:\/\/yoast.com\/product\/yoast-seo-wordpress\/ -->\n<title>BHS s\u2019ajoute \u00e0 l\u2019excellence de DuBois - DuBois Chemicals<\/title>\n<meta name=\"robots\" content=\"index, follow, max-snippet:-1, max-image-preview:large, max-video-preview:-1\" \/>\n<link rel=\"canonical\" href=\"https:\/\/www.duboischemicals.com\/fr\/bhs-adds-to-dubois-excellence\/\" \/>\n<meta property=\"og:locale\" content=\"fr_FR\" \/>\n<meta property=\"og:type\" content=\"article\" \/>\n<meta property=\"og:title\" content=\"BHS s\u2019ajoute \u00e0 l\u2019excellence de DuBois - DuBois Chemicals\" \/>\n<meta property=\"og:description\" content=\"DuBois Chemicals a fait l\u2019acquisition de BHS Specialty Chemical Products en 2017 afin de d\u00e9velopper les activit\u00e9s de DuBois dans les secteurs de la fabrication, du traitement de l\u2019eau, et des aliments et boissons dans...\" \/>\n<meta property=\"og:url\" content=\"https:\/\/www.duboischemicals.com\/fr\/bhs-adds-to-dubois-excellence\/\" \/>\n<meta property=\"og:site_name\" content=\"DuBois Chemicals\" \/>\n<meta property=\"article:modified_time\" content=\"2021-02-25T10:51:58+00:00\" \/>\n<meta property=\"og:image\" content=\"https:\/\/www.duboischemicals.com\/wp-content\/uploads\/2018\/11\/BHS-SCP-logo-Embroidery-300x57.jpg\" \/>\n<meta name=\"twitter:card\" content=\"summary_large_image\" \/>\n<meta name=\"twitter:label1\" content=\"Dur\u00e9e de lecture estim\u00e9e\" \/>\n\t<meta name=\"twitter:data1\" content=\"1 minute\" \/>\n<script type=\"application\/ld+json\" class=\"yoast-schema-graph\">{\"@context\":\"https:\/\/schema.org\",\"@graph\":[{\"@type\":\"WebPage\",\"@id\":\"https:\/\/www.duboischemicals.com\/fr\/bhs-adds-to-dubois-excellence\/\",\"url\":\"https:\/\/www.duboischemicals.com\/fr\/bhs-adds-to-dubois-excellence\/\",\"name\":\"BHS s\u2019ajoute \u00e0 l\u2019excellence de DuBois - DuBois Chemicals\",\"isPartOf\":{\"@id\":\"https:\/\/www.duboischemicals.com\/fr\/#website\"},\"primaryImageOfPage\":{\"@id\":\"https:\/\/www.duboischemicals.com\/fr\/bhs-adds-to-dubois-excellence\/#primaryimage\"},\"image\":{\"@id\":\"https:\/\/www.duboischemicals.com\/fr\/bhs-adds-to-dubois-excellence\/#primaryimage\"},\"thumbnailUrl\":\"https:\/\/www.duboischemicals.com\/wp-content\/uploads\/2018\/11\/BHS-SCP-logo-Embroidery-300x57.jpg\",\"datePublished\":\"2018-11-28T20:14:14+00:00\",\"dateModified\":\"2021-02-25T10:51:58+00:00\",\"breadcrumb\":{\"@id\":\"https:\/\/www.duboischemicals.com\/fr\/bhs-adds-to-dubois-excellence\/#breadcrumb\"},\"inLanguage\":\"fr-FR\",\"potentialAction\":[{\"@type\":\"ReadAction\",\"target\":[\"https:\/\/www.duboischemicals.com\/fr\/bhs-adds-to-dubois-excellence\/\"]}]},{\"@type\":\"ImageObject\",\"inLanguage\":\"fr-FR\",\"@id\":\"https:\/\/www.duboischemicals.com\/fr\/bhs-adds-to-dubois-excellence\/#primaryimage\",\"url\":\"https:\/\/www.duboischemicals.com\/wp-content\/uploads\/2018\/11\/BHS-SCP-logo-Embroidery-300x57.jpg\",\"contentUrl\":\"https:\/\/www.duboischemicals.com\/wp-content\/uploads\/2018\/11\/BHS-SCP-logo-Embroidery-300x57.jpg\"},{\"@type\":\"BreadcrumbList\",\"@id\":\"https:\/\/www.duboischemicals.com\/fr\/bhs-adds-to-dubois-excellence\/#breadcrumb\",\"itemListElement\":[{\"@type\":\"ListItem\",\"position\":1,\"name\":\"Accueil\",\"item\":\"https:\/\/www.duboischemicals.com\/fr\/\"},{\"@type\":\"ListItem\",\"position\":2,\"name\":\"BHS s\u2019ajoute \u00e0 l\u2019excellence de DuBois\"}]},{\"@type\":\"WebSite\",\"@id\":\"https:\/\/www.duboischemicals.com\/fr\/#website\",\"url\":\"https:\/\/www.duboischemicals.com\/fr\/\",\"name\":\"DuBois Chemicals\",\"description\":\"\",\"potentialAction\":[{\"@type\":\"SearchAction\",\"target\":{\"@type\":\"EntryPoint\",\"urlTemplate\":\"https:\/\/www.duboischemicals.com\/fr\/?s={search_term_string}\"},\"query-input\":{\"@type\":\"PropertyValueSpecification\",\"valueRequired\":true,\"valueName\":\"search_term_string\"}}],\"inLanguage\":\"fr-FR\"}]}<\/script>\n<!-- \/ Yoast SEO plugin. -->","yoast_head_json":{"title":"BHS s\u2019ajoute \u00e0 l\u2019excellence de DuBois - DuBois Chemicals","robots":{"index":"index","follow":"follow","max-snippet":"max-snippet:-1","max-image-preview":"max-image-preview:large","max-video-preview":"max-video-preview:-1"},"canonical":"https:\/\/www.duboischemicals.com\/fr\/bhs-adds-to-dubois-excellence\/","og_locale":"fr_FR","og_type":"article","og_title":"BHS s\u2019ajoute \u00e0 l\u2019excellence de DuBois - DuBois Chemicals","og_description":"DuBois Chemicals a fait l\u2019acquisition de BHS Specialty Chemical Products en 2017 afin de d\u00e9velopper les activit\u00e9s de DuBois dans les secteurs de la fabrication, du traitement de l\u2019eau, et des aliments et boissons dans...","og_url":"https:\/\/www.duboischemicals.com\/fr\/bhs-adds-to-dubois-excellence\/","og_site_name":"DuBois Chemicals","article_modified_time":"2021-02-25T10:51:58+00:00","og_image":[{"url":"https:\/\/www.duboischemicals.com\/wp-content\/uploads\/2018\/11\/BHS-SCP-logo-Embroidery-300x57.jpg","type":"","width":"","height":""}],"twitter_card":"summary_large_image","twitter_misc":{"Dur\u00e9e de lecture estim\u00e9e":"1 minute"},"schema":{"@context":"https:\/\/schema.org","@graph":[{"@type":"WebPage","@id":"https:\/\/www.duboischemicals.com\/fr\/bhs-adds-to-dubois-excellence\/","url":"https:\/\/www.duboischemicals.com\/fr\/bhs-adds-to-dubois-excellence\/","name":"BHS s\u2019ajoute \u00e0 l\u2019excellence de DuBois - DuBois Chemicals","isPartOf":{"@id":"https:\/\/www.duboischemicals.com\/fr\/#website"},"primaryImageOfPage":{"@id":"https:\/\/www.duboischemicals.com\/fr\/bhs-adds-to-dubois-excellence\/#primaryimage"},"image":{"@id":"https:\/\/www.duboischemicals.com\/fr\/bhs-adds-to-dubois-excellence\/#primaryimage"},"thumbnailUrl":"https:\/\/www.duboischemicals.com\/wp-content\/uploads\/2018\/11\/BHS-SCP-logo-Embroidery-300x57.jpg","datePublished":"2018-11-28T20:14:14+00:00","dateModified":"2021-02-25T10:51:58+00:00","breadcrumb":{"@id":"https:\/\/www.duboischemicals.com\/fr\/bhs-adds-to-dubois-excellence\/#breadcrumb"},"inLanguage":"fr-FR","potentialAction":[{"@type":"ReadAction","target":["https:\/\/www.duboischemicals.com\/fr\/bhs-adds-to-dubois-excellence\/"]}]},{"@type":"ImageObject","inLanguage":"fr-FR","@id":"https:\/\/www.duboischemicals.com\/fr\/bhs-adds-to-dubois-excellence\/#primaryimage","url":"https:\/\/www.duboischemicals.com\/wp-content\/uploads\/2018\/11\/BHS-SCP-logo-Embroidery-300x57.jpg","contentUrl":"https:\/\/www.duboischemicals.com\/wp-content\/uploads\/2018\/11\/BHS-SCP-logo-Embroidery-300x57.jpg"},{"@type":"BreadcrumbList","@id":"https:\/\/www.duboischemicals.com\/fr\/bhs-adds-to-dubois-excellence\/#breadcrumb","itemListElement":[{"@type":"ListItem","position":1,"name":"Accueil","item":"https:\/\/www.duboischemicals.com\/fr\/"},{"@type":"ListItem","position":2,"name":"BHS s\u2019ajoute \u00e0 l\u2019excellence de DuBois"}]},{"@type":"WebSite","@id":"https:\/\/www.duboischemicals.com\/fr\/#website","url":"https:\/\/www.duboischemicals.com\/fr\/","name":"DuBois Chemicals","description":"","potentialAction":[{"@type":"SearchAction","target":{"@type":"EntryPoint","urlTemplate":"https:\/\/www.duboischemicals.com\/fr\/?s={search_term_string}"},"query-input":{"@type":"PropertyValueSpecification","valueRequired":true,"valueName":"search_term_string"}}],"inLanguage":"fr-FR"}]}},"_links":{"self":[{"href":"https:\/\/www.duboischemicals.com\/fr\/wp-json\/wp\/v2\/pages\/15864","targetHints":{"allow":["GET"]}}],"collection":[{"href":"https:\/\/www.duboischemicals.com\/fr\/wp-json\/wp\/v2\/pages"}],"about":[{"href":"https:\/\/www.duboischemicals.com\/fr\/wp-json\/wp\/v2\/types\/page"}],"author":[{"embeddable":true,"href":"https:\/\/www.duboischemicals.com\/fr\/wp-json\/wp\/v2\/users\/220"}],"replies":[{"embeddable":true,"href":"https:\/\/www.duboischemicals.com\/fr\/wp-json\/wp\/v2\/comments?post=15864"}],"version-history":[{"count":4,"href":"https:\/\/www.duboischemicals.com\/fr\/wp-json\/wp\/v2\/pages\/15864\/revisions"}],"predecessor-version":[{"id":19281,"href":"https:\/\/www.duboischemicals.com\/fr\/wp-json\/wp\/v2\/pages\/15864\/revisions\/19281"}],"wp:attachment":[{"href":"https:\/\/www.duboischemicals.com\/fr\/wp-json\/wp\/v2\/media?parent=15864"}],"curies":[{"name":"wp","href":"https:\/\/api.w.org\/{rel}","templated":true}]}}