{"id":10102,"date":"2018-10-01T17:38:05","date_gmt":"2018-10-01T21:38:05","guid":{"rendered":"https:\/\/www.duboischemicals.com\/\/manufacturing\/industries\/aerospace\/"},"modified":"2021-02-26T04:42:32","modified_gmt":"2021-02-26T09:42:32","slug":"aerospace","status":"publish","type":"page","link":"https:\/\/www.duboischemicals.com\/manufacturing\/fr\/industries\/aerospace\/","title":{"rendered":"A\u00e9rospatiale"},"content":{"rendered":"<h2>Solutions de haute performance pour les fabricants de composantes a\u00e9rospatiales<\/h2>\n<p>L\u2019industrie a\u00e9rospatiale exige des normes \u00e9lev\u00e9es et des tol\u00e9rances strictes \u00e0 travers l\u2019ensemble des op\u00e9rations. DuBois offre des solutions fiables et performantes aux fabricants de composantes a\u00e9rospatiales. Notre exp\u00e9rience en fabrication de pr\u00e9cision vous aidera \u00e0 fournir des composantes de syst\u00e8me et des sous-ensembles essentiels conformes aux sp\u00e9cifications d\u00e9taill\u00e9es de votre client.<\/p>\n<p>Lorsque vous faites \u00e9quipe avec DuBois, vous avez la tranquillit\u00e9 d\u2019esprit de savoir que vous comblerez les attentes de vos clients en mati\u00e8re de pi\u00e8ces de pr\u00e9cision et de haute qualit\u00e9. Afin de respecter les normes \u00e9lev\u00e9es qui pr\u00e9valent de nos jours dans l\u2019industrie a\u00e9rospatiale, DuBois a mis au point une gamme compl\u00e8te de produits. Voici quelques-uns d\u2019entre eux\u00a0:<\/p>\n<p><b>Sels de brassage<\/b><\/p>\n<p>La s\u00e9lection de sels de brasage DuBois est une gamme polyvalente de produits con\u00e7us pour pr\u00e9senter une temp\u00e9rature de fusion basse, une bonne fluidit\u00e9 et de bonnes caract\u00e9ristiques de brasage tout en permettant un drainage sup\u00e9rieur et moins de pertes par entra\u00eenement. Notre gamme comprend des produits capables de satisfaire aux normes AWS A5.31M\/A5.31:2013 et AMS 3415 REV.E.<\/p>\n<p><b>Huiles de refroidissement<\/b><\/p>\n<p>La s\u00e9rie d\u2019huiles de trempe DuBois comprend une vaste gamme de produits de viscosit\u00e9 variable couvrant une plage \u00e9tendue de vitesses de trempe contr\u00f4l\u00e9e.<\/p>\n<p><b>\u00c9limination des m\u00e9taux<\/b><\/p>\n<p>La gamme de liquides de refroidissement de pointe DuBois est un assortiment polyvalent de fluides solubles, semi-synth\u00e9tiques, synth\u00e9tiques et de fluides de coupe.Nos experts techniques \u00e9valueront vos activit\u00e9s et recommanderont les produits chimiques permettant le bon \u00e9quilibre entre les propri\u00e9t\u00e9s de lubrification et de refroidissement.<\/p>\n<p><b>Formage des m\u00e9taux<\/b><\/p>\n<p>La s\u00e9rie de fluides de formage des m\u00e9taux DuBois comprend de nombreux produits destin\u00e9s aux applications a\u00e9rospatiales. Nos produits permettent une excellente lubrification et une excellente protection contre la corrosion, am\u00e9liorant ainsi la finition de votre surface et prolongeant la vie utile des \u00e9quipements dispendieux utilis\u00e9s dans les op\u00e9rations de formage des m\u00e9taux.<\/p>\n<p><b>Lubrifiants de haute performance<\/b><\/p>\n<p>La gamme d\u2019huiles et de graisse de haute performance DuBois \u00e9tablit de nouvelles normes de performance dans de nombreuses industries.Bien que la technologie de nos produits soit exceptionnelle, nous savons que la r\u00e9ussite de tout programme de lubrification d\u00e9pend de bien plus que de la technologie int\u00e9gr\u00e9e \u00e0 un produit. La dimension la plus importante de tout programme est le personnel; celui-ci doit \u00eatre muni de solutions efficaces qui donnent des r\u00e9sultats. Voil\u00e0 o\u00f9 DuBois se d\u00e9marque de la concurrence.<\/p>\n<p><b>Produits\u00a0<\/b><b>et technologies<\/b><\/p>\n<ul>\n<li><a href=\"http:\/\/www.duboischemicals.com\/\/manufacturing\/products\/metalworking-fluids\/\">Liquides m\u00e9tallurgiques<\/a><\/li>\n<li><a href=\"http:\/\/www.duboischemicals.com\/\/manufacturing\/products\/heat-treatment\/molten-salts\/\">Sels fondus<\/a><\/li>\n<li><a href=\"http:\/\/www.duboischemicals.com\/\/manufacturing\/products\/heat-treatment\/quenching-fluids\/\">Liquides de trempe<\/a><\/li>\n<li><a href=\"http:\/\/www.duboischemicals.com\/\/manufacturing\/products\/lubricants\/\" target=\"_blank\" rel=\"noopener noreferrer\">Lubrifiants<\/a><\/li>\n<li><a href=\"http:\/\/www.duboischemicals.com\/\/manufacturing\/products\/rust-preventives\/\">Antirouilles<\/a><\/li>\n<li><a href=\"http:\/\/www.duboischemicals.com\/\/manufacturing\/products\/industrial-cleaners\/\">Nettoyants industriels<\/a><\/li>\n<li><a href=\"http:\/\/www.duboischemicals.com\/\/manufacturing\/products\/pretreatment-paint-line-solutions\/\">Solutions pour le pr\u00e9traitement des m\u00e9taux et pour les cha\u00eenes de peinture<\/a><\/li>\n<li><a href=\"http:\/\/www.duboischemicals.com\/\/manufacturing\/products\/metal-finishing\/\">Finition des m\u00e9taux<\/a><\/li>\n<li><a href=\"http:\/\/www.duboischemicals.com\/\/manufacturing\/products\/heat-treatment\/\">Sels et liquides de trempe pour le traitement thermique<\/a><\/li>\n<li><a href=\"http:\/\/www.duboischemicals.com\/\/manufacturing\/products\/facility-maintenance-cleaners\/\">Nettoyants pour l\u2019entretien des installations<\/a><\/li>\n<li><a href=\"http:\/\/www.duboischemicals.com\/\/manufacturing\/products\/metal-finishing\/electroless-nickel-plating\/\">Chariots de manutention des mat\u00e9riaux<\/a><\/li>\n<li><a href=\"http:\/\/www.duboischemicals.com\/\/water-treatment\/\" target=\"_blank\" rel=\"noopener noreferrer\">Traitement de l\u2019eau et des d\u00e9chets<\/a><\/li>\n<\/ul>\n","protected":false},"excerpt":{"rendered":"<p>Solutions de haute performance pour les fabricants de composantes a\u00e9rospatiales L\u2019industrie a\u00e9rospatiale exige des normes \u00e9lev\u00e9es et des tol\u00e9rances strictes \u00e0 travers l\u2019ensemble des op\u00e9rations. DuBois offre des solutions fiables et performantes aux fabricants de&#8230;<\/p>\n","protected":false},"author":220,"featured_media":0,"parent":10045,"menu_order":1,"comment_status":"closed","ping_status":"closed","template":"","meta":{"_acf_changed":false,"footnotes":""},"class_list":["post-10102","page","type-page","status-publish","hentry"],"acf":[],"yoast_head":"<!-- This site is optimized with the Yoast SEO plugin v26.8 - https:\/\/yoast.com\/product\/yoast-seo-wordpress\/ -->\n<title>A\u00e9rospatiale - Manufacturing<\/title>\n<meta name=\"robots\" content=\"index, follow, max-snippet:-1, max-image-preview:large, max-video-preview:-1\" \/>\n<link rel=\"canonical\" href=\"https:\/\/www.duboischemicals.com\/manufacturing\/fr\/industries\/aerospace\/\" \/>\n<meta property=\"og:locale\" content=\"fr_FR\" \/>\n<meta property=\"og:type\" content=\"article\" \/>\n<meta property=\"og:title\" content=\"A\u00e9rospatiale - Manufacturing\" \/>\n<meta property=\"og:description\" content=\"Solutions de haute performance pour les fabricants de composantes a\u00e9rospatiales L\u2019industrie a\u00e9rospatiale exige des normes \u00e9lev\u00e9es et des tol\u00e9rances strictes \u00e0 travers l\u2019ensemble des op\u00e9rations. DuBois offre des solutions fiables et performantes aux fabricants de...\" \/>\n<meta property=\"og:url\" content=\"https:\/\/www.duboischemicals.com\/manufacturing\/fr\/industries\/aerospace\/\" \/>\n<meta property=\"og:site_name\" content=\"Manufacturing\" \/>\n<meta property=\"article:modified_time\" content=\"2021-02-26T09:42:32+00:00\" \/>\n<meta name=\"twitter:card\" content=\"summary_large_image\" \/>\n<meta name=\"twitter:label1\" content=\"Dur\u00e9e de lecture estim\u00e9e\" \/>\n\t<meta name=\"twitter:data1\" content=\"3 minutes\" \/>\n<script type=\"application\/ld+json\" class=\"yoast-schema-graph\">{\"@context\":\"https:\/\/schema.org\",\"@graph\":[{\"@type\":\"WebPage\",\"@id\":\"https:\/\/www.duboischemicals.com\/manufacturing\/fr\/industries\/aerospace\/\",\"url\":\"https:\/\/www.duboischemicals.com\/manufacturing\/fr\/industries\/aerospace\/\",\"name\":\"A\u00e9rospatiale - Manufacturing\",\"isPartOf\":{\"@id\":\"https:\/\/www.duboischemicals.com\/manufacturing\/fr\/#website\"},\"datePublished\":\"2018-10-01T21:38:05+00:00\",\"dateModified\":\"2021-02-26T09:42:32+00:00\",\"breadcrumb\":{\"@id\":\"https:\/\/www.duboischemicals.com\/manufacturing\/fr\/industries\/aerospace\/#breadcrumb\"},\"inLanguage\":\"fr-FR\",\"potentialAction\":[{\"@type\":\"ReadAction\",\"target\":[\"https:\/\/www.duboischemicals.com\/manufacturing\/fr\/industries\/aerospace\/\"]}]},{\"@type\":\"BreadcrumbList\",\"@id\":\"https:\/\/www.duboischemicals.com\/manufacturing\/fr\/industries\/aerospace\/#breadcrumb\",\"itemListElement\":[{\"@type\":\"ListItem\",\"position\":1,\"name\":\"Home\",\"item\":\"https:\/\/www.duboischemicals.com\/manufacturing\/fr\/\"},{\"@type\":\"ListItem\",\"position\":2,\"name\":\"Industries\",\"item\":\"https:\/\/www.duboischemicals.com\/manufacturing\/fr\/industries\/\"},{\"@type\":\"ListItem\",\"position\":3,\"name\":\"A\u00e9rospatiale\"}]},{\"@type\":\"WebSite\",\"@id\":\"https:\/\/www.duboischemicals.com\/manufacturing\/fr\/#website\",\"url\":\"https:\/\/www.duboischemicals.com\/manufacturing\/fr\/\",\"name\":\"Manufacturing\",\"description\":\"\",\"potentialAction\":[{\"@type\":\"SearchAction\",\"target\":{\"@type\":\"EntryPoint\",\"urlTemplate\":\"https:\/\/www.duboischemicals.com\/manufacturing\/fr\/?s={search_term_string}\"},\"query-input\":{\"@type\":\"PropertyValueSpecification\",\"valueRequired\":true,\"valueName\":\"search_term_string\"}}],\"inLanguage\":\"fr-FR\"}]}<\/script>\n<!-- \/ Yoast SEO plugin. -->","yoast_head_json":{"title":"A\u00e9rospatiale - Manufacturing","robots":{"index":"index","follow":"follow","max-snippet":"max-snippet:-1","max-image-preview":"max-image-preview:large","max-video-preview":"max-video-preview:-1"},"canonical":"https:\/\/www.duboischemicals.com\/manufacturing\/fr\/industries\/aerospace\/","og_locale":"fr_FR","og_type":"article","og_title":"A\u00e9rospatiale - Manufacturing","og_description":"Solutions de haute performance pour les fabricants de composantes a\u00e9rospatiales L\u2019industrie a\u00e9rospatiale exige des normes \u00e9lev\u00e9es et des tol\u00e9rances strictes \u00e0 travers l\u2019ensemble des op\u00e9rations. DuBois offre des solutions fiables et performantes aux fabricants de...","og_url":"https:\/\/www.duboischemicals.com\/manufacturing\/fr\/industries\/aerospace\/","og_site_name":"Manufacturing","article_modified_time":"2021-02-26T09:42:32+00:00","twitter_card":"summary_large_image","twitter_misc":{"Dur\u00e9e de lecture estim\u00e9e":"3 minutes"},"schema":{"@context":"https:\/\/schema.org","@graph":[{"@type":"WebPage","@id":"https:\/\/www.duboischemicals.com\/manufacturing\/fr\/industries\/aerospace\/","url":"https:\/\/www.duboischemicals.com\/manufacturing\/fr\/industries\/aerospace\/","name":"A\u00e9rospatiale - Manufacturing","isPartOf":{"@id":"https:\/\/www.duboischemicals.com\/manufacturing\/fr\/#website"},"datePublished":"2018-10-01T21:38:05+00:00","dateModified":"2021-02-26T09:42:32+00:00","breadcrumb":{"@id":"https:\/\/www.duboischemicals.com\/manufacturing\/fr\/industries\/aerospace\/#breadcrumb"},"inLanguage":"fr-FR","potentialAction":[{"@type":"ReadAction","target":["https:\/\/www.duboischemicals.com\/manufacturing\/fr\/industries\/aerospace\/"]}]},{"@type":"BreadcrumbList","@id":"https:\/\/www.duboischemicals.com\/manufacturing\/fr\/industries\/aerospace\/#breadcrumb","itemListElement":[{"@type":"ListItem","position":1,"name":"Home","item":"https:\/\/www.duboischemicals.com\/manufacturing\/fr\/"},{"@type":"ListItem","position":2,"name":"Industries","item":"https:\/\/www.duboischemicals.com\/manufacturing\/fr\/industries\/"},{"@type":"ListItem","position":3,"name":"A\u00e9rospatiale"}]},{"@type":"WebSite","@id":"https:\/\/www.duboischemicals.com\/manufacturing\/fr\/#website","url":"https:\/\/www.duboischemicals.com\/manufacturing\/fr\/","name":"Manufacturing","description":"","potentialAction":[{"@type":"SearchAction","target":{"@type":"EntryPoint","urlTemplate":"https:\/\/www.duboischemicals.com\/manufacturing\/fr\/?s={search_term_string}"},"query-input":{"@type":"PropertyValueSpecification","valueRequired":true,"valueName":"search_term_string"}}],"inLanguage":"fr-FR"}]}},"_links":{"self":[{"href":"https:\/\/www.duboischemicals.com\/manufacturing\/fr\/wp-json\/wp\/v2\/pages\/10102","targetHints":{"allow":["GET"]}}],"collection":[{"href":"https:\/\/www.duboischemicals.com\/manufacturing\/fr\/wp-json\/wp\/v2\/pages"}],"about":[{"href":"https:\/\/www.duboischemicals.com\/manufacturing\/fr\/wp-json\/wp\/v2\/types\/page"}],"author":[{"embeddable":true,"href":"https:\/\/www.duboischemicals.com\/manufacturing\/fr\/wp-json\/wp\/v2\/users\/220"}],"replies":[{"embeddable":true,"href":"https:\/\/www.duboischemicals.com\/manufacturing\/fr\/wp-json\/wp\/v2\/comments?post=10102"}],"version-history":[{"count":5,"href":"https:\/\/www.duboischemicals.com\/manufacturing\/fr\/wp-json\/wp\/v2\/pages\/10102\/revisions"}],"predecessor-version":[{"id":11747,"href":"https:\/\/www.duboischemicals.com\/manufacturing\/fr\/wp-json\/wp\/v2\/pages\/10102\/revisions\/11747"}],"up":[{"embeddable":true,"href":"https:\/\/www.duboischemicals.com\/manufacturing\/fr\/wp-json\/wp\/v2\/pages\/10045"}],"wp:attachment":[{"href":"https:\/\/www.duboischemicals.com\/manufacturing\/fr\/wp-json\/wp\/v2\/media?parent=10102"}],"curies":[{"name":"wp","href":"https:\/\/api.w.org\/{rel}","templated":true}]}}