{"id":10186,"date":"2020-11-30T12:21:28","date_gmt":"2020-11-30T17:21:28","guid":{"rendered":"https:\/\/www.duboischemicals.com\/\/manufacturing\/equipment\/"},"modified":"2021-02-17T05:04:20","modified_gmt":"2021-02-17T10:04:20","slug":"equipment","status":"publish","type":"page","link":"https:\/\/www.duboischemicals.com\/manufacturing\/fr\/equipment\/","title":{"rendered":"\u00c9quipement"},"content":{"rendered":"<h2>\u00c9quipement<\/h2>\n<p>DuBois propose des syst\u00e8mes d&rsquo;alimentation, de contr\u00f4le et de surveillance des processus de pointe pour vous permettre d&rsquo;optimiser l&rsquo;efficacit\u00e9 des processus, de maximiser la qualit\u00e9 des produits et d&rsquo;am\u00e9liorer la s\u00e9curit\u00e9 des travailleurs. Notre \u00e9quipe travaillera avec vous pour int\u00e9grer une solution d&rsquo;\u00e9quipement r\u00e9pondant \u00e0 vos besoins sp\u00e9cifiques. Nous tirons parti des connaissances en mati\u00e8re d&rsquo;application des \u00e9quipements de chaque march\u00e9 que nous servons, et nous transf\u00e9rons les technologies pour cr\u00e9er des solutions innovantes pour vous.<\/p>\n<p>DuBois a install\u00e9 des milliers de solutions d&rsquo;\u00e9quipement sur mesure. Nous sommes experts dans l&rsquo;application de l&rsquo;exp\u00e9rience pratique aux situations les plus difficiles.<\/p>\n","protected":false},"excerpt":{"rendered":"<p>\u00c9quipement DuBois propose des syst\u00e8mes d&rsquo;alimentation, de contr\u00f4le et de surveillance des processus de pointe pour vous permettre d&rsquo;optimiser l&rsquo;efficacit\u00e9 des processus, de maximiser la qualit\u00e9 des produits et d&rsquo;am\u00e9liorer la s\u00e9curit\u00e9 des travailleurs. Notre&#8230;<\/p>\n","protected":false},"author":220,"featured_media":0,"parent":0,"menu_order":0,"comment_status":"closed","ping_status":"closed","template":"","meta":{"_acf_changed":false,"footnotes":""},"class_list":["post-10186","page","type-page","status-publish","hentry"],"acf":[],"yoast_head":"<!-- This site is optimized with the Yoast SEO plugin v26.8 - https:\/\/yoast.com\/product\/yoast-seo-wordpress\/ -->\n<title>\u00c9quipement - Manufacturing<\/title>\n<meta name=\"robots\" content=\"index, follow, max-snippet:-1, max-image-preview:large, max-video-preview:-1\" \/>\n<link rel=\"canonical\" href=\"https:\/\/www.duboischemicals.com\/manufacturing\/fr\/equipment\/\" \/>\n<meta property=\"og:locale\" content=\"fr_FR\" \/>\n<meta property=\"og:type\" content=\"article\" \/>\n<meta property=\"og:title\" content=\"\u00c9quipement - Manufacturing\" \/>\n<meta property=\"og:description\" content=\"\u00c9quipement DuBois propose des syst\u00e8mes d&rsquo;alimentation, de contr\u00f4le et de surveillance des processus de pointe pour vous permettre d&rsquo;optimiser l&rsquo;efficacit\u00e9 des processus, de maximiser la qualit\u00e9 des produits et d&rsquo;am\u00e9liorer la s\u00e9curit\u00e9 des travailleurs. Notre...\" \/>\n<meta property=\"og:url\" content=\"https:\/\/www.duboischemicals.com\/manufacturing\/fr\/equipment\/\" \/>\n<meta property=\"og:site_name\" content=\"Manufacturing\" \/>\n<meta property=\"article:modified_time\" content=\"2021-02-17T10:04:20+00:00\" \/>\n<meta name=\"twitter:card\" content=\"summary_large_image\" \/>\n<meta name=\"twitter:label1\" content=\"Dur\u00e9e de lecture estim\u00e9e\" \/>\n\t<meta name=\"twitter:data1\" content=\"1 minute\" \/>\n<script type=\"application\/ld+json\" class=\"yoast-schema-graph\">{\"@context\":\"https:\/\/schema.org\",\"@graph\":[{\"@type\":\"WebPage\",\"@id\":\"https:\/\/www.duboischemicals.com\/manufacturing\/fr\/equipment\/\",\"url\":\"https:\/\/www.duboischemicals.com\/manufacturing\/fr\/equipment\/\",\"name\":\"\u00c9quipement - Manufacturing\",\"isPartOf\":{\"@id\":\"https:\/\/www.duboischemicals.com\/manufacturing\/fr\/#website\"},\"datePublished\":\"2020-11-30T17:21:28+00:00\",\"dateModified\":\"2021-02-17T10:04:20+00:00\",\"breadcrumb\":{\"@id\":\"https:\/\/www.duboischemicals.com\/manufacturing\/fr\/equipment\/#breadcrumb\"},\"inLanguage\":\"fr-FR\",\"potentialAction\":[{\"@type\":\"ReadAction\",\"target\":[\"https:\/\/www.duboischemicals.com\/manufacturing\/fr\/equipment\/\"]}]},{\"@type\":\"BreadcrumbList\",\"@id\":\"https:\/\/www.duboischemicals.com\/manufacturing\/fr\/equipment\/#breadcrumb\",\"itemListElement\":[{\"@type\":\"ListItem\",\"position\":1,\"name\":\"Home\",\"item\":\"https:\/\/www.duboischemicals.com\/manufacturing\/fr\/\"},{\"@type\":\"ListItem\",\"position\":2,\"name\":\"\u00c9quipement\"}]},{\"@type\":\"WebSite\",\"@id\":\"https:\/\/www.duboischemicals.com\/manufacturing\/fr\/#website\",\"url\":\"https:\/\/www.duboischemicals.com\/manufacturing\/fr\/\",\"name\":\"Manufacturing\",\"description\":\"\",\"potentialAction\":[{\"@type\":\"SearchAction\",\"target\":{\"@type\":\"EntryPoint\",\"urlTemplate\":\"https:\/\/www.duboischemicals.com\/manufacturing\/fr\/?s={search_term_string}\"},\"query-input\":{\"@type\":\"PropertyValueSpecification\",\"valueRequired\":true,\"valueName\":\"search_term_string\"}}],\"inLanguage\":\"fr-FR\"}]}<\/script>\n<!-- \/ Yoast SEO plugin. -->","yoast_head_json":{"title":"\u00c9quipement - Manufacturing","robots":{"index":"index","follow":"follow","max-snippet":"max-snippet:-1","max-image-preview":"max-image-preview:large","max-video-preview":"max-video-preview:-1"},"canonical":"https:\/\/www.duboischemicals.com\/manufacturing\/fr\/equipment\/","og_locale":"fr_FR","og_type":"article","og_title":"\u00c9quipement - Manufacturing","og_description":"\u00c9quipement DuBois propose des syst\u00e8mes d&rsquo;alimentation, de contr\u00f4le et de surveillance des processus de pointe pour vous permettre d&rsquo;optimiser l&rsquo;efficacit\u00e9 des processus, de maximiser la qualit\u00e9 des produits et d&rsquo;am\u00e9liorer la s\u00e9curit\u00e9 des travailleurs. Notre...","og_url":"https:\/\/www.duboischemicals.com\/manufacturing\/fr\/equipment\/","og_site_name":"Manufacturing","article_modified_time":"2021-02-17T10:04:20+00:00","twitter_card":"summary_large_image","twitter_misc":{"Dur\u00e9e de lecture estim\u00e9e":"1 minute"},"schema":{"@context":"https:\/\/schema.org","@graph":[{"@type":"WebPage","@id":"https:\/\/www.duboischemicals.com\/manufacturing\/fr\/equipment\/","url":"https:\/\/www.duboischemicals.com\/manufacturing\/fr\/equipment\/","name":"\u00c9quipement - Manufacturing","isPartOf":{"@id":"https:\/\/www.duboischemicals.com\/manufacturing\/fr\/#website"},"datePublished":"2020-11-30T17:21:28+00:00","dateModified":"2021-02-17T10:04:20+00:00","breadcrumb":{"@id":"https:\/\/www.duboischemicals.com\/manufacturing\/fr\/equipment\/#breadcrumb"},"inLanguage":"fr-FR","potentialAction":[{"@type":"ReadAction","target":["https:\/\/www.duboischemicals.com\/manufacturing\/fr\/equipment\/"]}]},{"@type":"BreadcrumbList","@id":"https:\/\/www.duboischemicals.com\/manufacturing\/fr\/equipment\/#breadcrumb","itemListElement":[{"@type":"ListItem","position":1,"name":"Home","item":"https:\/\/www.duboischemicals.com\/manufacturing\/fr\/"},{"@type":"ListItem","position":2,"name":"\u00c9quipement"}]},{"@type":"WebSite","@id":"https:\/\/www.duboischemicals.com\/manufacturing\/fr\/#website","url":"https:\/\/www.duboischemicals.com\/manufacturing\/fr\/","name":"Manufacturing","description":"","potentialAction":[{"@type":"SearchAction","target":{"@type":"EntryPoint","urlTemplate":"https:\/\/www.duboischemicals.com\/manufacturing\/fr\/?s={search_term_string}"},"query-input":{"@type":"PropertyValueSpecification","valueRequired":true,"valueName":"search_term_string"}}],"inLanguage":"fr-FR"}]}},"_links":{"self":[{"href":"https:\/\/www.duboischemicals.com\/manufacturing\/fr\/wp-json\/wp\/v2\/pages\/10186","targetHints":{"allow":["GET"]}}],"collection":[{"href":"https:\/\/www.duboischemicals.com\/manufacturing\/fr\/wp-json\/wp\/v2\/pages"}],"about":[{"href":"https:\/\/www.duboischemicals.com\/manufacturing\/fr\/wp-json\/wp\/v2\/types\/page"}],"author":[{"embeddable":true,"href":"https:\/\/www.duboischemicals.com\/manufacturing\/fr\/wp-json\/wp\/v2\/users\/220"}],"replies":[{"embeddable":true,"href":"https:\/\/www.duboischemicals.com\/manufacturing\/fr\/wp-json\/wp\/v2\/comments?post=10186"}],"version-history":[{"count":3,"href":"https:\/\/www.duboischemicals.com\/manufacturing\/fr\/wp-json\/wp\/v2\/pages\/10186\/revisions"}],"predecessor-version":[{"id":11572,"href":"https:\/\/www.duboischemicals.com\/manufacturing\/fr\/wp-json\/wp\/v2\/pages\/10186\/revisions\/11572"}],"wp:attachment":[{"href":"https:\/\/www.duboischemicals.com\/manufacturing\/fr\/wp-json\/wp\/v2\/media?parent=10186"}],"curies":[{"name":"wp","href":"https:\/\/api.w.org\/{rel}","templated":true}]}}