{"id":10285,"date":"2020-11-30T12:21:45","date_gmt":"2020-11-30T17:21:45","guid":{"rendered":"https:\/\/www.duboischemicals.com\/\/manufacturing\/service-support\/performance-testing\/"},"modified":"2021-02-26T04:42:34","modified_gmt":"2021-02-26T09:42:34","slug":"performance-testing","status":"publish","type":"page","link":"https:\/\/www.duboischemicals.com\/manufacturing\/fr\/service-support\/performance-testing\/","title":{"rendered":"Essais de rendement"},"content":{"rendered":"<h2>Essais de rendement<\/h2>\n<p>Les laboratoires du service \u00e0 la client\u00e8le de DuBois simuleront votre processus actuel et examineront les r\u00e9sultats pour faire les meilleures recommandations possibles. Nos ing\u00e9nieurs d&rsquo;application et nos chimistes analytiques permettent \u00e0 nos repr\u00e9sentants commerciaux techniques de v\u00e9rifier les rendements des produits pendant les essais et de fournir des donn\u00e9es analytiques continues pour garantir le maintien de performances optimales dans vos applications.<\/p>\n<p>Nos \u00e9quipes techniques associent leur vaste exp\u00e9rience des applications en laboratoire et sur le terrain \u00e0 plusieurs outils pour garantir le rendement attendu d\u2019un fournisseur de produits chimiques sp\u00e9cialis\u00e9s de premier plan.<\/p>\n","protected":false},"excerpt":{"rendered":"<p>Essais de rendement Les laboratoires du service \u00e0 la client\u00e8le de DuBois simuleront votre processus actuel et examineront les r\u00e9sultats pour faire les meilleures recommandations possibles. Nos ing\u00e9nieurs d&rsquo;application et nos chimistes analytiques permettent \u00e0&#8230;<\/p>\n","protected":false},"author":220,"featured_media":0,"parent":10223,"menu_order":4,"comment_status":"closed","ping_status":"closed","template":"","meta":{"_acf_changed":false,"footnotes":""},"class_list":["post-10285","page","type-page","status-publish","hentry"],"acf":[],"yoast_head":"<!-- This site is optimized with the Yoast SEO plugin v26.8 - https:\/\/yoast.com\/product\/yoast-seo-wordpress\/ -->\n<title>Essais de rendement - Manufacturing<\/title>\n<meta name=\"robots\" content=\"index, follow, max-snippet:-1, max-image-preview:large, max-video-preview:-1\" \/>\n<link rel=\"canonical\" href=\"https:\/\/www.duboischemicals.com\/manufacturing\/fr\/service-support\/performance-testing\/\" \/>\n<meta property=\"og:locale\" content=\"fr_FR\" \/>\n<meta property=\"og:type\" content=\"article\" \/>\n<meta property=\"og:title\" content=\"Essais de rendement - Manufacturing\" \/>\n<meta property=\"og:description\" content=\"Essais de rendement Les laboratoires du service \u00e0 la client\u00e8le de DuBois simuleront votre processus actuel et examineront les r\u00e9sultats pour faire les meilleures recommandations possibles. Nos ing\u00e9nieurs d&rsquo;application et nos chimistes analytiques permettent \u00e0...\" \/>\n<meta property=\"og:url\" content=\"https:\/\/www.duboischemicals.com\/manufacturing\/fr\/service-support\/performance-testing\/\" \/>\n<meta property=\"og:site_name\" content=\"Manufacturing\" \/>\n<meta property=\"article:modified_time\" content=\"2021-02-26T09:42:34+00:00\" \/>\n<meta name=\"twitter:card\" content=\"summary_large_image\" \/>\n<meta name=\"twitter:label1\" content=\"Dur\u00e9e de lecture estim\u00e9e\" \/>\n\t<meta name=\"twitter:data1\" content=\"1 minute\" \/>\n<script type=\"application\/ld+json\" class=\"yoast-schema-graph\">{\"@context\":\"https:\/\/schema.org\",\"@graph\":[{\"@type\":\"WebPage\",\"@id\":\"https:\/\/www.duboischemicals.com\/manufacturing\/fr\/service-support\/performance-testing\/\",\"url\":\"https:\/\/www.duboischemicals.com\/manufacturing\/fr\/service-support\/performance-testing\/\",\"name\":\"Essais de rendement - Manufacturing\",\"isPartOf\":{\"@id\":\"https:\/\/www.duboischemicals.com\/manufacturing\/fr\/#website\"},\"datePublished\":\"2020-11-30T17:21:45+00:00\",\"dateModified\":\"2021-02-26T09:42:34+00:00\",\"breadcrumb\":{\"@id\":\"https:\/\/www.duboischemicals.com\/manufacturing\/fr\/service-support\/performance-testing\/#breadcrumb\"},\"inLanguage\":\"fr-FR\",\"potentialAction\":[{\"@type\":\"ReadAction\",\"target\":[\"https:\/\/www.duboischemicals.com\/manufacturing\/fr\/service-support\/performance-testing\/\"]}]},{\"@type\":\"BreadcrumbList\",\"@id\":\"https:\/\/www.duboischemicals.com\/manufacturing\/fr\/service-support\/performance-testing\/#breadcrumb\",\"itemListElement\":[{\"@type\":\"ListItem\",\"position\":1,\"name\":\"Home\",\"item\":\"https:\/\/www.duboischemicals.com\/manufacturing\/fr\/\"},{\"@type\":\"ListItem\",\"position\":2,\"name\":\"Service et soutien\",\"item\":\"https:\/\/www.duboischemicals.com\/manufacturing\/fr\/service-support\/\"},{\"@type\":\"ListItem\",\"position\":3,\"name\":\"Essais de rendement\"}]},{\"@type\":\"WebSite\",\"@id\":\"https:\/\/www.duboischemicals.com\/manufacturing\/fr\/#website\",\"url\":\"https:\/\/www.duboischemicals.com\/manufacturing\/fr\/\",\"name\":\"Manufacturing\",\"description\":\"\",\"potentialAction\":[{\"@type\":\"SearchAction\",\"target\":{\"@type\":\"EntryPoint\",\"urlTemplate\":\"https:\/\/www.duboischemicals.com\/manufacturing\/fr\/?s={search_term_string}\"},\"query-input\":{\"@type\":\"PropertyValueSpecification\",\"valueRequired\":true,\"valueName\":\"search_term_string\"}}],\"inLanguage\":\"fr-FR\"}]}<\/script>\n<!-- \/ Yoast SEO plugin. -->","yoast_head_json":{"title":"Essais de rendement - Manufacturing","robots":{"index":"index","follow":"follow","max-snippet":"max-snippet:-1","max-image-preview":"max-image-preview:large","max-video-preview":"max-video-preview:-1"},"canonical":"https:\/\/www.duboischemicals.com\/manufacturing\/fr\/service-support\/performance-testing\/","og_locale":"fr_FR","og_type":"article","og_title":"Essais de rendement - Manufacturing","og_description":"Essais de rendement Les laboratoires du service \u00e0 la client\u00e8le de DuBois simuleront votre processus actuel et examineront les r\u00e9sultats pour faire les meilleures recommandations possibles. Nos ing\u00e9nieurs d&rsquo;application et nos chimistes analytiques permettent \u00e0...","og_url":"https:\/\/www.duboischemicals.com\/manufacturing\/fr\/service-support\/performance-testing\/","og_site_name":"Manufacturing","article_modified_time":"2021-02-26T09:42:34+00:00","twitter_card":"summary_large_image","twitter_misc":{"Dur\u00e9e de lecture estim\u00e9e":"1 minute"},"schema":{"@context":"https:\/\/schema.org","@graph":[{"@type":"WebPage","@id":"https:\/\/www.duboischemicals.com\/manufacturing\/fr\/service-support\/performance-testing\/","url":"https:\/\/www.duboischemicals.com\/manufacturing\/fr\/service-support\/performance-testing\/","name":"Essais de rendement - Manufacturing","isPartOf":{"@id":"https:\/\/www.duboischemicals.com\/manufacturing\/fr\/#website"},"datePublished":"2020-11-30T17:21:45+00:00","dateModified":"2021-02-26T09:42:34+00:00","breadcrumb":{"@id":"https:\/\/www.duboischemicals.com\/manufacturing\/fr\/service-support\/performance-testing\/#breadcrumb"},"inLanguage":"fr-FR","potentialAction":[{"@type":"ReadAction","target":["https:\/\/www.duboischemicals.com\/manufacturing\/fr\/service-support\/performance-testing\/"]}]},{"@type":"BreadcrumbList","@id":"https:\/\/www.duboischemicals.com\/manufacturing\/fr\/service-support\/performance-testing\/#breadcrumb","itemListElement":[{"@type":"ListItem","position":1,"name":"Home","item":"https:\/\/www.duboischemicals.com\/manufacturing\/fr\/"},{"@type":"ListItem","position":2,"name":"Service et soutien","item":"https:\/\/www.duboischemicals.com\/manufacturing\/fr\/service-support\/"},{"@type":"ListItem","position":3,"name":"Essais de rendement"}]},{"@type":"WebSite","@id":"https:\/\/www.duboischemicals.com\/manufacturing\/fr\/#website","url":"https:\/\/www.duboischemicals.com\/manufacturing\/fr\/","name":"Manufacturing","description":"","potentialAction":[{"@type":"SearchAction","target":{"@type":"EntryPoint","urlTemplate":"https:\/\/www.duboischemicals.com\/manufacturing\/fr\/?s={search_term_string}"},"query-input":{"@type":"PropertyValueSpecification","valueRequired":true,"valueName":"search_term_string"}}],"inLanguage":"fr-FR"}]}},"_links":{"self":[{"href":"https:\/\/www.duboischemicals.com\/manufacturing\/fr\/wp-json\/wp\/v2\/pages\/10285","targetHints":{"allow":["GET"]}}],"collection":[{"href":"https:\/\/www.duboischemicals.com\/manufacturing\/fr\/wp-json\/wp\/v2\/pages"}],"about":[{"href":"https:\/\/www.duboischemicals.com\/manufacturing\/fr\/wp-json\/wp\/v2\/types\/page"}],"author":[{"embeddable":true,"href":"https:\/\/www.duboischemicals.com\/manufacturing\/fr\/wp-json\/wp\/v2\/users\/220"}],"replies":[{"embeddable":true,"href":"https:\/\/www.duboischemicals.com\/manufacturing\/fr\/wp-json\/wp\/v2\/comments?post=10285"}],"version-history":[{"count":6,"href":"https:\/\/www.duboischemicals.com\/manufacturing\/fr\/wp-json\/wp\/v2\/pages\/10285\/revisions"}],"predecessor-version":[{"id":11758,"href":"https:\/\/www.duboischemicals.com\/manufacturing\/fr\/wp-json\/wp\/v2\/pages\/10285\/revisions\/11758"}],"up":[{"embeddable":true,"href":"https:\/\/www.duboischemicals.com\/manufacturing\/fr\/wp-json\/wp\/v2\/pages\/10223"}],"wp:attachment":[{"href":"https:\/\/www.duboischemicals.com\/manufacturing\/fr\/wp-json\/wp\/v2\/media?parent=10285"}],"curies":[{"name":"wp","href":"https:\/\/api.w.org\/{rel}","templated":true}]}}