{"id":10371,"date":"2018-10-01T17:59:03","date_gmt":"2018-10-01T21:59:03","guid":{"rendered":"https:\/\/www.duboischemicals.com\/\/manufacturing\/about-us\/our-story-history\/"},"modified":"2021-02-17T05:03:50","modified_gmt":"2021-02-17T10:03:50","slug":"our-story-history","status":"publish","type":"page","link":"https:\/\/www.duboischemicals.com\/manufacturing\/fr\/about-us\/our-story-history\/","title":{"rendered":"Notre histoire\/historique"},"content":{"rendered":"<h2>L&rsquo;histoire de DuBois<\/h2>\n<p>Depuis pr\u00e8s de 100 ans, nous nous engageons \u00e0 respecter les principes de notre fondateur, T.V. DuBois en fournissant \u00e0 nos clients des solutions \u00e9conomiques et un service de proximit\u00e9.<\/p>\n<p><img loading=\"lazy\" decoding=\"async\" class=\"aligncenter wp-image-10376 size-full\" src=\"https:\/\/www.duboischemicals.com\/manufacturing\/wp-content\/uploads\/sites\/2\/2020\/10\/dubois_history_timeline-2.jpg\" alt=\"\" width=\"1058\" height=\"3688\" srcset=\"https:\/\/www.duboischemicals.com\/manufacturing\/wp-content\/uploads\/sites\/2\/2020\/10\/dubois_history_timeline-2.jpg 1058w, https:\/\/www.duboischemicals.com\/manufacturing\/wp-content\/uploads\/sites\/2\/2020\/10\/dubois_history_timeline-2-86x300.jpg 86w, https:\/\/www.duboischemicals.com\/manufacturing\/wp-content\/uploads\/sites\/2\/2020\/10\/dubois_history_timeline-2-294x1024.jpg 294w, https:\/\/www.duboischemicals.com\/manufacturing\/wp-content\/uploads\/sites\/2\/2020\/10\/dubois_history_timeline-2-768x2677.jpg 768w, https:\/\/www.duboischemicals.com\/manufacturing\/wp-content\/uploads\/sites\/2\/2020\/10\/dubois_history_timeline-2-441x1536.jpg 441w, https:\/\/www.duboischemicals.com\/manufacturing\/wp-content\/uploads\/sites\/2\/2020\/10\/dubois_history_timeline-2-43x150.jpg 43w\" sizes=\"auto, (max-width: 1058px) 100vw, 1058px\" \/><\/p>\n","protected":false},"excerpt":{"rendered":"<p>L&rsquo;histoire de DuBois Depuis pr\u00e8s de 100 ans, nous nous engageons \u00e0 respecter les principes de notre fondateur, T.V. DuBois en fournissant \u00e0 nos clients des solutions \u00e9conomiques et un service de proximit\u00e9.<\/p>\n","protected":false},"author":220,"featured_media":0,"parent":10360,"menu_order":1,"comment_status":"closed","ping_status":"closed","template":"","meta":{"_acf_changed":false,"footnotes":""},"class_list":["post-10371","page","type-page","status-publish","hentry"],"acf":[],"yoast_head":"<!-- This site is optimized with the Yoast SEO plugin v26.8 - https:\/\/yoast.com\/product\/yoast-seo-wordpress\/ -->\n<title>Notre histoire\/historique - Manufacturing<\/title>\n<meta name=\"robots\" content=\"noindex, follow\" \/>\n<meta property=\"og:locale\" content=\"fr_FR\" \/>\n<meta property=\"og:type\" content=\"article\" \/>\n<meta property=\"og:title\" content=\"Notre histoire\/historique - Manufacturing\" \/>\n<meta property=\"og:description\" content=\"L&rsquo;histoire de DuBois Depuis pr\u00e8s de 100 ans, nous nous engageons \u00e0 respecter les principes de notre fondateur, T.V. DuBois en fournissant \u00e0 nos clients des solutions \u00e9conomiques et un service de proximit\u00e9.\" \/>\n<meta property=\"og:url\" content=\"https:\/\/www.duboischemicals.com\/manufacturing\/fr\/about-us\/our-story-history\/\" \/>\n<meta property=\"og:site_name\" content=\"Manufacturing\" \/>\n<meta property=\"article:modified_time\" content=\"2021-02-17T10:03:50+00:00\" \/>\n<meta property=\"og:image\" content=\"https:\/\/www.duboischemicals.com\/manufacturing\/wp-content\/uploads\/sites\/2\/2020\/10\/dubois_history_timeline-2.jpg\" \/>\n<meta name=\"twitter:card\" content=\"summary_large_image\" \/>\n<script type=\"application\/ld+json\" class=\"yoast-schema-graph\">{\"@context\":\"https:\/\/schema.org\",\"@graph\":[{\"@type\":\"WebPage\",\"@id\":\"https:\/\/www.duboischemicals.com\/manufacturing\/fr\/about-us\/our-story-history\/\",\"url\":\"https:\/\/www.duboischemicals.com\/manufacturing\/fr\/about-us\/our-story-history\/\",\"name\":\"Notre histoire\/historique - Manufacturing\",\"isPartOf\":{\"@id\":\"https:\/\/www.duboischemicals.com\/manufacturing\/fr\/#website\"},\"primaryImageOfPage\":{\"@id\":\"https:\/\/www.duboischemicals.com\/manufacturing\/fr\/about-us\/our-story-history\/#primaryimage\"},\"image\":{\"@id\":\"https:\/\/www.duboischemicals.com\/manufacturing\/fr\/about-us\/our-story-history\/#primaryimage\"},\"thumbnailUrl\":\"https:\/\/www.duboischemicals.com\/manufacturing\/wp-content\/uploads\/sites\/2\/2020\/10\/dubois_history_timeline-2.jpg\",\"datePublished\":\"2018-10-01T21:59:03+00:00\",\"dateModified\":\"2021-02-17T10:03:50+00:00\",\"breadcrumb\":{\"@id\":\"https:\/\/www.duboischemicals.com\/manufacturing\/fr\/about-us\/our-story-history\/#breadcrumb\"},\"inLanguage\":\"fr-FR\",\"potentialAction\":[{\"@type\":\"ReadAction\",\"target\":[\"https:\/\/www.duboischemicals.com\/manufacturing\/fr\/about-us\/our-story-history\/\"]}]},{\"@type\":\"ImageObject\",\"inLanguage\":\"fr-FR\",\"@id\":\"https:\/\/www.duboischemicals.com\/manufacturing\/fr\/about-us\/our-story-history\/#primaryimage\",\"url\":\"https:\/\/www.duboischemicals.com\/manufacturing\/wp-content\/uploads\/sites\/2\/2020\/10\/dubois_history_timeline-2.jpg\",\"contentUrl\":\"https:\/\/www.duboischemicals.com\/manufacturing\/wp-content\/uploads\/sites\/2\/2020\/10\/dubois_history_timeline-2.jpg\"},{\"@type\":\"BreadcrumbList\",\"@id\":\"https:\/\/www.duboischemicals.com\/manufacturing\/fr\/about-us\/our-story-history\/#breadcrumb\",\"itemListElement\":[{\"@type\":\"ListItem\",\"position\":1,\"name\":\"Home\",\"item\":\"https:\/\/www.duboischemicals.com\/manufacturing\/fr\/\"},{\"@type\":\"ListItem\",\"position\":2,\"name\":\"\u00c0 propos de nous\",\"item\":\"https:\/\/www.duboischemicals.com\/manufacturing\/fr\/about-us\/\"},{\"@type\":\"ListItem\",\"position\":3,\"name\":\"Notre histoire\/historique\"}]},{\"@type\":\"WebSite\",\"@id\":\"https:\/\/www.duboischemicals.com\/manufacturing\/fr\/#website\",\"url\":\"https:\/\/www.duboischemicals.com\/manufacturing\/fr\/\",\"name\":\"Manufacturing\",\"description\":\"\",\"potentialAction\":[{\"@type\":\"SearchAction\",\"target\":{\"@type\":\"EntryPoint\",\"urlTemplate\":\"https:\/\/www.duboischemicals.com\/manufacturing\/fr\/?s={search_term_string}\"},\"query-input\":{\"@type\":\"PropertyValueSpecification\",\"valueRequired\":true,\"valueName\":\"search_term_string\"}}],\"inLanguage\":\"fr-FR\"}]}<\/script>\n<!-- \/ Yoast SEO plugin. -->","yoast_head_json":{"title":"Notre histoire\/historique - Manufacturing","robots":{"index":"noindex","follow":"follow"},"og_locale":"fr_FR","og_type":"article","og_title":"Notre histoire\/historique - Manufacturing","og_description":"L&rsquo;histoire de DuBois Depuis pr\u00e8s de 100 ans, nous nous engageons \u00e0 respecter les principes de notre fondateur, T.V. DuBois en fournissant \u00e0 nos clients des solutions \u00e9conomiques et un service de proximit\u00e9.","og_url":"https:\/\/www.duboischemicals.com\/manufacturing\/fr\/about-us\/our-story-history\/","og_site_name":"Manufacturing","article_modified_time":"2021-02-17T10:03:50+00:00","og_image":[{"url":"https:\/\/www.duboischemicals.com\/manufacturing\/wp-content\/uploads\/sites\/2\/2020\/10\/dubois_history_timeline-2.jpg","type":"","width":"","height":""}],"twitter_card":"summary_large_image","schema":{"@context":"https:\/\/schema.org","@graph":[{"@type":"WebPage","@id":"https:\/\/www.duboischemicals.com\/manufacturing\/fr\/about-us\/our-story-history\/","url":"https:\/\/www.duboischemicals.com\/manufacturing\/fr\/about-us\/our-story-history\/","name":"Notre histoire\/historique - Manufacturing","isPartOf":{"@id":"https:\/\/www.duboischemicals.com\/manufacturing\/fr\/#website"},"primaryImageOfPage":{"@id":"https:\/\/www.duboischemicals.com\/manufacturing\/fr\/about-us\/our-story-history\/#primaryimage"},"image":{"@id":"https:\/\/www.duboischemicals.com\/manufacturing\/fr\/about-us\/our-story-history\/#primaryimage"},"thumbnailUrl":"https:\/\/www.duboischemicals.com\/manufacturing\/wp-content\/uploads\/sites\/2\/2020\/10\/dubois_history_timeline-2.jpg","datePublished":"2018-10-01T21:59:03+00:00","dateModified":"2021-02-17T10:03:50+00:00","breadcrumb":{"@id":"https:\/\/www.duboischemicals.com\/manufacturing\/fr\/about-us\/our-story-history\/#breadcrumb"},"inLanguage":"fr-FR","potentialAction":[{"@type":"ReadAction","target":["https:\/\/www.duboischemicals.com\/manufacturing\/fr\/about-us\/our-story-history\/"]}]},{"@type":"ImageObject","inLanguage":"fr-FR","@id":"https:\/\/www.duboischemicals.com\/manufacturing\/fr\/about-us\/our-story-history\/#primaryimage","url":"https:\/\/www.duboischemicals.com\/manufacturing\/wp-content\/uploads\/sites\/2\/2020\/10\/dubois_history_timeline-2.jpg","contentUrl":"https:\/\/www.duboischemicals.com\/manufacturing\/wp-content\/uploads\/sites\/2\/2020\/10\/dubois_history_timeline-2.jpg"},{"@type":"BreadcrumbList","@id":"https:\/\/www.duboischemicals.com\/manufacturing\/fr\/about-us\/our-story-history\/#breadcrumb","itemListElement":[{"@type":"ListItem","position":1,"name":"Home","item":"https:\/\/www.duboischemicals.com\/manufacturing\/fr\/"},{"@type":"ListItem","position":2,"name":"\u00c0 propos de nous","item":"https:\/\/www.duboischemicals.com\/manufacturing\/fr\/about-us\/"},{"@type":"ListItem","position":3,"name":"Notre histoire\/historique"}]},{"@type":"WebSite","@id":"https:\/\/www.duboischemicals.com\/manufacturing\/fr\/#website","url":"https:\/\/www.duboischemicals.com\/manufacturing\/fr\/","name":"Manufacturing","description":"","potentialAction":[{"@type":"SearchAction","target":{"@type":"EntryPoint","urlTemplate":"https:\/\/www.duboischemicals.com\/manufacturing\/fr\/?s={search_term_string}"},"query-input":{"@type":"PropertyValueSpecification","valueRequired":true,"valueName":"search_term_string"}}],"inLanguage":"fr-FR"}]}},"_links":{"self":[{"href":"https:\/\/www.duboischemicals.com\/manufacturing\/fr\/wp-json\/wp\/v2\/pages\/10371","targetHints":{"allow":["GET"]}}],"collection":[{"href":"https:\/\/www.duboischemicals.com\/manufacturing\/fr\/wp-json\/wp\/v2\/pages"}],"about":[{"href":"https:\/\/www.duboischemicals.com\/manufacturing\/fr\/wp-json\/wp\/v2\/types\/page"}],"author":[{"embeddable":true,"href":"https:\/\/www.duboischemicals.com\/manufacturing\/fr\/wp-json\/wp\/v2\/users\/220"}],"replies":[{"embeddable":true,"href":"https:\/\/www.duboischemicals.com\/manufacturing\/fr\/wp-json\/wp\/v2\/comments?post=10371"}],"version-history":[{"count":3,"href":"https:\/\/www.duboischemicals.com\/manufacturing\/fr\/wp-json\/wp\/v2\/pages\/10371\/revisions"}],"predecessor-version":[{"id":11513,"href":"https:\/\/www.duboischemicals.com\/manufacturing\/fr\/wp-json\/wp\/v2\/pages\/10371\/revisions\/11513"}],"up":[{"embeddable":true,"href":"https:\/\/www.duboischemicals.com\/manufacturing\/fr\/wp-json\/wp\/v2\/pages\/10360"}],"wp:attachment":[{"href":"https:\/\/www.duboischemicals.com\/manufacturing\/fr\/wp-json\/wp\/v2\/media?parent=10371"}],"curies":[{"name":"wp","href":"https:\/\/api.w.org\/{rel}","templated":true}]}}