{"id":10575,"date":"2020-11-30T12:22:21","date_gmt":"2020-11-30T17:22:21","guid":{"rendered":"https:\/\/www.duboischemicals.com\/\/manufacturing\/lubrifiants\/"},"modified":"2021-02-17T05:06:17","modified_gmt":"2021-02-17T10:06:17","slug":"lubrifiants","status":"publish","type":"page","link":"https:\/\/www.duboischemicals.com\/manufacturing\/fr\/lubrifiants\/","title":{"rendered":"Lubrifiants"},"content":{"rendered":"<p>DuBois offre des lubrifiants industriels haut de gamme aux sp\u00e9cifications de l&rsquo;industrie et de la client\u00e8le. L&rsquo;acquisition par DuBois de lubrifiants industriels am\u00e9ricains, de Blue Star Lubricating Technology et de Perkins Products nous permet d&rsquo;int\u00e9grer les chimies qui fonctionnent le mieux aux applications particuli\u00e8res de nos clients et de prendre en compte des environnements sp\u00e9cifiques Conditions. Nos produits surpasseront les normes de l&rsquo;industrie tout en abaissant les temp\u00e9ratures d&rsquo;exploitation, en augmentant la vitesse, en augmentant les charges et en minimisant les frictions.<\/p>\n<p>Les graisses et les huiles DuBois sont con\u00e7ues pour des applications o\u00f9 l&rsquo;environnement d&rsquo;exploitation pose des d\u00e9fis aux produits de qualit\u00e9 standard. Nos graisses haute performance et huiles industrielles fonctionnent dans de nombreuses conditions\u00a0: temp\u00e9ratures extr\u00eames, jet d&rsquo;eau lourde\/lavage, applications \u00e0 haute charge et environnements sales\/gritty.<\/p>\n<p>DuBois offre des lubrifiants de qualit\u00e9 alimentaire pour les op\u00e9rations de transformation et d&#8217;emballage des aliments et des boissons et les fabricants de produits qui entrent en contact direct ou accessoire avec une boisson.<\/p>\n<p>Les technologies DuBois sont con\u00e7ues pour rester en place et obtenir de meilleurs r\u00e9sultats que n&rsquo;importe quelle alternative sur le march\u00e9. Nos offres comprennent :<\/p>\n","protected":false},"excerpt":{"rendered":"<p>DuBois offre des lubrifiants industriels haut de gamme aux sp\u00e9cifications de l&rsquo;industrie et de la client\u00e8le. L&rsquo;acquisition par DuBois de lubrifiants industriels am\u00e9ricains, de Blue Star Lubricating Technology et de Perkins Products nous permet d&rsquo;int\u00e9grer&#8230;<\/p>\n","protected":false},"author":220,"featured_media":0,"parent":0,"menu_order":2,"comment_status":"closed","ping_status":"closed","template":"template-prodinfo.php","meta":{"_acf_changed":false,"footnotes":""},"class_list":["post-10575","page","type-page","status-publish","hentry"],"acf":[],"yoast_head":"<!-- This site is optimized with the Yoast SEO plugin v26.8 - https:\/\/yoast.com\/product\/yoast-seo-wordpress\/ -->\n<title>Lubrifiants - Manufacturing<\/title>\n<meta name=\"robots\" content=\"index, follow, max-snippet:-1, max-image-preview:large, max-video-preview:-1\" \/>\n<link rel=\"canonical\" href=\"https:\/\/www.duboischemicals.com\/manufacturing\/fr\/lubrifiants\/\" \/>\n<meta property=\"og:locale\" content=\"fr_FR\" \/>\n<meta property=\"og:type\" content=\"article\" \/>\n<meta property=\"og:title\" content=\"Lubrifiants - Manufacturing\" \/>\n<meta property=\"og:description\" content=\"DuBois offre des lubrifiants industriels haut de gamme aux sp\u00e9cifications de l&rsquo;industrie et de la client\u00e8le. L&rsquo;acquisition par DuBois de lubrifiants industriels am\u00e9ricains, de Blue Star Lubricating Technology et de Perkins Products nous permet d&rsquo;int\u00e9grer...\" \/>\n<meta property=\"og:url\" content=\"https:\/\/www.duboischemicals.com\/manufacturing\/fr\/lubrifiants\/\" \/>\n<meta property=\"og:site_name\" content=\"Manufacturing\" \/>\n<meta property=\"article:modified_time\" content=\"2021-02-17T10:06:17+00:00\" \/>\n<meta name=\"twitter:card\" content=\"summary_large_image\" \/>\n<meta name=\"twitter:label1\" content=\"Dur\u00e9e de lecture estim\u00e9e\" \/>\n\t<meta name=\"twitter:data1\" content=\"1 minute\" \/>\n<script type=\"application\/ld+json\" class=\"yoast-schema-graph\">{\"@context\":\"https:\/\/schema.org\",\"@graph\":[{\"@type\":\"WebPage\",\"@id\":\"https:\/\/www.duboischemicals.com\/manufacturing\/fr\/lubrifiants\/\",\"url\":\"https:\/\/www.duboischemicals.com\/manufacturing\/fr\/lubrifiants\/\",\"name\":\"Lubrifiants - Manufacturing\",\"isPartOf\":{\"@id\":\"https:\/\/www.duboischemicals.com\/manufacturing\/fr\/#website\"},\"datePublished\":\"2020-11-30T17:22:21+00:00\",\"dateModified\":\"2021-02-17T10:06:17+00:00\",\"breadcrumb\":{\"@id\":\"https:\/\/www.duboischemicals.com\/manufacturing\/fr\/lubrifiants\/#breadcrumb\"},\"inLanguage\":\"fr-FR\",\"potentialAction\":[{\"@type\":\"ReadAction\",\"target\":[\"https:\/\/www.duboischemicals.com\/manufacturing\/fr\/lubrifiants\/\"]}]},{\"@type\":\"BreadcrumbList\",\"@id\":\"https:\/\/www.duboischemicals.com\/manufacturing\/fr\/lubrifiants\/#breadcrumb\",\"itemListElement\":[{\"@type\":\"ListItem\",\"position\":1,\"name\":\"Home\",\"item\":\"https:\/\/www.duboischemicals.com\/manufacturing\/fr\/\"},{\"@type\":\"ListItem\",\"position\":2,\"name\":\"Lubrifiants\"}]},{\"@type\":\"WebSite\",\"@id\":\"https:\/\/www.duboischemicals.com\/manufacturing\/fr\/#website\",\"url\":\"https:\/\/www.duboischemicals.com\/manufacturing\/fr\/\",\"name\":\"Manufacturing\",\"description\":\"\",\"potentialAction\":[{\"@type\":\"SearchAction\",\"target\":{\"@type\":\"EntryPoint\",\"urlTemplate\":\"https:\/\/www.duboischemicals.com\/manufacturing\/fr\/?s={search_term_string}\"},\"query-input\":{\"@type\":\"PropertyValueSpecification\",\"valueRequired\":true,\"valueName\":\"search_term_string\"}}],\"inLanguage\":\"fr-FR\"}]}<\/script>\n<!-- \/ Yoast SEO plugin. -->","yoast_head_json":{"title":"Lubrifiants - Manufacturing","robots":{"index":"index","follow":"follow","max-snippet":"max-snippet:-1","max-image-preview":"max-image-preview:large","max-video-preview":"max-video-preview:-1"},"canonical":"https:\/\/www.duboischemicals.com\/manufacturing\/fr\/lubrifiants\/","og_locale":"fr_FR","og_type":"article","og_title":"Lubrifiants - Manufacturing","og_description":"DuBois offre des lubrifiants industriels haut de gamme aux sp\u00e9cifications de l&rsquo;industrie et de la client\u00e8le. L&rsquo;acquisition par DuBois de lubrifiants industriels am\u00e9ricains, de Blue Star Lubricating Technology et de Perkins Products nous permet d&rsquo;int\u00e9grer...","og_url":"https:\/\/www.duboischemicals.com\/manufacturing\/fr\/lubrifiants\/","og_site_name":"Manufacturing","article_modified_time":"2021-02-17T10:06:17+00:00","twitter_card":"summary_large_image","twitter_misc":{"Dur\u00e9e de lecture estim\u00e9e":"1 minute"},"schema":{"@context":"https:\/\/schema.org","@graph":[{"@type":"WebPage","@id":"https:\/\/www.duboischemicals.com\/manufacturing\/fr\/lubrifiants\/","url":"https:\/\/www.duboischemicals.com\/manufacturing\/fr\/lubrifiants\/","name":"Lubrifiants - Manufacturing","isPartOf":{"@id":"https:\/\/www.duboischemicals.com\/manufacturing\/fr\/#website"},"datePublished":"2020-11-30T17:22:21+00:00","dateModified":"2021-02-17T10:06:17+00:00","breadcrumb":{"@id":"https:\/\/www.duboischemicals.com\/manufacturing\/fr\/lubrifiants\/#breadcrumb"},"inLanguage":"fr-FR","potentialAction":[{"@type":"ReadAction","target":["https:\/\/www.duboischemicals.com\/manufacturing\/fr\/lubrifiants\/"]}]},{"@type":"BreadcrumbList","@id":"https:\/\/www.duboischemicals.com\/manufacturing\/fr\/lubrifiants\/#breadcrumb","itemListElement":[{"@type":"ListItem","position":1,"name":"Home","item":"https:\/\/www.duboischemicals.com\/manufacturing\/fr\/"},{"@type":"ListItem","position":2,"name":"Lubrifiants"}]},{"@type":"WebSite","@id":"https:\/\/www.duboischemicals.com\/manufacturing\/fr\/#website","url":"https:\/\/www.duboischemicals.com\/manufacturing\/fr\/","name":"Manufacturing","description":"","potentialAction":[{"@type":"SearchAction","target":{"@type":"EntryPoint","urlTemplate":"https:\/\/www.duboischemicals.com\/manufacturing\/fr\/?s={search_term_string}"},"query-input":{"@type":"PropertyValueSpecification","valueRequired":true,"valueName":"search_term_string"}}],"inLanguage":"fr-FR"}]}},"_links":{"self":[{"href":"https:\/\/www.duboischemicals.com\/manufacturing\/fr\/wp-json\/wp\/v2\/pages\/10575","targetHints":{"allow":["GET"]}}],"collection":[{"href":"https:\/\/www.duboischemicals.com\/manufacturing\/fr\/wp-json\/wp\/v2\/pages"}],"about":[{"href":"https:\/\/www.duboischemicals.com\/manufacturing\/fr\/wp-json\/wp\/v2\/types\/page"}],"author":[{"embeddable":true,"href":"https:\/\/www.duboischemicals.com\/manufacturing\/fr\/wp-json\/wp\/v2\/users\/220"}],"replies":[{"embeddable":true,"href":"https:\/\/www.duboischemicals.com\/manufacturing\/fr\/wp-json\/wp\/v2\/comments?post=10575"}],"version-history":[{"count":3,"href":"https:\/\/www.duboischemicals.com\/manufacturing\/fr\/wp-json\/wp\/v2\/pages\/10575\/revisions"}],"predecessor-version":[{"id":11678,"href":"https:\/\/www.duboischemicals.com\/manufacturing\/fr\/wp-json\/wp\/v2\/pages\/10575\/revisions\/11678"}],"wp:attachment":[{"href":"https:\/\/www.duboischemicals.com\/manufacturing\/fr\/wp-json\/wp\/v2\/media?parent=10575"}],"curies":[{"name":"wp","href":"https:\/\/api.w.org\/{rel}","templated":true}]}}