{"id":10597,"date":"2018-10-01T18:08:27","date_gmt":"2018-10-01T22:08:27","guid":{"rendered":"https:\/\/www.duboischemicals.com\/\/manufacturing\/industries\/bearings\/"},"modified":"2021-02-24T12:50:16","modified_gmt":"2021-02-24T17:50:16","slug":"bearings","status":"publish","type":"page","link":"https:\/\/www.duboischemicals.com\/manufacturing\/fr\/industries\/bearings\/","title":{"rendered":"Paliers"},"content":{"rendered":"<p>Les paliers sont une composante essentielle de toutes les pi\u00e8ces mobiles, ce qui en fait un \u00e9l\u00e9ment essentiel de notre vie quotidienne. Si une pi\u00e8ce tourne ou glisse, il est plus que probable qu&rsquo;elle contienne une sorte de roulement qui r\u00e9duit le frottement, ce qui permet aux moteurs des automobiles de fonctionner en douceur, la mise en \u0153uvre d&rsquo;imprimantes 3D et le fonctionnement silencieux des ventilateurs de plafond et des machines \u00e0 laver&#8230; pour ne citer que quelques exemples quotidiens.<\/p>\n<p>On trouve \u00e9galement des paliers dans des applications diverses\u00a0:<\/p>\n<ul>\n<li>Machines-outils<\/li>\n<li>\u00c9quipement de bureau<\/li>\n<li>Automobiles<\/li>\n<li>\u00c9quipement hors route<\/li>\n<li>A\u00e9rospatiale<\/li>\n<li>Mat\u00e9riel de construction<\/li>\n<li>Appareils m\u00e9nagers<\/li>\n<li>Turbines \u00e9nerg\u00e9tiques<\/li>\n<\/ul>\n<p>DuBois s&rsquo;associera \u00e0 des clients de ce secteur dynamique pour fournir des produits et des solutions compl\u00e8tes et innovantes. Il est essentiel que ces produits supportent les paliers de haute technologie n\u00e9cessaires pour fournir la fiabilit\u00e9, la durabilit\u00e9 et la haute pr\u00e9cision qui permettent aux machines de se d\u00e9placer \u00e0 des vitesses extr\u00eamement \u00e9lev\u00e9es, de respecter les tol\u00e9rances et de porter des charges remarquables avec facilit\u00e9 et efficacit\u00e9.<\/p>\n<p>Pour obtenir un service \u00e0 valeur ajout\u00e9e et des solutions techniques qui permettent d&rsquo;augmenter la productivit\u00e9 et de r\u00e9duire les co\u00fbts, tout en respectant la r\u00e9glementation et surtout la s\u00e9curit\u00e9 des op\u00e9rateurs&#8230; vous pouvez compter sur l&rsquo;\u00e9quipe DuBois!<\/p>\n<p><strong>Produits et technologies<\/strong><\/p>\n<ul>\n<li><a href=\"http:\/\/www.duboischemicals.com\/\/manufacturing\/products\/metalworking-fluids\/\">Liquides m\u00e9tallurgiques<\/a><\/li>\n<li><a href=\"http:\/\/www.duboischemicals.com\/\/manufacturing\/products\/lubricants\/\">Lubrifiants<\/a><\/li>\n<li><a href=\"http:\/\/www.duboischemicals.com\/\/manufacturing\/products\/rust-preventives\/\">Antirouilles<\/a><\/li>\n<li><a href=\"http:\/\/www.duboischemicals.com\/\/manufacturing\/products\/industrial-cleaners\/\">Nettoyants industriels<\/a><\/li>\n<li><a href=\"http:\/\/www.duboischemicals.com\/\/manufacturing\/products\/metal-finishing\/\">Finition des m\u00e9taux<\/a><\/li>\n<li><a href=\"http:\/\/www.duboischemicals.com\/\/manufacturing\/products\/heat-treatment\/\">Sels et liquides de trempe pour le traitement thermique<\/a><\/li>\n<li><a href=\"http:\/\/www.duboischemicals.com\/\/manufacturing\/products\/facility-maintenance-cleaners\/\">Nettoyants pour l\u2019entretien des installations<\/a><\/li>\n<li><a href=\"http:\/\/www.duboischemicals.com\/\/manufacturing\/products\/material-handling-carts\/\">Chariots de manutention des mat\u00e9riaux<\/a><\/li>\n<li><a href=\"http:\/\/www.duboischemicals.com\/\/water-treatment\/fr\/\" target=\"_blank\" rel=\"noopener noreferrer\">Traitement de l\u2019eau et des d\u00e9chets<\/a><\/li>\n<\/ul>\n","protected":false},"excerpt":{"rendered":"<p>Les paliers sont une composante essentielle de toutes les pi\u00e8ces mobiles, ce qui en fait un \u00e9l\u00e9ment essentiel de notre vie quotidienne. Si une pi\u00e8ce tourne ou glisse, il est plus que probable qu&rsquo;elle contienne&#8230;<\/p>\n","protected":false},"author":220,"featured_media":0,"parent":10045,"menu_order":4,"comment_status":"closed","ping_status":"closed","template":"","meta":{"_acf_changed":false,"footnotes":""},"class_list":["post-10597","page","type-page","status-publish","hentry"],"acf":[],"yoast_head":"<!-- This site is optimized with the Yoast SEO plugin v26.8 - https:\/\/yoast.com\/product\/yoast-seo-wordpress\/ -->\n<title>Paliers - Manufacturing<\/title>\n<meta name=\"robots\" content=\"index, follow, max-snippet:-1, max-image-preview:large, max-video-preview:-1\" \/>\n<link rel=\"canonical\" href=\"https:\/\/www.duboischemicals.com\/manufacturing\/fr\/industries\/bearings\/\" \/>\n<meta property=\"og:locale\" content=\"fr_FR\" \/>\n<meta property=\"og:type\" content=\"article\" \/>\n<meta property=\"og:title\" content=\"Paliers - Manufacturing\" \/>\n<meta property=\"og:description\" content=\"Les paliers sont une composante essentielle de toutes les pi\u00e8ces mobiles, ce qui en fait un \u00e9l\u00e9ment essentiel de notre vie quotidienne. Si une pi\u00e8ce tourne ou glisse, il est plus que probable qu&rsquo;elle contienne...\" \/>\n<meta property=\"og:url\" content=\"https:\/\/www.duboischemicals.com\/manufacturing\/fr\/industries\/bearings\/\" \/>\n<meta property=\"og:site_name\" content=\"Manufacturing\" \/>\n<meta property=\"article:modified_time\" content=\"2021-02-24T17:50:16+00:00\" \/>\n<meta name=\"twitter:card\" content=\"summary_large_image\" \/>\n<meta name=\"twitter:label1\" content=\"Dur\u00e9e de lecture estim\u00e9e\" \/>\n\t<meta name=\"twitter:data1\" content=\"1 minute\" \/>\n<script type=\"application\/ld+json\" class=\"yoast-schema-graph\">{\"@context\":\"https:\/\/schema.org\",\"@graph\":[{\"@type\":\"WebPage\",\"@id\":\"https:\/\/www.duboischemicals.com\/manufacturing\/fr\/industries\/bearings\/\",\"url\":\"https:\/\/www.duboischemicals.com\/manufacturing\/fr\/industries\/bearings\/\",\"name\":\"Paliers - Manufacturing\",\"isPartOf\":{\"@id\":\"https:\/\/www.duboischemicals.com\/manufacturing\/fr\/#website\"},\"datePublished\":\"2018-10-01T22:08:27+00:00\",\"dateModified\":\"2021-02-24T17:50:16+00:00\",\"breadcrumb\":{\"@id\":\"https:\/\/www.duboischemicals.com\/manufacturing\/fr\/industries\/bearings\/#breadcrumb\"},\"inLanguage\":\"fr-FR\",\"potentialAction\":[{\"@type\":\"ReadAction\",\"target\":[\"https:\/\/www.duboischemicals.com\/manufacturing\/fr\/industries\/bearings\/\"]}]},{\"@type\":\"BreadcrumbList\",\"@id\":\"https:\/\/www.duboischemicals.com\/manufacturing\/fr\/industries\/bearings\/#breadcrumb\",\"itemListElement\":[{\"@type\":\"ListItem\",\"position\":1,\"name\":\"Home\",\"item\":\"https:\/\/www.duboischemicals.com\/manufacturing\/fr\/\"},{\"@type\":\"ListItem\",\"position\":2,\"name\":\"Industries\",\"item\":\"https:\/\/www.duboischemicals.com\/manufacturing\/fr\/industries\/\"},{\"@type\":\"ListItem\",\"position\":3,\"name\":\"Paliers\"}]},{\"@type\":\"WebSite\",\"@id\":\"https:\/\/www.duboischemicals.com\/manufacturing\/fr\/#website\",\"url\":\"https:\/\/www.duboischemicals.com\/manufacturing\/fr\/\",\"name\":\"Manufacturing\",\"description\":\"\",\"potentialAction\":[{\"@type\":\"SearchAction\",\"target\":{\"@type\":\"EntryPoint\",\"urlTemplate\":\"https:\/\/www.duboischemicals.com\/manufacturing\/fr\/?s={search_term_string}\"},\"query-input\":{\"@type\":\"PropertyValueSpecification\",\"valueRequired\":true,\"valueName\":\"search_term_string\"}}],\"inLanguage\":\"fr-FR\"}]}<\/script>\n<!-- \/ Yoast SEO plugin. -->","yoast_head_json":{"title":"Paliers - Manufacturing","robots":{"index":"index","follow":"follow","max-snippet":"max-snippet:-1","max-image-preview":"max-image-preview:large","max-video-preview":"max-video-preview:-1"},"canonical":"https:\/\/www.duboischemicals.com\/manufacturing\/fr\/industries\/bearings\/","og_locale":"fr_FR","og_type":"article","og_title":"Paliers - Manufacturing","og_description":"Les paliers sont une composante essentielle de toutes les pi\u00e8ces mobiles, ce qui en fait un \u00e9l\u00e9ment essentiel de notre vie quotidienne. Si une pi\u00e8ce tourne ou glisse, il est plus que probable qu&rsquo;elle contienne...","og_url":"https:\/\/www.duboischemicals.com\/manufacturing\/fr\/industries\/bearings\/","og_site_name":"Manufacturing","article_modified_time":"2021-02-24T17:50:16+00:00","twitter_card":"summary_large_image","twitter_misc":{"Dur\u00e9e de lecture estim\u00e9e":"1 minute"},"schema":{"@context":"https:\/\/schema.org","@graph":[{"@type":"WebPage","@id":"https:\/\/www.duboischemicals.com\/manufacturing\/fr\/industries\/bearings\/","url":"https:\/\/www.duboischemicals.com\/manufacturing\/fr\/industries\/bearings\/","name":"Paliers - Manufacturing","isPartOf":{"@id":"https:\/\/www.duboischemicals.com\/manufacturing\/fr\/#website"},"datePublished":"2018-10-01T22:08:27+00:00","dateModified":"2021-02-24T17:50:16+00:00","breadcrumb":{"@id":"https:\/\/www.duboischemicals.com\/manufacturing\/fr\/industries\/bearings\/#breadcrumb"},"inLanguage":"fr-FR","potentialAction":[{"@type":"ReadAction","target":["https:\/\/www.duboischemicals.com\/manufacturing\/fr\/industries\/bearings\/"]}]},{"@type":"BreadcrumbList","@id":"https:\/\/www.duboischemicals.com\/manufacturing\/fr\/industries\/bearings\/#breadcrumb","itemListElement":[{"@type":"ListItem","position":1,"name":"Home","item":"https:\/\/www.duboischemicals.com\/manufacturing\/fr\/"},{"@type":"ListItem","position":2,"name":"Industries","item":"https:\/\/www.duboischemicals.com\/manufacturing\/fr\/industries\/"},{"@type":"ListItem","position":3,"name":"Paliers"}]},{"@type":"WebSite","@id":"https:\/\/www.duboischemicals.com\/manufacturing\/fr\/#website","url":"https:\/\/www.duboischemicals.com\/manufacturing\/fr\/","name":"Manufacturing","description":"","potentialAction":[{"@type":"SearchAction","target":{"@type":"EntryPoint","urlTemplate":"https:\/\/www.duboischemicals.com\/manufacturing\/fr\/?s={search_term_string}"},"query-input":{"@type":"PropertyValueSpecification","valueRequired":true,"valueName":"search_term_string"}}],"inLanguage":"fr-FR"}]}},"_links":{"self":[{"href":"https:\/\/www.duboischemicals.com\/manufacturing\/fr\/wp-json\/wp\/v2\/pages\/10597","targetHints":{"allow":["GET"]}}],"collection":[{"href":"https:\/\/www.duboischemicals.com\/manufacturing\/fr\/wp-json\/wp\/v2\/pages"}],"about":[{"href":"https:\/\/www.duboischemicals.com\/manufacturing\/fr\/wp-json\/wp\/v2\/types\/page"}],"author":[{"embeddable":true,"href":"https:\/\/www.duboischemicals.com\/manufacturing\/fr\/wp-json\/wp\/v2\/users\/220"}],"replies":[{"embeddable":true,"href":"https:\/\/www.duboischemicals.com\/manufacturing\/fr\/wp-json\/wp\/v2\/comments?post=10597"}],"version-history":[{"count":4,"href":"https:\/\/www.duboischemicals.com\/manufacturing\/fr\/wp-json\/wp\/v2\/pages\/10597\/revisions"}],"predecessor-version":[{"id":11714,"href":"https:\/\/www.duboischemicals.com\/manufacturing\/fr\/wp-json\/wp\/v2\/pages\/10597\/revisions\/11714"}],"up":[{"embeddable":true,"href":"https:\/\/www.duboischemicals.com\/manufacturing\/fr\/wp-json\/wp\/v2\/pages\/10045"}],"wp:attachment":[{"href":"https:\/\/www.duboischemicals.com\/manufacturing\/fr\/wp-json\/wp\/v2\/media?parent=10597"}],"curies":[{"name":"wp","href":"https:\/\/api.w.org\/{rel}","templated":true}]}}