{"id":10611,"date":"2018-10-01T18:09:34","date_gmt":"2018-10-01T22:09:34","guid":{"rendered":"https:\/\/www.duboischemicals.com\/\/manufacturing\/industries\/metal-finishing\/"},"modified":"2021-02-24T12:52:24","modified_gmt":"2021-02-24T17:52:24","slug":"metal-finishing","status":"publish","type":"page","link":"https:\/\/www.duboischemicals.com\/manufacturing\/fr\/industries\/metal-finishing\/","title":{"rendered":"Finition des m\u00e9taux"},"content":{"rendered":"<h2 class=\"textbox\" dir=\"ltr\">Finition des m\u00e9taux<\/h2>\n<p class=\"textbox\" dir=\"ltr\">Que vous soyez un \u00e9quipementier, un client ou un fabricant sous contrat, DuBois dispose d&rsquo;une solution de finition des m\u00e9taux pour vous.<\/p>\n<p class=\"textbox\" dir=\"ltr\">Le secteur de la m\u00e9tallurgie consiste en un ensemble de proc\u00e9d\u00e9s tr\u00e8s divers permettant de cr\u00e9er de nombreuses pi\u00e8ces \u00e0 partir de mat\u00e9riaux vari\u00e9s. Beaucoup de ces pi\u00e8ces sont produites \u00e0 partir d\u2019une combinaison de processus tr\u00e8s sp\u00e9cifiques, qui exigent constance et la fiabilit\u00e9.\u00a0Quel que soit votre proc\u00e9d\u00e9 ou votre produit, DuBois propose des solutions performantes pour tous les substrats dans les secteurs de la finition des m\u00e9taux.\u00a0Le souffle de connaissance de notre \u00e9quipe exp\u00e9riment\u00e9e dans le domaine nous permet de prendre en compte tous les param\u00e8tres et variables de votre processus pour d\u00e9velopper une solution sur mesure pour votre entreprise. Laissez DuBois d\u00e9velopper une solution pour tous vos besoins en mati\u00e8re de finition des m\u00e9taux, de lubrification, de nettoyage de l&rsquo;entretien des installations et de traitement des eaux us\u00e9es.<\/p>\n<p class=\"textbox\" dir=\"ltr\">DuBois dispose d&rsquo;une s\u00e9lection compl\u00e8te et \u00e9prouv\u00e9e de produits de finition des m\u00e9taux, notamment les suivants\u00a0:<\/p>\n<ul>\n<li class=\"textbox\" dir=\"ltr\">Nettoyants pour m\u00e9taux<\/li>\n<li class=\"textbox\" dir=\"ltr\">Finition d\u2019aluminium<\/li>\n<li class=\"textbox\" dir=\"ltr\">Bronzage<\/li>\n<li class=\"textbox\" dir=\"ltr\">Rev\u00eatements de conversion au chromate<\/li>\n<li class=\"textbox\" dir=\"ltr\">Couches de conversion au phosphate<\/li>\n<li class=\"textbox\" dir=\"ltr\">Nickelage chimique<\/li>\n<li class=\"textbox\" dir=\"ltr\">Brillanteurs pour zingage<\/li>\n<li class=\"textbox\" dir=\"ltr\">Antirouilles<\/li>\n<li class=\"textbox\" dir=\"ltr\">Traitements pr\u00e9alables pour les rev\u00eatements en poudre et les peintures<\/li>\n<\/ul>\n<p class=\"textbox\" dir=\"ltr\"><strong>Produits et technologies<\/strong><\/p>\n<ul>\n<li class=\"textbox\" dir=\"ltr\"><a href=\"http:\/\/www.duboischemicals.com\/\/manufacturing\/products\/metal-finishing\/\">Finition des m\u00e9taux<\/a><\/li>\n<li class=\"textbox\" dir=\"ltr\"><a href=\"http:\/\/www.duboischemicals.com\/\/manufacturing\/products\/industrial-cleaners\/\">Nettoyants industriels\u00a0<\/a><\/li>\n<li class=\"textbox\" dir=\"ltr\"><a href=\"http:\/\/www.duboischemicals.com\/\/manufacturing\/products\/pretreatment-paint-line-solutions\/\">Traitements pr\u00e9alables pour les rev\u00eatements en poudre et les peintures<\/a><\/li>\n<li class=\"textbox\" dir=\"ltr\"><a href=\"http:\/\/www.duboischemicals.com\/\/manufacturing\/products\/rust-preventives\/\">Antirouilles<\/a><\/li>\n<li class=\"textbox\" dir=\"ltr\"><a href=\"http:\/\/www.duboischemicals.com\/\/manufacturing\/products\/lubricants\/\">Lubrifiants<\/a><\/li>\n<li class=\"textbox\" dir=\"ltr\"><a href=\"http:\/\/www.duboischemicals.com\/\/manufacturing\/products\/facility-maintenance-cleaners\/\">Nettoyants pour l\u2019entretien des installations<\/a><\/li>\n<li class=\"textbox\" dir=\"ltr\"><a href=\"http:\/\/www.duboischemicals.com\/\/water-treatment\/fr\/\" target=\"_blank\" rel=\"noopener noreferrer\">Traitement de l\u2019eau et des d\u00e9chets<\/a><\/li>\n<\/ul>\n","protected":false},"excerpt":{"rendered":"<p>Finition des m\u00e9taux Que vous soyez un \u00e9quipementier, un client ou un fabricant sous contrat, DuBois dispose d&rsquo;une solution de finition des m\u00e9taux pour vous. Le secteur de la m\u00e9tallurgie consiste en un ensemble de&#8230;<\/p>\n","protected":false},"author":220,"featured_media":0,"parent":10045,"menu_order":8,"comment_status":"closed","ping_status":"closed","template":"","meta":{"_acf_changed":false,"footnotes":""},"class_list":["post-10611","page","type-page","status-publish","hentry"],"acf":[],"yoast_head":"<!-- This site is optimized with the Yoast SEO plugin v26.8 - https:\/\/yoast.com\/product\/yoast-seo-wordpress\/ -->\n<title>Finition des m\u00e9taux - Manufacturing<\/title>\n<meta name=\"robots\" content=\"index, follow, max-snippet:-1, max-image-preview:large, max-video-preview:-1\" \/>\n<link rel=\"canonical\" href=\"https:\/\/www.duboischemicals.com\/manufacturing\/fr\/industries\/metal-finishing\/\" \/>\n<meta property=\"og:locale\" content=\"fr_FR\" \/>\n<meta property=\"og:type\" content=\"article\" \/>\n<meta property=\"og:title\" content=\"Finition des m\u00e9taux - Manufacturing\" \/>\n<meta property=\"og:description\" content=\"Finition des m\u00e9taux Que vous soyez un \u00e9quipementier, un client ou un fabricant sous contrat, DuBois dispose d&rsquo;une solution de finition des m\u00e9taux pour vous. Le secteur de la m\u00e9tallurgie consiste en un ensemble de...\" \/>\n<meta property=\"og:url\" content=\"https:\/\/www.duboischemicals.com\/manufacturing\/fr\/industries\/metal-finishing\/\" \/>\n<meta property=\"og:site_name\" content=\"Manufacturing\" \/>\n<meta property=\"article:modified_time\" content=\"2021-02-24T17:52:24+00:00\" \/>\n<meta name=\"twitter:card\" content=\"summary_large_image\" \/>\n<meta name=\"twitter:label1\" content=\"Dur\u00e9e de lecture estim\u00e9e\" \/>\n\t<meta name=\"twitter:data1\" content=\"1 minute\" \/>\n<script type=\"application\/ld+json\" class=\"yoast-schema-graph\">{\"@context\":\"https:\/\/schema.org\",\"@graph\":[{\"@type\":\"WebPage\",\"@id\":\"https:\/\/www.duboischemicals.com\/manufacturing\/fr\/industries\/metal-finishing\/\",\"url\":\"https:\/\/www.duboischemicals.com\/manufacturing\/fr\/industries\/metal-finishing\/\",\"name\":\"Finition des m\u00e9taux - Manufacturing\",\"isPartOf\":{\"@id\":\"https:\/\/www.duboischemicals.com\/manufacturing\/fr\/#website\"},\"datePublished\":\"2018-10-01T22:09:34+00:00\",\"dateModified\":\"2021-02-24T17:52:24+00:00\",\"breadcrumb\":{\"@id\":\"https:\/\/www.duboischemicals.com\/manufacturing\/fr\/industries\/metal-finishing\/#breadcrumb\"},\"inLanguage\":\"fr-FR\",\"potentialAction\":[{\"@type\":\"ReadAction\",\"target\":[\"https:\/\/www.duboischemicals.com\/manufacturing\/fr\/industries\/metal-finishing\/\"]}]},{\"@type\":\"BreadcrumbList\",\"@id\":\"https:\/\/www.duboischemicals.com\/manufacturing\/fr\/industries\/metal-finishing\/#breadcrumb\",\"itemListElement\":[{\"@type\":\"ListItem\",\"position\":1,\"name\":\"Home\",\"item\":\"https:\/\/www.duboischemicals.com\/manufacturing\/fr\/\"},{\"@type\":\"ListItem\",\"position\":2,\"name\":\"Industries\",\"item\":\"https:\/\/www.duboischemicals.com\/manufacturing\/fr\/industries\/\"},{\"@type\":\"ListItem\",\"position\":3,\"name\":\"Finition des m\u00e9taux\"}]},{\"@type\":\"WebSite\",\"@id\":\"https:\/\/www.duboischemicals.com\/manufacturing\/fr\/#website\",\"url\":\"https:\/\/www.duboischemicals.com\/manufacturing\/fr\/\",\"name\":\"Manufacturing\",\"description\":\"\",\"potentialAction\":[{\"@type\":\"SearchAction\",\"target\":{\"@type\":\"EntryPoint\",\"urlTemplate\":\"https:\/\/www.duboischemicals.com\/manufacturing\/fr\/?s={search_term_string}\"},\"query-input\":{\"@type\":\"PropertyValueSpecification\",\"valueRequired\":true,\"valueName\":\"search_term_string\"}}],\"inLanguage\":\"fr-FR\"}]}<\/script>\n<!-- \/ Yoast SEO plugin. -->","yoast_head_json":{"title":"Finition des m\u00e9taux - Manufacturing","robots":{"index":"index","follow":"follow","max-snippet":"max-snippet:-1","max-image-preview":"max-image-preview:large","max-video-preview":"max-video-preview:-1"},"canonical":"https:\/\/www.duboischemicals.com\/manufacturing\/fr\/industries\/metal-finishing\/","og_locale":"fr_FR","og_type":"article","og_title":"Finition des m\u00e9taux - Manufacturing","og_description":"Finition des m\u00e9taux Que vous soyez un \u00e9quipementier, un client ou un fabricant sous contrat, DuBois dispose d&rsquo;une solution de finition des m\u00e9taux pour vous. Le secteur de la m\u00e9tallurgie consiste en un ensemble de...","og_url":"https:\/\/www.duboischemicals.com\/manufacturing\/fr\/industries\/metal-finishing\/","og_site_name":"Manufacturing","article_modified_time":"2021-02-24T17:52:24+00:00","twitter_card":"summary_large_image","twitter_misc":{"Dur\u00e9e de lecture estim\u00e9e":"1 minute"},"schema":{"@context":"https:\/\/schema.org","@graph":[{"@type":"WebPage","@id":"https:\/\/www.duboischemicals.com\/manufacturing\/fr\/industries\/metal-finishing\/","url":"https:\/\/www.duboischemicals.com\/manufacturing\/fr\/industries\/metal-finishing\/","name":"Finition des m\u00e9taux - Manufacturing","isPartOf":{"@id":"https:\/\/www.duboischemicals.com\/manufacturing\/fr\/#website"},"datePublished":"2018-10-01T22:09:34+00:00","dateModified":"2021-02-24T17:52:24+00:00","breadcrumb":{"@id":"https:\/\/www.duboischemicals.com\/manufacturing\/fr\/industries\/metal-finishing\/#breadcrumb"},"inLanguage":"fr-FR","potentialAction":[{"@type":"ReadAction","target":["https:\/\/www.duboischemicals.com\/manufacturing\/fr\/industries\/metal-finishing\/"]}]},{"@type":"BreadcrumbList","@id":"https:\/\/www.duboischemicals.com\/manufacturing\/fr\/industries\/metal-finishing\/#breadcrumb","itemListElement":[{"@type":"ListItem","position":1,"name":"Home","item":"https:\/\/www.duboischemicals.com\/manufacturing\/fr\/"},{"@type":"ListItem","position":2,"name":"Industries","item":"https:\/\/www.duboischemicals.com\/manufacturing\/fr\/industries\/"},{"@type":"ListItem","position":3,"name":"Finition des m\u00e9taux"}]},{"@type":"WebSite","@id":"https:\/\/www.duboischemicals.com\/manufacturing\/fr\/#website","url":"https:\/\/www.duboischemicals.com\/manufacturing\/fr\/","name":"Manufacturing","description":"","potentialAction":[{"@type":"SearchAction","target":{"@type":"EntryPoint","urlTemplate":"https:\/\/www.duboischemicals.com\/manufacturing\/fr\/?s={search_term_string}"},"query-input":{"@type":"PropertyValueSpecification","valueRequired":true,"valueName":"search_term_string"}}],"inLanguage":"fr-FR"}]}},"_links":{"self":[{"href":"https:\/\/www.duboischemicals.com\/manufacturing\/fr\/wp-json\/wp\/v2\/pages\/10611","targetHints":{"allow":["GET"]}}],"collection":[{"href":"https:\/\/www.duboischemicals.com\/manufacturing\/fr\/wp-json\/wp\/v2\/pages"}],"about":[{"href":"https:\/\/www.duboischemicals.com\/manufacturing\/fr\/wp-json\/wp\/v2\/types\/page"}],"author":[{"embeddable":true,"href":"https:\/\/www.duboischemicals.com\/manufacturing\/fr\/wp-json\/wp\/v2\/users\/220"}],"replies":[{"embeddable":true,"href":"https:\/\/www.duboischemicals.com\/manufacturing\/fr\/wp-json\/wp\/v2\/comments?post=10611"}],"version-history":[{"count":3,"href":"https:\/\/www.duboischemicals.com\/manufacturing\/fr\/wp-json\/wp\/v2\/pages\/10611\/revisions"}],"predecessor-version":[{"id":11716,"href":"https:\/\/www.duboischemicals.com\/manufacturing\/fr\/wp-json\/wp\/v2\/pages\/10611\/revisions\/11716"}],"up":[{"embeddable":true,"href":"https:\/\/www.duboischemicals.com\/manufacturing\/fr\/wp-json\/wp\/v2\/pages\/10045"}],"wp:attachment":[{"href":"https:\/\/www.duboischemicals.com\/manufacturing\/fr\/wp-json\/wp\/v2\/media?parent=10611"}],"curies":[{"name":"wp","href":"https:\/\/api.w.org\/{rel}","templated":true}]}}