{"id":10660,"date":"2018-10-15T09:23:31","date_gmt":"2018-10-15T13:23:31","guid":{"rendered":"https:\/\/www.duboischemicals.com\/\/manufacturing\/products\/"},"modified":"2021-02-17T05:04:29","modified_gmt":"2021-02-17T10:04:29","slug":"products","status":"publish","type":"page","link":"https:\/\/www.duboischemicals.com\/manufacturing\/fr\/products\/","title":{"rendered":"Produits"},"content":{"rendered":"<p>DuBois est un fournisseur exp\u00e9riment\u00e9 de solutions innovantes qui peut satisfaire vos besoins en produits chimiques dans la fabrication de produits finis.<\/p>\n<p>Notre portefeuille comporte une gamme compl\u00e8te de liquides m\u00e9tallurgiques, de nettoyants industriels, de pr\u00e9traitements et de produits antirouille, capables de r\u00e9pondre \u00e0 vos besoins en produits chimiques \u00e0 toutes les \u00e9tapes de votre processus de fabrication. Notre \u00e9quipe de personnel exp\u00e9riment\u00e9 sur le terrain et notre laboratoire d&rsquo;analyse et d&rsquo;applications peuvent permettre d&rsquo;\u00e9laborer des solutions pour am\u00e9liorer la qualit\u00e9 de vos produits tout en r\u00e9duisant vos co\u00fbts.<\/p>\n<p>Si vous avez des probl\u00e8mes avec votre processus de fabrication ou si vous cherchez \u00e0 am\u00e9liorer la qualit\u00e9 de votre produit fini, pensez \u00e0 contacter DuBois Chemicals.<\/p>\n<p><strong>Pour voir tous nos excellents produits pour le secteur manufacturier, cliquez sur le bouton Catalogue de produits ci-dessus.<\/strong><\/p>\n","protected":false},"excerpt":{"rendered":"<p>DuBois est un fournisseur exp\u00e9riment\u00e9 de solutions innovantes qui peut satisfaire vos besoins en produits chimiques dans la fabrication de produits finis. Notre portefeuille comporte une gamme compl\u00e8te de liquides m\u00e9tallurgiques, de nettoyants industriels, de&#8230;<\/p>\n","protected":false},"author":220,"featured_media":0,"parent":0,"menu_order":0,"comment_status":"closed","ping_status":"closed","template":"template-prodinfo.php","meta":{"_acf_changed":false,"footnotes":""},"class_list":["post-10660","page","type-page","status-publish","hentry"],"acf":[],"yoast_head":"<!-- This site is optimized with the Yoast SEO plugin v26.8 - https:\/\/yoast.com\/product\/yoast-seo-wordpress\/ -->\n<title>Produits - Manufacturing<\/title>\n<meta name=\"robots\" content=\"index, follow, max-snippet:-1, max-image-preview:large, max-video-preview:-1\" \/>\n<link rel=\"canonical\" href=\"https:\/\/www.duboischemicals.com\/manufacturing\/fr\/products\/\" \/>\n<meta property=\"og:locale\" content=\"fr_FR\" \/>\n<meta property=\"og:type\" content=\"article\" \/>\n<meta property=\"og:title\" content=\"Produits - Manufacturing\" \/>\n<meta property=\"og:description\" content=\"DuBois est un fournisseur exp\u00e9riment\u00e9 de solutions innovantes qui peut satisfaire vos besoins en produits chimiques dans la fabrication de produits finis. Notre portefeuille comporte une gamme compl\u00e8te de liquides m\u00e9tallurgiques, de nettoyants industriels, de...\" \/>\n<meta property=\"og:url\" content=\"https:\/\/www.duboischemicals.com\/manufacturing\/fr\/products\/\" \/>\n<meta property=\"og:site_name\" content=\"Manufacturing\" \/>\n<meta property=\"article:modified_time\" content=\"2021-02-17T10:04:29+00:00\" \/>\n<meta property=\"og:image\" content=\"https:\/\/www.duboischemicals.com\/manufacturing\/wp-content\/uploads\/sites\/2\/2018\/10\/manufacturing.png\" \/>\n\t<meta property=\"og:image:width\" content=\"460\" \/>\n\t<meta property=\"og:image:height\" content=\"460\" \/>\n\t<meta property=\"og:image:type\" content=\"image\/png\" \/>\n<meta name=\"twitter:card\" content=\"summary_large_image\" \/>\n<meta name=\"twitter:label1\" content=\"Dur\u00e9e de lecture estim\u00e9e\" \/>\n\t<meta name=\"twitter:data1\" content=\"1 minute\" \/>\n<script type=\"application\/ld+json\" class=\"yoast-schema-graph\">{\"@context\":\"https:\/\/schema.org\",\"@graph\":[{\"@type\":\"WebPage\",\"@id\":\"https:\/\/www.duboischemicals.com\/manufacturing\/fr\/products\/\",\"url\":\"https:\/\/www.duboischemicals.com\/manufacturing\/fr\/products\/\",\"name\":\"Produits - Manufacturing\",\"isPartOf\":{\"@id\":\"https:\/\/www.duboischemicals.com\/manufacturing\/fr\/#website\"},\"datePublished\":\"2018-10-15T13:23:31+00:00\",\"dateModified\":\"2021-02-17T10:04:29+00:00\",\"breadcrumb\":{\"@id\":\"https:\/\/www.duboischemicals.com\/manufacturing\/fr\/products\/#breadcrumb\"},\"inLanguage\":\"fr-FR\",\"potentialAction\":[{\"@type\":\"ReadAction\",\"target\":[\"https:\/\/www.duboischemicals.com\/manufacturing\/fr\/products\/\"]}]},{\"@type\":\"BreadcrumbList\",\"@id\":\"https:\/\/www.duboischemicals.com\/manufacturing\/fr\/products\/#breadcrumb\",\"itemListElement\":[{\"@type\":\"ListItem\",\"position\":1,\"name\":\"Home\",\"item\":\"https:\/\/www.duboischemicals.com\/manufacturing\/fr\/\"},{\"@type\":\"ListItem\",\"position\":2,\"name\":\"Produits\"}]},{\"@type\":\"WebSite\",\"@id\":\"https:\/\/www.duboischemicals.com\/manufacturing\/fr\/#website\",\"url\":\"https:\/\/www.duboischemicals.com\/manufacturing\/fr\/\",\"name\":\"Manufacturing\",\"description\":\"\",\"potentialAction\":[{\"@type\":\"SearchAction\",\"target\":{\"@type\":\"EntryPoint\",\"urlTemplate\":\"https:\/\/www.duboischemicals.com\/manufacturing\/fr\/?s={search_term_string}\"},\"query-input\":{\"@type\":\"PropertyValueSpecification\",\"valueRequired\":true,\"valueName\":\"search_term_string\"}}],\"inLanguage\":\"fr-FR\"}]}<\/script>\n<!-- \/ Yoast SEO plugin. -->","yoast_head_json":{"title":"Produits - Manufacturing","robots":{"index":"index","follow":"follow","max-snippet":"max-snippet:-1","max-image-preview":"max-image-preview:large","max-video-preview":"max-video-preview:-1"},"canonical":"https:\/\/www.duboischemicals.com\/manufacturing\/fr\/products\/","og_locale":"fr_FR","og_type":"article","og_title":"Produits - Manufacturing","og_description":"DuBois est un fournisseur exp\u00e9riment\u00e9 de solutions innovantes qui peut satisfaire vos besoins en produits chimiques dans la fabrication de produits finis. Notre portefeuille comporte une gamme compl\u00e8te de liquides m\u00e9tallurgiques, de nettoyants industriels, de...","og_url":"https:\/\/www.duboischemicals.com\/manufacturing\/fr\/products\/","og_site_name":"Manufacturing","article_modified_time":"2021-02-17T10:04:29+00:00","og_image":[{"width":460,"height":460,"url":"https:\/\/www.duboischemicals.com\/manufacturing\/wp-content\/uploads\/sites\/2\/2018\/10\/manufacturing.png","type":"image\/png"}],"twitter_card":"summary_large_image","twitter_misc":{"Dur\u00e9e de lecture estim\u00e9e":"1 minute"},"schema":{"@context":"https:\/\/schema.org","@graph":[{"@type":"WebPage","@id":"https:\/\/www.duboischemicals.com\/manufacturing\/fr\/products\/","url":"https:\/\/www.duboischemicals.com\/manufacturing\/fr\/products\/","name":"Produits - Manufacturing","isPartOf":{"@id":"https:\/\/www.duboischemicals.com\/manufacturing\/fr\/#website"},"datePublished":"2018-10-15T13:23:31+00:00","dateModified":"2021-02-17T10:04:29+00:00","breadcrumb":{"@id":"https:\/\/www.duboischemicals.com\/manufacturing\/fr\/products\/#breadcrumb"},"inLanguage":"fr-FR","potentialAction":[{"@type":"ReadAction","target":["https:\/\/www.duboischemicals.com\/manufacturing\/fr\/products\/"]}]},{"@type":"BreadcrumbList","@id":"https:\/\/www.duboischemicals.com\/manufacturing\/fr\/products\/#breadcrumb","itemListElement":[{"@type":"ListItem","position":1,"name":"Home","item":"https:\/\/www.duboischemicals.com\/manufacturing\/fr\/"},{"@type":"ListItem","position":2,"name":"Produits"}]},{"@type":"WebSite","@id":"https:\/\/www.duboischemicals.com\/manufacturing\/fr\/#website","url":"https:\/\/www.duboischemicals.com\/manufacturing\/fr\/","name":"Manufacturing","description":"","potentialAction":[{"@type":"SearchAction","target":{"@type":"EntryPoint","urlTemplate":"https:\/\/www.duboischemicals.com\/manufacturing\/fr\/?s={search_term_string}"},"query-input":{"@type":"PropertyValueSpecification","valueRequired":true,"valueName":"search_term_string"}}],"inLanguage":"fr-FR"}]}},"_links":{"self":[{"href":"https:\/\/www.duboischemicals.com\/manufacturing\/fr\/wp-json\/wp\/v2\/pages\/10660","targetHints":{"allow":["GET"]}}],"collection":[{"href":"https:\/\/www.duboischemicals.com\/manufacturing\/fr\/wp-json\/wp\/v2\/pages"}],"about":[{"href":"https:\/\/www.duboischemicals.com\/manufacturing\/fr\/wp-json\/wp\/v2\/types\/page"}],"author":[{"embeddable":true,"href":"https:\/\/www.duboischemicals.com\/manufacturing\/fr\/wp-json\/wp\/v2\/users\/220"}],"replies":[{"embeddable":true,"href":"https:\/\/www.duboischemicals.com\/manufacturing\/fr\/wp-json\/wp\/v2\/comments?post=10660"}],"version-history":[{"count":3,"href":"https:\/\/www.duboischemicals.com\/manufacturing\/fr\/wp-json\/wp\/v2\/pages\/10660\/revisions"}],"predecessor-version":[{"id":11595,"href":"https:\/\/www.duboischemicals.com\/manufacturing\/fr\/wp-json\/wp\/v2\/pages\/10660\/revisions\/11595"}],"wp:attachment":[{"href":"https:\/\/www.duboischemicals.com\/manufacturing\/fr\/wp-json\/wp\/v2\/media?parent=10660"}],"curies":[{"name":"wp","href":"https:\/\/api.w.org\/{rel}","templated":true}]}}