{"id":10698,"date":"2018-10-15T12:43:38","date_gmt":"2018-10-15T16:43:38","guid":{"rendered":"https:\/\/www.duboischemicals.com\/\/manufacturing\/products\/lubricants\/"},"modified":"2021-02-17T05:04:25","modified_gmt":"2021-02-17T10:04:25","slug":"lubricants","status":"publish","type":"page","link":"https:\/\/www.duboischemicals.com\/manufacturing\/fr\/products\/lubricants\/","title":{"rendered":"Lubrifiants"},"content":{"rendered":"<p>DuBois propose des lubrifiants industriels de premi\u00e8re qualit\u00e9 correspondant aux sp\u00e9cifications des clients et de l\u2019industrie. Les acquisitions par DuBois d\u2019U.S. Industrial Lubricants, de Blue Star Lubricating Technology et de Perkins Products nous permet d&rsquo;incorporer les produits chimiques les mieux adapt\u00e9s aux applications particuli\u00e8res de nos clients et de prendre en compte les conditions environnementales pr\u00e9cises de celles-ci. Nos produits surpasseront les normes de l\u2019industrie et permettront d\u2019abaisser les temp\u00e9ratures de fonctionnement, d\u2019augmenter les vitesses et les charges et de minimiser la friction.<\/p>\n<p>Les graisses et les huiles DuBois sont con\u00e7ues pour les applications o\u00f9 l\u2019environnement d\u2019exploitation pose probl\u00e8me aux produits de qualit\u00e9 standard. Nos graisses et nos huiles industrielles de haute performance sont adapt\u00e9es \u00e0 des conditions tr\u00e8s vari\u00e9es\u00a0: temp\u00e9ratures extr\u00eames, jets d\u2019eau et lessivage intenses, applications \u00e0 charge \u00e9lev\u00e9e et environnements sales ou poussi\u00e9reux.<\/p>\n<p>DuBois propose des lubrifiants de qualit\u00e9 alimentaire pour les op\u00e9rations de traitement et de conditionnement des aliments et des boissons et pour les fabricants de produits qui entrent en contact direct ou accidentel avec des aliments ou des boissons.<\/p>\n<p>Les produits DuBois sont con\u00e7us pour rester en place et offrir des performances sup\u00e9rieures \u00e0 celles de tout autre produit sur le march\u00e9. Parmi nos produits, mentionnons\u00a0:<\/p>\n","protected":false},"excerpt":{"rendered":"<p>DuBois propose des lubrifiants industriels de premi\u00e8re qualit\u00e9 correspondant aux sp\u00e9cifications des clients et de l\u2019industrie. Les acquisitions par DuBois d\u2019U.S. Industrial Lubricants, de Blue Star Lubricating Technology et de Perkins Products nous permet d&rsquo;incorporer&#8230;<\/p>\n","protected":false},"author":220,"featured_media":11893,"parent":10660,"menu_order":2,"comment_status":"closed","ping_status":"closed","template":"template-prodinfo.php","meta":{"_acf_changed":false,"footnotes":""},"class_list":["post-10698","page","type-page","status-publish","has-post-thumbnail","hentry"],"acf":[],"yoast_head":"<!-- This site is optimized with the Yoast SEO plugin v26.8 - https:\/\/yoast.com\/product\/yoast-seo-wordpress\/ -->\n<title>Lubrifiants - Manufacturing<\/title>\n<meta name=\"robots\" content=\"index, follow, max-snippet:-1, max-image-preview:large, max-video-preview:-1\" \/>\n<link rel=\"canonical\" href=\"https:\/\/www.duboischemicals.com\/manufacturing\/fr\/products\/lubricants\/\" \/>\n<meta property=\"og:locale\" content=\"fr_FR\" \/>\n<meta property=\"og:type\" content=\"article\" \/>\n<meta property=\"og:title\" content=\"Lubrifiants - Manufacturing\" \/>\n<meta property=\"og:description\" content=\"DuBois propose des lubrifiants industriels de premi\u00e8re qualit\u00e9 correspondant aux sp\u00e9cifications des clients et de l\u2019industrie. Les acquisitions par DuBois d\u2019U.S. Industrial Lubricants, de Blue Star Lubricating Technology et de Perkins Products nous permet d&rsquo;incorporer...\" \/>\n<meta property=\"og:url\" content=\"https:\/\/www.duboischemicals.com\/manufacturing\/fr\/products\/lubricants\/\" \/>\n<meta property=\"og:site_name\" content=\"Manufacturing\" \/>\n<meta property=\"article:modified_time\" content=\"2021-02-17T10:04:25+00:00\" \/>\n<meta property=\"og:image\" content=\"https:\/\/www.duboischemicals.com\/manufacturing\/wp-content\/uploads\/sites\/2\/2018\/10\/iStock-494225576-Lubricants-4.jpg\" \/>\n\t<meta property=\"og:image:width\" content=\"454\" \/>\n\t<meta property=\"og:image:height\" content=\"450\" \/>\n\t<meta property=\"og:image:type\" content=\"image\/jpeg\" \/>\n<meta name=\"twitter:card\" content=\"summary_large_image\" \/>\n<meta name=\"twitter:label1\" content=\"Dur\u00e9e de lecture estim\u00e9e\" \/>\n\t<meta name=\"twitter:data1\" content=\"1 minute\" \/>\n<script type=\"application\/ld+json\" class=\"yoast-schema-graph\">{\"@context\":\"https:\/\/schema.org\",\"@graph\":[{\"@type\":\"WebPage\",\"@id\":\"https:\/\/www.duboischemicals.com\/manufacturing\/fr\/products\/lubricants\/\",\"url\":\"https:\/\/www.duboischemicals.com\/manufacturing\/fr\/products\/lubricants\/\",\"name\":\"Lubrifiants - Manufacturing\",\"isPartOf\":{\"@id\":\"https:\/\/www.duboischemicals.com\/manufacturing\/fr\/#website\"},\"primaryImageOfPage\":{\"@id\":\"https:\/\/www.duboischemicals.com\/manufacturing\/fr\/products\/lubricants\/#primaryimage\"},\"image\":{\"@id\":\"https:\/\/www.duboischemicals.com\/manufacturing\/fr\/products\/lubricants\/#primaryimage\"},\"thumbnailUrl\":\"https:\/\/www.duboischemicals.com\/manufacturing\/wp-content\/uploads\/sites\/2\/2023\/06\/127.png\",\"datePublished\":\"2018-10-15T16:43:38+00:00\",\"dateModified\":\"2021-02-17T10:04:25+00:00\",\"breadcrumb\":{\"@id\":\"https:\/\/www.duboischemicals.com\/manufacturing\/fr\/products\/lubricants\/#breadcrumb\"},\"inLanguage\":\"fr-FR\",\"potentialAction\":[{\"@type\":\"ReadAction\",\"target\":[\"https:\/\/www.duboischemicals.com\/manufacturing\/fr\/products\/lubricants\/\"]}]},{\"@type\":\"ImageObject\",\"inLanguage\":\"fr-FR\",\"@id\":\"https:\/\/www.duboischemicals.com\/manufacturing\/fr\/products\/lubricants\/#primaryimage\",\"url\":\"https:\/\/www.duboischemicals.com\/manufacturing\/wp-content\/uploads\/sites\/2\/2023\/06\/127.png\",\"contentUrl\":\"https:\/\/www.duboischemicals.com\/manufacturing\/wp-content\/uploads\/sites\/2\/2023\/06\/127.png\",\"width\":450,\"height\":450,\"caption\":\"Lubricants Icon\"},{\"@type\":\"BreadcrumbList\",\"@id\":\"https:\/\/www.duboischemicals.com\/manufacturing\/fr\/products\/lubricants\/#breadcrumb\",\"itemListElement\":[{\"@type\":\"ListItem\",\"position\":1,\"name\":\"Home\",\"item\":\"https:\/\/www.duboischemicals.com\/manufacturing\/fr\/\"},{\"@type\":\"ListItem\",\"position\":2,\"name\":\"Produits\",\"item\":\"https:\/\/www.duboischemicals.com\/manufacturing\/fr\/products\/\"},{\"@type\":\"ListItem\",\"position\":3,\"name\":\"Lubrifiants\"}]},{\"@type\":\"WebSite\",\"@id\":\"https:\/\/www.duboischemicals.com\/manufacturing\/fr\/#website\",\"url\":\"https:\/\/www.duboischemicals.com\/manufacturing\/fr\/\",\"name\":\"Manufacturing\",\"description\":\"\",\"potentialAction\":[{\"@type\":\"SearchAction\",\"target\":{\"@type\":\"EntryPoint\",\"urlTemplate\":\"https:\/\/www.duboischemicals.com\/manufacturing\/fr\/?s={search_term_string}\"},\"query-input\":{\"@type\":\"PropertyValueSpecification\",\"valueRequired\":true,\"valueName\":\"search_term_string\"}}],\"inLanguage\":\"fr-FR\"}]}<\/script>\n<!-- \/ Yoast SEO plugin. -->","yoast_head_json":{"title":"Lubrifiants - Manufacturing","robots":{"index":"index","follow":"follow","max-snippet":"max-snippet:-1","max-image-preview":"max-image-preview:large","max-video-preview":"max-video-preview:-1"},"canonical":"https:\/\/www.duboischemicals.com\/manufacturing\/fr\/products\/lubricants\/","og_locale":"fr_FR","og_type":"article","og_title":"Lubrifiants - Manufacturing","og_description":"DuBois propose des lubrifiants industriels de premi\u00e8re qualit\u00e9 correspondant aux sp\u00e9cifications des clients et de l\u2019industrie. Les acquisitions par DuBois d\u2019U.S. Industrial Lubricants, de Blue Star Lubricating Technology et de Perkins Products nous permet d&rsquo;incorporer...","og_url":"https:\/\/www.duboischemicals.com\/manufacturing\/fr\/products\/lubricants\/","og_site_name":"Manufacturing","article_modified_time":"2021-02-17T10:04:25+00:00","og_image":[{"width":454,"height":450,"url":"https:\/\/www.duboischemicals.com\/manufacturing\/wp-content\/uploads\/sites\/2\/2018\/10\/iStock-494225576-Lubricants-4.jpg","type":"image\/jpeg"}],"twitter_card":"summary_large_image","twitter_misc":{"Dur\u00e9e de lecture estim\u00e9e":"1 minute"},"schema":{"@context":"https:\/\/schema.org","@graph":[{"@type":"WebPage","@id":"https:\/\/www.duboischemicals.com\/manufacturing\/fr\/products\/lubricants\/","url":"https:\/\/www.duboischemicals.com\/manufacturing\/fr\/products\/lubricants\/","name":"Lubrifiants - Manufacturing","isPartOf":{"@id":"https:\/\/www.duboischemicals.com\/manufacturing\/fr\/#website"},"primaryImageOfPage":{"@id":"https:\/\/www.duboischemicals.com\/manufacturing\/fr\/products\/lubricants\/#primaryimage"},"image":{"@id":"https:\/\/www.duboischemicals.com\/manufacturing\/fr\/products\/lubricants\/#primaryimage"},"thumbnailUrl":"https:\/\/www.duboischemicals.com\/manufacturing\/wp-content\/uploads\/sites\/2\/2023\/06\/127.png","datePublished":"2018-10-15T16:43:38+00:00","dateModified":"2021-02-17T10:04:25+00:00","breadcrumb":{"@id":"https:\/\/www.duboischemicals.com\/manufacturing\/fr\/products\/lubricants\/#breadcrumb"},"inLanguage":"fr-FR","potentialAction":[{"@type":"ReadAction","target":["https:\/\/www.duboischemicals.com\/manufacturing\/fr\/products\/lubricants\/"]}]},{"@type":"ImageObject","inLanguage":"fr-FR","@id":"https:\/\/www.duboischemicals.com\/manufacturing\/fr\/products\/lubricants\/#primaryimage","url":"https:\/\/www.duboischemicals.com\/manufacturing\/wp-content\/uploads\/sites\/2\/2023\/06\/127.png","contentUrl":"https:\/\/www.duboischemicals.com\/manufacturing\/wp-content\/uploads\/sites\/2\/2023\/06\/127.png","width":450,"height":450,"caption":"Lubricants Icon"},{"@type":"BreadcrumbList","@id":"https:\/\/www.duboischemicals.com\/manufacturing\/fr\/products\/lubricants\/#breadcrumb","itemListElement":[{"@type":"ListItem","position":1,"name":"Home","item":"https:\/\/www.duboischemicals.com\/manufacturing\/fr\/"},{"@type":"ListItem","position":2,"name":"Produits","item":"https:\/\/www.duboischemicals.com\/manufacturing\/fr\/products\/"},{"@type":"ListItem","position":3,"name":"Lubrifiants"}]},{"@type":"WebSite","@id":"https:\/\/www.duboischemicals.com\/manufacturing\/fr\/#website","url":"https:\/\/www.duboischemicals.com\/manufacturing\/fr\/","name":"Manufacturing","description":"","potentialAction":[{"@type":"SearchAction","target":{"@type":"EntryPoint","urlTemplate":"https:\/\/www.duboischemicals.com\/manufacturing\/fr\/?s={search_term_string}"},"query-input":{"@type":"PropertyValueSpecification","valueRequired":true,"valueName":"search_term_string"}}],"inLanguage":"fr-FR"}]}},"_links":{"self":[{"href":"https:\/\/www.duboischemicals.com\/manufacturing\/fr\/wp-json\/wp\/v2\/pages\/10698","targetHints":{"allow":["GET"]}}],"collection":[{"href":"https:\/\/www.duboischemicals.com\/manufacturing\/fr\/wp-json\/wp\/v2\/pages"}],"about":[{"href":"https:\/\/www.duboischemicals.com\/manufacturing\/fr\/wp-json\/wp\/v2\/types\/page"}],"author":[{"embeddable":true,"href":"https:\/\/www.duboischemicals.com\/manufacturing\/fr\/wp-json\/wp\/v2\/users\/220"}],"replies":[{"embeddable":true,"href":"https:\/\/www.duboischemicals.com\/manufacturing\/fr\/wp-json\/wp\/v2\/comments?post=10698"}],"version-history":[{"count":3,"href":"https:\/\/www.duboischemicals.com\/manufacturing\/fr\/wp-json\/wp\/v2\/pages\/10698\/revisions"}],"predecessor-version":[{"id":11586,"href":"https:\/\/www.duboischemicals.com\/manufacturing\/fr\/wp-json\/wp\/v2\/pages\/10698\/revisions\/11586"}],"up":[{"embeddable":true,"href":"https:\/\/www.duboischemicals.com\/manufacturing\/fr\/wp-json\/wp\/v2\/pages\/10660"}],"wp:featuredmedia":[{"embeddable":true,"href":"https:\/\/www.duboischemicals.com\/manufacturing\/fr\/wp-json\/wp\/v2\/media\/11893"}],"wp:attachment":[{"href":"https:\/\/www.duboischemicals.com\/manufacturing\/fr\/wp-json\/wp\/v2\/media?parent=10698"}],"curies":[{"name":"wp","href":"https:\/\/api.w.org\/{rel}","templated":true}]}}