{"id":10707,"date":"2018-10-15T12:43:53","date_gmt":"2018-10-15T16:43:53","guid":{"rendered":"https:\/\/www.duboischemicals.com\/\/manufacturing\/products\/industrial-cleaners\/"},"modified":"2021-02-17T05:04:03","modified_gmt":"2021-02-17T10:04:03","slug":"industrial-cleaners","status":"publish","type":"page","link":"https:\/\/www.duboischemicals.com\/manufacturing\/fr\/products\/industrial-cleaners\/","title":{"rendered":"Nettoyants industriels"},"content":{"rendered":"<p>DuBois comprend que le nettoyage est une \u00e9tape cruciale de tout proc\u00e9d\u00e9 de fabrication, de finition et de traitement de surface des m\u00e9taux. Les liquides m\u00e9tallurgiques, les lubrifiants pour machines, la graisse, l\u2019oxydation, le tartre et les d\u00e9p\u00f4ts s\u2019accumulent sur vos pi\u00e8ces au cours du proc\u00e9d\u00e9 de fabrication. Nos nettoyants pour m\u00e9taux haute performance \u00e9limineront efficacement et \u00e9conomiquement les gros d\u00e9p\u00f4ts de salet\u00e9 en pr\u00e9sence de temp\u00e9ratures de nettoyage les plus basses possibles.<\/p>\n<p>Lors de l&rsquo;\u00e9laboration de votre programme de nettoyage personnalis\u00e9, les laboratoires et les sp\u00e9cialistes techniques de DuBois prennent en consid\u00e9ration la nature de vos souillures et de vos m\u00e9taux, l\u2019\u00e9quipement utilis\u00e9 pour le proc\u00e9d\u00e9, la qualit\u00e9 de l\u2019eau, les exigences en mati\u00e8re de propret\u00e9 et les crit\u00e8res environnementaux. Notre \u00e9quipe d\u2019ing\u00e9nieurs d\u2019application peut simuler votre proc\u00e9d\u00e9 actuel, envisager des proc\u00e9d\u00e9s de rechange et \u00e9valuer les r\u00e9sultats afin de s\u00e9lectionner les produits chimiques qui r\u00e9pondent \u00e0 vos exigences en mati\u00e8re de qualit\u00e9 et conviennent le mieux \u00e0 votre installation. Notre laboratoire d\u2019analyse peut identifier les souillures, \u00e9valuer les substrats et tester la qualit\u00e9 de l\u2019eau pour vous aider \u00e0 choisir les bons produits.<\/p>\n<p>La gamme compl\u00e8te de nettoyants industriels DuBois comprend\u00a0:<\/p>\n","protected":false},"excerpt":{"rendered":"<p>DuBois comprend que le nettoyage est une \u00e9tape cruciale de tout proc\u00e9d\u00e9 de fabrication, de finition et de traitement de surface des m\u00e9taux. Les liquides m\u00e9tallurgiques, les lubrifiants pour machines, la graisse, l\u2019oxydation, le tartre&#8230;<\/p>\n","protected":false},"author":220,"featured_media":11897,"parent":10660,"menu_order":3,"comment_status":"closed","ping_status":"closed","template":"template-prodinfo.php","meta":{"_acf_changed":false,"footnotes":""},"class_list":["post-10707","page","type-page","status-publish","has-post-thumbnail","hentry"],"acf":[],"yoast_head":"<!-- This site is optimized with the Yoast SEO plugin v26.8 - https:\/\/yoast.com\/product\/yoast-seo-wordpress\/ -->\n<title>Nettoyants industriels - Manufacturing<\/title>\n<meta name=\"robots\" content=\"index, follow, max-snippet:-1, max-image-preview:large, max-video-preview:-1\" \/>\n<link rel=\"canonical\" href=\"https:\/\/www.duboischemicals.com\/manufacturing\/fr\/products\/industrial-cleaners\/\" \/>\n<meta property=\"og:locale\" content=\"fr_FR\" \/>\n<meta property=\"og:type\" content=\"article\" \/>\n<meta property=\"og:title\" content=\"Nettoyants industriels - Manufacturing\" \/>\n<meta property=\"og:description\" content=\"DuBois comprend que le nettoyage est une \u00e9tape cruciale de tout proc\u00e9d\u00e9 de fabrication, de finition et de traitement de surface des m\u00e9taux. Les liquides m\u00e9tallurgiques, les lubrifiants pour machines, la graisse, l\u2019oxydation, le tartre...\" \/>\n<meta property=\"og:url\" content=\"https:\/\/www.duboischemicals.com\/manufacturing\/fr\/products\/industrial-cleaners\/\" \/>\n<meta property=\"og:site_name\" content=\"Manufacturing\" \/>\n<meta property=\"article:modified_time\" content=\"2021-02-17T10:04:03+00:00\" \/>\n<meta property=\"og:image\" content=\"https:\/\/www.duboischemicals.com\/manufacturing\/wp-content\/uploads\/sites\/2\/2018\/10\/Industrial-Cleaning.jpg\" \/>\n\t<meta property=\"og:image:width\" content=\"454\" \/>\n\t<meta property=\"og:image:height\" content=\"450\" \/>\n\t<meta property=\"og:image:type\" content=\"image\/jpeg\" \/>\n<meta name=\"twitter:card\" content=\"summary_large_image\" \/>\n<meta name=\"twitter:label1\" content=\"Dur\u00e9e de lecture estim\u00e9e\" \/>\n\t<meta name=\"twitter:data1\" content=\"1 minute\" \/>\n<script type=\"application\/ld+json\" class=\"yoast-schema-graph\">{\"@context\":\"https:\/\/schema.org\",\"@graph\":[{\"@type\":\"WebPage\",\"@id\":\"https:\/\/www.duboischemicals.com\/manufacturing\/fr\/products\/industrial-cleaners\/\",\"url\":\"https:\/\/www.duboischemicals.com\/manufacturing\/fr\/products\/industrial-cleaners\/\",\"name\":\"Nettoyants industriels - Manufacturing\",\"isPartOf\":{\"@id\":\"https:\/\/www.duboischemicals.com\/manufacturing\/fr\/#website\"},\"primaryImageOfPage\":{\"@id\":\"https:\/\/www.duboischemicals.com\/manufacturing\/fr\/products\/industrial-cleaners\/#primaryimage\"},\"image\":{\"@id\":\"https:\/\/www.duboischemicals.com\/manufacturing\/fr\/products\/industrial-cleaners\/#primaryimage\"},\"thumbnailUrl\":\"https:\/\/www.duboischemicals.com\/manufacturing\/wp-content\/uploads\/sites\/2\/2023\/06\/186.png\",\"datePublished\":\"2018-10-15T16:43:53+00:00\",\"dateModified\":\"2021-02-17T10:04:03+00:00\",\"breadcrumb\":{\"@id\":\"https:\/\/www.duboischemicals.com\/manufacturing\/fr\/products\/industrial-cleaners\/#breadcrumb\"},\"inLanguage\":\"fr-FR\",\"potentialAction\":[{\"@type\":\"ReadAction\",\"target\":[\"https:\/\/www.duboischemicals.com\/manufacturing\/fr\/products\/industrial-cleaners\/\"]}]},{\"@type\":\"ImageObject\",\"inLanguage\":\"fr-FR\",\"@id\":\"https:\/\/www.duboischemicals.com\/manufacturing\/fr\/products\/industrial-cleaners\/#primaryimage\",\"url\":\"https:\/\/www.duboischemicals.com\/manufacturing\/wp-content\/uploads\/sites\/2\/2023\/06\/186.png\",\"contentUrl\":\"https:\/\/www.duboischemicals.com\/manufacturing\/wp-content\/uploads\/sites\/2\/2023\/06\/186.png\",\"width\":450,\"height\":450,\"caption\":\"Industrial Cleaners Icon\"},{\"@type\":\"BreadcrumbList\",\"@id\":\"https:\/\/www.duboischemicals.com\/manufacturing\/fr\/products\/industrial-cleaners\/#breadcrumb\",\"itemListElement\":[{\"@type\":\"ListItem\",\"position\":1,\"name\":\"Home\",\"item\":\"https:\/\/www.duboischemicals.com\/manufacturing\/fr\/\"},{\"@type\":\"ListItem\",\"position\":2,\"name\":\"Produits\",\"item\":\"https:\/\/www.duboischemicals.com\/manufacturing\/fr\/products\/\"},{\"@type\":\"ListItem\",\"position\":3,\"name\":\"Nettoyants industriels\"}]},{\"@type\":\"WebSite\",\"@id\":\"https:\/\/www.duboischemicals.com\/manufacturing\/fr\/#website\",\"url\":\"https:\/\/www.duboischemicals.com\/manufacturing\/fr\/\",\"name\":\"Manufacturing\",\"description\":\"\",\"potentialAction\":[{\"@type\":\"SearchAction\",\"target\":{\"@type\":\"EntryPoint\",\"urlTemplate\":\"https:\/\/www.duboischemicals.com\/manufacturing\/fr\/?s={search_term_string}\"},\"query-input\":{\"@type\":\"PropertyValueSpecification\",\"valueRequired\":true,\"valueName\":\"search_term_string\"}}],\"inLanguage\":\"fr-FR\"}]}<\/script>\n<!-- \/ Yoast SEO plugin. -->","yoast_head_json":{"title":"Nettoyants industriels - Manufacturing","robots":{"index":"index","follow":"follow","max-snippet":"max-snippet:-1","max-image-preview":"max-image-preview:large","max-video-preview":"max-video-preview:-1"},"canonical":"https:\/\/www.duboischemicals.com\/manufacturing\/fr\/products\/industrial-cleaners\/","og_locale":"fr_FR","og_type":"article","og_title":"Nettoyants industriels - Manufacturing","og_description":"DuBois comprend que le nettoyage est une \u00e9tape cruciale de tout proc\u00e9d\u00e9 de fabrication, de finition et de traitement de surface des m\u00e9taux. Les liquides m\u00e9tallurgiques, les lubrifiants pour machines, la graisse, l\u2019oxydation, le tartre...","og_url":"https:\/\/www.duboischemicals.com\/manufacturing\/fr\/products\/industrial-cleaners\/","og_site_name":"Manufacturing","article_modified_time":"2021-02-17T10:04:03+00:00","og_image":[{"width":454,"height":450,"url":"https:\/\/www.duboischemicals.com\/manufacturing\/wp-content\/uploads\/sites\/2\/2018\/10\/Industrial-Cleaning.jpg","type":"image\/jpeg"}],"twitter_card":"summary_large_image","twitter_misc":{"Dur\u00e9e de lecture estim\u00e9e":"1 minute"},"schema":{"@context":"https:\/\/schema.org","@graph":[{"@type":"WebPage","@id":"https:\/\/www.duboischemicals.com\/manufacturing\/fr\/products\/industrial-cleaners\/","url":"https:\/\/www.duboischemicals.com\/manufacturing\/fr\/products\/industrial-cleaners\/","name":"Nettoyants industriels - Manufacturing","isPartOf":{"@id":"https:\/\/www.duboischemicals.com\/manufacturing\/fr\/#website"},"primaryImageOfPage":{"@id":"https:\/\/www.duboischemicals.com\/manufacturing\/fr\/products\/industrial-cleaners\/#primaryimage"},"image":{"@id":"https:\/\/www.duboischemicals.com\/manufacturing\/fr\/products\/industrial-cleaners\/#primaryimage"},"thumbnailUrl":"https:\/\/www.duboischemicals.com\/manufacturing\/wp-content\/uploads\/sites\/2\/2023\/06\/186.png","datePublished":"2018-10-15T16:43:53+00:00","dateModified":"2021-02-17T10:04:03+00:00","breadcrumb":{"@id":"https:\/\/www.duboischemicals.com\/manufacturing\/fr\/products\/industrial-cleaners\/#breadcrumb"},"inLanguage":"fr-FR","potentialAction":[{"@type":"ReadAction","target":["https:\/\/www.duboischemicals.com\/manufacturing\/fr\/products\/industrial-cleaners\/"]}]},{"@type":"ImageObject","inLanguage":"fr-FR","@id":"https:\/\/www.duboischemicals.com\/manufacturing\/fr\/products\/industrial-cleaners\/#primaryimage","url":"https:\/\/www.duboischemicals.com\/manufacturing\/wp-content\/uploads\/sites\/2\/2023\/06\/186.png","contentUrl":"https:\/\/www.duboischemicals.com\/manufacturing\/wp-content\/uploads\/sites\/2\/2023\/06\/186.png","width":450,"height":450,"caption":"Industrial Cleaners Icon"},{"@type":"BreadcrumbList","@id":"https:\/\/www.duboischemicals.com\/manufacturing\/fr\/products\/industrial-cleaners\/#breadcrumb","itemListElement":[{"@type":"ListItem","position":1,"name":"Home","item":"https:\/\/www.duboischemicals.com\/manufacturing\/fr\/"},{"@type":"ListItem","position":2,"name":"Produits","item":"https:\/\/www.duboischemicals.com\/manufacturing\/fr\/products\/"},{"@type":"ListItem","position":3,"name":"Nettoyants industriels"}]},{"@type":"WebSite","@id":"https:\/\/www.duboischemicals.com\/manufacturing\/fr\/#website","url":"https:\/\/www.duboischemicals.com\/manufacturing\/fr\/","name":"Manufacturing","description":"","potentialAction":[{"@type":"SearchAction","target":{"@type":"EntryPoint","urlTemplate":"https:\/\/www.duboischemicals.com\/manufacturing\/fr\/?s={search_term_string}"},"query-input":{"@type":"PropertyValueSpecification","valueRequired":true,"valueName":"search_term_string"}}],"inLanguage":"fr-FR"}]}},"_links":{"self":[{"href":"https:\/\/www.duboischemicals.com\/manufacturing\/fr\/wp-json\/wp\/v2\/pages\/10707","targetHints":{"allow":["GET"]}}],"collection":[{"href":"https:\/\/www.duboischemicals.com\/manufacturing\/fr\/wp-json\/wp\/v2\/pages"}],"about":[{"href":"https:\/\/www.duboischemicals.com\/manufacturing\/fr\/wp-json\/wp\/v2\/types\/page"}],"author":[{"embeddable":true,"href":"https:\/\/www.duboischemicals.com\/manufacturing\/fr\/wp-json\/wp\/v2\/users\/220"}],"replies":[{"embeddable":true,"href":"https:\/\/www.duboischemicals.com\/manufacturing\/fr\/wp-json\/wp\/v2\/comments?post=10707"}],"version-history":[{"count":3,"href":"https:\/\/www.duboischemicals.com\/manufacturing\/fr\/wp-json\/wp\/v2\/pages\/10707\/revisions"}],"predecessor-version":[{"id":11533,"href":"https:\/\/www.duboischemicals.com\/manufacturing\/fr\/wp-json\/wp\/v2\/pages\/10707\/revisions\/11533"}],"up":[{"embeddable":true,"href":"https:\/\/www.duboischemicals.com\/manufacturing\/fr\/wp-json\/wp\/v2\/pages\/10660"}],"wp:featuredmedia":[{"embeddable":true,"href":"https:\/\/www.duboischemicals.com\/manufacturing\/fr\/wp-json\/wp\/v2\/media\/11897"}],"wp:attachment":[{"href":"https:\/\/www.duboischemicals.com\/manufacturing\/fr\/wp-json\/wp\/v2\/media?parent=10707"}],"curies":[{"name":"wp","href":"https:\/\/api.w.org\/{rel}","templated":true}]}}