{"id":10718,"date":"2018-10-15T12:44:13","date_gmt":"2018-10-15T16:44:13","guid":{"rendered":"https:\/\/www.duboischemicals.com\/\/manufacturing\/products\/rust-preventives\/"},"modified":"2021-02-17T05:03:46","modified_gmt":"2021-02-17T10:03:46","slug":"rust-preventives","status":"publish","type":"page","link":"https:\/\/www.duboischemicals.com\/manufacturing\/fr\/products\/rust-preventives\/","title":{"rendered":"Antirouilles"},"content":{"rendered":"<p>La corrosion peut ruiner l\u2019apparence de vos pi\u00e8ces en plus d\u2019endommager la peinture et de nuire aux performances de votre produit. La corrosion peut survenir \u00e0 n\u2019importe quel moment\u00a0: lors de la production, de l\u2019entreposage ou du transport de vos articles. DuBois propose une gamme compl\u00e8te de produits antirouille qui \u00e9vitent les remises en fabrication co\u00fbteuses, r\u00e9duisent le nombre d\u2019articles rejet\u00e9s et permettent de r\u00e9aliser des \u00e9conomies.<\/p>\n<p>DuBois propose divers types de produits antirouille, notamment\u00a0:<\/p>\n<ul>\n<li>Solvants hydrophobes<\/li>\n<li>Huiles hydrosolubles<\/li>\n<li>Produits synth\u00e9tiques hydrosolubles<\/li>\n<li>Nettoyants antirouille<\/li>\n<\/ul>\n<p>Qu\u2019il s\u2019agisse de prot\u00e9ger vos pi\u00e8ces pendant quelques heures entre deux proc\u00e9d\u00e9s, ou d\u2019exp\u00e9dier des pi\u00e8ces \u00e0 l\u2019\u00e9tranger, DuBois dispose de solutions efficaces qui r\u00e9pondront \u00e0 vos besoins. Nous proposons des antirouilles sp\u00e9cialis\u00e9s pour les applications suivantes\u00a0:<\/p>\n","protected":false},"excerpt":{"rendered":"<p>La corrosion peut ruiner l\u2019apparence de vos pi\u00e8ces en plus d\u2019endommager la peinture et de nuire aux performances de votre produit. La corrosion peut survenir \u00e0 n\u2019importe quel moment\u00a0: lors de la production, de l\u2019entreposage&#8230;<\/p>\n","protected":false},"author":220,"featured_media":11895,"parent":10660,"menu_order":4,"comment_status":"closed","ping_status":"closed","template":"template-prodinfo.php","meta":{"_acf_changed":false,"footnotes":""},"class_list":["post-10718","page","type-page","status-publish","has-post-thumbnail","hentry"],"acf":[],"yoast_head":"<!-- This site is optimized with the Yoast SEO plugin v26.8 - https:\/\/yoast.com\/product\/yoast-seo-wordpress\/ -->\n<title>Antirouilles - Manufacturing<\/title>\n<meta name=\"robots\" content=\"index, follow, max-snippet:-1, max-image-preview:large, max-video-preview:-1\" \/>\n<link rel=\"canonical\" href=\"https:\/\/www.duboischemicals.com\/manufacturing\/fr\/products\/rust-preventives\/\" \/>\n<meta property=\"og:locale\" content=\"fr_FR\" \/>\n<meta property=\"og:type\" content=\"article\" \/>\n<meta property=\"og:title\" content=\"Antirouilles - Manufacturing\" \/>\n<meta property=\"og:description\" content=\"La corrosion peut ruiner l\u2019apparence de vos pi\u00e8ces en plus d\u2019endommager la peinture et de nuire aux performances de votre produit. La corrosion peut survenir \u00e0 n\u2019importe quel moment\u00a0: lors de la production, de l\u2019entreposage...\" \/>\n<meta property=\"og:url\" content=\"https:\/\/www.duboischemicals.com\/manufacturing\/fr\/products\/rust-preventives\/\" \/>\n<meta property=\"og:site_name\" content=\"Manufacturing\" \/>\n<meta property=\"article:modified_time\" content=\"2021-02-17T10:03:46+00:00\" \/>\n<meta property=\"og:image\" content=\"https:\/\/www.duboischemicals.com\/manufacturing\/wp-content\/uploads\/sites\/2\/2018\/10\/iStock_000016766880-Rust-Preventatives-1.jpg\" \/>\n\t<meta property=\"og:image:width\" content=\"454\" \/>\n\t<meta property=\"og:image:height\" content=\"450\" \/>\n\t<meta property=\"og:image:type\" content=\"image\/jpeg\" \/>\n<meta name=\"twitter:card\" content=\"summary_large_image\" \/>\n<meta name=\"twitter:label1\" content=\"Dur\u00e9e de lecture estim\u00e9e\" \/>\n\t<meta name=\"twitter:data1\" content=\"1 minute\" \/>\n<script type=\"application\/ld+json\" class=\"yoast-schema-graph\">{\"@context\":\"https:\/\/schema.org\",\"@graph\":[{\"@type\":\"WebPage\",\"@id\":\"https:\/\/www.duboischemicals.com\/manufacturing\/fr\/products\/rust-preventives\/\",\"url\":\"https:\/\/www.duboischemicals.com\/manufacturing\/fr\/products\/rust-preventives\/\",\"name\":\"Antirouilles - Manufacturing\",\"isPartOf\":{\"@id\":\"https:\/\/www.duboischemicals.com\/manufacturing\/fr\/#website\"},\"primaryImageOfPage\":{\"@id\":\"https:\/\/www.duboischemicals.com\/manufacturing\/fr\/products\/rust-preventives\/#primaryimage\"},\"image\":{\"@id\":\"https:\/\/www.duboischemicals.com\/manufacturing\/fr\/products\/rust-preventives\/#primaryimage\"},\"thumbnailUrl\":\"https:\/\/www.duboischemicals.com\/manufacturing\/wp-content\/uploads\/sites\/2\/2023\/06\/113.png\",\"datePublished\":\"2018-10-15T16:44:13+00:00\",\"dateModified\":\"2021-02-17T10:03:46+00:00\",\"breadcrumb\":{\"@id\":\"https:\/\/www.duboischemicals.com\/manufacturing\/fr\/products\/rust-preventives\/#breadcrumb\"},\"inLanguage\":\"fr-FR\",\"potentialAction\":[{\"@type\":\"ReadAction\",\"target\":[\"https:\/\/www.duboischemicals.com\/manufacturing\/fr\/products\/rust-preventives\/\"]}]},{\"@type\":\"ImageObject\",\"inLanguage\":\"fr-FR\",\"@id\":\"https:\/\/www.duboischemicals.com\/manufacturing\/fr\/products\/rust-preventives\/#primaryimage\",\"url\":\"https:\/\/www.duboischemicals.com\/manufacturing\/wp-content\/uploads\/sites\/2\/2023\/06\/113.png\",\"contentUrl\":\"https:\/\/www.duboischemicals.com\/manufacturing\/wp-content\/uploads\/sites\/2\/2023\/06\/113.png\",\"width\":450,\"height\":450,\"caption\":\"Rust Preventatives Icon\"},{\"@type\":\"BreadcrumbList\",\"@id\":\"https:\/\/www.duboischemicals.com\/manufacturing\/fr\/products\/rust-preventives\/#breadcrumb\",\"itemListElement\":[{\"@type\":\"ListItem\",\"position\":1,\"name\":\"Home\",\"item\":\"https:\/\/www.duboischemicals.com\/manufacturing\/fr\/\"},{\"@type\":\"ListItem\",\"position\":2,\"name\":\"Produits\",\"item\":\"https:\/\/www.duboischemicals.com\/manufacturing\/fr\/products\/\"},{\"@type\":\"ListItem\",\"position\":3,\"name\":\"Antirouilles\"}]},{\"@type\":\"WebSite\",\"@id\":\"https:\/\/www.duboischemicals.com\/manufacturing\/fr\/#website\",\"url\":\"https:\/\/www.duboischemicals.com\/manufacturing\/fr\/\",\"name\":\"Manufacturing\",\"description\":\"\",\"potentialAction\":[{\"@type\":\"SearchAction\",\"target\":{\"@type\":\"EntryPoint\",\"urlTemplate\":\"https:\/\/www.duboischemicals.com\/manufacturing\/fr\/?s={search_term_string}\"},\"query-input\":{\"@type\":\"PropertyValueSpecification\",\"valueRequired\":true,\"valueName\":\"search_term_string\"}}],\"inLanguage\":\"fr-FR\"}]}<\/script>\n<!-- \/ Yoast SEO plugin. -->","yoast_head_json":{"title":"Antirouilles - Manufacturing","robots":{"index":"index","follow":"follow","max-snippet":"max-snippet:-1","max-image-preview":"max-image-preview:large","max-video-preview":"max-video-preview:-1"},"canonical":"https:\/\/www.duboischemicals.com\/manufacturing\/fr\/products\/rust-preventives\/","og_locale":"fr_FR","og_type":"article","og_title":"Antirouilles - Manufacturing","og_description":"La corrosion peut ruiner l\u2019apparence de vos pi\u00e8ces en plus d\u2019endommager la peinture et de nuire aux performances de votre produit. La corrosion peut survenir \u00e0 n\u2019importe quel moment\u00a0: lors de la production, de l\u2019entreposage...","og_url":"https:\/\/www.duboischemicals.com\/manufacturing\/fr\/products\/rust-preventives\/","og_site_name":"Manufacturing","article_modified_time":"2021-02-17T10:03:46+00:00","og_image":[{"width":454,"height":450,"url":"https:\/\/www.duboischemicals.com\/manufacturing\/wp-content\/uploads\/sites\/2\/2018\/10\/iStock_000016766880-Rust-Preventatives-1.jpg","type":"image\/jpeg"}],"twitter_card":"summary_large_image","twitter_misc":{"Dur\u00e9e de lecture estim\u00e9e":"1 minute"},"schema":{"@context":"https:\/\/schema.org","@graph":[{"@type":"WebPage","@id":"https:\/\/www.duboischemicals.com\/manufacturing\/fr\/products\/rust-preventives\/","url":"https:\/\/www.duboischemicals.com\/manufacturing\/fr\/products\/rust-preventives\/","name":"Antirouilles - Manufacturing","isPartOf":{"@id":"https:\/\/www.duboischemicals.com\/manufacturing\/fr\/#website"},"primaryImageOfPage":{"@id":"https:\/\/www.duboischemicals.com\/manufacturing\/fr\/products\/rust-preventives\/#primaryimage"},"image":{"@id":"https:\/\/www.duboischemicals.com\/manufacturing\/fr\/products\/rust-preventives\/#primaryimage"},"thumbnailUrl":"https:\/\/www.duboischemicals.com\/manufacturing\/wp-content\/uploads\/sites\/2\/2023\/06\/113.png","datePublished":"2018-10-15T16:44:13+00:00","dateModified":"2021-02-17T10:03:46+00:00","breadcrumb":{"@id":"https:\/\/www.duboischemicals.com\/manufacturing\/fr\/products\/rust-preventives\/#breadcrumb"},"inLanguage":"fr-FR","potentialAction":[{"@type":"ReadAction","target":["https:\/\/www.duboischemicals.com\/manufacturing\/fr\/products\/rust-preventives\/"]}]},{"@type":"ImageObject","inLanguage":"fr-FR","@id":"https:\/\/www.duboischemicals.com\/manufacturing\/fr\/products\/rust-preventives\/#primaryimage","url":"https:\/\/www.duboischemicals.com\/manufacturing\/wp-content\/uploads\/sites\/2\/2023\/06\/113.png","contentUrl":"https:\/\/www.duboischemicals.com\/manufacturing\/wp-content\/uploads\/sites\/2\/2023\/06\/113.png","width":450,"height":450,"caption":"Rust Preventatives Icon"},{"@type":"BreadcrumbList","@id":"https:\/\/www.duboischemicals.com\/manufacturing\/fr\/products\/rust-preventives\/#breadcrumb","itemListElement":[{"@type":"ListItem","position":1,"name":"Home","item":"https:\/\/www.duboischemicals.com\/manufacturing\/fr\/"},{"@type":"ListItem","position":2,"name":"Produits","item":"https:\/\/www.duboischemicals.com\/manufacturing\/fr\/products\/"},{"@type":"ListItem","position":3,"name":"Antirouilles"}]},{"@type":"WebSite","@id":"https:\/\/www.duboischemicals.com\/manufacturing\/fr\/#website","url":"https:\/\/www.duboischemicals.com\/manufacturing\/fr\/","name":"Manufacturing","description":"","potentialAction":[{"@type":"SearchAction","target":{"@type":"EntryPoint","urlTemplate":"https:\/\/www.duboischemicals.com\/manufacturing\/fr\/?s={search_term_string}"},"query-input":{"@type":"PropertyValueSpecification","valueRequired":true,"valueName":"search_term_string"}}],"inLanguage":"fr-FR"}]}},"_links":{"self":[{"href":"https:\/\/www.duboischemicals.com\/manufacturing\/fr\/wp-json\/wp\/v2\/pages\/10718","targetHints":{"allow":["GET"]}}],"collection":[{"href":"https:\/\/www.duboischemicals.com\/manufacturing\/fr\/wp-json\/wp\/v2\/pages"}],"about":[{"href":"https:\/\/www.duboischemicals.com\/manufacturing\/fr\/wp-json\/wp\/v2\/types\/page"}],"author":[{"embeddable":true,"href":"https:\/\/www.duboischemicals.com\/manufacturing\/fr\/wp-json\/wp\/v2\/users\/220"}],"replies":[{"embeddable":true,"href":"https:\/\/www.duboischemicals.com\/manufacturing\/fr\/wp-json\/wp\/v2\/comments?post=10718"}],"version-history":[{"count":3,"href":"https:\/\/www.duboischemicals.com\/manufacturing\/fr\/wp-json\/wp\/v2\/pages\/10718\/revisions"}],"predecessor-version":[{"id":11508,"href":"https:\/\/www.duboischemicals.com\/manufacturing\/fr\/wp-json\/wp\/v2\/pages\/10718\/revisions\/11508"}],"up":[{"embeddable":true,"href":"https:\/\/www.duboischemicals.com\/manufacturing\/fr\/wp-json\/wp\/v2\/pages\/10660"}],"wp:featuredmedia":[{"embeddable":true,"href":"https:\/\/www.duboischemicals.com\/manufacturing\/fr\/wp-json\/wp\/v2\/media\/11895"}],"wp:attachment":[{"href":"https:\/\/www.duboischemicals.com\/manufacturing\/fr\/wp-json\/wp\/v2\/media?parent=10718"}],"curies":[{"name":"wp","href":"https:\/\/api.w.org\/{rel}","templated":true}]}}