{"id":10725,"date":"2018-10-15T12:45:11","date_gmt":"2018-10-15T16:45:11","guid":{"rendered":"https:\/\/www.duboischemicals.com\/\/manufacturing\/products\/metal-finishing\/"},"modified":"2021-02-17T05:03:52","modified_gmt":"2021-02-17T10:03:52","slug":"metal-finishing","status":"publish","type":"page","link":"https:\/\/www.duboischemicals.com\/manufacturing\/fr\/products\/metal-finishing\/","title":{"rendered":"Finition des m\u00e9taux"},"content":{"rendered":"<p>DuBois offre la gamme de produits de finition des m\u00e9taux la plus compl\u00e8te qui soit.\u00a0Des proc\u00e9d\u00e9s de nettoyage et de rev\u00eatement lors de la fabrication initiale jusqu\u2019\u00e0 l\u2019application finale d\u2019un rev\u00eatement fonctionnel, protecteur ou d\u00e9coratif sur les pi\u00e8ces finies, nous avons une solution pour vous.<\/p>\n<p>DuBois poss\u00e8de des repr\u00e9sentants commerciaux partout dans le pays disposant d\u2019une formation technique et soutenus par des sp\u00e9cialistes en laboratoire disponibles pour consultation et service. Si vos activit\u00e9s de finition des m\u00e9taux pr\u00e9sentent un d\u00e9fi de quelque nature que ce soit, notre personnel de service technique est disponible pour vous aider \u00e0 adapter un produit standard ou \u00e0 \u00e9laborer un protocole de traitement afin de r\u00e9pondre \u00e0 vos besoins particuliers. Vous pouvez compter sur nous et sur la fiabilit\u00e9 garantie de DuBois.<span data-ccp-props=\"{&quot;134233117&quot;:true,&quot;134233118&quot;:true,&quot;201341983&quot;:0,&quot;335559739&quot;:200,&quot;335559740&quot;:276}\"><\/span><\/p>\n<p>Nous proposons des produits sp\u00e9cialis\u00e9s pour chacune des \u00e9tapes des proc\u00e9d\u00e9s suivants\u00a0:<\/p>\n","protected":false},"excerpt":{"rendered":"<p>DuBois offre la gamme de produits de finition des m\u00e9taux la plus compl\u00e8te qui soit.\u00a0Des proc\u00e9d\u00e9s de nettoyage et de rev\u00eatement lors de la fabrication initiale jusqu\u2019\u00e0 l\u2019application finale d\u2019un rev\u00eatement fonctionnel, protecteur ou d\u00e9coratif&#8230;<\/p>\n","protected":false},"author":220,"featured_media":11899,"parent":10660,"menu_order":7,"comment_status":"closed","ping_status":"closed","template":"template-prodinfo.php","meta":{"_acf_changed":false,"footnotes":""},"class_list":["post-10725","page","type-page","status-publish","has-post-thumbnail","hentry"],"acf":[],"yoast_head":"<!-- This site is optimized with the Yoast SEO plugin v26.8 - https:\/\/yoast.com\/product\/yoast-seo-wordpress\/ -->\n<title>Finition des m\u00e9taux - Manufacturing<\/title>\n<meta name=\"robots\" content=\"index, follow, max-snippet:-1, max-image-preview:large, max-video-preview:-1\" \/>\n<link rel=\"canonical\" href=\"https:\/\/www.duboischemicals.com\/manufacturing\/fr\/products\/metal-finishing\/\" \/>\n<meta property=\"og:locale\" content=\"fr_FR\" \/>\n<meta property=\"og:type\" content=\"article\" \/>\n<meta property=\"og:title\" content=\"Finition des m\u00e9taux - Manufacturing\" \/>\n<meta property=\"og:description\" content=\"DuBois offre la gamme de produits de finition des m\u00e9taux la plus compl\u00e8te qui soit.\u00a0Des proc\u00e9d\u00e9s de nettoyage et de rev\u00eatement lors de la fabrication initiale jusqu\u2019\u00e0 l\u2019application finale d\u2019un rev\u00eatement fonctionnel, protecteur ou d\u00e9coratif...\" \/>\n<meta property=\"og:url\" content=\"https:\/\/www.duboischemicals.com\/manufacturing\/fr\/products\/metal-finishing\/\" \/>\n<meta property=\"og:site_name\" content=\"Manufacturing\" \/>\n<meta property=\"article:modified_time\" content=\"2021-02-17T10:03:52+00:00\" \/>\n<meta property=\"og:image\" content=\"https:\/\/www.duboischemicals.com\/manufacturing\/wp-content\/uploads\/sites\/2\/2018\/10\/Metal-Finishing-6.jpg\" \/>\n\t<meta property=\"og:image:width\" content=\"454\" \/>\n\t<meta property=\"og:image:height\" content=\"450\" \/>\n\t<meta property=\"og:image:type\" content=\"image\/jpeg\" \/>\n<meta name=\"twitter:card\" content=\"summary_large_image\" \/>\n<meta name=\"twitter:label1\" content=\"Dur\u00e9e de lecture estim\u00e9e\" \/>\n\t<meta name=\"twitter:data1\" content=\"1 minute\" \/>\n<script type=\"application\/ld+json\" class=\"yoast-schema-graph\">{\"@context\":\"https:\/\/schema.org\",\"@graph\":[{\"@type\":\"WebPage\",\"@id\":\"https:\/\/www.duboischemicals.com\/manufacturing\/fr\/products\/metal-finishing\/\",\"url\":\"https:\/\/www.duboischemicals.com\/manufacturing\/fr\/products\/metal-finishing\/\",\"name\":\"Finition des m\u00e9taux - Manufacturing\",\"isPartOf\":{\"@id\":\"https:\/\/www.duboischemicals.com\/manufacturing\/fr\/#website\"},\"primaryImageOfPage\":{\"@id\":\"https:\/\/www.duboischemicals.com\/manufacturing\/fr\/products\/metal-finishing\/#primaryimage\"},\"image\":{\"@id\":\"https:\/\/www.duboischemicals.com\/manufacturing\/fr\/products\/metal-finishing\/#primaryimage\"},\"thumbnailUrl\":\"https:\/\/www.duboischemicals.com\/manufacturing\/wp-content\/uploads\/sites\/2\/2023\/06\/125.png\",\"datePublished\":\"2018-10-15T16:45:11+00:00\",\"dateModified\":\"2021-02-17T10:03:52+00:00\",\"breadcrumb\":{\"@id\":\"https:\/\/www.duboischemicals.com\/manufacturing\/fr\/products\/metal-finishing\/#breadcrumb\"},\"inLanguage\":\"fr-FR\",\"potentialAction\":[{\"@type\":\"ReadAction\",\"target\":[\"https:\/\/www.duboischemicals.com\/manufacturing\/fr\/products\/metal-finishing\/\"]}]},{\"@type\":\"ImageObject\",\"inLanguage\":\"fr-FR\",\"@id\":\"https:\/\/www.duboischemicals.com\/manufacturing\/fr\/products\/metal-finishing\/#primaryimage\",\"url\":\"https:\/\/www.duboischemicals.com\/manufacturing\/wp-content\/uploads\/sites\/2\/2023\/06\/125.png\",\"contentUrl\":\"https:\/\/www.duboischemicals.com\/manufacturing\/wp-content\/uploads\/sites\/2\/2023\/06\/125.png\",\"width\":450,\"height\":450,\"caption\":\"Metal Finishing Icon\"},{\"@type\":\"BreadcrumbList\",\"@id\":\"https:\/\/www.duboischemicals.com\/manufacturing\/fr\/products\/metal-finishing\/#breadcrumb\",\"itemListElement\":[{\"@type\":\"ListItem\",\"position\":1,\"name\":\"Home\",\"item\":\"https:\/\/www.duboischemicals.com\/manufacturing\/fr\/\"},{\"@type\":\"ListItem\",\"position\":2,\"name\":\"Produits\",\"item\":\"https:\/\/www.duboischemicals.com\/manufacturing\/fr\/products\/\"},{\"@type\":\"ListItem\",\"position\":3,\"name\":\"Finition des m\u00e9taux\"}]},{\"@type\":\"WebSite\",\"@id\":\"https:\/\/www.duboischemicals.com\/manufacturing\/fr\/#website\",\"url\":\"https:\/\/www.duboischemicals.com\/manufacturing\/fr\/\",\"name\":\"Manufacturing\",\"description\":\"\",\"potentialAction\":[{\"@type\":\"SearchAction\",\"target\":{\"@type\":\"EntryPoint\",\"urlTemplate\":\"https:\/\/www.duboischemicals.com\/manufacturing\/fr\/?s={search_term_string}\"},\"query-input\":{\"@type\":\"PropertyValueSpecification\",\"valueRequired\":true,\"valueName\":\"search_term_string\"}}],\"inLanguage\":\"fr-FR\"}]}<\/script>\n<!-- \/ Yoast SEO plugin. -->","yoast_head_json":{"title":"Finition des m\u00e9taux - Manufacturing","robots":{"index":"index","follow":"follow","max-snippet":"max-snippet:-1","max-image-preview":"max-image-preview:large","max-video-preview":"max-video-preview:-1"},"canonical":"https:\/\/www.duboischemicals.com\/manufacturing\/fr\/products\/metal-finishing\/","og_locale":"fr_FR","og_type":"article","og_title":"Finition des m\u00e9taux - Manufacturing","og_description":"DuBois offre la gamme de produits de finition des m\u00e9taux la plus compl\u00e8te qui soit.\u00a0Des proc\u00e9d\u00e9s de nettoyage et de rev\u00eatement lors de la fabrication initiale jusqu\u2019\u00e0 l\u2019application finale d\u2019un rev\u00eatement fonctionnel, protecteur ou d\u00e9coratif...","og_url":"https:\/\/www.duboischemicals.com\/manufacturing\/fr\/products\/metal-finishing\/","og_site_name":"Manufacturing","article_modified_time":"2021-02-17T10:03:52+00:00","og_image":[{"width":454,"height":450,"url":"https:\/\/www.duboischemicals.com\/manufacturing\/wp-content\/uploads\/sites\/2\/2018\/10\/Metal-Finishing-6.jpg","type":"image\/jpeg"}],"twitter_card":"summary_large_image","twitter_misc":{"Dur\u00e9e de lecture estim\u00e9e":"1 minute"},"schema":{"@context":"https:\/\/schema.org","@graph":[{"@type":"WebPage","@id":"https:\/\/www.duboischemicals.com\/manufacturing\/fr\/products\/metal-finishing\/","url":"https:\/\/www.duboischemicals.com\/manufacturing\/fr\/products\/metal-finishing\/","name":"Finition des m\u00e9taux - Manufacturing","isPartOf":{"@id":"https:\/\/www.duboischemicals.com\/manufacturing\/fr\/#website"},"primaryImageOfPage":{"@id":"https:\/\/www.duboischemicals.com\/manufacturing\/fr\/products\/metal-finishing\/#primaryimage"},"image":{"@id":"https:\/\/www.duboischemicals.com\/manufacturing\/fr\/products\/metal-finishing\/#primaryimage"},"thumbnailUrl":"https:\/\/www.duboischemicals.com\/manufacturing\/wp-content\/uploads\/sites\/2\/2023\/06\/125.png","datePublished":"2018-10-15T16:45:11+00:00","dateModified":"2021-02-17T10:03:52+00:00","breadcrumb":{"@id":"https:\/\/www.duboischemicals.com\/manufacturing\/fr\/products\/metal-finishing\/#breadcrumb"},"inLanguage":"fr-FR","potentialAction":[{"@type":"ReadAction","target":["https:\/\/www.duboischemicals.com\/manufacturing\/fr\/products\/metal-finishing\/"]}]},{"@type":"ImageObject","inLanguage":"fr-FR","@id":"https:\/\/www.duboischemicals.com\/manufacturing\/fr\/products\/metal-finishing\/#primaryimage","url":"https:\/\/www.duboischemicals.com\/manufacturing\/wp-content\/uploads\/sites\/2\/2023\/06\/125.png","contentUrl":"https:\/\/www.duboischemicals.com\/manufacturing\/wp-content\/uploads\/sites\/2\/2023\/06\/125.png","width":450,"height":450,"caption":"Metal Finishing Icon"},{"@type":"BreadcrumbList","@id":"https:\/\/www.duboischemicals.com\/manufacturing\/fr\/products\/metal-finishing\/#breadcrumb","itemListElement":[{"@type":"ListItem","position":1,"name":"Home","item":"https:\/\/www.duboischemicals.com\/manufacturing\/fr\/"},{"@type":"ListItem","position":2,"name":"Produits","item":"https:\/\/www.duboischemicals.com\/manufacturing\/fr\/products\/"},{"@type":"ListItem","position":3,"name":"Finition des m\u00e9taux"}]},{"@type":"WebSite","@id":"https:\/\/www.duboischemicals.com\/manufacturing\/fr\/#website","url":"https:\/\/www.duboischemicals.com\/manufacturing\/fr\/","name":"Manufacturing","description":"","potentialAction":[{"@type":"SearchAction","target":{"@type":"EntryPoint","urlTemplate":"https:\/\/www.duboischemicals.com\/manufacturing\/fr\/?s={search_term_string}"},"query-input":{"@type":"PropertyValueSpecification","valueRequired":true,"valueName":"search_term_string"}}],"inLanguage":"fr-FR"}]}},"_links":{"self":[{"href":"https:\/\/www.duboischemicals.com\/manufacturing\/fr\/wp-json\/wp\/v2\/pages\/10725","targetHints":{"allow":["GET"]}}],"collection":[{"href":"https:\/\/www.duboischemicals.com\/manufacturing\/fr\/wp-json\/wp\/v2\/pages"}],"about":[{"href":"https:\/\/www.duboischemicals.com\/manufacturing\/fr\/wp-json\/wp\/v2\/types\/page"}],"author":[{"embeddable":true,"href":"https:\/\/www.duboischemicals.com\/manufacturing\/fr\/wp-json\/wp\/v2\/users\/220"}],"replies":[{"embeddable":true,"href":"https:\/\/www.duboischemicals.com\/manufacturing\/fr\/wp-json\/wp\/v2\/comments?post=10725"}],"version-history":[{"count":3,"href":"https:\/\/www.duboischemicals.com\/manufacturing\/fr\/wp-json\/wp\/v2\/pages\/10725\/revisions"}],"predecessor-version":[{"id":11518,"href":"https:\/\/www.duboischemicals.com\/manufacturing\/fr\/wp-json\/wp\/v2\/pages\/10725\/revisions\/11518"}],"up":[{"embeddable":true,"href":"https:\/\/www.duboischemicals.com\/manufacturing\/fr\/wp-json\/wp\/v2\/pages\/10660"}],"wp:featuredmedia":[{"embeddable":true,"href":"https:\/\/www.duboischemicals.com\/manufacturing\/fr\/wp-json\/wp\/v2\/media\/11899"}],"wp:attachment":[{"href":"https:\/\/www.duboischemicals.com\/manufacturing\/fr\/wp-json\/wp\/v2\/media?parent=10725"}],"curies":[{"name":"wp","href":"https:\/\/api.w.org\/{rel}","templated":true}]}}