{"id":10730,"date":"2018-10-15T12:45:46","date_gmt":"2018-10-15T16:45:46","guid":{"rendered":"https:\/\/www.duboischemicals.com\/\/manufacturing\/products\/cold-forming-wire-tube\/"},"modified":"2021-02-26T04:42:25","modified_gmt":"2021-02-26T09:42:25","slug":"cold-forming-wire-tube","status":"publish","type":"page","link":"https:\/\/www.duboischemicals.com\/manufacturing\/fr\/products\/cold-forming-wire-tube\/","title":{"rendered":"Formage \u00e0 froid, fils et tubes"},"content":{"rendered":"<p>Que vous produisiez des tubes soud\u00e9s ou sans soudure, DuBois sait que vos vitesses d\u2019\u00e9tirage doivent \u00eatre maximis\u00e9es pour atteindre vos objectifs de production. Les bavures et les \u00e9raflures sont inacceptables lorsque vous tentez d\u2019atteindre les tol\u00e9rances de paroi et les sp\u00e9cifications de lissage de surface. DuBois dispose d\u2019une gamme compl\u00e8te de produits exclusifs pour am\u00e9liorer les performances des proc\u00e9d\u00e9s de formage, d\u2019\u00e9tirage et de frappe \u00e0 froid.\u00a0\u00a0<span data-ccp-props=\"{&quot;134233118&quot;:true,&quot;201341983&quot;:0,&quot;335559739&quot;:200,&quot;335559740&quot;:240}\">\u00a0<\/span><\/p>\n<p><b><\/b>Du nettoyage du m\u00e9tal \u00e0 la lubrification du rev\u00eatement de conversion de l\u2019acier, l&rsquo;approche de \u00ab\u00a0responsabilit\u00e9 sur toute la ligne\u00a0\u00bb de DuBois envers votre processus vous donne acc\u00e8s \u00e0 une gamme compl\u00e8te de produits pour r\u00e9pondre \u00e0 vos besoins en mati\u00e8re de nettoyage et de rev\u00eatements.<\/p>\n<p>DuBois fournit des solutions pour les\u00a0:<\/p>\n","protected":false},"excerpt":{"rendered":"<p>Que vous produisiez des tubes soud\u00e9s ou sans soudure, DuBois sait que vos vitesses d\u2019\u00e9tirage doivent \u00eatre maximis\u00e9es pour atteindre vos objectifs de production. Les bavures et les \u00e9raflures sont inacceptables lorsque vous tentez d\u2019atteindre&#8230;<\/p>\n","protected":false},"author":220,"featured_media":11905,"parent":10660,"menu_order":8,"comment_status":"closed","ping_status":"closed","template":"template-prodinfo.php","meta":{"_acf_changed":false,"footnotes":""},"class_list":["post-10730","page","type-page","status-publish","has-post-thumbnail","hentry"],"acf":[],"yoast_head":"<!-- This site is optimized with the Yoast SEO plugin v26.8 - https:\/\/yoast.com\/product\/yoast-seo-wordpress\/ -->\n<title>Formage \u00e0 froid, fils et tubes - Manufacturing<\/title>\n<meta name=\"robots\" content=\"index, follow, max-snippet:-1, max-image-preview:large, max-video-preview:-1\" \/>\n<link rel=\"canonical\" href=\"https:\/\/www.duboischemicals.com\/manufacturing\/fr\/products\/cold-forming-wire-tube\/\" \/>\n<meta property=\"og:locale\" content=\"fr_FR\" \/>\n<meta property=\"og:type\" content=\"article\" \/>\n<meta property=\"og:title\" content=\"Formage \u00e0 froid, fils et tubes - Manufacturing\" \/>\n<meta property=\"og:description\" content=\"Que vous produisiez des tubes soud\u00e9s ou sans soudure, DuBois sait que vos vitesses d\u2019\u00e9tirage doivent \u00eatre maximis\u00e9es pour atteindre vos objectifs de production. Les bavures et les \u00e9raflures sont inacceptables lorsque vous tentez d\u2019atteindre...\" \/>\n<meta property=\"og:url\" content=\"https:\/\/www.duboischemicals.com\/manufacturing\/fr\/products\/cold-forming-wire-tube\/\" \/>\n<meta property=\"og:site_name\" content=\"Manufacturing\" \/>\n<meta property=\"article:modified_time\" content=\"2021-02-26T09:42:25+00:00\" \/>\n<meta property=\"og:image\" content=\"https:\/\/www.duboischemicals.com\/manufacturing\/wp-content\/uploads\/sites\/2\/2018\/10\/Wire-Tube1.jpg\" \/>\n\t<meta property=\"og:image:width\" content=\"454\" \/>\n\t<meta property=\"og:image:height\" content=\"450\" \/>\n\t<meta property=\"og:image:type\" content=\"image\/jpeg\" \/>\n<meta name=\"twitter:card\" content=\"summary_large_image\" \/>\n<meta name=\"twitter:label1\" content=\"Dur\u00e9e de lecture estim\u00e9e\" \/>\n\t<meta name=\"twitter:data1\" content=\"1 minute\" \/>\n<script type=\"application\/ld+json\" class=\"yoast-schema-graph\">{\"@context\":\"https:\/\/schema.org\",\"@graph\":[{\"@type\":\"WebPage\",\"@id\":\"https:\/\/www.duboischemicals.com\/manufacturing\/fr\/products\/cold-forming-wire-tube\/\",\"url\":\"https:\/\/www.duboischemicals.com\/manufacturing\/fr\/products\/cold-forming-wire-tube\/\",\"name\":\"Formage \u00e0 froid, fils et tubes - Manufacturing\",\"isPartOf\":{\"@id\":\"https:\/\/www.duboischemicals.com\/manufacturing\/fr\/#website\"},\"primaryImageOfPage\":{\"@id\":\"https:\/\/www.duboischemicals.com\/manufacturing\/fr\/products\/cold-forming-wire-tube\/#primaryimage\"},\"image\":{\"@id\":\"https:\/\/www.duboischemicals.com\/manufacturing\/fr\/products\/cold-forming-wire-tube\/#primaryimage\"},\"thumbnailUrl\":\"https:\/\/www.duboischemicals.com\/manufacturing\/wp-content\/uploads\/sites\/2\/2023\/06\/195-1.png\",\"datePublished\":\"2018-10-15T16:45:46+00:00\",\"dateModified\":\"2021-02-26T09:42:25+00:00\",\"breadcrumb\":{\"@id\":\"https:\/\/www.duboischemicals.com\/manufacturing\/fr\/products\/cold-forming-wire-tube\/#breadcrumb\"},\"inLanguage\":\"fr-FR\",\"potentialAction\":[{\"@type\":\"ReadAction\",\"target\":[\"https:\/\/www.duboischemicals.com\/manufacturing\/fr\/products\/cold-forming-wire-tube\/\"]}]},{\"@type\":\"ImageObject\",\"inLanguage\":\"fr-FR\",\"@id\":\"https:\/\/www.duboischemicals.com\/manufacturing\/fr\/products\/cold-forming-wire-tube\/#primaryimage\",\"url\":\"https:\/\/www.duboischemicals.com\/manufacturing\/wp-content\/uploads\/sites\/2\/2023\/06\/195-1.png\",\"contentUrl\":\"https:\/\/www.duboischemicals.com\/manufacturing\/wp-content\/uploads\/sites\/2\/2023\/06\/195-1.png\",\"width\":450,\"height\":450,\"caption\":\"Cold Forming, Wire & Tube Icon\"},{\"@type\":\"BreadcrumbList\",\"@id\":\"https:\/\/www.duboischemicals.com\/manufacturing\/fr\/products\/cold-forming-wire-tube\/#breadcrumb\",\"itemListElement\":[{\"@type\":\"ListItem\",\"position\":1,\"name\":\"Home\",\"item\":\"https:\/\/www.duboischemicals.com\/manufacturing\/fr\/\"},{\"@type\":\"ListItem\",\"position\":2,\"name\":\"Produits\",\"item\":\"https:\/\/www.duboischemicals.com\/manufacturing\/fr\/products\/\"},{\"@type\":\"ListItem\",\"position\":3,\"name\":\"Formage \u00e0 froid, fils et tubes\"}]},{\"@type\":\"WebSite\",\"@id\":\"https:\/\/www.duboischemicals.com\/manufacturing\/fr\/#website\",\"url\":\"https:\/\/www.duboischemicals.com\/manufacturing\/fr\/\",\"name\":\"Manufacturing\",\"description\":\"\",\"potentialAction\":[{\"@type\":\"SearchAction\",\"target\":{\"@type\":\"EntryPoint\",\"urlTemplate\":\"https:\/\/www.duboischemicals.com\/manufacturing\/fr\/?s={search_term_string}\"},\"query-input\":{\"@type\":\"PropertyValueSpecification\",\"valueRequired\":true,\"valueName\":\"search_term_string\"}}],\"inLanguage\":\"fr-FR\"}]}<\/script>\n<!-- \/ Yoast SEO plugin. -->","yoast_head_json":{"title":"Formage \u00e0 froid, fils et tubes - Manufacturing","robots":{"index":"index","follow":"follow","max-snippet":"max-snippet:-1","max-image-preview":"max-image-preview:large","max-video-preview":"max-video-preview:-1"},"canonical":"https:\/\/www.duboischemicals.com\/manufacturing\/fr\/products\/cold-forming-wire-tube\/","og_locale":"fr_FR","og_type":"article","og_title":"Formage \u00e0 froid, fils et tubes - Manufacturing","og_description":"Que vous produisiez des tubes soud\u00e9s ou sans soudure, DuBois sait que vos vitesses d\u2019\u00e9tirage doivent \u00eatre maximis\u00e9es pour atteindre vos objectifs de production. Les bavures et les \u00e9raflures sont inacceptables lorsque vous tentez d\u2019atteindre...","og_url":"https:\/\/www.duboischemicals.com\/manufacturing\/fr\/products\/cold-forming-wire-tube\/","og_site_name":"Manufacturing","article_modified_time":"2021-02-26T09:42:25+00:00","og_image":[{"width":454,"height":450,"url":"https:\/\/www.duboischemicals.com\/manufacturing\/wp-content\/uploads\/sites\/2\/2018\/10\/Wire-Tube1.jpg","type":"image\/jpeg"}],"twitter_card":"summary_large_image","twitter_misc":{"Dur\u00e9e de lecture estim\u00e9e":"1 minute"},"schema":{"@context":"https:\/\/schema.org","@graph":[{"@type":"WebPage","@id":"https:\/\/www.duboischemicals.com\/manufacturing\/fr\/products\/cold-forming-wire-tube\/","url":"https:\/\/www.duboischemicals.com\/manufacturing\/fr\/products\/cold-forming-wire-tube\/","name":"Formage \u00e0 froid, fils et tubes - Manufacturing","isPartOf":{"@id":"https:\/\/www.duboischemicals.com\/manufacturing\/fr\/#website"},"primaryImageOfPage":{"@id":"https:\/\/www.duboischemicals.com\/manufacturing\/fr\/products\/cold-forming-wire-tube\/#primaryimage"},"image":{"@id":"https:\/\/www.duboischemicals.com\/manufacturing\/fr\/products\/cold-forming-wire-tube\/#primaryimage"},"thumbnailUrl":"https:\/\/www.duboischemicals.com\/manufacturing\/wp-content\/uploads\/sites\/2\/2023\/06\/195-1.png","datePublished":"2018-10-15T16:45:46+00:00","dateModified":"2021-02-26T09:42:25+00:00","breadcrumb":{"@id":"https:\/\/www.duboischemicals.com\/manufacturing\/fr\/products\/cold-forming-wire-tube\/#breadcrumb"},"inLanguage":"fr-FR","potentialAction":[{"@type":"ReadAction","target":["https:\/\/www.duboischemicals.com\/manufacturing\/fr\/products\/cold-forming-wire-tube\/"]}]},{"@type":"ImageObject","inLanguage":"fr-FR","@id":"https:\/\/www.duboischemicals.com\/manufacturing\/fr\/products\/cold-forming-wire-tube\/#primaryimage","url":"https:\/\/www.duboischemicals.com\/manufacturing\/wp-content\/uploads\/sites\/2\/2023\/06\/195-1.png","contentUrl":"https:\/\/www.duboischemicals.com\/manufacturing\/wp-content\/uploads\/sites\/2\/2023\/06\/195-1.png","width":450,"height":450,"caption":"Cold Forming, Wire & Tube Icon"},{"@type":"BreadcrumbList","@id":"https:\/\/www.duboischemicals.com\/manufacturing\/fr\/products\/cold-forming-wire-tube\/#breadcrumb","itemListElement":[{"@type":"ListItem","position":1,"name":"Home","item":"https:\/\/www.duboischemicals.com\/manufacturing\/fr\/"},{"@type":"ListItem","position":2,"name":"Produits","item":"https:\/\/www.duboischemicals.com\/manufacturing\/fr\/products\/"},{"@type":"ListItem","position":3,"name":"Formage \u00e0 froid, fils et tubes"}]},{"@type":"WebSite","@id":"https:\/\/www.duboischemicals.com\/manufacturing\/fr\/#website","url":"https:\/\/www.duboischemicals.com\/manufacturing\/fr\/","name":"Manufacturing","description":"","potentialAction":[{"@type":"SearchAction","target":{"@type":"EntryPoint","urlTemplate":"https:\/\/www.duboischemicals.com\/manufacturing\/fr\/?s={search_term_string}"},"query-input":{"@type":"PropertyValueSpecification","valueRequired":true,"valueName":"search_term_string"}}],"inLanguage":"fr-FR"}]}},"_links":{"self":[{"href":"https:\/\/www.duboischemicals.com\/manufacturing\/fr\/wp-json\/wp\/v2\/pages\/10730","targetHints":{"allow":["GET"]}}],"collection":[{"href":"https:\/\/www.duboischemicals.com\/manufacturing\/fr\/wp-json\/wp\/v2\/pages"}],"about":[{"href":"https:\/\/www.duboischemicals.com\/manufacturing\/fr\/wp-json\/wp\/v2\/types\/page"}],"author":[{"embeddable":true,"href":"https:\/\/www.duboischemicals.com\/manufacturing\/fr\/wp-json\/wp\/v2\/users\/220"}],"replies":[{"embeddable":true,"href":"https:\/\/www.duboischemicals.com\/manufacturing\/fr\/wp-json\/wp\/v2\/comments?post=10730"}],"version-history":[{"count":4,"href":"https:\/\/www.duboischemicals.com\/manufacturing\/fr\/wp-json\/wp\/v2\/pages\/10730\/revisions"}],"predecessor-version":[{"id":11728,"href":"https:\/\/www.duboischemicals.com\/manufacturing\/fr\/wp-json\/wp\/v2\/pages\/10730\/revisions\/11728"}],"up":[{"embeddable":true,"href":"https:\/\/www.duboischemicals.com\/manufacturing\/fr\/wp-json\/wp\/v2\/pages\/10660"}],"wp:featuredmedia":[{"embeddable":true,"href":"https:\/\/www.duboischemicals.com\/manufacturing\/fr\/wp-json\/wp\/v2\/media\/11905"}],"wp:attachment":[{"href":"https:\/\/www.duboischemicals.com\/manufacturing\/fr\/wp-json\/wp\/v2\/media?parent=10730"}],"curies":[{"name":"wp","href":"https:\/\/api.w.org\/{rel}","templated":true}]}}