{"id":10750,"date":"2018-10-15T12:46:39","date_gmt":"2018-10-15T16:46:39","guid":{"rendered":"https:\/\/www.duboischemicals.com\/\/manufacturing\/products\/material-handling-carts\/"},"modified":"2021-02-26T04:42:28","modified_gmt":"2021-02-26T09:42:28","slug":"material-handling-carts","status":"publish","type":"page","link":"https:\/\/www.duboischemicals.com\/manufacturing\/fr\/products\/material-handling-carts\/","title":{"rendered":"Chariots de manutention des mat\u00e9riaux"},"content":{"rendered":"<p><b>Chariots de manutention pour gamme de peinture personalis\u00e9es<\/b><\/p>\n<p>Les chariots de manutention des mat\u00e9riaux personnalis\u00e9s de DuBois achemineront vos pi\u00e8ces de production uniques \u00e0 travers l\u2019ensemble de votre installation en toute s\u00e9curit\u00e9 et augmenteront l\u2019efficacit\u00e9 de la production. Nos chariots sont con\u00e7us afin de maximiser la capacit\u00e9, la durabilit\u00e9, l\u2019ergonomie et la facilit\u00e9 de mouvement. Nous connaissons les finitions de peinture de classe A. DuBois con\u00e7oit les chariots en tenant compte \u00e0 la fois de la s\u00e9curit\u00e9 de vos pi\u00e8ces de production et de leurs rev\u00eatements afin de pr\u00e9venir les dommages et les d\u00e9fauts.<\/p>\n<p><b>Cr\u00e9ateur du chariot de manutention des mat\u00e9riaux universel<\/b><\/p>\n<p>Nous proposons le chariot de manutention des mat\u00e9riaux universel, dot\u00e9 de barres transversales interchangeables qui permettent aux chariots de s\u2019adapter en fonction du service, de l\u2019usine de fabrication, des pi\u00e8ces de production, des mod\u00e8les de produits et des ann\u00e9es de mod\u00e8le.<\/p>\n<p>Les ing\u00e9nieurs concepteurs de DuBois sont disponibles pour visiter votre installation et g\u00e9rer votre projet de chariot de manutention des mat\u00e9riaux, de la conception \u00e0 la production. Nos d\u00e9lais de conception et de fabrication sont in\u00e9gal\u00e9s dans l\u2019industrie.<\/p>\n","protected":false},"excerpt":{"rendered":"<p>Chariots de manutention pour gamme de peinture personalis\u00e9es Les chariots de manutention des mat\u00e9riaux personnalis\u00e9s de DuBois achemineront vos pi\u00e8ces de production uniques \u00e0 travers l\u2019ensemble de votre installation en toute s\u00e9curit\u00e9 et augmenteront l\u2019efficacit\u00e9&#8230;<\/p>\n","protected":false},"author":220,"featured_media":11909,"parent":10660,"menu_order":10,"comment_status":"closed","ping_status":"closed","template":"template-prodinfo.php","meta":{"_acf_changed":false,"footnotes":""},"class_list":["post-10750","page","type-page","status-publish","has-post-thumbnail","hentry"],"acf":[],"yoast_head":"<!-- This site is optimized with the Yoast SEO plugin v26.8 - https:\/\/yoast.com\/product\/yoast-seo-wordpress\/ -->\n<title>Chariots de manutention des mat\u00e9riaux - Manufacturing<\/title>\n<meta name=\"robots\" content=\"index, follow, max-snippet:-1, max-image-preview:large, max-video-preview:-1\" \/>\n<link rel=\"canonical\" href=\"https:\/\/www.duboischemicals.com\/manufacturing\/fr\/products\/material-handling-carts\/\" \/>\n<meta property=\"og:locale\" content=\"fr_FR\" \/>\n<meta property=\"og:type\" content=\"article\" \/>\n<meta property=\"og:title\" content=\"Chariots de manutention des mat\u00e9riaux - Manufacturing\" \/>\n<meta property=\"og:description\" content=\"Chariots de manutention pour gamme de peinture personalis\u00e9es Les chariots de manutention des mat\u00e9riaux personnalis\u00e9s de DuBois achemineront vos pi\u00e8ces de production uniques \u00e0 travers l\u2019ensemble de votre installation en toute s\u00e9curit\u00e9 et augmenteront l\u2019efficacit\u00e9...\" \/>\n<meta property=\"og:url\" content=\"https:\/\/www.duboischemicals.com\/manufacturing\/fr\/products\/material-handling-carts\/\" \/>\n<meta property=\"og:site_name\" content=\"Manufacturing\" \/>\n<meta property=\"article:modified_time\" content=\"2021-02-26T09:42:28+00:00\" \/>\n<meta property=\"og:image\" content=\"https:\/\/www.duboischemicals.com\/manufacturing\/wp-content\/uploads\/sites\/2\/2018\/10\/Material-Handling.jpg\" \/>\n\t<meta property=\"og:image:width\" content=\"454\" \/>\n\t<meta property=\"og:image:height\" content=\"450\" \/>\n\t<meta property=\"og:image:type\" content=\"image\/jpeg\" \/>\n<meta name=\"twitter:card\" content=\"summary_large_image\" \/>\n<meta name=\"twitter:label1\" content=\"Dur\u00e9e de lecture estim\u00e9e\" \/>\n\t<meta name=\"twitter:data1\" content=\"1 minute\" \/>\n<script type=\"application\/ld+json\" class=\"yoast-schema-graph\">{\"@context\":\"https:\/\/schema.org\",\"@graph\":[{\"@type\":\"WebPage\",\"@id\":\"https:\/\/www.duboischemicals.com\/manufacturing\/fr\/products\/material-handling-carts\/\",\"url\":\"https:\/\/www.duboischemicals.com\/manufacturing\/fr\/products\/material-handling-carts\/\",\"name\":\"Chariots de manutention des mat\u00e9riaux - Manufacturing\",\"isPartOf\":{\"@id\":\"https:\/\/www.duboischemicals.com\/manufacturing\/fr\/#website\"},\"primaryImageOfPage\":{\"@id\":\"https:\/\/www.duboischemicals.com\/manufacturing\/fr\/products\/material-handling-carts\/#primaryimage\"},\"image\":{\"@id\":\"https:\/\/www.duboischemicals.com\/manufacturing\/fr\/products\/material-handling-carts\/#primaryimage\"},\"thumbnailUrl\":\"https:\/\/www.duboischemicals.com\/manufacturing\/wp-content\/uploads\/sites\/2\/2023\/06\/195-2.png\",\"datePublished\":\"2018-10-15T16:46:39+00:00\",\"dateModified\":\"2021-02-26T09:42:28+00:00\",\"breadcrumb\":{\"@id\":\"https:\/\/www.duboischemicals.com\/manufacturing\/fr\/products\/material-handling-carts\/#breadcrumb\"},\"inLanguage\":\"fr-FR\",\"potentialAction\":[{\"@type\":\"ReadAction\",\"target\":[\"https:\/\/www.duboischemicals.com\/manufacturing\/fr\/products\/material-handling-carts\/\"]}]},{\"@type\":\"ImageObject\",\"inLanguage\":\"fr-FR\",\"@id\":\"https:\/\/www.duboischemicals.com\/manufacturing\/fr\/products\/material-handling-carts\/#primaryimage\",\"url\":\"https:\/\/www.duboischemicals.com\/manufacturing\/wp-content\/uploads\/sites\/2\/2023\/06\/195-2.png\",\"contentUrl\":\"https:\/\/www.duboischemicals.com\/manufacturing\/wp-content\/uploads\/sites\/2\/2023\/06\/195-2.png\",\"width\":450,\"height\":450,\"caption\":\"Material Handling Carts Icon\"},{\"@type\":\"BreadcrumbList\",\"@id\":\"https:\/\/www.duboischemicals.com\/manufacturing\/fr\/products\/material-handling-carts\/#breadcrumb\",\"itemListElement\":[{\"@type\":\"ListItem\",\"position\":1,\"name\":\"Home\",\"item\":\"https:\/\/www.duboischemicals.com\/manufacturing\/fr\/\"},{\"@type\":\"ListItem\",\"position\":2,\"name\":\"Produits\",\"item\":\"https:\/\/www.duboischemicals.com\/manufacturing\/fr\/products\/\"},{\"@type\":\"ListItem\",\"position\":3,\"name\":\"Chariots de manutention des mat\u00e9riaux\"}]},{\"@type\":\"WebSite\",\"@id\":\"https:\/\/www.duboischemicals.com\/manufacturing\/fr\/#website\",\"url\":\"https:\/\/www.duboischemicals.com\/manufacturing\/fr\/\",\"name\":\"Manufacturing\",\"description\":\"\",\"potentialAction\":[{\"@type\":\"SearchAction\",\"target\":{\"@type\":\"EntryPoint\",\"urlTemplate\":\"https:\/\/www.duboischemicals.com\/manufacturing\/fr\/?s={search_term_string}\"},\"query-input\":{\"@type\":\"PropertyValueSpecification\",\"valueRequired\":true,\"valueName\":\"search_term_string\"}}],\"inLanguage\":\"fr-FR\"}]}<\/script>\n<!-- \/ Yoast SEO plugin. -->","yoast_head_json":{"title":"Chariots de manutention des mat\u00e9riaux - Manufacturing","robots":{"index":"index","follow":"follow","max-snippet":"max-snippet:-1","max-image-preview":"max-image-preview:large","max-video-preview":"max-video-preview:-1"},"canonical":"https:\/\/www.duboischemicals.com\/manufacturing\/fr\/products\/material-handling-carts\/","og_locale":"fr_FR","og_type":"article","og_title":"Chariots de manutention des mat\u00e9riaux - Manufacturing","og_description":"Chariots de manutention pour gamme de peinture personalis\u00e9es Les chariots de manutention des mat\u00e9riaux personnalis\u00e9s de DuBois achemineront vos pi\u00e8ces de production uniques \u00e0 travers l\u2019ensemble de votre installation en toute s\u00e9curit\u00e9 et augmenteront l\u2019efficacit\u00e9...","og_url":"https:\/\/www.duboischemicals.com\/manufacturing\/fr\/products\/material-handling-carts\/","og_site_name":"Manufacturing","article_modified_time":"2021-02-26T09:42:28+00:00","og_image":[{"width":454,"height":450,"url":"https:\/\/www.duboischemicals.com\/manufacturing\/wp-content\/uploads\/sites\/2\/2018\/10\/Material-Handling.jpg","type":"image\/jpeg"}],"twitter_card":"summary_large_image","twitter_misc":{"Dur\u00e9e de lecture estim\u00e9e":"1 minute"},"schema":{"@context":"https:\/\/schema.org","@graph":[{"@type":"WebPage","@id":"https:\/\/www.duboischemicals.com\/manufacturing\/fr\/products\/material-handling-carts\/","url":"https:\/\/www.duboischemicals.com\/manufacturing\/fr\/products\/material-handling-carts\/","name":"Chariots de manutention des mat\u00e9riaux - Manufacturing","isPartOf":{"@id":"https:\/\/www.duboischemicals.com\/manufacturing\/fr\/#website"},"primaryImageOfPage":{"@id":"https:\/\/www.duboischemicals.com\/manufacturing\/fr\/products\/material-handling-carts\/#primaryimage"},"image":{"@id":"https:\/\/www.duboischemicals.com\/manufacturing\/fr\/products\/material-handling-carts\/#primaryimage"},"thumbnailUrl":"https:\/\/www.duboischemicals.com\/manufacturing\/wp-content\/uploads\/sites\/2\/2023\/06\/195-2.png","datePublished":"2018-10-15T16:46:39+00:00","dateModified":"2021-02-26T09:42:28+00:00","breadcrumb":{"@id":"https:\/\/www.duboischemicals.com\/manufacturing\/fr\/products\/material-handling-carts\/#breadcrumb"},"inLanguage":"fr-FR","potentialAction":[{"@type":"ReadAction","target":["https:\/\/www.duboischemicals.com\/manufacturing\/fr\/products\/material-handling-carts\/"]}]},{"@type":"ImageObject","inLanguage":"fr-FR","@id":"https:\/\/www.duboischemicals.com\/manufacturing\/fr\/products\/material-handling-carts\/#primaryimage","url":"https:\/\/www.duboischemicals.com\/manufacturing\/wp-content\/uploads\/sites\/2\/2023\/06\/195-2.png","contentUrl":"https:\/\/www.duboischemicals.com\/manufacturing\/wp-content\/uploads\/sites\/2\/2023\/06\/195-2.png","width":450,"height":450,"caption":"Material Handling Carts Icon"},{"@type":"BreadcrumbList","@id":"https:\/\/www.duboischemicals.com\/manufacturing\/fr\/products\/material-handling-carts\/#breadcrumb","itemListElement":[{"@type":"ListItem","position":1,"name":"Home","item":"https:\/\/www.duboischemicals.com\/manufacturing\/fr\/"},{"@type":"ListItem","position":2,"name":"Produits","item":"https:\/\/www.duboischemicals.com\/manufacturing\/fr\/products\/"},{"@type":"ListItem","position":3,"name":"Chariots de manutention des mat\u00e9riaux"}]},{"@type":"WebSite","@id":"https:\/\/www.duboischemicals.com\/manufacturing\/fr\/#website","url":"https:\/\/www.duboischemicals.com\/manufacturing\/fr\/","name":"Manufacturing","description":"","potentialAction":[{"@type":"SearchAction","target":{"@type":"EntryPoint","urlTemplate":"https:\/\/www.duboischemicals.com\/manufacturing\/fr\/?s={search_term_string}"},"query-input":{"@type":"PropertyValueSpecification","valueRequired":true,"valueName":"search_term_string"}}],"inLanguage":"fr-FR"}]}},"_links":{"self":[{"href":"https:\/\/www.duboischemicals.com\/manufacturing\/fr\/wp-json\/wp\/v2\/pages\/10750","targetHints":{"allow":["GET"]}}],"collection":[{"href":"https:\/\/www.duboischemicals.com\/manufacturing\/fr\/wp-json\/wp\/v2\/pages"}],"about":[{"href":"https:\/\/www.duboischemicals.com\/manufacturing\/fr\/wp-json\/wp\/v2\/types\/page"}],"author":[{"embeddable":true,"href":"https:\/\/www.duboischemicals.com\/manufacturing\/fr\/wp-json\/wp\/v2\/users\/220"}],"replies":[{"embeddable":true,"href":"https:\/\/www.duboischemicals.com\/manufacturing\/fr\/wp-json\/wp\/v2\/comments?post=10750"}],"version-history":[{"count":4,"href":"https:\/\/www.duboischemicals.com\/manufacturing\/fr\/wp-json\/wp\/v2\/pages\/10750\/revisions"}],"predecessor-version":[{"id":11736,"href":"https:\/\/www.duboischemicals.com\/manufacturing\/fr\/wp-json\/wp\/v2\/pages\/10750\/revisions\/11736"}],"up":[{"embeddable":true,"href":"https:\/\/www.duboischemicals.com\/manufacturing\/fr\/wp-json\/wp\/v2\/pages\/10660"}],"wp:featuredmedia":[{"embeddable":true,"href":"https:\/\/www.duboischemicals.com\/manufacturing\/fr\/wp-json\/wp\/v2\/media\/11909"}],"wp:attachment":[{"href":"https:\/\/www.duboischemicals.com\/manufacturing\/fr\/wp-json\/wp\/v2\/media?parent=10750"}],"curies":[{"name":"wp","href":"https:\/\/api.w.org\/{rel}","templated":true}]}}