{"id":10823,"date":"2020-11-30T12:22:45","date_gmt":"2020-11-30T17:22:45","guid":{"rendered":"https:\/\/www.duboischemicals.com\/\/manufacturing\/products\/metalworking-fluids\/cutting-fluids\/"},"modified":"2021-02-17T05:04:13","modified_gmt":"2021-02-17T10:04:13","slug":"cutting-fluids","status":"publish","type":"page","link":"https:\/\/www.duboischemicals.com\/manufacturing\/fr\/products\/metalworking-fluids\/cutting-fluids\/","title":{"rendered":"Liquides de coupe"},"content":{"rendered":"<p>Toutes les applications de d\u00e9coupe des m\u00e9taux provoquent une chaleur extr\u00eame qui peut user l&rsquo;outillage et endommager le mat\u00e9riau travaill\u00e9. DuBois propose une gamme compl\u00e8te de liquides de coupe qui sont formul\u00e9s avec des m\u00e9langes de lubrification uniques, con\u00e7us pour augmenter la productivit\u00e9, la qualit\u00e9 des pi\u00e8ces et la dur\u00e9e de vie des outils et des meules tout en maintenant un contr\u00f4le exceptionnel de la corrosion. Notre gamme de produits comprend des lubrifiants chlor\u00e9s, non chlor\u00e9s et au soufre et des options de lubrifiants pour zones limitrophes. Les produits comprennent des ingr\u00e9dients de base napht\u00e9niques, paraffiniques et v\u00e9g\u00e9taux.<\/p>\n<p>DuBois dispose d&rsquo;une gamme compl\u00e8te de liquides de coupe qui comprend les suivants\u00a0:<\/p>\n<ul>\n<li>\u00c9mulsions huile-eau avec additifs pour pression extr\u00eame<\/li>\n<li>Huiles solubles qui cr\u00e9ent des \u00e9mulsions stables assurant une lubrification et un transfert de chaleur excellents<\/li>\n<li>Liquides synth\u00e9tiques avec un minimum de mousse et une technologie r\u00e9sistante aux bact\u00e9ries pour augmenter la dur\u00e9e de vie de vos outils et prolonger la dur\u00e9e de vie du syst\u00e8me<\/li>\n<li>Fluides semi-synth\u00e9tiques qui offrent un excellent \u00e9quilibre entre les propri\u00e9t\u00e9s de lubrification et de refroidissement<\/li>\n<\/ul>\n","protected":false},"excerpt":{"rendered":"<p>Toutes les applications de d\u00e9coupe des m\u00e9taux provoquent une chaleur extr\u00eame qui peut user l&rsquo;outillage et endommager le mat\u00e9riau travaill\u00e9. DuBois propose une gamme compl\u00e8te de liquides de coupe qui sont formul\u00e9s avec des m\u00e9langes&#8230;<\/p>\n","protected":false},"author":220,"featured_media":10824,"parent":10689,"menu_order":1,"comment_status":"closed","ping_status":"closed","template":"template-prodinfo.php","meta":{"_acf_changed":false,"footnotes":""},"class_list":["post-10823","page","type-page","status-publish","has-post-thumbnail","hentry"],"acf":[],"yoast_head":"<!-- This site is optimized with the Yoast SEO plugin v26.8 - https:\/\/yoast.com\/product\/yoast-seo-wordpress\/ -->\n<title>Liquides de coupe - Manufacturing<\/title>\n<meta name=\"robots\" content=\"index, follow, max-snippet:-1, max-image-preview:large, max-video-preview:-1\" \/>\n<link rel=\"canonical\" href=\"https:\/\/www.duboischemicals.com\/manufacturing\/fr\/products\/metalworking-fluids\/cutting-fluids\/\" \/>\n<meta property=\"og:locale\" content=\"fr_FR\" \/>\n<meta property=\"og:type\" content=\"article\" \/>\n<meta property=\"og:title\" content=\"Liquides de coupe - Manufacturing\" \/>\n<meta property=\"og:description\" content=\"Toutes les applications de d\u00e9coupe des m\u00e9taux provoquent une chaleur extr\u00eame qui peut user l&rsquo;outillage et endommager le mat\u00e9riau travaill\u00e9. DuBois propose une gamme compl\u00e8te de liquides de coupe qui sont formul\u00e9s avec des m\u00e9langes...\" \/>\n<meta property=\"og:url\" content=\"https:\/\/www.duboischemicals.com\/manufacturing\/fr\/products\/metalworking-fluids\/cutting-fluids\/\" \/>\n<meta property=\"og:site_name\" content=\"Manufacturing\" \/>\n<meta property=\"article:modified_time\" content=\"2021-02-17T10:04:13+00:00\" \/>\n<meta property=\"og:image\" content=\"https:\/\/www.duboischemicals.com\/manufacturing\/wp-content\/uploads\/sites\/2\/2018\/10\/iStock-971042974-Cutting-Fluids2.jpg\" \/>\n\t<meta property=\"og:image:width\" content=\"454\" \/>\n\t<meta property=\"og:image:height\" content=\"450\" \/>\n\t<meta property=\"og:image:type\" content=\"image\/jpeg\" \/>\n<meta name=\"twitter:card\" content=\"summary_large_image\" \/>\n<meta name=\"twitter:label1\" content=\"Dur\u00e9e de lecture estim\u00e9e\" \/>\n\t<meta name=\"twitter:data1\" content=\"1 minute\" \/>\n<script type=\"application\/ld+json\" class=\"yoast-schema-graph\">{\"@context\":\"https:\/\/schema.org\",\"@graph\":[{\"@type\":\"WebPage\",\"@id\":\"https:\/\/www.duboischemicals.com\/manufacturing\/fr\/products\/metalworking-fluids\/cutting-fluids\/\",\"url\":\"https:\/\/www.duboischemicals.com\/manufacturing\/fr\/products\/metalworking-fluids\/cutting-fluids\/\",\"name\":\"Liquides de coupe - Manufacturing\",\"isPartOf\":{\"@id\":\"https:\/\/www.duboischemicals.com\/manufacturing\/fr\/#website\"},\"primaryImageOfPage\":{\"@id\":\"https:\/\/www.duboischemicals.com\/manufacturing\/fr\/products\/metalworking-fluids\/cutting-fluids\/#primaryimage\"},\"image\":{\"@id\":\"https:\/\/www.duboischemicals.com\/manufacturing\/fr\/products\/metalworking-fluids\/cutting-fluids\/#primaryimage\"},\"thumbnailUrl\":\"https:\/\/www.duboischemicals.com\/manufacturing\/wp-content\/uploads\/sites\/2\/2018\/10\/iStock-971042974-Cutting-Fluids2.jpg\",\"datePublished\":\"2020-11-30T17:22:45+00:00\",\"dateModified\":\"2021-02-17T10:04:13+00:00\",\"breadcrumb\":{\"@id\":\"https:\/\/www.duboischemicals.com\/manufacturing\/fr\/products\/metalworking-fluids\/cutting-fluids\/#breadcrumb\"},\"inLanguage\":\"fr-FR\",\"potentialAction\":[{\"@type\":\"ReadAction\",\"target\":[\"https:\/\/www.duboischemicals.com\/manufacturing\/fr\/products\/metalworking-fluids\/cutting-fluids\/\"]}]},{\"@type\":\"ImageObject\",\"inLanguage\":\"fr-FR\",\"@id\":\"https:\/\/www.duboischemicals.com\/manufacturing\/fr\/products\/metalworking-fluids\/cutting-fluids\/#primaryimage\",\"url\":\"https:\/\/www.duboischemicals.com\/manufacturing\/wp-content\/uploads\/sites\/2\/2018\/10\/iStock-971042974-Cutting-Fluids2.jpg\",\"contentUrl\":\"https:\/\/www.duboischemicals.com\/manufacturing\/wp-content\/uploads\/sites\/2\/2018\/10\/iStock-971042974-Cutting-Fluids2.jpg\",\"width\":454,\"height\":450,\"caption\":\"Liquides de coupe\"},{\"@type\":\"BreadcrumbList\",\"@id\":\"https:\/\/www.duboischemicals.com\/manufacturing\/fr\/products\/metalworking-fluids\/cutting-fluids\/#breadcrumb\",\"itemListElement\":[{\"@type\":\"ListItem\",\"position\":1,\"name\":\"Home\",\"item\":\"https:\/\/www.duboischemicals.com\/manufacturing\/fr\/\"},{\"@type\":\"ListItem\",\"position\":2,\"name\":\"Produits\",\"item\":\"https:\/\/www.duboischemicals.com\/manufacturing\/fr\/products\/\"},{\"@type\":\"ListItem\",\"position\":3,\"name\":\"Liquides m\u00e9tallurgiques\",\"item\":\"https:\/\/www.duboischemicals.com\/manufacturing\/fr\/products\/metalworking-fluids\/\"},{\"@type\":\"ListItem\",\"position\":4,\"name\":\"Liquides de coupe\"}]},{\"@type\":\"WebSite\",\"@id\":\"https:\/\/www.duboischemicals.com\/manufacturing\/fr\/#website\",\"url\":\"https:\/\/www.duboischemicals.com\/manufacturing\/fr\/\",\"name\":\"Manufacturing\",\"description\":\"\",\"potentialAction\":[{\"@type\":\"SearchAction\",\"target\":{\"@type\":\"EntryPoint\",\"urlTemplate\":\"https:\/\/www.duboischemicals.com\/manufacturing\/fr\/?s={search_term_string}\"},\"query-input\":{\"@type\":\"PropertyValueSpecification\",\"valueRequired\":true,\"valueName\":\"search_term_string\"}}],\"inLanguage\":\"fr-FR\"}]}<\/script>\n<!-- \/ Yoast SEO plugin. -->","yoast_head_json":{"title":"Liquides de coupe - Manufacturing","robots":{"index":"index","follow":"follow","max-snippet":"max-snippet:-1","max-image-preview":"max-image-preview:large","max-video-preview":"max-video-preview:-1"},"canonical":"https:\/\/www.duboischemicals.com\/manufacturing\/fr\/products\/metalworking-fluids\/cutting-fluids\/","og_locale":"fr_FR","og_type":"article","og_title":"Liquides de coupe - Manufacturing","og_description":"Toutes les applications de d\u00e9coupe des m\u00e9taux provoquent une chaleur extr\u00eame qui peut user l&rsquo;outillage et endommager le mat\u00e9riau travaill\u00e9. DuBois propose une gamme compl\u00e8te de liquides de coupe qui sont formul\u00e9s avec des m\u00e9langes...","og_url":"https:\/\/www.duboischemicals.com\/manufacturing\/fr\/products\/metalworking-fluids\/cutting-fluids\/","og_site_name":"Manufacturing","article_modified_time":"2021-02-17T10:04:13+00:00","og_image":[{"width":454,"height":450,"url":"https:\/\/www.duboischemicals.com\/manufacturing\/wp-content\/uploads\/sites\/2\/2018\/10\/iStock-971042974-Cutting-Fluids2.jpg","type":"image\/jpeg"}],"twitter_card":"summary_large_image","twitter_misc":{"Dur\u00e9e de lecture estim\u00e9e":"1 minute"},"schema":{"@context":"https:\/\/schema.org","@graph":[{"@type":"WebPage","@id":"https:\/\/www.duboischemicals.com\/manufacturing\/fr\/products\/metalworking-fluids\/cutting-fluids\/","url":"https:\/\/www.duboischemicals.com\/manufacturing\/fr\/products\/metalworking-fluids\/cutting-fluids\/","name":"Liquides de coupe - Manufacturing","isPartOf":{"@id":"https:\/\/www.duboischemicals.com\/manufacturing\/fr\/#website"},"primaryImageOfPage":{"@id":"https:\/\/www.duboischemicals.com\/manufacturing\/fr\/products\/metalworking-fluids\/cutting-fluids\/#primaryimage"},"image":{"@id":"https:\/\/www.duboischemicals.com\/manufacturing\/fr\/products\/metalworking-fluids\/cutting-fluids\/#primaryimage"},"thumbnailUrl":"https:\/\/www.duboischemicals.com\/manufacturing\/wp-content\/uploads\/sites\/2\/2018\/10\/iStock-971042974-Cutting-Fluids2.jpg","datePublished":"2020-11-30T17:22:45+00:00","dateModified":"2021-02-17T10:04:13+00:00","breadcrumb":{"@id":"https:\/\/www.duboischemicals.com\/manufacturing\/fr\/products\/metalworking-fluids\/cutting-fluids\/#breadcrumb"},"inLanguage":"fr-FR","potentialAction":[{"@type":"ReadAction","target":["https:\/\/www.duboischemicals.com\/manufacturing\/fr\/products\/metalworking-fluids\/cutting-fluids\/"]}]},{"@type":"ImageObject","inLanguage":"fr-FR","@id":"https:\/\/www.duboischemicals.com\/manufacturing\/fr\/products\/metalworking-fluids\/cutting-fluids\/#primaryimage","url":"https:\/\/www.duboischemicals.com\/manufacturing\/wp-content\/uploads\/sites\/2\/2018\/10\/iStock-971042974-Cutting-Fluids2.jpg","contentUrl":"https:\/\/www.duboischemicals.com\/manufacturing\/wp-content\/uploads\/sites\/2\/2018\/10\/iStock-971042974-Cutting-Fluids2.jpg","width":454,"height":450,"caption":"Liquides de coupe"},{"@type":"BreadcrumbList","@id":"https:\/\/www.duboischemicals.com\/manufacturing\/fr\/products\/metalworking-fluids\/cutting-fluids\/#breadcrumb","itemListElement":[{"@type":"ListItem","position":1,"name":"Home","item":"https:\/\/www.duboischemicals.com\/manufacturing\/fr\/"},{"@type":"ListItem","position":2,"name":"Produits","item":"https:\/\/www.duboischemicals.com\/manufacturing\/fr\/products\/"},{"@type":"ListItem","position":3,"name":"Liquides m\u00e9tallurgiques","item":"https:\/\/www.duboischemicals.com\/manufacturing\/fr\/products\/metalworking-fluids\/"},{"@type":"ListItem","position":4,"name":"Liquides de coupe"}]},{"@type":"WebSite","@id":"https:\/\/www.duboischemicals.com\/manufacturing\/fr\/#website","url":"https:\/\/www.duboischemicals.com\/manufacturing\/fr\/","name":"Manufacturing","description":"","potentialAction":[{"@type":"SearchAction","target":{"@type":"EntryPoint","urlTemplate":"https:\/\/www.duboischemicals.com\/manufacturing\/fr\/?s={search_term_string}"},"query-input":{"@type":"PropertyValueSpecification","valueRequired":true,"valueName":"search_term_string"}}],"inLanguage":"fr-FR"}]}},"_links":{"self":[{"href":"https:\/\/www.duboischemicals.com\/manufacturing\/fr\/wp-json\/wp\/v2\/pages\/10823","targetHints":{"allow":["GET"]}}],"collection":[{"href":"https:\/\/www.duboischemicals.com\/manufacturing\/fr\/wp-json\/wp\/v2\/pages"}],"about":[{"href":"https:\/\/www.duboischemicals.com\/manufacturing\/fr\/wp-json\/wp\/v2\/types\/page"}],"author":[{"embeddable":true,"href":"https:\/\/www.duboischemicals.com\/manufacturing\/fr\/wp-json\/wp\/v2\/users\/220"}],"replies":[{"embeddable":true,"href":"https:\/\/www.duboischemicals.com\/manufacturing\/fr\/wp-json\/wp\/v2\/comments?post=10823"}],"version-history":[{"count":3,"href":"https:\/\/www.duboischemicals.com\/manufacturing\/fr\/wp-json\/wp\/v2\/pages\/10823\/revisions"}],"predecessor-version":[{"id":11557,"href":"https:\/\/www.duboischemicals.com\/manufacturing\/fr\/wp-json\/wp\/v2\/pages\/10823\/revisions\/11557"}],"up":[{"embeddable":true,"href":"https:\/\/www.duboischemicals.com\/manufacturing\/fr\/wp-json\/wp\/v2\/pages\/10689"}],"wp:featuredmedia":[{"embeddable":true,"href":"https:\/\/www.duboischemicals.com\/manufacturing\/fr\/wp-json\/wp\/v2\/media\/10824"}],"wp:attachment":[{"href":"https:\/\/www.duboischemicals.com\/manufacturing\/fr\/wp-json\/wp\/v2\/media?parent=10823"}],"curies":[{"name":"wp","href":"https:\/\/api.w.org\/{rel}","templated":true}]}}