{"id":10841,"date":"2020-11-30T12:22:46","date_gmt":"2020-11-30T17:22:46","guid":{"rendered":"https:\/\/www.duboischemicals.com\/\/manufacturing\/products\/metalworking-fluids\/extrusion-oils\/"},"modified":"2021-02-17T05:04:11","modified_gmt":"2021-02-17T10:04:11","slug":"extrusion-oils","status":"publish","type":"page","link":"https:\/\/www.duboischemicals.com\/manufacturing\/fr\/products\/metalworking-fluids\/extrusion-oils\/","title":{"rendered":"Huiles d&rsquo;extrusion"},"content":{"rendered":"<p>DuBois dispose d&rsquo;une grande vari\u00e9t\u00e9 d&rsquo;huiles d&rsquo;extrusion fortifi\u00e9es pour des applications allant du formage, du matri\u00e7age et du forgeage \u00e0 froid. La gamme DuBois est formul\u00e9e pour fournir des performances avanc\u00e9es en utilisant une pression extr\u00eame, une lubrification des zones limitrophes et des m\u00e9langes anti-oxydants, qui prolongent la dur\u00e9e de vie des matrices et la long\u00e9vit\u00e9 de l&rsquo;huile afin que la productivit\u00e9 soit maximis\u00e9e et qu&rsquo;une finition de qualit\u00e9 soit obtenue.<\/p>\n<p>Les principales caract\u00e9ristiques de performance comprennent \u00e9galement des agents anti-soudure et de faibles taux de brumisation et d&rsquo;\u00e9vaporation. Les produits DuBois ne laissent aucun r\u00e9sidu de colle et peuvent donc \u00eatre facilement nettoy\u00e9s avec des solvants, des alcalins et des phosphates.<\/p>\n","protected":false},"excerpt":{"rendered":"<p>DuBois dispose d&rsquo;une grande vari\u00e9t\u00e9 d&rsquo;huiles d&rsquo;extrusion fortifi\u00e9es pour des applications allant du formage, du matri\u00e7age et du forgeage \u00e0 froid. La gamme DuBois est formul\u00e9e pour fournir des performances avanc\u00e9es en utilisant une pression&#8230;<\/p>\n","protected":false},"author":220,"featured_media":10842,"parent":10689,"menu_order":3,"comment_status":"closed","ping_status":"closed","template":"template-prodinfo.php","meta":{"_acf_changed":false,"footnotes":""},"class_list":["post-10841","page","type-page","status-publish","has-post-thumbnail","hentry"],"acf":[],"yoast_head":"<!-- This site is optimized with the Yoast SEO plugin v26.8 - https:\/\/yoast.com\/product\/yoast-seo-wordpress\/ -->\n<title>Huiles d&#039;extrusion - Manufacturing<\/title>\n<meta name=\"robots\" content=\"index, follow, max-snippet:-1, max-image-preview:large, max-video-preview:-1\" \/>\n<link rel=\"canonical\" href=\"https:\/\/www.duboischemicals.com\/manufacturing\/fr\/products\/metalworking-fluids\/extrusion-oils\/\" \/>\n<meta property=\"og:locale\" content=\"fr_FR\" \/>\n<meta property=\"og:type\" content=\"article\" \/>\n<meta property=\"og:title\" content=\"Huiles d&#039;extrusion - Manufacturing\" \/>\n<meta property=\"og:description\" content=\"DuBois dispose d&rsquo;une grande vari\u00e9t\u00e9 d&rsquo;huiles d&rsquo;extrusion fortifi\u00e9es pour des applications allant du formage, du matri\u00e7age et du forgeage \u00e0 froid. La gamme DuBois est formul\u00e9e pour fournir des performances avanc\u00e9es en utilisant une pression...\" \/>\n<meta property=\"og:url\" content=\"https:\/\/www.duboischemicals.com\/manufacturing\/fr\/products\/metalworking-fluids\/extrusion-oils\/\" \/>\n<meta property=\"og:site_name\" content=\"Manufacturing\" \/>\n<meta property=\"article:modified_time\" content=\"2021-02-17T10:04:11+00:00\" \/>\n<meta property=\"og:image\" content=\"https:\/\/www.duboischemicals.com\/manufacturing\/wp-content\/uploads\/sites\/2\/2018\/10\/iStock-687971534.jpg\" \/>\n\t<meta property=\"og:image:width\" content=\"454\" \/>\n\t<meta property=\"og:image:height\" content=\"450\" \/>\n\t<meta property=\"og:image:type\" content=\"image\/jpeg\" \/>\n<meta name=\"twitter:card\" content=\"summary_large_image\" \/>\n<meta name=\"twitter:label1\" content=\"Dur\u00e9e de lecture estim\u00e9e\" \/>\n\t<meta name=\"twitter:data1\" content=\"1 minute\" \/>\n<script type=\"application\/ld+json\" class=\"yoast-schema-graph\">{\"@context\":\"https:\/\/schema.org\",\"@graph\":[{\"@type\":\"WebPage\",\"@id\":\"https:\/\/www.duboischemicals.com\/manufacturing\/fr\/products\/metalworking-fluids\/extrusion-oils\/\",\"url\":\"https:\/\/www.duboischemicals.com\/manufacturing\/fr\/products\/metalworking-fluids\/extrusion-oils\/\",\"name\":\"Huiles d'extrusion - Manufacturing\",\"isPartOf\":{\"@id\":\"https:\/\/www.duboischemicals.com\/manufacturing\/fr\/#website\"},\"primaryImageOfPage\":{\"@id\":\"https:\/\/www.duboischemicals.com\/manufacturing\/fr\/products\/metalworking-fluids\/extrusion-oils\/#primaryimage\"},\"image\":{\"@id\":\"https:\/\/www.duboischemicals.com\/manufacturing\/fr\/products\/metalworking-fluids\/extrusion-oils\/#primaryimage\"},\"thumbnailUrl\":\"https:\/\/www.duboischemicals.com\/manufacturing\/wp-content\/uploads\/sites\/2\/2018\/10\/iStock-687971534.jpg\",\"datePublished\":\"2020-11-30T17:22:46+00:00\",\"dateModified\":\"2021-02-17T10:04:11+00:00\",\"breadcrumb\":{\"@id\":\"https:\/\/www.duboischemicals.com\/manufacturing\/fr\/products\/metalworking-fluids\/extrusion-oils\/#breadcrumb\"},\"inLanguage\":\"fr-FR\",\"potentialAction\":[{\"@type\":\"ReadAction\",\"target\":[\"https:\/\/www.duboischemicals.com\/manufacturing\/fr\/products\/metalworking-fluids\/extrusion-oils\/\"]}]},{\"@type\":\"ImageObject\",\"inLanguage\":\"fr-FR\",\"@id\":\"https:\/\/www.duboischemicals.com\/manufacturing\/fr\/products\/metalworking-fluids\/extrusion-oils\/#primaryimage\",\"url\":\"https:\/\/www.duboischemicals.com\/manufacturing\/wp-content\/uploads\/sites\/2\/2018\/10\/iStock-687971534.jpg\",\"contentUrl\":\"https:\/\/www.duboischemicals.com\/manufacturing\/wp-content\/uploads\/sites\/2\/2018\/10\/iStock-687971534.jpg\",\"width\":454,\"height\":450,\"caption\":\"Huiles d'extrusion\"},{\"@type\":\"BreadcrumbList\",\"@id\":\"https:\/\/www.duboischemicals.com\/manufacturing\/fr\/products\/metalworking-fluids\/extrusion-oils\/#breadcrumb\",\"itemListElement\":[{\"@type\":\"ListItem\",\"position\":1,\"name\":\"Home\",\"item\":\"https:\/\/www.duboischemicals.com\/manufacturing\/fr\/\"},{\"@type\":\"ListItem\",\"position\":2,\"name\":\"Produits\",\"item\":\"https:\/\/www.duboischemicals.com\/manufacturing\/fr\/products\/\"},{\"@type\":\"ListItem\",\"position\":3,\"name\":\"Liquides m\u00e9tallurgiques\",\"item\":\"https:\/\/www.duboischemicals.com\/manufacturing\/fr\/products\/metalworking-fluids\/\"},{\"@type\":\"ListItem\",\"position\":4,\"name\":\"Huiles d&rsquo;extrusion\"}]},{\"@type\":\"WebSite\",\"@id\":\"https:\/\/www.duboischemicals.com\/manufacturing\/fr\/#website\",\"url\":\"https:\/\/www.duboischemicals.com\/manufacturing\/fr\/\",\"name\":\"Manufacturing\",\"description\":\"\",\"potentialAction\":[{\"@type\":\"SearchAction\",\"target\":{\"@type\":\"EntryPoint\",\"urlTemplate\":\"https:\/\/www.duboischemicals.com\/manufacturing\/fr\/?s={search_term_string}\"},\"query-input\":{\"@type\":\"PropertyValueSpecification\",\"valueRequired\":true,\"valueName\":\"search_term_string\"}}],\"inLanguage\":\"fr-FR\"}]}<\/script>\n<!-- \/ Yoast SEO plugin. -->","yoast_head_json":{"title":"Huiles d'extrusion - Manufacturing","robots":{"index":"index","follow":"follow","max-snippet":"max-snippet:-1","max-image-preview":"max-image-preview:large","max-video-preview":"max-video-preview:-1"},"canonical":"https:\/\/www.duboischemicals.com\/manufacturing\/fr\/products\/metalworking-fluids\/extrusion-oils\/","og_locale":"fr_FR","og_type":"article","og_title":"Huiles d'extrusion - Manufacturing","og_description":"DuBois dispose d&rsquo;une grande vari\u00e9t\u00e9 d&rsquo;huiles d&rsquo;extrusion fortifi\u00e9es pour des applications allant du formage, du matri\u00e7age et du forgeage \u00e0 froid. La gamme DuBois est formul\u00e9e pour fournir des performances avanc\u00e9es en utilisant une pression...","og_url":"https:\/\/www.duboischemicals.com\/manufacturing\/fr\/products\/metalworking-fluids\/extrusion-oils\/","og_site_name":"Manufacturing","article_modified_time":"2021-02-17T10:04:11+00:00","og_image":[{"width":454,"height":450,"url":"https:\/\/www.duboischemicals.com\/manufacturing\/wp-content\/uploads\/sites\/2\/2018\/10\/iStock-687971534.jpg","type":"image\/jpeg"}],"twitter_card":"summary_large_image","twitter_misc":{"Dur\u00e9e de lecture estim\u00e9e":"1 minute"},"schema":{"@context":"https:\/\/schema.org","@graph":[{"@type":"WebPage","@id":"https:\/\/www.duboischemicals.com\/manufacturing\/fr\/products\/metalworking-fluids\/extrusion-oils\/","url":"https:\/\/www.duboischemicals.com\/manufacturing\/fr\/products\/metalworking-fluids\/extrusion-oils\/","name":"Huiles d'extrusion - Manufacturing","isPartOf":{"@id":"https:\/\/www.duboischemicals.com\/manufacturing\/fr\/#website"},"primaryImageOfPage":{"@id":"https:\/\/www.duboischemicals.com\/manufacturing\/fr\/products\/metalworking-fluids\/extrusion-oils\/#primaryimage"},"image":{"@id":"https:\/\/www.duboischemicals.com\/manufacturing\/fr\/products\/metalworking-fluids\/extrusion-oils\/#primaryimage"},"thumbnailUrl":"https:\/\/www.duboischemicals.com\/manufacturing\/wp-content\/uploads\/sites\/2\/2018\/10\/iStock-687971534.jpg","datePublished":"2020-11-30T17:22:46+00:00","dateModified":"2021-02-17T10:04:11+00:00","breadcrumb":{"@id":"https:\/\/www.duboischemicals.com\/manufacturing\/fr\/products\/metalworking-fluids\/extrusion-oils\/#breadcrumb"},"inLanguage":"fr-FR","potentialAction":[{"@type":"ReadAction","target":["https:\/\/www.duboischemicals.com\/manufacturing\/fr\/products\/metalworking-fluids\/extrusion-oils\/"]}]},{"@type":"ImageObject","inLanguage":"fr-FR","@id":"https:\/\/www.duboischemicals.com\/manufacturing\/fr\/products\/metalworking-fluids\/extrusion-oils\/#primaryimage","url":"https:\/\/www.duboischemicals.com\/manufacturing\/wp-content\/uploads\/sites\/2\/2018\/10\/iStock-687971534.jpg","contentUrl":"https:\/\/www.duboischemicals.com\/manufacturing\/wp-content\/uploads\/sites\/2\/2018\/10\/iStock-687971534.jpg","width":454,"height":450,"caption":"Huiles d'extrusion"},{"@type":"BreadcrumbList","@id":"https:\/\/www.duboischemicals.com\/manufacturing\/fr\/products\/metalworking-fluids\/extrusion-oils\/#breadcrumb","itemListElement":[{"@type":"ListItem","position":1,"name":"Home","item":"https:\/\/www.duboischemicals.com\/manufacturing\/fr\/"},{"@type":"ListItem","position":2,"name":"Produits","item":"https:\/\/www.duboischemicals.com\/manufacturing\/fr\/products\/"},{"@type":"ListItem","position":3,"name":"Liquides m\u00e9tallurgiques","item":"https:\/\/www.duboischemicals.com\/manufacturing\/fr\/products\/metalworking-fluids\/"},{"@type":"ListItem","position":4,"name":"Huiles d&rsquo;extrusion"}]},{"@type":"WebSite","@id":"https:\/\/www.duboischemicals.com\/manufacturing\/fr\/#website","url":"https:\/\/www.duboischemicals.com\/manufacturing\/fr\/","name":"Manufacturing","description":"","potentialAction":[{"@type":"SearchAction","target":{"@type":"EntryPoint","urlTemplate":"https:\/\/www.duboischemicals.com\/manufacturing\/fr\/?s={search_term_string}"},"query-input":{"@type":"PropertyValueSpecification","valueRequired":true,"valueName":"search_term_string"}}],"inLanguage":"fr-FR"}]}},"_links":{"self":[{"href":"https:\/\/www.duboischemicals.com\/manufacturing\/fr\/wp-json\/wp\/v2\/pages\/10841","targetHints":{"allow":["GET"]}}],"collection":[{"href":"https:\/\/www.duboischemicals.com\/manufacturing\/fr\/wp-json\/wp\/v2\/pages"}],"about":[{"href":"https:\/\/www.duboischemicals.com\/manufacturing\/fr\/wp-json\/wp\/v2\/types\/page"}],"author":[{"embeddable":true,"href":"https:\/\/www.duboischemicals.com\/manufacturing\/fr\/wp-json\/wp\/v2\/users\/220"}],"replies":[{"embeddable":true,"href":"https:\/\/www.duboischemicals.com\/manufacturing\/fr\/wp-json\/wp\/v2\/comments?post=10841"}],"version-history":[{"count":3,"href":"https:\/\/www.duboischemicals.com\/manufacturing\/fr\/wp-json\/wp\/v2\/pages\/10841\/revisions"}],"predecessor-version":[{"id":11551,"href":"https:\/\/www.duboischemicals.com\/manufacturing\/fr\/wp-json\/wp\/v2\/pages\/10841\/revisions\/11551"}],"up":[{"embeddable":true,"href":"https:\/\/www.duboischemicals.com\/manufacturing\/fr\/wp-json\/wp\/v2\/pages\/10689"}],"wp:featuredmedia":[{"embeddable":true,"href":"https:\/\/www.duboischemicals.com\/manufacturing\/fr\/wp-json\/wp\/v2\/media\/10842"}],"wp:attachment":[{"href":"https:\/\/www.duboischemicals.com\/manufacturing\/fr\/wp-json\/wp\/v2\/media?parent=10841"}],"curies":[{"name":"wp","href":"https:\/\/api.w.org\/{rel}","templated":true}]}}