{"id":10845,"date":"2020-11-30T12:22:46","date_gmt":"2020-11-30T17:22:46","guid":{"rendered":"https:\/\/www.duboischemicals.com\/\/manufacturing\/products\/metalworking-fluids\/stamping-compounds\/"},"modified":"2021-02-17T05:04:18","modified_gmt":"2021-02-17T10:04:18","slug":"stamping-compounds","status":"publish","type":"page","link":"https:\/\/www.duboischemicals.com\/manufacturing\/fr\/products\/metalworking-fluids\/stamping-compounds\/","title":{"rendered":"Produits d&rsquo;estampage"},"content":{"rendered":"<p>Les op\u00e9rations d&rsquo;estampage consistent souvent dans des processus \u00e0 grande vitesse et \u00e0 haute pression, qui donnent des pi\u00e8ces simples ou complexes. Il est essentiel de prot\u00e9ger la matrice et l&rsquo;outillage contre les rayures et le grippage, ainsi que la t\u00f4le utilis\u00e9e contre les rayures, les d\u00e9chirures et les plis. DuBois propose une grande vari\u00e9t\u00e9 de liquides d&rsquo;estampage qui prot\u00e8gent votre \u00e9quipement et vos pi\u00e8ces des contraintes de l&rsquo;op\u00e9ration d&rsquo;estampage et des conditions difficiles de votre usine.<\/p>\n<p>DuBois dispose d&rsquo;une gamme compl\u00e8te de produits d\u2019\u00e9tirage et de tr\u00e9filage, dont les suivants\u00a0:<\/p>\n<ul>\n<li>Options chlor\u00e9es et non chlor\u00e9es<\/li>\n<li>Fluides \u00e9vanescents synth\u00e9tiques et \u00e0 base de solvant<\/li>\n<li>Huile de d\u00e9coupage fin<\/li>\n<li>Estampage de fines d\u2019aluminium<\/li>\n<\/ul>\n","protected":false},"excerpt":{"rendered":"<p>Les op\u00e9rations d&rsquo;estampage consistent souvent dans des processus \u00e0 grande vitesse et \u00e0 haute pression, qui donnent des pi\u00e8ces simples ou complexes. Il est essentiel de prot\u00e9ger la matrice et l&rsquo;outillage contre les rayures et&#8230;<\/p>\n","protected":false},"author":220,"featured_media":10696,"parent":10689,"menu_order":5,"comment_status":"closed","ping_status":"closed","template":"template-prodinfo.php","meta":{"_acf_changed":false,"footnotes":""},"class_list":["post-10845","page","type-page","status-publish","has-post-thumbnail","hentry"],"acf":[],"yoast_head":"<!-- This site is optimized with the Yoast SEO plugin v26.8 - https:\/\/yoast.com\/product\/yoast-seo-wordpress\/ -->\n<title>Produits d&#039;estampage - Manufacturing<\/title>\n<meta name=\"robots\" content=\"index, follow, max-snippet:-1, max-image-preview:large, max-video-preview:-1\" \/>\n<link rel=\"canonical\" href=\"https:\/\/www.duboischemicals.com\/manufacturing\/fr\/products\/metalworking-fluids\/stamping-compounds\/\" \/>\n<meta property=\"og:locale\" content=\"fr_FR\" \/>\n<meta property=\"og:type\" content=\"article\" \/>\n<meta property=\"og:title\" content=\"Produits d&#039;estampage - Manufacturing\" \/>\n<meta property=\"og:description\" content=\"Les op\u00e9rations d&rsquo;estampage consistent souvent dans des processus \u00e0 grande vitesse et \u00e0 haute pression, qui donnent des pi\u00e8ces simples ou complexes. Il est essentiel de prot\u00e9ger la matrice et l&rsquo;outillage contre les rayures et...\" \/>\n<meta property=\"og:url\" content=\"https:\/\/www.duboischemicals.com\/manufacturing\/fr\/products\/metalworking-fluids\/stamping-compounds\/\" \/>\n<meta property=\"og:site_name\" content=\"Manufacturing\" \/>\n<meta property=\"article:modified_time\" content=\"2021-02-17T10:04:18+00:00\" \/>\n<meta property=\"og:image\" content=\"https:\/\/www.duboischemicals.com\/manufacturing\/wp-content\/uploads\/sites\/2\/2018\/10\/iStock-619070792-Stamping-Compounds.jpg\" \/>\n\t<meta property=\"og:image:width\" content=\"454\" \/>\n\t<meta property=\"og:image:height\" content=\"450\" \/>\n\t<meta property=\"og:image:type\" content=\"image\/jpeg\" \/>\n<meta name=\"twitter:card\" content=\"summary_large_image\" \/>\n<meta name=\"twitter:label1\" content=\"Dur\u00e9e de lecture estim\u00e9e\" \/>\n\t<meta name=\"twitter:data1\" content=\"1 minute\" \/>\n<script type=\"application\/ld+json\" class=\"yoast-schema-graph\">{\"@context\":\"https:\/\/schema.org\",\"@graph\":[{\"@type\":\"WebPage\",\"@id\":\"https:\/\/www.duboischemicals.com\/manufacturing\/fr\/products\/metalworking-fluids\/stamping-compounds\/\",\"url\":\"https:\/\/www.duboischemicals.com\/manufacturing\/fr\/products\/metalworking-fluids\/stamping-compounds\/\",\"name\":\"Produits d'estampage - Manufacturing\",\"isPartOf\":{\"@id\":\"https:\/\/www.duboischemicals.com\/manufacturing\/fr\/#website\"},\"primaryImageOfPage\":{\"@id\":\"https:\/\/www.duboischemicals.com\/manufacturing\/fr\/products\/metalworking-fluids\/stamping-compounds\/#primaryimage\"},\"image\":{\"@id\":\"https:\/\/www.duboischemicals.com\/manufacturing\/fr\/products\/metalworking-fluids\/stamping-compounds\/#primaryimage\"},\"thumbnailUrl\":\"https:\/\/www.duboischemicals.com\/manufacturing\/wp-content\/uploads\/sites\/2\/2018\/10\/iStock-619070792-Stamping-Compounds.jpg\",\"datePublished\":\"2020-11-30T17:22:46+00:00\",\"dateModified\":\"2021-02-17T10:04:18+00:00\",\"breadcrumb\":{\"@id\":\"https:\/\/www.duboischemicals.com\/manufacturing\/fr\/products\/metalworking-fluids\/stamping-compounds\/#breadcrumb\"},\"inLanguage\":\"fr-FR\",\"potentialAction\":[{\"@type\":\"ReadAction\",\"target\":[\"https:\/\/www.duboischemicals.com\/manufacturing\/fr\/products\/metalworking-fluids\/stamping-compounds\/\"]}]},{\"@type\":\"ImageObject\",\"inLanguage\":\"fr-FR\",\"@id\":\"https:\/\/www.duboischemicals.com\/manufacturing\/fr\/products\/metalworking-fluids\/stamping-compounds\/#primaryimage\",\"url\":\"https:\/\/www.duboischemicals.com\/manufacturing\/wp-content\/uploads\/sites\/2\/2018\/10\/iStock-619070792-Stamping-Compounds.jpg\",\"contentUrl\":\"https:\/\/www.duboischemicals.com\/manufacturing\/wp-content\/uploads\/sites\/2\/2018\/10\/iStock-619070792-Stamping-Compounds.jpg\",\"width\":454,\"height\":450,\"caption\":\"Produits d'estampage\"},{\"@type\":\"BreadcrumbList\",\"@id\":\"https:\/\/www.duboischemicals.com\/manufacturing\/fr\/products\/metalworking-fluids\/stamping-compounds\/#breadcrumb\",\"itemListElement\":[{\"@type\":\"ListItem\",\"position\":1,\"name\":\"Home\",\"item\":\"https:\/\/www.duboischemicals.com\/manufacturing\/fr\/\"},{\"@type\":\"ListItem\",\"position\":2,\"name\":\"Produits\",\"item\":\"https:\/\/www.duboischemicals.com\/manufacturing\/fr\/products\/\"},{\"@type\":\"ListItem\",\"position\":3,\"name\":\"Liquides m\u00e9tallurgiques\",\"item\":\"https:\/\/www.duboischemicals.com\/manufacturing\/fr\/products\/metalworking-fluids\/\"},{\"@type\":\"ListItem\",\"position\":4,\"name\":\"Produits d&rsquo;estampage\"}]},{\"@type\":\"WebSite\",\"@id\":\"https:\/\/www.duboischemicals.com\/manufacturing\/fr\/#website\",\"url\":\"https:\/\/www.duboischemicals.com\/manufacturing\/fr\/\",\"name\":\"Manufacturing\",\"description\":\"\",\"potentialAction\":[{\"@type\":\"SearchAction\",\"target\":{\"@type\":\"EntryPoint\",\"urlTemplate\":\"https:\/\/www.duboischemicals.com\/manufacturing\/fr\/?s={search_term_string}\"},\"query-input\":{\"@type\":\"PropertyValueSpecification\",\"valueRequired\":true,\"valueName\":\"search_term_string\"}}],\"inLanguage\":\"fr-FR\"}]}<\/script>\n<!-- \/ Yoast SEO plugin. -->","yoast_head_json":{"title":"Produits d'estampage - Manufacturing","robots":{"index":"index","follow":"follow","max-snippet":"max-snippet:-1","max-image-preview":"max-image-preview:large","max-video-preview":"max-video-preview:-1"},"canonical":"https:\/\/www.duboischemicals.com\/manufacturing\/fr\/products\/metalworking-fluids\/stamping-compounds\/","og_locale":"fr_FR","og_type":"article","og_title":"Produits d'estampage - Manufacturing","og_description":"Les op\u00e9rations d&rsquo;estampage consistent souvent dans des processus \u00e0 grande vitesse et \u00e0 haute pression, qui donnent des pi\u00e8ces simples ou complexes. Il est essentiel de prot\u00e9ger la matrice et l&rsquo;outillage contre les rayures et...","og_url":"https:\/\/www.duboischemicals.com\/manufacturing\/fr\/products\/metalworking-fluids\/stamping-compounds\/","og_site_name":"Manufacturing","article_modified_time":"2021-02-17T10:04:18+00:00","og_image":[{"width":454,"height":450,"url":"https:\/\/www.duboischemicals.com\/manufacturing\/wp-content\/uploads\/sites\/2\/2018\/10\/iStock-619070792-Stamping-Compounds.jpg","type":"image\/jpeg"}],"twitter_card":"summary_large_image","twitter_misc":{"Dur\u00e9e de lecture estim\u00e9e":"1 minute"},"schema":{"@context":"https:\/\/schema.org","@graph":[{"@type":"WebPage","@id":"https:\/\/www.duboischemicals.com\/manufacturing\/fr\/products\/metalworking-fluids\/stamping-compounds\/","url":"https:\/\/www.duboischemicals.com\/manufacturing\/fr\/products\/metalworking-fluids\/stamping-compounds\/","name":"Produits d'estampage - Manufacturing","isPartOf":{"@id":"https:\/\/www.duboischemicals.com\/manufacturing\/fr\/#website"},"primaryImageOfPage":{"@id":"https:\/\/www.duboischemicals.com\/manufacturing\/fr\/products\/metalworking-fluids\/stamping-compounds\/#primaryimage"},"image":{"@id":"https:\/\/www.duboischemicals.com\/manufacturing\/fr\/products\/metalworking-fluids\/stamping-compounds\/#primaryimage"},"thumbnailUrl":"https:\/\/www.duboischemicals.com\/manufacturing\/wp-content\/uploads\/sites\/2\/2018\/10\/iStock-619070792-Stamping-Compounds.jpg","datePublished":"2020-11-30T17:22:46+00:00","dateModified":"2021-02-17T10:04:18+00:00","breadcrumb":{"@id":"https:\/\/www.duboischemicals.com\/manufacturing\/fr\/products\/metalworking-fluids\/stamping-compounds\/#breadcrumb"},"inLanguage":"fr-FR","potentialAction":[{"@type":"ReadAction","target":["https:\/\/www.duboischemicals.com\/manufacturing\/fr\/products\/metalworking-fluids\/stamping-compounds\/"]}]},{"@type":"ImageObject","inLanguage":"fr-FR","@id":"https:\/\/www.duboischemicals.com\/manufacturing\/fr\/products\/metalworking-fluids\/stamping-compounds\/#primaryimage","url":"https:\/\/www.duboischemicals.com\/manufacturing\/wp-content\/uploads\/sites\/2\/2018\/10\/iStock-619070792-Stamping-Compounds.jpg","contentUrl":"https:\/\/www.duboischemicals.com\/manufacturing\/wp-content\/uploads\/sites\/2\/2018\/10\/iStock-619070792-Stamping-Compounds.jpg","width":454,"height":450,"caption":"Produits d'estampage"},{"@type":"BreadcrumbList","@id":"https:\/\/www.duboischemicals.com\/manufacturing\/fr\/products\/metalworking-fluids\/stamping-compounds\/#breadcrumb","itemListElement":[{"@type":"ListItem","position":1,"name":"Home","item":"https:\/\/www.duboischemicals.com\/manufacturing\/fr\/"},{"@type":"ListItem","position":2,"name":"Produits","item":"https:\/\/www.duboischemicals.com\/manufacturing\/fr\/products\/"},{"@type":"ListItem","position":3,"name":"Liquides m\u00e9tallurgiques","item":"https:\/\/www.duboischemicals.com\/manufacturing\/fr\/products\/metalworking-fluids\/"},{"@type":"ListItem","position":4,"name":"Produits d&rsquo;estampage"}]},{"@type":"WebSite","@id":"https:\/\/www.duboischemicals.com\/manufacturing\/fr\/#website","url":"https:\/\/www.duboischemicals.com\/manufacturing\/fr\/","name":"Manufacturing","description":"","potentialAction":[{"@type":"SearchAction","target":{"@type":"EntryPoint","urlTemplate":"https:\/\/www.duboischemicals.com\/manufacturing\/fr\/?s={search_term_string}"},"query-input":{"@type":"PropertyValueSpecification","valueRequired":true,"valueName":"search_term_string"}}],"inLanguage":"fr-FR"}]}},"_links":{"self":[{"href":"https:\/\/www.duboischemicals.com\/manufacturing\/fr\/wp-json\/wp\/v2\/pages\/10845","targetHints":{"allow":["GET"]}}],"collection":[{"href":"https:\/\/www.duboischemicals.com\/manufacturing\/fr\/wp-json\/wp\/v2\/pages"}],"about":[{"href":"https:\/\/www.duboischemicals.com\/manufacturing\/fr\/wp-json\/wp\/v2\/types\/page"}],"author":[{"embeddable":true,"href":"https:\/\/www.duboischemicals.com\/manufacturing\/fr\/wp-json\/wp\/v2\/users\/220"}],"replies":[{"embeddable":true,"href":"https:\/\/www.duboischemicals.com\/manufacturing\/fr\/wp-json\/wp\/v2\/comments?post=10845"}],"version-history":[{"count":3,"href":"https:\/\/www.duboischemicals.com\/manufacturing\/fr\/wp-json\/wp\/v2\/pages\/10845\/revisions"}],"predecessor-version":[{"id":11563,"href":"https:\/\/www.duboischemicals.com\/manufacturing\/fr\/wp-json\/wp\/v2\/pages\/10845\/revisions\/11563"}],"up":[{"embeddable":true,"href":"https:\/\/www.duboischemicals.com\/manufacturing\/fr\/wp-json\/wp\/v2\/pages\/10689"}],"wp:featuredmedia":[{"embeddable":true,"href":"https:\/\/www.duboischemicals.com\/manufacturing\/fr\/wp-json\/wp\/v2\/media\/10696"}],"wp:attachment":[{"href":"https:\/\/www.duboischemicals.com\/manufacturing\/fr\/wp-json\/wp\/v2\/media?parent=10845"}],"curies":[{"name":"wp","href":"https:\/\/api.w.org\/{rel}","templated":true}]}}