{"id":10849,"date":"2020-11-30T12:22:47","date_gmt":"2020-11-30T17:22:47","guid":{"rendered":"https:\/\/www.duboischemicals.com\/\/manufacturing\/products\/metalworking-fluids\/vanishing-fluids\/"},"modified":"2021-03-10T12:17:50","modified_gmt":"2021-03-10T17:17:50","slug":"vanishing-fluids","status":"publish","type":"page","link":"https:\/\/www.duboischemicals.com\/manufacturing\/fr\/products\/metalworking-fluids\/vanishing-fluids\/","title":{"rendered":"Fluides \u00e9vanescents"},"content":{"rendered":"<p>Dans les applications de formage des m\u00e9taux, il est avantageux d&rsquo;avoir un produit qui, lorsqu&rsquo;il est appliqu\u00e9, s\u00e8che ou dispara\u00eet en laissant soit une pi\u00e8ce propre, soit un r\u00e9sidu sec ou huileux sur la surface. Lorsqu&rsquo;il est humide, ce liquide assure la lubrification de vos op\u00e9rations d&rsquo;usinage et lorsqu&rsquo;il est sec, il prot\u00e8ge votre pi\u00e8ce contre la rouille apr\u00e8s le processus. DuBois dispose d&rsquo;un large choix de fluides \u00e9vanescents, quelle que soit votre op\u00e9ration d&rsquo;usinage.<\/p>\n<p>DuBois dispose d&rsquo;une gamme compl\u00e8te de fluides \u00e9vanescents, notamment\u00a0:<span data-ccp-props=\"{&quot;201341983&quot;:0,&quot;335559739&quot;:200,&quot;335559740&quot;:276}\">\u00a0<\/span><\/p>\n<ul>\n<li data-leveltext=\"\uf0b7\" data-font=\"Symbol\" data-listid=\"4\" aria-setsize=\"-1\" data-aria-posinset=\"1\" data-aria-level=\"1\">Produits chlor\u00e9s ou non chlor\u00e9s<span data-ccp-props=\"{&quot;134233279&quot;:true,&quot;201341983&quot;:0,&quot;335559739&quot;:200,&quot;335559740&quot;:276}\">\u00a0<\/span><\/li>\n<li data-leveltext=\"\uf0b7\" data-font=\"Symbol\" data-listid=\"4\" aria-setsize=\"-1\" data-aria-posinset=\"2\" data-aria-level=\"1\">Films secs, huileux, collants ou inexistants<\/li>\n<li data-leveltext=\"\uf0b7\" data-font=\"Symbol\" data-listid=\"4\" aria-setsize=\"-1\" data-aria-posinset=\"2\" data-aria-level=\"1\">Options \u00e0 faible odeur<\/li>\n<li data-leveltext=\"\uf0b7\" data-font=\"Symbol\" data-listid=\"4\" aria-setsize=\"-1\" data-aria-posinset=\"2\" data-aria-level=\"1\">Options sans COV<\/li>\n<li data-leveltext=\"\uf0b7\" data-font=\"Symbol\" data-listid=\"4\" aria-setsize=\"-1\" data-aria-posinset=\"2\" data-aria-level=\"1\">Grande vari\u00e9t\u00e9 de vitesses de s\u00e9chage et de temp\u00e9ratures de fonctionnement<\/li>\n<\/ul>\n","protected":false},"excerpt":{"rendered":"<p>Dans les applications de formage des m\u00e9taux, il est avantageux d&rsquo;avoir un produit qui, lorsqu&rsquo;il est appliqu\u00e9, s\u00e8che ou dispara\u00eet en laissant soit une pi\u00e8ce propre, soit un r\u00e9sidu sec ou huileux sur la surface&#8230;.<\/p>\n","protected":false},"author":220,"featured_media":10695,"parent":10689,"menu_order":7,"comment_status":"closed","ping_status":"closed","template":"template-prodinfo.php","meta":{"_acf_changed":false,"footnotes":""},"class_list":["post-10849","page","type-page","status-publish","has-post-thumbnail","hentry"],"acf":[],"yoast_head":"<!-- This site is optimized with the Yoast SEO plugin v26.8 - https:\/\/yoast.com\/product\/yoast-seo-wordpress\/ -->\n<title>Fluides \u00e9vanescents - Manufacturing<\/title>\n<meta name=\"robots\" content=\"index, follow, max-snippet:-1, max-image-preview:large, max-video-preview:-1\" \/>\n<link rel=\"canonical\" href=\"https:\/\/www.duboischemicals.com\/manufacturing\/fr\/products\/metalworking-fluids\/vanishing-fluids\/\" \/>\n<meta property=\"og:locale\" content=\"fr_FR\" \/>\n<meta property=\"og:type\" content=\"article\" \/>\n<meta property=\"og:title\" content=\"Fluides \u00e9vanescents - Manufacturing\" \/>\n<meta property=\"og:description\" content=\"Dans les applications de formage des m\u00e9taux, il est avantageux d&rsquo;avoir un produit qui, lorsqu&rsquo;il est appliqu\u00e9, s\u00e8che ou dispara\u00eet en laissant soit une pi\u00e8ce propre, soit un r\u00e9sidu sec ou huileux sur la surface....\" \/>\n<meta property=\"og:url\" content=\"https:\/\/www.duboischemicals.com\/manufacturing\/fr\/products\/metalworking-fluids\/vanishing-fluids\/\" \/>\n<meta property=\"og:site_name\" content=\"Manufacturing\" \/>\n<meta property=\"article:modified_time\" content=\"2021-03-10T17:17:50+00:00\" \/>\n<meta property=\"og:image\" content=\"https:\/\/www.duboischemicals.com\/manufacturing\/wp-content\/uploads\/sites\/2\/2018\/10\/iStock-522472874-Vanishing-Fluids.jpg\" \/>\n\t<meta property=\"og:image:width\" content=\"454\" \/>\n\t<meta property=\"og:image:height\" content=\"450\" \/>\n\t<meta property=\"og:image:type\" content=\"image\/jpeg\" \/>\n<meta name=\"twitter:card\" content=\"summary_large_image\" \/>\n<meta name=\"twitter:label1\" content=\"Dur\u00e9e de lecture estim\u00e9e\" \/>\n\t<meta name=\"twitter:data1\" content=\"1 minute\" \/>\n<script type=\"application\/ld+json\" class=\"yoast-schema-graph\">{\"@context\":\"https:\/\/schema.org\",\"@graph\":[{\"@type\":\"WebPage\",\"@id\":\"https:\/\/www.duboischemicals.com\/manufacturing\/fr\/products\/metalworking-fluids\/vanishing-fluids\/\",\"url\":\"https:\/\/www.duboischemicals.com\/manufacturing\/fr\/products\/metalworking-fluids\/vanishing-fluids\/\",\"name\":\"Fluides \u00e9vanescents - Manufacturing\",\"isPartOf\":{\"@id\":\"https:\/\/www.duboischemicals.com\/manufacturing\/fr\/#website\"},\"primaryImageOfPage\":{\"@id\":\"https:\/\/www.duboischemicals.com\/manufacturing\/fr\/products\/metalworking-fluids\/vanishing-fluids\/#primaryimage\"},\"image\":{\"@id\":\"https:\/\/www.duboischemicals.com\/manufacturing\/fr\/products\/metalworking-fluids\/vanishing-fluids\/#primaryimage\"},\"thumbnailUrl\":\"https:\/\/www.duboischemicals.com\/manufacturing\/wp-content\/uploads\/sites\/2\/2018\/10\/iStock-522472874-Vanishing-Fluids.jpg\",\"datePublished\":\"2020-11-30T17:22:47+00:00\",\"dateModified\":\"2021-03-10T17:17:50+00:00\",\"breadcrumb\":{\"@id\":\"https:\/\/www.duboischemicals.com\/manufacturing\/fr\/products\/metalworking-fluids\/vanishing-fluids\/#breadcrumb\"},\"inLanguage\":\"fr-FR\",\"potentialAction\":[{\"@type\":\"ReadAction\",\"target\":[\"https:\/\/www.duboischemicals.com\/manufacturing\/fr\/products\/metalworking-fluids\/vanishing-fluids\/\"]}]},{\"@type\":\"ImageObject\",\"inLanguage\":\"fr-FR\",\"@id\":\"https:\/\/www.duboischemicals.com\/manufacturing\/fr\/products\/metalworking-fluids\/vanishing-fluids\/#primaryimage\",\"url\":\"https:\/\/www.duboischemicals.com\/manufacturing\/wp-content\/uploads\/sites\/2\/2018\/10\/iStock-522472874-Vanishing-Fluids.jpg\",\"contentUrl\":\"https:\/\/www.duboischemicals.com\/manufacturing\/wp-content\/uploads\/sites\/2\/2018\/10\/iStock-522472874-Vanishing-Fluids.jpg\",\"width\":454,\"height\":450,\"caption\":\"Fluides \u00e9vanescents\"},{\"@type\":\"BreadcrumbList\",\"@id\":\"https:\/\/www.duboischemicals.com\/manufacturing\/fr\/products\/metalworking-fluids\/vanishing-fluids\/#breadcrumb\",\"itemListElement\":[{\"@type\":\"ListItem\",\"position\":1,\"name\":\"Home\",\"item\":\"https:\/\/www.duboischemicals.com\/manufacturing\/fr\/\"},{\"@type\":\"ListItem\",\"position\":2,\"name\":\"Produits\",\"item\":\"https:\/\/www.duboischemicals.com\/manufacturing\/fr\/products\/\"},{\"@type\":\"ListItem\",\"position\":3,\"name\":\"Liquides m\u00e9tallurgiques\",\"item\":\"https:\/\/www.duboischemicals.com\/manufacturing\/fr\/products\/metalworking-fluids\/\"},{\"@type\":\"ListItem\",\"position\":4,\"name\":\"Fluides \u00e9vanescents\"}]},{\"@type\":\"WebSite\",\"@id\":\"https:\/\/www.duboischemicals.com\/manufacturing\/fr\/#website\",\"url\":\"https:\/\/www.duboischemicals.com\/manufacturing\/fr\/\",\"name\":\"Manufacturing\",\"description\":\"\",\"potentialAction\":[{\"@type\":\"SearchAction\",\"target\":{\"@type\":\"EntryPoint\",\"urlTemplate\":\"https:\/\/www.duboischemicals.com\/manufacturing\/fr\/?s={search_term_string}\"},\"query-input\":{\"@type\":\"PropertyValueSpecification\",\"valueRequired\":true,\"valueName\":\"search_term_string\"}}],\"inLanguage\":\"fr-FR\"}]}<\/script>\n<!-- \/ Yoast SEO plugin. -->","yoast_head_json":{"title":"Fluides \u00e9vanescents - Manufacturing","robots":{"index":"index","follow":"follow","max-snippet":"max-snippet:-1","max-image-preview":"max-image-preview:large","max-video-preview":"max-video-preview:-1"},"canonical":"https:\/\/www.duboischemicals.com\/manufacturing\/fr\/products\/metalworking-fluids\/vanishing-fluids\/","og_locale":"fr_FR","og_type":"article","og_title":"Fluides \u00e9vanescents - Manufacturing","og_description":"Dans les applications de formage des m\u00e9taux, il est avantageux d&rsquo;avoir un produit qui, lorsqu&rsquo;il est appliqu\u00e9, s\u00e8che ou dispara\u00eet en laissant soit une pi\u00e8ce propre, soit un r\u00e9sidu sec ou huileux sur la surface....","og_url":"https:\/\/www.duboischemicals.com\/manufacturing\/fr\/products\/metalworking-fluids\/vanishing-fluids\/","og_site_name":"Manufacturing","article_modified_time":"2021-03-10T17:17:50+00:00","og_image":[{"width":454,"height":450,"url":"https:\/\/www.duboischemicals.com\/manufacturing\/wp-content\/uploads\/sites\/2\/2018\/10\/iStock-522472874-Vanishing-Fluids.jpg","type":"image\/jpeg"}],"twitter_card":"summary_large_image","twitter_misc":{"Dur\u00e9e de lecture estim\u00e9e":"1 minute"},"schema":{"@context":"https:\/\/schema.org","@graph":[{"@type":"WebPage","@id":"https:\/\/www.duboischemicals.com\/manufacturing\/fr\/products\/metalworking-fluids\/vanishing-fluids\/","url":"https:\/\/www.duboischemicals.com\/manufacturing\/fr\/products\/metalworking-fluids\/vanishing-fluids\/","name":"Fluides \u00e9vanescents - Manufacturing","isPartOf":{"@id":"https:\/\/www.duboischemicals.com\/manufacturing\/fr\/#website"},"primaryImageOfPage":{"@id":"https:\/\/www.duboischemicals.com\/manufacturing\/fr\/products\/metalworking-fluids\/vanishing-fluids\/#primaryimage"},"image":{"@id":"https:\/\/www.duboischemicals.com\/manufacturing\/fr\/products\/metalworking-fluids\/vanishing-fluids\/#primaryimage"},"thumbnailUrl":"https:\/\/www.duboischemicals.com\/manufacturing\/wp-content\/uploads\/sites\/2\/2018\/10\/iStock-522472874-Vanishing-Fluids.jpg","datePublished":"2020-11-30T17:22:47+00:00","dateModified":"2021-03-10T17:17:50+00:00","breadcrumb":{"@id":"https:\/\/www.duboischemicals.com\/manufacturing\/fr\/products\/metalworking-fluids\/vanishing-fluids\/#breadcrumb"},"inLanguage":"fr-FR","potentialAction":[{"@type":"ReadAction","target":["https:\/\/www.duboischemicals.com\/manufacturing\/fr\/products\/metalworking-fluids\/vanishing-fluids\/"]}]},{"@type":"ImageObject","inLanguage":"fr-FR","@id":"https:\/\/www.duboischemicals.com\/manufacturing\/fr\/products\/metalworking-fluids\/vanishing-fluids\/#primaryimage","url":"https:\/\/www.duboischemicals.com\/manufacturing\/wp-content\/uploads\/sites\/2\/2018\/10\/iStock-522472874-Vanishing-Fluids.jpg","contentUrl":"https:\/\/www.duboischemicals.com\/manufacturing\/wp-content\/uploads\/sites\/2\/2018\/10\/iStock-522472874-Vanishing-Fluids.jpg","width":454,"height":450,"caption":"Fluides \u00e9vanescents"},{"@type":"BreadcrumbList","@id":"https:\/\/www.duboischemicals.com\/manufacturing\/fr\/products\/metalworking-fluids\/vanishing-fluids\/#breadcrumb","itemListElement":[{"@type":"ListItem","position":1,"name":"Home","item":"https:\/\/www.duboischemicals.com\/manufacturing\/fr\/"},{"@type":"ListItem","position":2,"name":"Produits","item":"https:\/\/www.duboischemicals.com\/manufacturing\/fr\/products\/"},{"@type":"ListItem","position":3,"name":"Liquides m\u00e9tallurgiques","item":"https:\/\/www.duboischemicals.com\/manufacturing\/fr\/products\/metalworking-fluids\/"},{"@type":"ListItem","position":4,"name":"Fluides \u00e9vanescents"}]},{"@type":"WebSite","@id":"https:\/\/www.duboischemicals.com\/manufacturing\/fr\/#website","url":"https:\/\/www.duboischemicals.com\/manufacturing\/fr\/","name":"Manufacturing","description":"","potentialAction":[{"@type":"SearchAction","target":{"@type":"EntryPoint","urlTemplate":"https:\/\/www.duboischemicals.com\/manufacturing\/fr\/?s={search_term_string}"},"query-input":{"@type":"PropertyValueSpecification","valueRequired":true,"valueName":"search_term_string"}}],"inLanguage":"fr-FR"}]}},"_links":{"self":[{"href":"https:\/\/www.duboischemicals.com\/manufacturing\/fr\/wp-json\/wp\/v2\/pages\/10849","targetHints":{"allow":["GET"]}}],"collection":[{"href":"https:\/\/www.duboischemicals.com\/manufacturing\/fr\/wp-json\/wp\/v2\/pages"}],"about":[{"href":"https:\/\/www.duboischemicals.com\/manufacturing\/fr\/wp-json\/wp\/v2\/types\/page"}],"author":[{"embeddable":true,"href":"https:\/\/www.duboischemicals.com\/manufacturing\/fr\/wp-json\/wp\/v2\/users\/220"}],"replies":[{"embeddable":true,"href":"https:\/\/www.duboischemicals.com\/manufacturing\/fr\/wp-json\/wp\/v2\/comments?post=10849"}],"version-history":[{"count":4,"href":"https:\/\/www.duboischemicals.com\/manufacturing\/fr\/wp-json\/wp\/v2\/pages\/10849\/revisions"}],"predecessor-version":[{"id":11822,"href":"https:\/\/www.duboischemicals.com\/manufacturing\/fr\/wp-json\/wp\/v2\/pages\/10849\/revisions\/11822"}],"up":[{"embeddable":true,"href":"https:\/\/www.duboischemicals.com\/manufacturing\/fr\/wp-json\/wp\/v2\/pages\/10689"}],"wp:featuredmedia":[{"embeddable":true,"href":"https:\/\/www.duboischemicals.com\/manufacturing\/fr\/wp-json\/wp\/v2\/media\/10695"}],"wp:attachment":[{"href":"https:\/\/www.duboischemicals.com\/manufacturing\/fr\/wp-json\/wp\/v2\/media?parent=10849"}],"curies":[{"name":"wp","href":"https:\/\/api.w.org\/{rel}","templated":true}]}}