{"id":10850,"date":"2018-10-22T16:04:31","date_gmt":"2018-10-22T20:04:31","guid":{"rendered":"https:\/\/www.duboischemicals.com\/\/manufacturing\/products\/lubricants\/compressor-lubricants\/"},"modified":"2021-02-17T05:04:26","modified_gmt":"2021-02-17T10:04:26","slug":"compressor-lubricants","status":"publish","type":"page","link":"https:\/\/www.duboischemicals.com\/manufacturing\/fr\/products\/lubricants\/compressor-lubricants\/","title":{"rendered":"Lubrifiants pour compresseurs"},"content":{"rendered":"<p>Les compresseurs ont besoin d&rsquo;\u00eatre lubrifi\u00e9s pour refroidir, sceller ou fournir une barri\u00e8re \u00e0 l&rsquo;int\u00e9rieur de leurs composants. De nombreux syst\u00e8mes essentiels utilisent des compresseurs, et il est important qu&rsquo;ils fonctionnent de mani\u00e8re constante. DuBois propose des fluides \u00e0 base d&rsquo;huile min\u00e9rale et d&rsquo;ester synth\u00e9tique pour les compresseurs h\u00e9lico\u00efdaux noy\u00e9s et aliment\u00e9s au goutte \u00e0 goutte, les pompes de lubrification \u00e0 vide, les applications d&rsquo;engrenages et de paliers l\u00e9g\u00e8rement charg\u00e9s, ainsi que les compresseurs h\u00e9lico\u00efdaux, \u00e0 palettes et \u00e0 piston.<\/p>\n","protected":false},"excerpt":{"rendered":"<p>Les compresseurs ont besoin d&rsquo;\u00eatre lubrifi\u00e9s pour refroidir, sceller ou fournir une barri\u00e8re \u00e0 l&rsquo;int\u00e9rieur de leurs composants. De nombreux syst\u00e8mes essentiels utilisent des compresseurs, et il est important qu&rsquo;ils fonctionnent de mani\u00e8re constante. DuBois&#8230;<\/p>\n","protected":false},"author":220,"featured_media":10851,"parent":10698,"menu_order":1,"comment_status":"closed","ping_status":"closed","template":"template-prodinfo.php","meta":{"_acf_changed":false,"footnotes":""},"class_list":["post-10850","page","type-page","status-publish","has-post-thumbnail","hentry"],"acf":[],"yoast_head":"<!-- This site is optimized with the Yoast SEO plugin v26.8 - https:\/\/yoast.com\/product\/yoast-seo-wordpress\/ -->\n<title>Lubrifiants pour compresseurs - Manufacturing<\/title>\n<meta name=\"robots\" content=\"index, follow, max-snippet:-1, max-image-preview:large, max-video-preview:-1\" \/>\n<link rel=\"canonical\" href=\"https:\/\/www.duboischemicals.com\/manufacturing\/fr\/products\/lubricants\/compressor-lubricants\/\" \/>\n<meta property=\"og:locale\" content=\"fr_FR\" \/>\n<meta property=\"og:type\" content=\"article\" \/>\n<meta property=\"og:title\" content=\"Lubrifiants pour compresseurs - Manufacturing\" \/>\n<meta property=\"og:description\" content=\"Les compresseurs ont besoin d&rsquo;\u00eatre lubrifi\u00e9s pour refroidir, sceller ou fournir une barri\u00e8re \u00e0 l&rsquo;int\u00e9rieur de leurs composants. De nombreux syst\u00e8mes essentiels utilisent des compresseurs, et il est important qu&rsquo;ils fonctionnent de mani\u00e8re constante. DuBois...\" \/>\n<meta property=\"og:url\" content=\"https:\/\/www.duboischemicals.com\/manufacturing\/fr\/products\/lubricants\/compressor-lubricants\/\" \/>\n<meta property=\"og:site_name\" content=\"Manufacturing\" \/>\n<meta property=\"article:modified_time\" content=\"2021-02-17T10:04:26+00:00\" \/>\n<meta property=\"og:image\" content=\"https:\/\/www.duboischemicals.com\/manufacturing\/wp-content\/uploads\/sites\/2\/2018\/10\/iStock-157308186.jpg\" \/>\n\t<meta property=\"og:image:width\" content=\"454\" \/>\n\t<meta property=\"og:image:height\" content=\"450\" \/>\n\t<meta property=\"og:image:type\" content=\"image\/jpeg\" \/>\n<meta name=\"twitter:card\" content=\"summary_large_image\" \/>\n<script type=\"application\/ld+json\" class=\"yoast-schema-graph\">{\"@context\":\"https:\/\/schema.org\",\"@graph\":[{\"@type\":\"WebPage\",\"@id\":\"https:\/\/www.duboischemicals.com\/manufacturing\/fr\/products\/lubricants\/compressor-lubricants\/\",\"url\":\"https:\/\/www.duboischemicals.com\/manufacturing\/fr\/products\/lubricants\/compressor-lubricants\/\",\"name\":\"Lubrifiants pour compresseurs - Manufacturing\",\"isPartOf\":{\"@id\":\"https:\/\/www.duboischemicals.com\/manufacturing\/fr\/#website\"},\"primaryImageOfPage\":{\"@id\":\"https:\/\/www.duboischemicals.com\/manufacturing\/fr\/products\/lubricants\/compressor-lubricants\/#primaryimage\"},\"image\":{\"@id\":\"https:\/\/www.duboischemicals.com\/manufacturing\/fr\/products\/lubricants\/compressor-lubricants\/#primaryimage\"},\"thumbnailUrl\":\"https:\/\/www.duboischemicals.com\/manufacturing\/wp-content\/uploads\/sites\/2\/2018\/10\/iStock-157308186.jpg\",\"datePublished\":\"2018-10-22T20:04:31+00:00\",\"dateModified\":\"2021-02-17T10:04:26+00:00\",\"breadcrumb\":{\"@id\":\"https:\/\/www.duboischemicals.com\/manufacturing\/fr\/products\/lubricants\/compressor-lubricants\/#breadcrumb\"},\"inLanguage\":\"fr-FR\",\"potentialAction\":[{\"@type\":\"ReadAction\",\"target\":[\"https:\/\/www.duboischemicals.com\/manufacturing\/fr\/products\/lubricants\/compressor-lubricants\/\"]}]},{\"@type\":\"ImageObject\",\"inLanguage\":\"fr-FR\",\"@id\":\"https:\/\/www.duboischemicals.com\/manufacturing\/fr\/products\/lubricants\/compressor-lubricants\/#primaryimage\",\"url\":\"https:\/\/www.duboischemicals.com\/manufacturing\/wp-content\/uploads\/sites\/2\/2018\/10\/iStock-157308186.jpg\",\"contentUrl\":\"https:\/\/www.duboischemicals.com\/manufacturing\/wp-content\/uploads\/sites\/2\/2018\/10\/iStock-157308186.jpg\",\"width\":454,\"height\":450},{\"@type\":\"BreadcrumbList\",\"@id\":\"https:\/\/www.duboischemicals.com\/manufacturing\/fr\/products\/lubricants\/compressor-lubricants\/#breadcrumb\",\"itemListElement\":[{\"@type\":\"ListItem\",\"position\":1,\"name\":\"Home\",\"item\":\"https:\/\/www.duboischemicals.com\/manufacturing\/fr\/\"},{\"@type\":\"ListItem\",\"position\":2,\"name\":\"Produits\",\"item\":\"https:\/\/www.duboischemicals.com\/manufacturing\/fr\/products\/\"},{\"@type\":\"ListItem\",\"position\":3,\"name\":\"Lubrifiants\",\"item\":\"https:\/\/www.duboischemicals.com\/manufacturing\/fr\/products\/lubricants\/\"},{\"@type\":\"ListItem\",\"position\":4,\"name\":\"Lubrifiants pour compresseurs\"}]},{\"@type\":\"WebSite\",\"@id\":\"https:\/\/www.duboischemicals.com\/manufacturing\/fr\/#website\",\"url\":\"https:\/\/www.duboischemicals.com\/manufacturing\/fr\/\",\"name\":\"Manufacturing\",\"description\":\"\",\"potentialAction\":[{\"@type\":\"SearchAction\",\"target\":{\"@type\":\"EntryPoint\",\"urlTemplate\":\"https:\/\/www.duboischemicals.com\/manufacturing\/fr\/?s={search_term_string}\"},\"query-input\":{\"@type\":\"PropertyValueSpecification\",\"valueRequired\":true,\"valueName\":\"search_term_string\"}}],\"inLanguage\":\"fr-FR\"}]}<\/script>\n<!-- \/ Yoast SEO plugin. -->","yoast_head_json":{"title":"Lubrifiants pour compresseurs - Manufacturing","robots":{"index":"index","follow":"follow","max-snippet":"max-snippet:-1","max-image-preview":"max-image-preview:large","max-video-preview":"max-video-preview:-1"},"canonical":"https:\/\/www.duboischemicals.com\/manufacturing\/fr\/products\/lubricants\/compressor-lubricants\/","og_locale":"fr_FR","og_type":"article","og_title":"Lubrifiants pour compresseurs - Manufacturing","og_description":"Les compresseurs ont besoin d&rsquo;\u00eatre lubrifi\u00e9s pour refroidir, sceller ou fournir une barri\u00e8re \u00e0 l&rsquo;int\u00e9rieur de leurs composants. De nombreux syst\u00e8mes essentiels utilisent des compresseurs, et il est important qu&rsquo;ils fonctionnent de mani\u00e8re constante. DuBois...","og_url":"https:\/\/www.duboischemicals.com\/manufacturing\/fr\/products\/lubricants\/compressor-lubricants\/","og_site_name":"Manufacturing","article_modified_time":"2021-02-17T10:04:26+00:00","og_image":[{"width":454,"height":450,"url":"https:\/\/www.duboischemicals.com\/manufacturing\/wp-content\/uploads\/sites\/2\/2018\/10\/iStock-157308186.jpg","type":"image\/jpeg"}],"twitter_card":"summary_large_image","schema":{"@context":"https:\/\/schema.org","@graph":[{"@type":"WebPage","@id":"https:\/\/www.duboischemicals.com\/manufacturing\/fr\/products\/lubricants\/compressor-lubricants\/","url":"https:\/\/www.duboischemicals.com\/manufacturing\/fr\/products\/lubricants\/compressor-lubricants\/","name":"Lubrifiants pour compresseurs - Manufacturing","isPartOf":{"@id":"https:\/\/www.duboischemicals.com\/manufacturing\/fr\/#website"},"primaryImageOfPage":{"@id":"https:\/\/www.duboischemicals.com\/manufacturing\/fr\/products\/lubricants\/compressor-lubricants\/#primaryimage"},"image":{"@id":"https:\/\/www.duboischemicals.com\/manufacturing\/fr\/products\/lubricants\/compressor-lubricants\/#primaryimage"},"thumbnailUrl":"https:\/\/www.duboischemicals.com\/manufacturing\/wp-content\/uploads\/sites\/2\/2018\/10\/iStock-157308186.jpg","datePublished":"2018-10-22T20:04:31+00:00","dateModified":"2021-02-17T10:04:26+00:00","breadcrumb":{"@id":"https:\/\/www.duboischemicals.com\/manufacturing\/fr\/products\/lubricants\/compressor-lubricants\/#breadcrumb"},"inLanguage":"fr-FR","potentialAction":[{"@type":"ReadAction","target":["https:\/\/www.duboischemicals.com\/manufacturing\/fr\/products\/lubricants\/compressor-lubricants\/"]}]},{"@type":"ImageObject","inLanguage":"fr-FR","@id":"https:\/\/www.duboischemicals.com\/manufacturing\/fr\/products\/lubricants\/compressor-lubricants\/#primaryimage","url":"https:\/\/www.duboischemicals.com\/manufacturing\/wp-content\/uploads\/sites\/2\/2018\/10\/iStock-157308186.jpg","contentUrl":"https:\/\/www.duboischemicals.com\/manufacturing\/wp-content\/uploads\/sites\/2\/2018\/10\/iStock-157308186.jpg","width":454,"height":450},{"@type":"BreadcrumbList","@id":"https:\/\/www.duboischemicals.com\/manufacturing\/fr\/products\/lubricants\/compressor-lubricants\/#breadcrumb","itemListElement":[{"@type":"ListItem","position":1,"name":"Home","item":"https:\/\/www.duboischemicals.com\/manufacturing\/fr\/"},{"@type":"ListItem","position":2,"name":"Produits","item":"https:\/\/www.duboischemicals.com\/manufacturing\/fr\/products\/"},{"@type":"ListItem","position":3,"name":"Lubrifiants","item":"https:\/\/www.duboischemicals.com\/manufacturing\/fr\/products\/lubricants\/"},{"@type":"ListItem","position":4,"name":"Lubrifiants pour compresseurs"}]},{"@type":"WebSite","@id":"https:\/\/www.duboischemicals.com\/manufacturing\/fr\/#website","url":"https:\/\/www.duboischemicals.com\/manufacturing\/fr\/","name":"Manufacturing","description":"","potentialAction":[{"@type":"SearchAction","target":{"@type":"EntryPoint","urlTemplate":"https:\/\/www.duboischemicals.com\/manufacturing\/fr\/?s={search_term_string}"},"query-input":{"@type":"PropertyValueSpecification","valueRequired":true,"valueName":"search_term_string"}}],"inLanguage":"fr-FR"}]}},"_links":{"self":[{"href":"https:\/\/www.duboischemicals.com\/manufacturing\/fr\/wp-json\/wp\/v2\/pages\/10850","targetHints":{"allow":["GET"]}}],"collection":[{"href":"https:\/\/www.duboischemicals.com\/manufacturing\/fr\/wp-json\/wp\/v2\/pages"}],"about":[{"href":"https:\/\/www.duboischemicals.com\/manufacturing\/fr\/wp-json\/wp\/v2\/types\/page"}],"author":[{"embeddable":true,"href":"https:\/\/www.duboischemicals.com\/manufacturing\/fr\/wp-json\/wp\/v2\/users\/220"}],"replies":[{"embeddable":true,"href":"https:\/\/www.duboischemicals.com\/manufacturing\/fr\/wp-json\/wp\/v2\/comments?post=10850"}],"version-history":[{"count":2,"href":"https:\/\/www.duboischemicals.com\/manufacturing\/fr\/wp-json\/wp\/v2\/pages\/10850\/revisions"}],"predecessor-version":[{"id":11131,"href":"https:\/\/www.duboischemicals.com\/manufacturing\/fr\/wp-json\/wp\/v2\/pages\/10850\/revisions\/11131"}],"up":[{"embeddable":true,"href":"https:\/\/www.duboischemicals.com\/manufacturing\/fr\/wp-json\/wp\/v2\/pages\/10698"}],"wp:featuredmedia":[{"embeddable":true,"href":"https:\/\/www.duboischemicals.com\/manufacturing\/fr\/wp-json\/wp\/v2\/media\/10851"}],"wp:attachment":[{"href":"https:\/\/www.duboischemicals.com\/manufacturing\/fr\/wp-json\/wp\/v2\/media?parent=10850"}],"curies":[{"name":"wp","href":"https:\/\/api.w.org\/{rel}","templated":true}]}}