{"id":10853,"date":"2018-10-22T16:07:00","date_gmt":"2018-10-22T20:07:00","guid":{"rendered":"https:\/\/www.duboischemicals.com\/\/manufacturing\/products\/lubricants\/industrial-chain-oils\/"},"modified":"2021-02-17T05:04:02","modified_gmt":"2021-02-17T10:04:02","slug":"industrial-chain-oils","status":"publish","type":"page","link":"https:\/\/www.duboischemicals.com\/manufacturing\/fr\/products\/lubricants\/industrial-chain-oils\/","title":{"rendered":"Huiles pour cha\u00eenes industrielles"},"content":{"rendered":"<p>Les secteurs industriels sont expos\u00e9s \u00e0 diverses conditions, notamment \u00e0 des temp\u00e9ratures \u00e9lev\u00e9es, \u00e0 l&rsquo;humidit\u00e9 et \u00e0 la poussi\u00e8re. Beaucoup de ces cha\u00eenes ont une dur\u00e9e de vie beaucoup plus courte que n\u00e9cessaire en raison d&rsquo;une lubrification inad\u00e9quate. DuBois propose \u00e0 la fois des lubrifiants liquides polyvalents pour les cha\u00eenes d&rsquo;entra\u00eenement ou les bo\u00eetes d&rsquo;engrenages de service l\u00e9ger et des lubrifiants \u00e0 film sec pour toutes les op\u00e9rations li\u00e9es \u00e0 l\u2019\u00e9quipement et \u00e0 la machinerie de convoyeur \u00e0 cha\u00eene. DuBois dispose \u00e9galement d&rsquo;une gamme de lubrifiants synth\u00e9tiques pour cha\u00eenes et convoyeurs \u00e0 haute temp\u00e9rature \u00e0 base de polyol-esters synth\u00e9tiques pour prolonger la dur\u00e9e de vie \u00e0 des temp\u00e9ratures allant jusqu&rsquo;\u00e0 480\u00a0\u00b0F (250\u00a0\u00b0C). Ces produits contiennent des mat\u00e9riaux qui r\u00e9duisent l&rsquo;\u00e9vaporation, la friction et l&rsquo;usure pour lubrifier les cha\u00eenes de convoyeurs et les presses \u00e0 double bande fonctionnant \u00e0 haute pression et \u00e0 temp\u00e9rature \u00e9lev\u00e9e.<\/p>\n","protected":false},"excerpt":{"rendered":"<p>Les secteurs industriels sont expos\u00e9s \u00e0 diverses conditions, notamment \u00e0 des temp\u00e9ratures \u00e9lev\u00e9es, \u00e0 l&rsquo;humidit\u00e9 et \u00e0 la poussi\u00e8re. Beaucoup de ces cha\u00eenes ont une dur\u00e9e de vie beaucoup plus courte que n\u00e9cessaire en raison&#8230;<\/p>\n","protected":false},"author":220,"featured_media":10703,"parent":10698,"menu_order":2,"comment_status":"closed","ping_status":"closed","template":"template-prodinfo.php","meta":{"_acf_changed":false,"footnotes":""},"class_list":["post-10853","page","type-page","status-publish","has-post-thumbnail","hentry"],"acf":[],"yoast_head":"<!-- This site is optimized with the Yoast SEO plugin v26.8 - https:\/\/yoast.com\/product\/yoast-seo-wordpress\/ -->\n<title>Huiles pour cha\u00eenes industrielles - Manufacturing<\/title>\n<meta name=\"robots\" content=\"index, follow, max-snippet:-1, max-image-preview:large, max-video-preview:-1\" \/>\n<link rel=\"canonical\" href=\"https:\/\/www.duboischemicals.com\/manufacturing\/fr\/products\/lubricants\/industrial-chain-oils\/\" \/>\n<meta property=\"og:locale\" content=\"fr_FR\" \/>\n<meta property=\"og:type\" content=\"article\" \/>\n<meta property=\"og:title\" content=\"Huiles pour cha\u00eenes industrielles - Manufacturing\" \/>\n<meta property=\"og:description\" content=\"Les secteurs industriels sont expos\u00e9s \u00e0 diverses conditions, notamment \u00e0 des temp\u00e9ratures \u00e9lev\u00e9es, \u00e0 l&rsquo;humidit\u00e9 et \u00e0 la poussi\u00e8re. Beaucoup de ces cha\u00eenes ont une dur\u00e9e de vie beaucoup plus courte que n\u00e9cessaire en raison...\" \/>\n<meta property=\"og:url\" content=\"https:\/\/www.duboischemicals.com\/manufacturing\/fr\/products\/lubricants\/industrial-chain-oils\/\" \/>\n<meta property=\"og:site_name\" content=\"Manufacturing\" \/>\n<meta property=\"article:modified_time\" content=\"2021-02-17T10:04:02+00:00\" \/>\n<meta property=\"og:image\" content=\"https:\/\/www.duboischemicals.com\/manufacturing\/wp-content\/uploads\/sites\/2\/2018\/10\/iStock-851048750-Industrial-Chain-Oils2.jpg\" \/>\n\t<meta property=\"og:image:width\" content=\"454\" \/>\n\t<meta property=\"og:image:height\" content=\"450\" \/>\n\t<meta property=\"og:image:type\" content=\"image\/jpeg\" \/>\n<meta name=\"twitter:card\" content=\"summary_large_image\" \/>\n<meta name=\"twitter:label1\" content=\"Dur\u00e9e de lecture estim\u00e9e\" \/>\n\t<meta name=\"twitter:data1\" content=\"1 minute\" \/>\n<script type=\"application\/ld+json\" class=\"yoast-schema-graph\">{\"@context\":\"https:\/\/schema.org\",\"@graph\":[{\"@type\":\"WebPage\",\"@id\":\"https:\/\/www.duboischemicals.com\/manufacturing\/fr\/products\/lubricants\/industrial-chain-oils\/\",\"url\":\"https:\/\/www.duboischemicals.com\/manufacturing\/fr\/products\/lubricants\/industrial-chain-oils\/\",\"name\":\"Huiles pour cha\u00eenes industrielles - Manufacturing\",\"isPartOf\":{\"@id\":\"https:\/\/www.duboischemicals.com\/manufacturing\/fr\/#website\"},\"primaryImageOfPage\":{\"@id\":\"https:\/\/www.duboischemicals.com\/manufacturing\/fr\/products\/lubricants\/industrial-chain-oils\/#primaryimage\"},\"image\":{\"@id\":\"https:\/\/www.duboischemicals.com\/manufacturing\/fr\/products\/lubricants\/industrial-chain-oils\/#primaryimage\"},\"thumbnailUrl\":\"https:\/\/www.duboischemicals.com\/manufacturing\/wp-content\/uploads\/sites\/2\/2018\/10\/iStock-851048750-Industrial-Chain-Oils2.jpg\",\"datePublished\":\"2018-10-22T20:07:00+00:00\",\"dateModified\":\"2021-02-17T10:04:02+00:00\",\"breadcrumb\":{\"@id\":\"https:\/\/www.duboischemicals.com\/manufacturing\/fr\/products\/lubricants\/industrial-chain-oils\/#breadcrumb\"},\"inLanguage\":\"fr-FR\",\"potentialAction\":[{\"@type\":\"ReadAction\",\"target\":[\"https:\/\/www.duboischemicals.com\/manufacturing\/fr\/products\/lubricants\/industrial-chain-oils\/\"]}]},{\"@type\":\"ImageObject\",\"inLanguage\":\"fr-FR\",\"@id\":\"https:\/\/www.duboischemicals.com\/manufacturing\/fr\/products\/lubricants\/industrial-chain-oils\/#primaryimage\",\"url\":\"https:\/\/www.duboischemicals.com\/manufacturing\/wp-content\/uploads\/sites\/2\/2018\/10\/iStock-851048750-Industrial-Chain-Oils2.jpg\",\"contentUrl\":\"https:\/\/www.duboischemicals.com\/manufacturing\/wp-content\/uploads\/sites\/2\/2018\/10\/iStock-851048750-Industrial-Chain-Oils2.jpg\",\"width\":454,\"height\":450},{\"@type\":\"BreadcrumbList\",\"@id\":\"https:\/\/www.duboischemicals.com\/manufacturing\/fr\/products\/lubricants\/industrial-chain-oils\/#breadcrumb\",\"itemListElement\":[{\"@type\":\"ListItem\",\"position\":1,\"name\":\"Home\",\"item\":\"https:\/\/www.duboischemicals.com\/manufacturing\/fr\/\"},{\"@type\":\"ListItem\",\"position\":2,\"name\":\"Produits\",\"item\":\"https:\/\/www.duboischemicals.com\/manufacturing\/fr\/products\/\"},{\"@type\":\"ListItem\",\"position\":3,\"name\":\"Lubrifiants\",\"item\":\"https:\/\/www.duboischemicals.com\/manufacturing\/fr\/products\/lubricants\/\"},{\"@type\":\"ListItem\",\"position\":4,\"name\":\"Huiles pour cha\u00eenes industrielles\"}]},{\"@type\":\"WebSite\",\"@id\":\"https:\/\/www.duboischemicals.com\/manufacturing\/fr\/#website\",\"url\":\"https:\/\/www.duboischemicals.com\/manufacturing\/fr\/\",\"name\":\"Manufacturing\",\"description\":\"\",\"potentialAction\":[{\"@type\":\"SearchAction\",\"target\":{\"@type\":\"EntryPoint\",\"urlTemplate\":\"https:\/\/www.duboischemicals.com\/manufacturing\/fr\/?s={search_term_string}\"},\"query-input\":{\"@type\":\"PropertyValueSpecification\",\"valueRequired\":true,\"valueName\":\"search_term_string\"}}],\"inLanguage\":\"fr-FR\"}]}<\/script>\n<!-- \/ Yoast SEO plugin. -->","yoast_head_json":{"title":"Huiles pour cha\u00eenes industrielles - Manufacturing","robots":{"index":"index","follow":"follow","max-snippet":"max-snippet:-1","max-image-preview":"max-image-preview:large","max-video-preview":"max-video-preview:-1"},"canonical":"https:\/\/www.duboischemicals.com\/manufacturing\/fr\/products\/lubricants\/industrial-chain-oils\/","og_locale":"fr_FR","og_type":"article","og_title":"Huiles pour cha\u00eenes industrielles - Manufacturing","og_description":"Les secteurs industriels sont expos\u00e9s \u00e0 diverses conditions, notamment \u00e0 des temp\u00e9ratures \u00e9lev\u00e9es, \u00e0 l&rsquo;humidit\u00e9 et \u00e0 la poussi\u00e8re. Beaucoup de ces cha\u00eenes ont une dur\u00e9e de vie beaucoup plus courte que n\u00e9cessaire en raison...","og_url":"https:\/\/www.duboischemicals.com\/manufacturing\/fr\/products\/lubricants\/industrial-chain-oils\/","og_site_name":"Manufacturing","article_modified_time":"2021-02-17T10:04:02+00:00","og_image":[{"width":454,"height":450,"url":"https:\/\/www.duboischemicals.com\/manufacturing\/wp-content\/uploads\/sites\/2\/2018\/10\/iStock-851048750-Industrial-Chain-Oils2.jpg","type":"image\/jpeg"}],"twitter_card":"summary_large_image","twitter_misc":{"Dur\u00e9e de lecture estim\u00e9e":"1 minute"},"schema":{"@context":"https:\/\/schema.org","@graph":[{"@type":"WebPage","@id":"https:\/\/www.duboischemicals.com\/manufacturing\/fr\/products\/lubricants\/industrial-chain-oils\/","url":"https:\/\/www.duboischemicals.com\/manufacturing\/fr\/products\/lubricants\/industrial-chain-oils\/","name":"Huiles pour cha\u00eenes industrielles - Manufacturing","isPartOf":{"@id":"https:\/\/www.duboischemicals.com\/manufacturing\/fr\/#website"},"primaryImageOfPage":{"@id":"https:\/\/www.duboischemicals.com\/manufacturing\/fr\/products\/lubricants\/industrial-chain-oils\/#primaryimage"},"image":{"@id":"https:\/\/www.duboischemicals.com\/manufacturing\/fr\/products\/lubricants\/industrial-chain-oils\/#primaryimage"},"thumbnailUrl":"https:\/\/www.duboischemicals.com\/manufacturing\/wp-content\/uploads\/sites\/2\/2018\/10\/iStock-851048750-Industrial-Chain-Oils2.jpg","datePublished":"2018-10-22T20:07:00+00:00","dateModified":"2021-02-17T10:04:02+00:00","breadcrumb":{"@id":"https:\/\/www.duboischemicals.com\/manufacturing\/fr\/products\/lubricants\/industrial-chain-oils\/#breadcrumb"},"inLanguage":"fr-FR","potentialAction":[{"@type":"ReadAction","target":["https:\/\/www.duboischemicals.com\/manufacturing\/fr\/products\/lubricants\/industrial-chain-oils\/"]}]},{"@type":"ImageObject","inLanguage":"fr-FR","@id":"https:\/\/www.duboischemicals.com\/manufacturing\/fr\/products\/lubricants\/industrial-chain-oils\/#primaryimage","url":"https:\/\/www.duboischemicals.com\/manufacturing\/wp-content\/uploads\/sites\/2\/2018\/10\/iStock-851048750-Industrial-Chain-Oils2.jpg","contentUrl":"https:\/\/www.duboischemicals.com\/manufacturing\/wp-content\/uploads\/sites\/2\/2018\/10\/iStock-851048750-Industrial-Chain-Oils2.jpg","width":454,"height":450},{"@type":"BreadcrumbList","@id":"https:\/\/www.duboischemicals.com\/manufacturing\/fr\/products\/lubricants\/industrial-chain-oils\/#breadcrumb","itemListElement":[{"@type":"ListItem","position":1,"name":"Home","item":"https:\/\/www.duboischemicals.com\/manufacturing\/fr\/"},{"@type":"ListItem","position":2,"name":"Produits","item":"https:\/\/www.duboischemicals.com\/manufacturing\/fr\/products\/"},{"@type":"ListItem","position":3,"name":"Lubrifiants","item":"https:\/\/www.duboischemicals.com\/manufacturing\/fr\/products\/lubricants\/"},{"@type":"ListItem","position":4,"name":"Huiles pour cha\u00eenes industrielles"}]},{"@type":"WebSite","@id":"https:\/\/www.duboischemicals.com\/manufacturing\/fr\/#website","url":"https:\/\/www.duboischemicals.com\/manufacturing\/fr\/","name":"Manufacturing","description":"","potentialAction":[{"@type":"SearchAction","target":{"@type":"EntryPoint","urlTemplate":"https:\/\/www.duboischemicals.com\/manufacturing\/fr\/?s={search_term_string}"},"query-input":{"@type":"PropertyValueSpecification","valueRequired":true,"valueName":"search_term_string"}}],"inLanguage":"fr-FR"}]}},"_links":{"self":[{"href":"https:\/\/www.duboischemicals.com\/manufacturing\/fr\/wp-json\/wp\/v2\/pages\/10853","targetHints":{"allow":["GET"]}}],"collection":[{"href":"https:\/\/www.duboischemicals.com\/manufacturing\/fr\/wp-json\/wp\/v2\/pages"}],"about":[{"href":"https:\/\/www.duboischemicals.com\/manufacturing\/fr\/wp-json\/wp\/v2\/types\/page"}],"author":[{"embeddable":true,"href":"https:\/\/www.duboischemicals.com\/manufacturing\/fr\/wp-json\/wp\/v2\/users\/220"}],"replies":[{"embeddable":true,"href":"https:\/\/www.duboischemicals.com\/manufacturing\/fr\/wp-json\/wp\/v2\/comments?post=10853"}],"version-history":[{"count":2,"href":"https:\/\/www.duboischemicals.com\/manufacturing\/fr\/wp-json\/wp\/v2\/pages\/10853\/revisions"}],"predecessor-version":[{"id":11132,"href":"https:\/\/www.duboischemicals.com\/manufacturing\/fr\/wp-json\/wp\/v2\/pages\/10853\/revisions\/11132"}],"up":[{"embeddable":true,"href":"https:\/\/www.duboischemicals.com\/manufacturing\/fr\/wp-json\/wp\/v2\/pages\/10698"}],"wp:featuredmedia":[{"embeddable":true,"href":"https:\/\/www.duboischemicals.com\/manufacturing\/fr\/wp-json\/wp\/v2\/media\/10703"}],"wp:attachment":[{"href":"https:\/\/www.duboischemicals.com\/manufacturing\/fr\/wp-json\/wp\/v2\/media?parent=10853"}],"curies":[{"name":"wp","href":"https:\/\/api.w.org\/{rel}","templated":true}]}}