{"id":10856,"date":"2020-11-30T12:22:48","date_gmt":"2020-11-30T17:22:48","guid":{"rendered":"https:\/\/www.duboischemicals.com\/\/manufacturing\/products\/lubricants\/slideway-and-spindle-oils\/"},"modified":"2021-02-17T05:03:47","modified_gmt":"2021-02-17T10:03:47","slug":"slideway-and-spindle-oils","status":"publish","type":"page","link":"https:\/\/www.duboischemicals.com\/manufacturing\/fr\/products\/lubricants\/slideway-and-spindle-oils\/","title":{"rendered":"Huiles pour glissi\u00e8res de machines-outils et huiles \u00e0 broche"},"content":{"rendered":"<p>Il est essentiel de veiller \u00e0 ce que les coulisses de votre machine soient correctement lubrifi\u00e9es pour assurer un fonctionnement r\u00e9gulier et \u00e9viter l&rsquo;effet \u00ab\u00a0glisser-coller\u00a0\u00bb. Le fait de ne pas avoir une coulisse correctement lubrifi\u00e9e peut entra\u00eener une diminution de l&rsquo;efficacit\u00e9 des processus d&rsquo;\u00e9limination des m\u00e9taux. DuBois propose une s\u00e9rie de lubrifiants pour coulisses \u00e0 base d&rsquo;huile min\u00e9rale qui \u00e9liminent le broutage, le collage et le glissement pendant votre op\u00e9ration. Nous fournissons une large gamme de viscosit\u00e9s qui offrent une excellente r\u00e9sistance \u00e0 l&rsquo;usure, une protection contre la corrosion et un large \u00e9ventail de compatibilit\u00e9s.<\/p>\n<p>Nos huiles pour arbres sont fabriqu\u00e9es \u00e0 partir d&rsquo;huiles de base de premi\u00e8re qualit\u00e9, qui lubrifient et assurent une capacit\u00e9 de refroidissement uniforme pour prot\u00e9ger les paliers de broche \u00e0 haute vitesse de vos machines. Ils sont efficaces aux vitesses des machines modernes, pr\u00e9viennent l&rsquo;usure et emp\u00eachent la formation de boues et de d\u00e9p\u00f4ts sur vos arbres. Les huiles pour arbres DuBois sont non moussantes et emp\u00eachent les points chauds qui peuvent endommager vos arbres.<\/p>\n","protected":false},"excerpt":{"rendered":"<p>Il est essentiel de veiller \u00e0 ce que les coulisses de votre machine soient correctement lubrifi\u00e9es pour assurer un fonctionnement r\u00e9gulier et \u00e9viter l&rsquo;effet \u00ab\u00a0glisser-coller\u00a0\u00bb. Le fait de ne pas avoir une coulisse correctement lubrifi\u00e9e&#8230;<\/p>\n","protected":false},"author":220,"featured_media":10704,"parent":10698,"menu_order":3,"comment_status":"closed","ping_status":"closed","template":"template-prodinfo.php","meta":{"_acf_changed":false,"footnotes":""},"class_list":["post-10856","page","type-page","status-publish","has-post-thumbnail","hentry"],"acf":[],"yoast_head":"<!-- This site is optimized with the Yoast SEO plugin v26.8 - https:\/\/yoast.com\/product\/yoast-seo-wordpress\/ -->\n<title>Huiles pour glissi\u00e8res de machines-outils et huiles \u00e0 broche - Manufacturing<\/title>\n<meta name=\"robots\" content=\"index, follow, max-snippet:-1, max-image-preview:large, max-video-preview:-1\" \/>\n<link rel=\"canonical\" href=\"https:\/\/www.duboischemicals.com\/manufacturing\/fr\/products\/lubricants\/slideway-and-spindle-oils\/\" \/>\n<meta property=\"og:locale\" content=\"fr_FR\" \/>\n<meta property=\"og:type\" content=\"article\" \/>\n<meta property=\"og:title\" content=\"Huiles pour glissi\u00e8res de machines-outils et huiles \u00e0 broche - Manufacturing\" \/>\n<meta property=\"og:description\" content=\"Il est essentiel de veiller \u00e0 ce que les coulisses de votre machine soient correctement lubrifi\u00e9es pour assurer un fonctionnement r\u00e9gulier et \u00e9viter l&rsquo;effet \u00ab\u00a0glisser-coller\u00a0\u00bb. Le fait de ne pas avoir une coulisse correctement lubrifi\u00e9e...\" \/>\n<meta property=\"og:url\" content=\"https:\/\/www.duboischemicals.com\/manufacturing\/fr\/products\/lubricants\/slideway-and-spindle-oils\/\" \/>\n<meta property=\"og:site_name\" content=\"Manufacturing\" \/>\n<meta property=\"article:modified_time\" content=\"2021-02-17T10:03:47+00:00\" \/>\n<meta property=\"og:image\" content=\"https:\/\/www.duboischemicals.com\/manufacturing\/wp-content\/uploads\/sites\/2\/2018\/10\/iStock-917951204-Sideway-and-Spindle-Oils2.jpg\" \/>\n\t<meta property=\"og:image:width\" content=\"454\" \/>\n\t<meta property=\"og:image:height\" content=\"450\" \/>\n\t<meta property=\"og:image:type\" content=\"image\/jpeg\" \/>\n<meta name=\"twitter:card\" content=\"summary_large_image\" \/>\n<meta name=\"twitter:label1\" content=\"Dur\u00e9e de lecture estim\u00e9e\" \/>\n\t<meta name=\"twitter:data1\" content=\"1 minute\" \/>\n<script type=\"application\/ld+json\" class=\"yoast-schema-graph\">{\"@context\":\"https:\/\/schema.org\",\"@graph\":[{\"@type\":\"WebPage\",\"@id\":\"https:\/\/www.duboischemicals.com\/manufacturing\/fr\/products\/lubricants\/slideway-and-spindle-oils\/\",\"url\":\"https:\/\/www.duboischemicals.com\/manufacturing\/fr\/products\/lubricants\/slideway-and-spindle-oils\/\",\"name\":\"Huiles pour glissi\u00e8res de machines-outils et huiles \u00e0 broche - Manufacturing\",\"isPartOf\":{\"@id\":\"https:\/\/www.duboischemicals.com\/manufacturing\/fr\/#website\"},\"primaryImageOfPage\":{\"@id\":\"https:\/\/www.duboischemicals.com\/manufacturing\/fr\/products\/lubricants\/slideway-and-spindle-oils\/#primaryimage\"},\"image\":{\"@id\":\"https:\/\/www.duboischemicals.com\/manufacturing\/fr\/products\/lubricants\/slideway-and-spindle-oils\/#primaryimage\"},\"thumbnailUrl\":\"https:\/\/www.duboischemicals.com\/manufacturing\/wp-content\/uploads\/sites\/2\/2018\/10\/iStock-917951204-Sideway-and-Spindle-Oils2.jpg\",\"datePublished\":\"2020-11-30T17:22:48+00:00\",\"dateModified\":\"2021-02-17T10:03:47+00:00\",\"breadcrumb\":{\"@id\":\"https:\/\/www.duboischemicals.com\/manufacturing\/fr\/products\/lubricants\/slideway-and-spindle-oils\/#breadcrumb\"},\"inLanguage\":\"fr-FR\",\"potentialAction\":[{\"@type\":\"ReadAction\",\"target\":[\"https:\/\/www.duboischemicals.com\/manufacturing\/fr\/products\/lubricants\/slideway-and-spindle-oils\/\"]}]},{\"@type\":\"ImageObject\",\"inLanguage\":\"fr-FR\",\"@id\":\"https:\/\/www.duboischemicals.com\/manufacturing\/fr\/products\/lubricants\/slideway-and-spindle-oils\/#primaryimage\",\"url\":\"https:\/\/www.duboischemicals.com\/manufacturing\/wp-content\/uploads\/sites\/2\/2018\/10\/iStock-917951204-Sideway-and-Spindle-Oils2.jpg\",\"contentUrl\":\"https:\/\/www.duboischemicals.com\/manufacturing\/wp-content\/uploads\/sites\/2\/2018\/10\/iStock-917951204-Sideway-and-Spindle-Oils2.jpg\",\"width\":454,\"height\":450},{\"@type\":\"BreadcrumbList\",\"@id\":\"https:\/\/www.duboischemicals.com\/manufacturing\/fr\/products\/lubricants\/slideway-and-spindle-oils\/#breadcrumb\",\"itemListElement\":[{\"@type\":\"ListItem\",\"position\":1,\"name\":\"Home\",\"item\":\"https:\/\/www.duboischemicals.com\/manufacturing\/fr\/\"},{\"@type\":\"ListItem\",\"position\":2,\"name\":\"Produits\",\"item\":\"https:\/\/www.duboischemicals.com\/manufacturing\/fr\/products\/\"},{\"@type\":\"ListItem\",\"position\":3,\"name\":\"Lubrifiants\",\"item\":\"https:\/\/www.duboischemicals.com\/manufacturing\/fr\/products\/lubricants\/\"},{\"@type\":\"ListItem\",\"position\":4,\"name\":\"Huiles pour glissi\u00e8res de machines-outils et huiles \u00e0 broche\"}]},{\"@type\":\"WebSite\",\"@id\":\"https:\/\/www.duboischemicals.com\/manufacturing\/fr\/#website\",\"url\":\"https:\/\/www.duboischemicals.com\/manufacturing\/fr\/\",\"name\":\"Manufacturing\",\"description\":\"\",\"potentialAction\":[{\"@type\":\"SearchAction\",\"target\":{\"@type\":\"EntryPoint\",\"urlTemplate\":\"https:\/\/www.duboischemicals.com\/manufacturing\/fr\/?s={search_term_string}\"},\"query-input\":{\"@type\":\"PropertyValueSpecification\",\"valueRequired\":true,\"valueName\":\"search_term_string\"}}],\"inLanguage\":\"fr-FR\"}]}<\/script>\n<!-- \/ Yoast SEO plugin. -->","yoast_head_json":{"title":"Huiles pour glissi\u00e8res de machines-outils et huiles \u00e0 broche - Manufacturing","robots":{"index":"index","follow":"follow","max-snippet":"max-snippet:-1","max-image-preview":"max-image-preview:large","max-video-preview":"max-video-preview:-1"},"canonical":"https:\/\/www.duboischemicals.com\/manufacturing\/fr\/products\/lubricants\/slideway-and-spindle-oils\/","og_locale":"fr_FR","og_type":"article","og_title":"Huiles pour glissi\u00e8res de machines-outils et huiles \u00e0 broche - Manufacturing","og_description":"Il est essentiel de veiller \u00e0 ce que les coulisses de votre machine soient correctement lubrifi\u00e9es pour assurer un fonctionnement r\u00e9gulier et \u00e9viter l&rsquo;effet \u00ab\u00a0glisser-coller\u00a0\u00bb. Le fait de ne pas avoir une coulisse correctement lubrifi\u00e9e...","og_url":"https:\/\/www.duboischemicals.com\/manufacturing\/fr\/products\/lubricants\/slideway-and-spindle-oils\/","og_site_name":"Manufacturing","article_modified_time":"2021-02-17T10:03:47+00:00","og_image":[{"width":454,"height":450,"url":"https:\/\/www.duboischemicals.com\/manufacturing\/wp-content\/uploads\/sites\/2\/2018\/10\/iStock-917951204-Sideway-and-Spindle-Oils2.jpg","type":"image\/jpeg"}],"twitter_card":"summary_large_image","twitter_misc":{"Dur\u00e9e de lecture estim\u00e9e":"1 minute"},"schema":{"@context":"https:\/\/schema.org","@graph":[{"@type":"WebPage","@id":"https:\/\/www.duboischemicals.com\/manufacturing\/fr\/products\/lubricants\/slideway-and-spindle-oils\/","url":"https:\/\/www.duboischemicals.com\/manufacturing\/fr\/products\/lubricants\/slideway-and-spindle-oils\/","name":"Huiles pour glissi\u00e8res de machines-outils et huiles \u00e0 broche - Manufacturing","isPartOf":{"@id":"https:\/\/www.duboischemicals.com\/manufacturing\/fr\/#website"},"primaryImageOfPage":{"@id":"https:\/\/www.duboischemicals.com\/manufacturing\/fr\/products\/lubricants\/slideway-and-spindle-oils\/#primaryimage"},"image":{"@id":"https:\/\/www.duboischemicals.com\/manufacturing\/fr\/products\/lubricants\/slideway-and-spindle-oils\/#primaryimage"},"thumbnailUrl":"https:\/\/www.duboischemicals.com\/manufacturing\/wp-content\/uploads\/sites\/2\/2018\/10\/iStock-917951204-Sideway-and-Spindle-Oils2.jpg","datePublished":"2020-11-30T17:22:48+00:00","dateModified":"2021-02-17T10:03:47+00:00","breadcrumb":{"@id":"https:\/\/www.duboischemicals.com\/manufacturing\/fr\/products\/lubricants\/slideway-and-spindle-oils\/#breadcrumb"},"inLanguage":"fr-FR","potentialAction":[{"@type":"ReadAction","target":["https:\/\/www.duboischemicals.com\/manufacturing\/fr\/products\/lubricants\/slideway-and-spindle-oils\/"]}]},{"@type":"ImageObject","inLanguage":"fr-FR","@id":"https:\/\/www.duboischemicals.com\/manufacturing\/fr\/products\/lubricants\/slideway-and-spindle-oils\/#primaryimage","url":"https:\/\/www.duboischemicals.com\/manufacturing\/wp-content\/uploads\/sites\/2\/2018\/10\/iStock-917951204-Sideway-and-Spindle-Oils2.jpg","contentUrl":"https:\/\/www.duboischemicals.com\/manufacturing\/wp-content\/uploads\/sites\/2\/2018\/10\/iStock-917951204-Sideway-and-Spindle-Oils2.jpg","width":454,"height":450},{"@type":"BreadcrumbList","@id":"https:\/\/www.duboischemicals.com\/manufacturing\/fr\/products\/lubricants\/slideway-and-spindle-oils\/#breadcrumb","itemListElement":[{"@type":"ListItem","position":1,"name":"Home","item":"https:\/\/www.duboischemicals.com\/manufacturing\/fr\/"},{"@type":"ListItem","position":2,"name":"Produits","item":"https:\/\/www.duboischemicals.com\/manufacturing\/fr\/products\/"},{"@type":"ListItem","position":3,"name":"Lubrifiants","item":"https:\/\/www.duboischemicals.com\/manufacturing\/fr\/products\/lubricants\/"},{"@type":"ListItem","position":4,"name":"Huiles pour glissi\u00e8res de machines-outils et huiles \u00e0 broche"}]},{"@type":"WebSite","@id":"https:\/\/www.duboischemicals.com\/manufacturing\/fr\/#website","url":"https:\/\/www.duboischemicals.com\/manufacturing\/fr\/","name":"Manufacturing","description":"","potentialAction":[{"@type":"SearchAction","target":{"@type":"EntryPoint","urlTemplate":"https:\/\/www.duboischemicals.com\/manufacturing\/fr\/?s={search_term_string}"},"query-input":{"@type":"PropertyValueSpecification","valueRequired":true,"valueName":"search_term_string"}}],"inLanguage":"fr-FR"}]}},"_links":{"self":[{"href":"https:\/\/www.duboischemicals.com\/manufacturing\/fr\/wp-json\/wp\/v2\/pages\/10856","targetHints":{"allow":["GET"]}}],"collection":[{"href":"https:\/\/www.duboischemicals.com\/manufacturing\/fr\/wp-json\/wp\/v2\/pages"}],"about":[{"href":"https:\/\/www.duboischemicals.com\/manufacturing\/fr\/wp-json\/wp\/v2\/types\/page"}],"author":[{"embeddable":true,"href":"https:\/\/www.duboischemicals.com\/manufacturing\/fr\/wp-json\/wp\/v2\/users\/220"}],"replies":[{"embeddable":true,"href":"https:\/\/www.duboischemicals.com\/manufacturing\/fr\/wp-json\/wp\/v2\/comments?post=10856"}],"version-history":[{"count":3,"href":"https:\/\/www.duboischemicals.com\/manufacturing\/fr\/wp-json\/wp\/v2\/pages\/10856\/revisions"}],"predecessor-version":[{"id":11509,"href":"https:\/\/www.duboischemicals.com\/manufacturing\/fr\/wp-json\/wp\/v2\/pages\/10856\/revisions\/11509"}],"up":[{"embeddable":true,"href":"https:\/\/www.duboischemicals.com\/manufacturing\/fr\/wp-json\/wp\/v2\/pages\/10698"}],"wp:featuredmedia":[{"embeddable":true,"href":"https:\/\/www.duboischemicals.com\/manufacturing\/fr\/wp-json\/wp\/v2\/media\/10704"}],"wp:attachment":[{"href":"https:\/\/www.duboischemicals.com\/manufacturing\/fr\/wp-json\/wp\/v2\/media?parent=10856"}],"curies":[{"name":"wp","href":"https:\/\/api.w.org\/{rel}","templated":true}]}}