{"id":9721,"date":"2020-11-15T09:05:58","date_gmt":"2020-11-15T14:05:58","guid":{"rendered":"https:\/\/www.duboischemicals.com\/\/manufacturing\/?page_id=9721"},"modified":"2021-02-17T05:04:19","modified_gmt":"2021-02-17T10:04:19","slug":"molten-salts","status":"publish","type":"page","link":"https:\/\/www.duboischemicals.com\/manufacturing\/fr\/products\/heat-treatment\/molten-salts\/","title":{"rendered":"Sels fondus"},"content":{"rendered":"<p>La distorsion peut produire des dimensions de pi\u00e8ces hors tol\u00e9rance, des contraintes entra\u00eenant des fissures et une d\u00e9faillance pr\u00e9matur\u00e9e. Lors de la trempe ou du revenu de vos pi\u00e8ces, le sel fondu est le moyen de trempe \u00e9prouv\u00e9 \u00e0 utiliser pour contr\u00f4ler la distorsion. DuBois a plus de 100\u00a0ans d&rsquo;exp\u00e9rience dans la technologie du sel fondu; elle fournit des produits avec une large gamme de temp\u00e9ratures de fonctionnement et des performances constantes. Nos sels sont propos\u00e9s sous forme de granul\u00e9s ou de briquettes, avec ou sans agent anti-agglom\u00e9rant et teint\u00e9s \u00e0 des fins d&rsquo;identification.<\/p>\n<p>DuBois propose la plus grande s\u00e9lection de produits chimiques \u00e0 base de sel fondu de l&rsquo;industrie. Ceux-ci pr\u00e9sentent les caract\u00e9ristiques suivantes\u00a0:<\/p>\n<ul>\n<li>Flottabilit\u00e9 pour r\u00e9duire la distorsion<\/li>\n<li>Taux de transfert de chaleur et capacit\u00e9 calorifique \u00e9lev\u00e9s<\/li>\n<li>Sels de trempe nitrite-nitrate ayant la capacit\u00e9 de multiplier par trois la force de la trempe avec des ajouts d&rsquo;eau<\/li>\n<li>Excellente stabilit\u00e9 thermique et chimique<\/li>\n<li>Facilement lavables \u00e0 l&rsquo;eau<\/li>\n<li>Fluidit\u00e9 exceptionnelle qui minimise la perte par entra\u00eenement<\/li>\n<li>Non inflammables<\/li>\n<li>Conformes \u00e0 la sp\u00e9cification AMS\u00a02821<\/li>\n<\/ul>\n","protected":false},"excerpt":{"rendered":"<p>La distorsion peut produire des dimensions de pi\u00e8ces hors tol\u00e9rance, des contraintes entra\u00eenant des fissures et une d\u00e9faillance pr\u00e9matur\u00e9e. Lors de la trempe ou du revenu de vos pi\u00e8ces, le sel fondu est le moyen&#8230;<\/p>\n","protected":false},"author":220,"featured_media":9723,"parent":9751,"menu_order":1,"comment_status":"closed","ping_status":"closed","template":"template-prodinfo.php","meta":{"_acf_changed":false,"footnotes":""},"class_list":["post-9721","page","type-page","status-publish","has-post-thumbnail","hentry"],"acf":[],"yoast_head":"<!-- This site is optimized with the Yoast SEO plugin v26.8 - https:\/\/yoast.com\/product\/yoast-seo-wordpress\/ -->\n<title>Sels fondus - Manufacturing<\/title>\n<meta name=\"robots\" content=\"index, follow, max-snippet:-1, max-image-preview:large, max-video-preview:-1\" \/>\n<link rel=\"canonical\" href=\"https:\/\/www.duboischemicals.com\/manufacturing\/fr\/products\/heat-treatment\/molten-salts\/\" \/>\n<meta property=\"og:locale\" content=\"fr_FR\" \/>\n<meta property=\"og:type\" content=\"article\" \/>\n<meta property=\"og:title\" content=\"Sels fondus - Manufacturing\" \/>\n<meta property=\"og:description\" content=\"La distorsion peut produire des dimensions de pi\u00e8ces hors tol\u00e9rance, des contraintes entra\u00eenant des fissures et une d\u00e9faillance pr\u00e9matur\u00e9e. Lors de la trempe ou du revenu de vos pi\u00e8ces, le sel fondu est le moyen...\" \/>\n<meta property=\"og:url\" content=\"https:\/\/www.duboischemicals.com\/manufacturing\/fr\/products\/heat-treatment\/molten-salts\/\" \/>\n<meta property=\"og:site_name\" content=\"Manufacturing\" \/>\n<meta property=\"article:modified_time\" content=\"2021-02-17T10:04:19+00:00\" \/>\n<meta property=\"og:image\" content=\"https:\/\/www.duboischemicals.com\/manufacturing\/wp-content\/uploads\/sites\/2\/2018\/10\/iStock-493953889.jpg\" \/>\n\t<meta property=\"og:image:width\" content=\"454\" \/>\n\t<meta property=\"og:image:height\" content=\"450\" \/>\n\t<meta property=\"og:image:type\" content=\"image\/jpeg\" \/>\n<meta name=\"twitter:card\" content=\"summary_large_image\" \/>\n<meta name=\"twitter:label1\" content=\"Dur\u00e9e de lecture estim\u00e9e\" \/>\n\t<meta name=\"twitter:data1\" content=\"1 minute\" \/>\n<script type=\"application\/ld+json\" class=\"yoast-schema-graph\">{\"@context\":\"https:\/\/schema.org\",\"@graph\":[{\"@type\":\"WebPage\",\"@id\":\"https:\/\/www.duboischemicals.com\/manufacturing\/fr\/products\/heat-treatment\/molten-salts\/\",\"url\":\"https:\/\/www.duboischemicals.com\/manufacturing\/fr\/products\/heat-treatment\/molten-salts\/\",\"name\":\"Sels fondus - Manufacturing\",\"isPartOf\":{\"@id\":\"https:\/\/www.duboischemicals.com\/manufacturing\/fr\/#website\"},\"primaryImageOfPage\":{\"@id\":\"https:\/\/www.duboischemicals.com\/manufacturing\/fr\/products\/heat-treatment\/molten-salts\/#primaryimage\"},\"image\":{\"@id\":\"https:\/\/www.duboischemicals.com\/manufacturing\/fr\/products\/heat-treatment\/molten-salts\/#primaryimage\"},\"thumbnailUrl\":\"https:\/\/www.duboischemicals.com\/manufacturing\/wp-content\/uploads\/sites\/2\/2018\/10\/iStock-493953889.jpg\",\"datePublished\":\"2020-11-15T14:05:58+00:00\",\"dateModified\":\"2021-02-17T10:04:19+00:00\",\"breadcrumb\":{\"@id\":\"https:\/\/www.duboischemicals.com\/manufacturing\/fr\/products\/heat-treatment\/molten-salts\/#breadcrumb\"},\"inLanguage\":\"fr-FR\",\"potentialAction\":[{\"@type\":\"ReadAction\",\"target\":[\"https:\/\/www.duboischemicals.com\/manufacturing\/fr\/products\/heat-treatment\/molten-salts\/\"]}]},{\"@type\":\"ImageObject\",\"inLanguage\":\"fr-FR\",\"@id\":\"https:\/\/www.duboischemicals.com\/manufacturing\/fr\/products\/heat-treatment\/molten-salts\/#primaryimage\",\"url\":\"https:\/\/www.duboischemicals.com\/manufacturing\/wp-content\/uploads\/sites\/2\/2018\/10\/iStock-493953889.jpg\",\"contentUrl\":\"https:\/\/www.duboischemicals.com\/manufacturing\/wp-content\/uploads\/sites\/2\/2018\/10\/iStock-493953889.jpg\",\"width\":454,\"height\":450},{\"@type\":\"BreadcrumbList\",\"@id\":\"https:\/\/www.duboischemicals.com\/manufacturing\/fr\/products\/heat-treatment\/molten-salts\/#breadcrumb\",\"itemListElement\":[{\"@type\":\"ListItem\",\"position\":1,\"name\":\"Home\",\"item\":\"https:\/\/www.duboischemicals.com\/manufacturing\/fr\/\"},{\"@type\":\"ListItem\",\"position\":2,\"name\":\"Produits\",\"item\":\"https:\/\/www.duboischemicals.com\/manufacturing\/fr\/products\/\"},{\"@type\":\"ListItem\",\"position\":3,\"name\":\"Traitement-thermique\",\"item\":\"https:\/\/www.duboischemicals.com\/manufacturing\/fr\/products\/heat-treatment\/\"},{\"@type\":\"ListItem\",\"position\":4,\"name\":\"Sels fondus\"}]},{\"@type\":\"WebSite\",\"@id\":\"https:\/\/www.duboischemicals.com\/manufacturing\/fr\/#website\",\"url\":\"https:\/\/www.duboischemicals.com\/manufacturing\/fr\/\",\"name\":\"Manufacturing\",\"description\":\"\",\"potentialAction\":[{\"@type\":\"SearchAction\",\"target\":{\"@type\":\"EntryPoint\",\"urlTemplate\":\"https:\/\/www.duboischemicals.com\/manufacturing\/fr\/?s={search_term_string}\"},\"query-input\":{\"@type\":\"PropertyValueSpecification\",\"valueRequired\":true,\"valueName\":\"search_term_string\"}}],\"inLanguage\":\"fr-FR\"}]}<\/script>\n<!-- \/ Yoast SEO plugin. -->","yoast_head_json":{"title":"Sels fondus - Manufacturing","robots":{"index":"index","follow":"follow","max-snippet":"max-snippet:-1","max-image-preview":"max-image-preview:large","max-video-preview":"max-video-preview:-1"},"canonical":"https:\/\/www.duboischemicals.com\/manufacturing\/fr\/products\/heat-treatment\/molten-salts\/","og_locale":"fr_FR","og_type":"article","og_title":"Sels fondus - Manufacturing","og_description":"La distorsion peut produire des dimensions de pi\u00e8ces hors tol\u00e9rance, des contraintes entra\u00eenant des fissures et une d\u00e9faillance pr\u00e9matur\u00e9e. Lors de la trempe ou du revenu de vos pi\u00e8ces, le sel fondu est le moyen...","og_url":"https:\/\/www.duboischemicals.com\/manufacturing\/fr\/products\/heat-treatment\/molten-salts\/","og_site_name":"Manufacturing","article_modified_time":"2021-02-17T10:04:19+00:00","og_image":[{"width":454,"height":450,"url":"https:\/\/www.duboischemicals.com\/manufacturing\/wp-content\/uploads\/sites\/2\/2018\/10\/iStock-493953889.jpg","type":"image\/jpeg"}],"twitter_card":"summary_large_image","twitter_misc":{"Dur\u00e9e de lecture estim\u00e9e":"1 minute"},"schema":{"@context":"https:\/\/schema.org","@graph":[{"@type":"WebPage","@id":"https:\/\/www.duboischemicals.com\/manufacturing\/fr\/products\/heat-treatment\/molten-salts\/","url":"https:\/\/www.duboischemicals.com\/manufacturing\/fr\/products\/heat-treatment\/molten-salts\/","name":"Sels fondus - Manufacturing","isPartOf":{"@id":"https:\/\/www.duboischemicals.com\/manufacturing\/fr\/#website"},"primaryImageOfPage":{"@id":"https:\/\/www.duboischemicals.com\/manufacturing\/fr\/products\/heat-treatment\/molten-salts\/#primaryimage"},"image":{"@id":"https:\/\/www.duboischemicals.com\/manufacturing\/fr\/products\/heat-treatment\/molten-salts\/#primaryimage"},"thumbnailUrl":"https:\/\/www.duboischemicals.com\/manufacturing\/wp-content\/uploads\/sites\/2\/2018\/10\/iStock-493953889.jpg","datePublished":"2020-11-15T14:05:58+00:00","dateModified":"2021-02-17T10:04:19+00:00","breadcrumb":{"@id":"https:\/\/www.duboischemicals.com\/manufacturing\/fr\/products\/heat-treatment\/molten-salts\/#breadcrumb"},"inLanguage":"fr-FR","potentialAction":[{"@type":"ReadAction","target":["https:\/\/www.duboischemicals.com\/manufacturing\/fr\/products\/heat-treatment\/molten-salts\/"]}]},{"@type":"ImageObject","inLanguage":"fr-FR","@id":"https:\/\/www.duboischemicals.com\/manufacturing\/fr\/products\/heat-treatment\/molten-salts\/#primaryimage","url":"https:\/\/www.duboischemicals.com\/manufacturing\/wp-content\/uploads\/sites\/2\/2018\/10\/iStock-493953889.jpg","contentUrl":"https:\/\/www.duboischemicals.com\/manufacturing\/wp-content\/uploads\/sites\/2\/2018\/10\/iStock-493953889.jpg","width":454,"height":450},{"@type":"BreadcrumbList","@id":"https:\/\/www.duboischemicals.com\/manufacturing\/fr\/products\/heat-treatment\/molten-salts\/#breadcrumb","itemListElement":[{"@type":"ListItem","position":1,"name":"Home","item":"https:\/\/www.duboischemicals.com\/manufacturing\/fr\/"},{"@type":"ListItem","position":2,"name":"Produits","item":"https:\/\/www.duboischemicals.com\/manufacturing\/fr\/products\/"},{"@type":"ListItem","position":3,"name":"Traitement-thermique","item":"https:\/\/www.duboischemicals.com\/manufacturing\/fr\/products\/heat-treatment\/"},{"@type":"ListItem","position":4,"name":"Sels fondus"}]},{"@type":"WebSite","@id":"https:\/\/www.duboischemicals.com\/manufacturing\/fr\/#website","url":"https:\/\/www.duboischemicals.com\/manufacturing\/fr\/","name":"Manufacturing","description":"","potentialAction":[{"@type":"SearchAction","target":{"@type":"EntryPoint","urlTemplate":"https:\/\/www.duboischemicals.com\/manufacturing\/fr\/?s={search_term_string}"},"query-input":{"@type":"PropertyValueSpecification","valueRequired":true,"valueName":"search_term_string"}}],"inLanguage":"fr-FR"}]}},"_links":{"self":[{"href":"https:\/\/www.duboischemicals.com\/manufacturing\/fr\/wp-json\/wp\/v2\/pages\/9721","targetHints":{"allow":["GET"]}}],"collection":[{"href":"https:\/\/www.duboischemicals.com\/manufacturing\/fr\/wp-json\/wp\/v2\/pages"}],"about":[{"href":"https:\/\/www.duboischemicals.com\/manufacturing\/fr\/wp-json\/wp\/v2\/types\/page"}],"author":[{"embeddable":true,"href":"https:\/\/www.duboischemicals.com\/manufacturing\/fr\/wp-json\/wp\/v2\/users\/220"}],"replies":[{"embeddable":true,"href":"https:\/\/www.duboischemicals.com\/manufacturing\/fr\/wp-json\/wp\/v2\/comments?post=9721"}],"version-history":[{"count":4,"href":"https:\/\/www.duboischemicals.com\/manufacturing\/fr\/wp-json\/wp\/v2\/pages\/9721\/revisions"}],"predecessor-version":[{"id":11567,"href":"https:\/\/www.duboischemicals.com\/manufacturing\/fr\/wp-json\/wp\/v2\/pages\/9721\/revisions\/11567"}],"up":[{"embeddable":true,"href":"https:\/\/www.duboischemicals.com\/manufacturing\/fr\/wp-json\/wp\/v2\/pages\/9751"}],"wp:featuredmedia":[{"embeddable":true,"href":"https:\/\/www.duboischemicals.com\/manufacturing\/fr\/wp-json\/wp\/v2\/media\/9723"}],"wp:attachment":[{"href":"https:\/\/www.duboischemicals.com\/manufacturing\/fr\/wp-json\/wp\/v2\/media?parent=9721"}],"curies":[{"name":"wp","href":"https:\/\/api.w.org\/{rel}","templated":true}]}}