{"id":9724,"date":"2018-10-22T17:36:31","date_gmt":"2018-10-22T21:36:31","guid":{"rendered":"https:\/\/www.duboischemicals.com\/\/manufacturing\/?page_id=9724"},"modified":"2021-02-17T05:04:25","modified_gmt":"2021-02-17T10:04:25","slug":"quenching-fluids","status":"publish","type":"page","link":"https:\/\/www.duboischemicals.com\/manufacturing\/fr\/products\/heat-treatment\/quenching-fluids\/","title":{"rendered":"Liquides de trempe"},"content":{"rendered":"<p>Pour de nombreux traitements thermiques, les agents de trempe \u00e0 base d&rsquo;huile ou d&rsquo;eau offrent la force de trempe n\u00e9cessaire pour obtenir les propri\u00e9t\u00e9s m\u00e9tallurgiques et physiques requises pour les pi\u00e8ces de forme complexe.<\/p>\n<p>Les huiles de trempe DuBois sont la solution id\u00e9ale pour refroidir une vari\u00e9t\u00e9 d&rsquo;aciers de qualit\u00e9 et d&rsquo;alliages \u00e0 haute duret\u00e9. Ils vous procurent les avantages suivants\u00a0:<\/p>\n<ul>\n<li>Un contr\u00f4le maximal de la trempe pour une performance pr\u00e9visible<\/li>\n<li>Un nettoyage facile pour plus de luminosit\u00e9<\/li>\n<li>Une r\u00e9sistance exceptionnelle \u00e0 l&rsquo;oxydation et une stabilit\u00e9 thermique pour maximiser la dur\u00e9e de vie du bain<\/li>\n<li>Moins de pertes par entra\u00eenement pour minimiser la consommation et le co\u00fbt<\/li>\n<\/ul>\n<p>Tout en minimisant la distorsion ou la rupture des pi\u00e8ces, les produits de trempe \u00e0 base d&rsquo;eau offrent une duret\u00e9 \u00e9lev\u00e9e et des vitesses de trempe plus rapides que l&rsquo;huile. Caract\u00e9ristiques des fluides \u00e0 base d&rsquo;eau\u00a0:<\/p>\n<ul>\n<li>Non inflammables<\/li>\n<li>Plus faciles \u00e0 nettoyer que les huiles<\/li>\n<li>Peuvent \u00eatre utilis\u00e9s \u00e0 diverses concentrations pour obtenir la duret\u00e9 requise<\/li>\n<li>Non influenc\u00e9s par les fluctuations des prix du march\u00e9 p\u00e9trolier<\/li>\n<\/ul>\n<p>Le service technique de DuBois travaille avec de nombreux clients tenus de respecter les sp\u00e9cifications CQI-9 et AMS 2759F.<\/p>\n","protected":false},"excerpt":{"rendered":"<p>Pour de nombreux traitements thermiques, les agents de trempe \u00e0 base d&rsquo;huile ou d&rsquo;eau offrent la force de trempe n\u00e9cessaire pour obtenir les propri\u00e9t\u00e9s m\u00e9tallurgiques et physiques requises pour les pi\u00e8ces de forme complexe. Les&#8230;<\/p>\n","protected":false},"author":220,"featured_media":9701,"parent":9751,"menu_order":2,"comment_status":"closed","ping_status":"closed","template":"template-prodinfo.php","meta":{"_acf_changed":false,"footnotes":""},"class_list":["post-9724","page","type-page","status-publish","has-post-thumbnail","hentry"],"acf":[],"yoast_head":"<!-- This site is optimized with the Yoast SEO plugin v26.8 - https:\/\/yoast.com\/product\/yoast-seo-wordpress\/ -->\n<title>Liquides de trempe - Manufacturing<\/title>\n<meta name=\"robots\" content=\"index, follow, max-snippet:-1, max-image-preview:large, max-video-preview:-1\" \/>\n<link rel=\"canonical\" href=\"https:\/\/www.duboischemicals.com\/manufacturing\/fr\/products\/heat-treatment\/quenching-fluids\/\" \/>\n<meta property=\"og:locale\" content=\"fr_FR\" \/>\n<meta property=\"og:type\" content=\"article\" \/>\n<meta property=\"og:title\" content=\"Liquides de trempe - Manufacturing\" \/>\n<meta property=\"og:description\" content=\"Pour de nombreux traitements thermiques, les agents de trempe \u00e0 base d&rsquo;huile ou d&rsquo;eau offrent la force de trempe n\u00e9cessaire pour obtenir les propri\u00e9t\u00e9s m\u00e9tallurgiques et physiques requises pour les pi\u00e8ces de forme complexe. Les...\" \/>\n<meta property=\"og:url\" content=\"https:\/\/www.duboischemicals.com\/manufacturing\/fr\/products\/heat-treatment\/quenching-fluids\/\" \/>\n<meta property=\"og:site_name\" content=\"Manufacturing\" \/>\n<meta property=\"article:modified_time\" content=\"2021-02-17T10:04:25+00:00\" \/>\n<meta property=\"og:image\" content=\"https:\/\/www.duboischemicals.com\/manufacturing\/wp-content\/uploads\/sites\/2\/2018\/10\/iStock-967138302-Quenching-Fluids.jpg\" \/>\n\t<meta property=\"og:image:width\" content=\"454\" \/>\n\t<meta property=\"og:image:height\" content=\"450\" \/>\n\t<meta property=\"og:image:type\" content=\"image\/jpeg\" \/>\n<meta name=\"twitter:card\" content=\"summary_large_image\" \/>\n<meta name=\"twitter:label1\" content=\"Dur\u00e9e de lecture estim\u00e9e\" \/>\n\t<meta name=\"twitter:data1\" content=\"1 minute\" \/>\n<script type=\"application\/ld+json\" class=\"yoast-schema-graph\">{\"@context\":\"https:\/\/schema.org\",\"@graph\":[{\"@type\":\"WebPage\",\"@id\":\"https:\/\/www.duboischemicals.com\/manufacturing\/fr\/products\/heat-treatment\/quenching-fluids\/\",\"url\":\"https:\/\/www.duboischemicals.com\/manufacturing\/fr\/products\/heat-treatment\/quenching-fluids\/\",\"name\":\"Liquides de trempe - Manufacturing\",\"isPartOf\":{\"@id\":\"https:\/\/www.duboischemicals.com\/manufacturing\/fr\/#website\"},\"primaryImageOfPage\":{\"@id\":\"https:\/\/www.duboischemicals.com\/manufacturing\/fr\/products\/heat-treatment\/quenching-fluids\/#primaryimage\"},\"image\":{\"@id\":\"https:\/\/www.duboischemicals.com\/manufacturing\/fr\/products\/heat-treatment\/quenching-fluids\/#primaryimage\"},\"thumbnailUrl\":\"https:\/\/www.duboischemicals.com\/manufacturing\/wp-content\/uploads\/sites\/2\/2018\/10\/iStock-967138302-Quenching-Fluids.jpg\",\"datePublished\":\"2018-10-22T21:36:31+00:00\",\"dateModified\":\"2021-02-17T10:04:25+00:00\",\"breadcrumb\":{\"@id\":\"https:\/\/www.duboischemicals.com\/manufacturing\/fr\/products\/heat-treatment\/quenching-fluids\/#breadcrumb\"},\"inLanguage\":\"fr-FR\",\"potentialAction\":[{\"@type\":\"ReadAction\",\"target\":[\"https:\/\/www.duboischemicals.com\/manufacturing\/fr\/products\/heat-treatment\/quenching-fluids\/\"]}]},{\"@type\":\"ImageObject\",\"inLanguage\":\"fr-FR\",\"@id\":\"https:\/\/www.duboischemicals.com\/manufacturing\/fr\/products\/heat-treatment\/quenching-fluids\/#primaryimage\",\"url\":\"https:\/\/www.duboischemicals.com\/manufacturing\/wp-content\/uploads\/sites\/2\/2018\/10\/iStock-967138302-Quenching-Fluids.jpg\",\"contentUrl\":\"https:\/\/www.duboischemicals.com\/manufacturing\/wp-content\/uploads\/sites\/2\/2018\/10\/iStock-967138302-Quenching-Fluids.jpg\",\"width\":454,\"height\":450},{\"@type\":\"BreadcrumbList\",\"@id\":\"https:\/\/www.duboischemicals.com\/manufacturing\/fr\/products\/heat-treatment\/quenching-fluids\/#breadcrumb\",\"itemListElement\":[{\"@type\":\"ListItem\",\"position\":1,\"name\":\"Home\",\"item\":\"https:\/\/www.duboischemicals.com\/manufacturing\/fr\/\"},{\"@type\":\"ListItem\",\"position\":2,\"name\":\"Produits\",\"item\":\"https:\/\/www.duboischemicals.com\/manufacturing\/fr\/products\/\"},{\"@type\":\"ListItem\",\"position\":3,\"name\":\"Traitement-thermique\",\"item\":\"https:\/\/www.duboischemicals.com\/manufacturing\/fr\/products\/heat-treatment\/\"},{\"@type\":\"ListItem\",\"position\":4,\"name\":\"Liquides de trempe\"}]},{\"@type\":\"WebSite\",\"@id\":\"https:\/\/www.duboischemicals.com\/manufacturing\/fr\/#website\",\"url\":\"https:\/\/www.duboischemicals.com\/manufacturing\/fr\/\",\"name\":\"Manufacturing\",\"description\":\"\",\"potentialAction\":[{\"@type\":\"SearchAction\",\"target\":{\"@type\":\"EntryPoint\",\"urlTemplate\":\"https:\/\/www.duboischemicals.com\/manufacturing\/fr\/?s={search_term_string}\"},\"query-input\":{\"@type\":\"PropertyValueSpecification\",\"valueRequired\":true,\"valueName\":\"search_term_string\"}}],\"inLanguage\":\"fr-FR\"}]}<\/script>\n<!-- \/ Yoast SEO plugin. -->","yoast_head_json":{"title":"Liquides de trempe - Manufacturing","robots":{"index":"index","follow":"follow","max-snippet":"max-snippet:-1","max-image-preview":"max-image-preview:large","max-video-preview":"max-video-preview:-1"},"canonical":"https:\/\/www.duboischemicals.com\/manufacturing\/fr\/products\/heat-treatment\/quenching-fluids\/","og_locale":"fr_FR","og_type":"article","og_title":"Liquides de trempe - Manufacturing","og_description":"Pour de nombreux traitements thermiques, les agents de trempe \u00e0 base d&rsquo;huile ou d&rsquo;eau offrent la force de trempe n\u00e9cessaire pour obtenir les propri\u00e9t\u00e9s m\u00e9tallurgiques et physiques requises pour les pi\u00e8ces de forme complexe. Les...","og_url":"https:\/\/www.duboischemicals.com\/manufacturing\/fr\/products\/heat-treatment\/quenching-fluids\/","og_site_name":"Manufacturing","article_modified_time":"2021-02-17T10:04:25+00:00","og_image":[{"width":454,"height":450,"url":"https:\/\/www.duboischemicals.com\/manufacturing\/wp-content\/uploads\/sites\/2\/2018\/10\/iStock-967138302-Quenching-Fluids.jpg","type":"image\/jpeg"}],"twitter_card":"summary_large_image","twitter_misc":{"Dur\u00e9e de lecture estim\u00e9e":"1 minute"},"schema":{"@context":"https:\/\/schema.org","@graph":[{"@type":"WebPage","@id":"https:\/\/www.duboischemicals.com\/manufacturing\/fr\/products\/heat-treatment\/quenching-fluids\/","url":"https:\/\/www.duboischemicals.com\/manufacturing\/fr\/products\/heat-treatment\/quenching-fluids\/","name":"Liquides de trempe - Manufacturing","isPartOf":{"@id":"https:\/\/www.duboischemicals.com\/manufacturing\/fr\/#website"},"primaryImageOfPage":{"@id":"https:\/\/www.duboischemicals.com\/manufacturing\/fr\/products\/heat-treatment\/quenching-fluids\/#primaryimage"},"image":{"@id":"https:\/\/www.duboischemicals.com\/manufacturing\/fr\/products\/heat-treatment\/quenching-fluids\/#primaryimage"},"thumbnailUrl":"https:\/\/www.duboischemicals.com\/manufacturing\/wp-content\/uploads\/sites\/2\/2018\/10\/iStock-967138302-Quenching-Fluids.jpg","datePublished":"2018-10-22T21:36:31+00:00","dateModified":"2021-02-17T10:04:25+00:00","breadcrumb":{"@id":"https:\/\/www.duboischemicals.com\/manufacturing\/fr\/products\/heat-treatment\/quenching-fluids\/#breadcrumb"},"inLanguage":"fr-FR","potentialAction":[{"@type":"ReadAction","target":["https:\/\/www.duboischemicals.com\/manufacturing\/fr\/products\/heat-treatment\/quenching-fluids\/"]}]},{"@type":"ImageObject","inLanguage":"fr-FR","@id":"https:\/\/www.duboischemicals.com\/manufacturing\/fr\/products\/heat-treatment\/quenching-fluids\/#primaryimage","url":"https:\/\/www.duboischemicals.com\/manufacturing\/wp-content\/uploads\/sites\/2\/2018\/10\/iStock-967138302-Quenching-Fluids.jpg","contentUrl":"https:\/\/www.duboischemicals.com\/manufacturing\/wp-content\/uploads\/sites\/2\/2018\/10\/iStock-967138302-Quenching-Fluids.jpg","width":454,"height":450},{"@type":"BreadcrumbList","@id":"https:\/\/www.duboischemicals.com\/manufacturing\/fr\/products\/heat-treatment\/quenching-fluids\/#breadcrumb","itemListElement":[{"@type":"ListItem","position":1,"name":"Home","item":"https:\/\/www.duboischemicals.com\/manufacturing\/fr\/"},{"@type":"ListItem","position":2,"name":"Produits","item":"https:\/\/www.duboischemicals.com\/manufacturing\/fr\/products\/"},{"@type":"ListItem","position":3,"name":"Traitement-thermique","item":"https:\/\/www.duboischemicals.com\/manufacturing\/fr\/products\/heat-treatment\/"},{"@type":"ListItem","position":4,"name":"Liquides de trempe"}]},{"@type":"WebSite","@id":"https:\/\/www.duboischemicals.com\/manufacturing\/fr\/#website","url":"https:\/\/www.duboischemicals.com\/manufacturing\/fr\/","name":"Manufacturing","description":"","potentialAction":[{"@type":"SearchAction","target":{"@type":"EntryPoint","urlTemplate":"https:\/\/www.duboischemicals.com\/manufacturing\/fr\/?s={search_term_string}"},"query-input":{"@type":"PropertyValueSpecification","valueRequired":true,"valueName":"search_term_string"}}],"inLanguage":"fr-FR"}]}},"_links":{"self":[{"href":"https:\/\/www.duboischemicals.com\/manufacturing\/fr\/wp-json\/wp\/v2\/pages\/9724","targetHints":{"allow":["GET"]}}],"collection":[{"href":"https:\/\/www.duboischemicals.com\/manufacturing\/fr\/wp-json\/wp\/v2\/pages"}],"about":[{"href":"https:\/\/www.duboischemicals.com\/manufacturing\/fr\/wp-json\/wp\/v2\/types\/page"}],"author":[{"embeddable":true,"href":"https:\/\/www.duboischemicals.com\/manufacturing\/fr\/wp-json\/wp\/v2\/users\/220"}],"replies":[{"embeddable":true,"href":"https:\/\/www.duboischemicals.com\/manufacturing\/fr\/wp-json\/wp\/v2\/comments?post=9724"}],"version-history":[{"count":4,"href":"https:\/\/www.duboischemicals.com\/manufacturing\/fr\/wp-json\/wp\/v2\/pages\/9724\/revisions"}],"predecessor-version":[{"id":11585,"href":"https:\/\/www.duboischemicals.com\/manufacturing\/fr\/wp-json\/wp\/v2\/pages\/9724\/revisions\/11585"}],"up":[{"embeddable":true,"href":"https:\/\/www.duboischemicals.com\/manufacturing\/fr\/wp-json\/wp\/v2\/pages\/9751"}],"wp:featuredmedia":[{"embeddable":true,"href":"https:\/\/www.duboischemicals.com\/manufacturing\/fr\/wp-json\/wp\/v2\/media\/9701"}],"wp:attachment":[{"href":"https:\/\/www.duboischemicals.com\/manufacturing\/fr\/wp-json\/wp\/v2\/media?parent=9724"}],"curies":[{"name":"wp","href":"https:\/\/api.w.org\/{rel}","templated":true}]}}