{"id":9728,"date":"2020-11-15T09:07:39","date_gmt":"2020-11-15T14:07:39","guid":{"rendered":"https:\/\/www.duboischemicals.com\/\/manufacturing\/?page_id=9728"},"modified":"2021-02-17T05:04:28","modified_gmt":"2021-02-17T10:04:28","slug":"stop-off-protective-coatings","status":"publish","type":"page","link":"https:\/\/www.duboischemicals.com\/manufacturing\/fr\/products\/heat-treatment\/stop-off-protective-coatings\/","title":{"rendered":"Rev\u00eatements de protection"},"content":{"rendered":"<p>Pendant le processus de c\u00e9mentation ou de nitruration, il peut \u00eatre n\u00e9cessaire d&#8217;emp\u00eacher la diffusion de carbone ou d&rsquo;azote dans des zones sp\u00e9cifiques de la surface des pi\u00e8ces. DuBois propose une s\u00e9lection de rev\u00eatements de protection anti\u00e9talement pour les composants en acier c\u00e9ment\u00e9s ou nitrur\u00e9s dans des applications sous atmosph\u00e8re contr\u00f4l\u00e9e. Ces rev\u00eatements semblables \u00e0 de la peinture peuvent \u00eatre pulv\u00e9ris\u00e9s, appliqu\u00e9s par trempage ou bross\u00e9s.<\/p>\n<p>Les utilisateurs du monde entier comptent sur DuBois No\u00a0Carb\u2122 pour ses performances constantes en mati\u00e8re de pr\u00e9vention de la carburation ou de la d\u00e9carburation. Nos rev\u00eatements de protection anti\u00e9talement offrent les avantages suivants\u00a0:<\/p>\n<ul>\n<li>Fonctionne sur de larges plages de temp\u00e9rature<\/li>\n<li>Pr\u00e9vient \u00e0 la fois la carburation et la d\u00e9carburation des pi\u00e8ces<\/li>\n<li>Peut \u00eatre utilis\u00e9 \u00e0 diff\u00e9rentes \u00e9paisseurs pour assurer une couverture ad\u00e9quate<\/li>\n<li>R\u00e9siste pendant les longs cycles<\/li>\n<\/ul>\n","protected":false},"excerpt":{"rendered":"<p>Pendant le processus de c\u00e9mentation ou de nitruration, il peut \u00eatre n\u00e9cessaire d&#8217;emp\u00eacher la diffusion de carbone ou d&rsquo;azote dans des zones sp\u00e9cifiques de la surface des pi\u00e8ces. DuBois propose une s\u00e9lection de rev\u00eatements de&#8230;<\/p>\n","protected":false},"author":220,"featured_media":9730,"parent":9751,"menu_order":4,"comment_status":"closed","ping_status":"closed","template":"template-prodinfo.php","meta":{"_acf_changed":false,"footnotes":""},"class_list":["post-9728","page","type-page","status-publish","has-post-thumbnail","hentry"],"acf":[],"yoast_head":"<!-- This site is optimized with the Yoast SEO plugin v26.8 - https:\/\/yoast.com\/product\/yoast-seo-wordpress\/ -->\n<title>Rev\u00eatements de protection - Manufacturing<\/title>\n<meta name=\"robots\" content=\"index, follow, max-snippet:-1, max-image-preview:large, max-video-preview:-1\" \/>\n<link rel=\"canonical\" href=\"https:\/\/www.duboischemicals.com\/manufacturing\/fr\/products\/heat-treatment\/stop-off-protective-coatings\/\" \/>\n<meta property=\"og:locale\" content=\"fr_FR\" \/>\n<meta property=\"og:type\" content=\"article\" \/>\n<meta property=\"og:title\" content=\"Rev\u00eatements de protection - Manufacturing\" \/>\n<meta property=\"og:description\" content=\"Pendant le processus de c\u00e9mentation ou de nitruration, il peut \u00eatre n\u00e9cessaire d&#8217;emp\u00eacher la diffusion de carbone ou d&rsquo;azote dans des zones sp\u00e9cifiques de la surface des pi\u00e8ces. DuBois propose une s\u00e9lection de rev\u00eatements de...\" \/>\n<meta property=\"og:url\" content=\"https:\/\/www.duboischemicals.com\/manufacturing\/fr\/products\/heat-treatment\/stop-off-protective-coatings\/\" \/>\n<meta property=\"og:site_name\" content=\"Manufacturing\" \/>\n<meta property=\"article:modified_time\" content=\"2021-02-17T10:04:28+00:00\" \/>\n<meta property=\"og:image\" content=\"https:\/\/www.duboischemicals.com\/manufacturing\/wp-content\/uploads\/sites\/2\/2018\/10\/Stop-Off-Compound.jpg\" \/>\n\t<meta property=\"og:image:width\" content=\"454\" \/>\n\t<meta property=\"og:image:height\" content=\"450\" \/>\n\t<meta property=\"og:image:type\" content=\"image\/jpeg\" \/>\n<meta name=\"twitter:card\" content=\"summary_large_image\" \/>\n<meta name=\"twitter:label1\" content=\"Dur\u00e9e de lecture estim\u00e9e\" \/>\n\t<meta name=\"twitter:data1\" content=\"1 minute\" \/>\n<script type=\"application\/ld+json\" class=\"yoast-schema-graph\">{\"@context\":\"https:\/\/schema.org\",\"@graph\":[{\"@type\":\"WebPage\",\"@id\":\"https:\/\/www.duboischemicals.com\/manufacturing\/fr\/products\/heat-treatment\/stop-off-protective-coatings\/\",\"url\":\"https:\/\/www.duboischemicals.com\/manufacturing\/fr\/products\/heat-treatment\/stop-off-protective-coatings\/\",\"name\":\"Rev\u00eatements de protection - Manufacturing\",\"isPartOf\":{\"@id\":\"https:\/\/www.duboischemicals.com\/manufacturing\/fr\/#website\"},\"primaryImageOfPage\":{\"@id\":\"https:\/\/www.duboischemicals.com\/manufacturing\/fr\/products\/heat-treatment\/stop-off-protective-coatings\/#primaryimage\"},\"image\":{\"@id\":\"https:\/\/www.duboischemicals.com\/manufacturing\/fr\/products\/heat-treatment\/stop-off-protective-coatings\/#primaryimage\"},\"thumbnailUrl\":\"https:\/\/www.duboischemicals.com\/manufacturing\/wp-content\/uploads\/sites\/2\/2018\/10\/Stop-Off-Compound.jpg\",\"datePublished\":\"2020-11-15T14:07:39+00:00\",\"dateModified\":\"2021-02-17T10:04:28+00:00\",\"breadcrumb\":{\"@id\":\"https:\/\/www.duboischemicals.com\/manufacturing\/fr\/products\/heat-treatment\/stop-off-protective-coatings\/#breadcrumb\"},\"inLanguage\":\"fr-FR\",\"potentialAction\":[{\"@type\":\"ReadAction\",\"target\":[\"https:\/\/www.duboischemicals.com\/manufacturing\/fr\/products\/heat-treatment\/stop-off-protective-coatings\/\"]}]},{\"@type\":\"ImageObject\",\"inLanguage\":\"fr-FR\",\"@id\":\"https:\/\/www.duboischemicals.com\/manufacturing\/fr\/products\/heat-treatment\/stop-off-protective-coatings\/#primaryimage\",\"url\":\"https:\/\/www.duboischemicals.com\/manufacturing\/wp-content\/uploads\/sites\/2\/2018\/10\/Stop-Off-Compound.jpg\",\"contentUrl\":\"https:\/\/www.duboischemicals.com\/manufacturing\/wp-content\/uploads\/sites\/2\/2018\/10\/Stop-Off-Compound.jpg\",\"width\":454,\"height\":450},{\"@type\":\"BreadcrumbList\",\"@id\":\"https:\/\/www.duboischemicals.com\/manufacturing\/fr\/products\/heat-treatment\/stop-off-protective-coatings\/#breadcrumb\",\"itemListElement\":[{\"@type\":\"ListItem\",\"position\":1,\"name\":\"Home\",\"item\":\"https:\/\/www.duboischemicals.com\/manufacturing\/fr\/\"},{\"@type\":\"ListItem\",\"position\":2,\"name\":\"Produits\",\"item\":\"https:\/\/www.duboischemicals.com\/manufacturing\/fr\/products\/\"},{\"@type\":\"ListItem\",\"position\":3,\"name\":\"Traitement-thermique\",\"item\":\"https:\/\/www.duboischemicals.com\/manufacturing\/fr\/products\/heat-treatment\/\"},{\"@type\":\"ListItem\",\"position\":4,\"name\":\"Rev\u00eatements de protection\"}]},{\"@type\":\"WebSite\",\"@id\":\"https:\/\/www.duboischemicals.com\/manufacturing\/fr\/#website\",\"url\":\"https:\/\/www.duboischemicals.com\/manufacturing\/fr\/\",\"name\":\"Manufacturing\",\"description\":\"\",\"potentialAction\":[{\"@type\":\"SearchAction\",\"target\":{\"@type\":\"EntryPoint\",\"urlTemplate\":\"https:\/\/www.duboischemicals.com\/manufacturing\/fr\/?s={search_term_string}\"},\"query-input\":{\"@type\":\"PropertyValueSpecification\",\"valueRequired\":true,\"valueName\":\"search_term_string\"}}],\"inLanguage\":\"fr-FR\"}]}<\/script>\n<!-- \/ Yoast SEO plugin. -->","yoast_head_json":{"title":"Rev\u00eatements de protection - Manufacturing","robots":{"index":"index","follow":"follow","max-snippet":"max-snippet:-1","max-image-preview":"max-image-preview:large","max-video-preview":"max-video-preview:-1"},"canonical":"https:\/\/www.duboischemicals.com\/manufacturing\/fr\/products\/heat-treatment\/stop-off-protective-coatings\/","og_locale":"fr_FR","og_type":"article","og_title":"Rev\u00eatements de protection - Manufacturing","og_description":"Pendant le processus de c\u00e9mentation ou de nitruration, il peut \u00eatre n\u00e9cessaire d&#8217;emp\u00eacher la diffusion de carbone ou d&rsquo;azote dans des zones sp\u00e9cifiques de la surface des pi\u00e8ces. DuBois propose une s\u00e9lection de rev\u00eatements de...","og_url":"https:\/\/www.duboischemicals.com\/manufacturing\/fr\/products\/heat-treatment\/stop-off-protective-coatings\/","og_site_name":"Manufacturing","article_modified_time":"2021-02-17T10:04:28+00:00","og_image":[{"width":454,"height":450,"url":"https:\/\/www.duboischemicals.com\/manufacturing\/wp-content\/uploads\/sites\/2\/2018\/10\/Stop-Off-Compound.jpg","type":"image\/jpeg"}],"twitter_card":"summary_large_image","twitter_misc":{"Dur\u00e9e de lecture estim\u00e9e":"1 minute"},"schema":{"@context":"https:\/\/schema.org","@graph":[{"@type":"WebPage","@id":"https:\/\/www.duboischemicals.com\/manufacturing\/fr\/products\/heat-treatment\/stop-off-protective-coatings\/","url":"https:\/\/www.duboischemicals.com\/manufacturing\/fr\/products\/heat-treatment\/stop-off-protective-coatings\/","name":"Rev\u00eatements de protection - Manufacturing","isPartOf":{"@id":"https:\/\/www.duboischemicals.com\/manufacturing\/fr\/#website"},"primaryImageOfPage":{"@id":"https:\/\/www.duboischemicals.com\/manufacturing\/fr\/products\/heat-treatment\/stop-off-protective-coatings\/#primaryimage"},"image":{"@id":"https:\/\/www.duboischemicals.com\/manufacturing\/fr\/products\/heat-treatment\/stop-off-protective-coatings\/#primaryimage"},"thumbnailUrl":"https:\/\/www.duboischemicals.com\/manufacturing\/wp-content\/uploads\/sites\/2\/2018\/10\/Stop-Off-Compound.jpg","datePublished":"2020-11-15T14:07:39+00:00","dateModified":"2021-02-17T10:04:28+00:00","breadcrumb":{"@id":"https:\/\/www.duboischemicals.com\/manufacturing\/fr\/products\/heat-treatment\/stop-off-protective-coatings\/#breadcrumb"},"inLanguage":"fr-FR","potentialAction":[{"@type":"ReadAction","target":["https:\/\/www.duboischemicals.com\/manufacturing\/fr\/products\/heat-treatment\/stop-off-protective-coatings\/"]}]},{"@type":"ImageObject","inLanguage":"fr-FR","@id":"https:\/\/www.duboischemicals.com\/manufacturing\/fr\/products\/heat-treatment\/stop-off-protective-coatings\/#primaryimage","url":"https:\/\/www.duboischemicals.com\/manufacturing\/wp-content\/uploads\/sites\/2\/2018\/10\/Stop-Off-Compound.jpg","contentUrl":"https:\/\/www.duboischemicals.com\/manufacturing\/wp-content\/uploads\/sites\/2\/2018\/10\/Stop-Off-Compound.jpg","width":454,"height":450},{"@type":"BreadcrumbList","@id":"https:\/\/www.duboischemicals.com\/manufacturing\/fr\/products\/heat-treatment\/stop-off-protective-coatings\/#breadcrumb","itemListElement":[{"@type":"ListItem","position":1,"name":"Home","item":"https:\/\/www.duboischemicals.com\/manufacturing\/fr\/"},{"@type":"ListItem","position":2,"name":"Produits","item":"https:\/\/www.duboischemicals.com\/manufacturing\/fr\/products\/"},{"@type":"ListItem","position":3,"name":"Traitement-thermique","item":"https:\/\/www.duboischemicals.com\/manufacturing\/fr\/products\/heat-treatment\/"},{"@type":"ListItem","position":4,"name":"Rev\u00eatements de protection"}]},{"@type":"WebSite","@id":"https:\/\/www.duboischemicals.com\/manufacturing\/fr\/#website","url":"https:\/\/www.duboischemicals.com\/manufacturing\/fr\/","name":"Manufacturing","description":"","potentialAction":[{"@type":"SearchAction","target":{"@type":"EntryPoint","urlTemplate":"https:\/\/www.duboischemicals.com\/manufacturing\/fr\/?s={search_term_string}"},"query-input":{"@type":"PropertyValueSpecification","valueRequired":true,"valueName":"search_term_string"}}],"inLanguage":"fr-FR"}]}},"_links":{"self":[{"href":"https:\/\/www.duboischemicals.com\/manufacturing\/fr\/wp-json\/wp\/v2\/pages\/9728","targetHints":{"allow":["GET"]}}],"collection":[{"href":"https:\/\/www.duboischemicals.com\/manufacturing\/fr\/wp-json\/wp\/v2\/pages"}],"about":[{"href":"https:\/\/www.duboischemicals.com\/manufacturing\/fr\/wp-json\/wp\/v2\/types\/page"}],"author":[{"embeddable":true,"href":"https:\/\/www.duboischemicals.com\/manufacturing\/fr\/wp-json\/wp\/v2\/users\/220"}],"replies":[{"embeddable":true,"href":"https:\/\/www.duboischemicals.com\/manufacturing\/fr\/wp-json\/wp\/v2\/comments?post=9728"}],"version-history":[{"count":4,"href":"https:\/\/www.duboischemicals.com\/manufacturing\/fr\/wp-json\/wp\/v2\/pages\/9728\/revisions"}],"predecessor-version":[{"id":11594,"href":"https:\/\/www.duboischemicals.com\/manufacturing\/fr\/wp-json\/wp\/v2\/pages\/9728\/revisions\/11594"}],"up":[{"embeddable":true,"href":"https:\/\/www.duboischemicals.com\/manufacturing\/fr\/wp-json\/wp\/v2\/pages\/9751"}],"wp:featuredmedia":[{"embeddable":true,"href":"https:\/\/www.duboischemicals.com\/manufacturing\/fr\/wp-json\/wp\/v2\/media\/9730"}],"wp:attachment":[{"href":"https:\/\/www.duboischemicals.com\/manufacturing\/fr\/wp-json\/wp\/v2\/media?parent=9728"}],"curies":[{"name":"wp","href":"https:\/\/api.w.org\/{rel}","templated":true}]}}