{"id":9736,"date":"2018-10-22T17:46:55","date_gmt":"2018-10-22T21:46:55","guid":{"rendered":"https:\/\/www.duboischemicals.com\/\/manufacturing\/?page_id=9736"},"modified":"2021-02-17T05:04:24","modified_gmt":"2021-02-17T10:04:24","slug":"aluminum-brazing","status":"publish","type":"page","link":"https:\/\/www.duboischemicals.com\/manufacturing\/fr\/products\/heat-treatment\/aluminum-brazing\/","title":{"rendered":"Brasage de l\u2019aluminium"},"content":{"rendered":"<p>La capacit\u00e9 d\u2019effectuer un brasage de l&rsquo;aluminium avec trempe dans du sel fondu continue de cro\u00eetre. DuBois, de loin, est le leader dans l&rsquo;offre de ce type de technologie de sel fondu, avec un personnel technique exp\u00e9riment\u00e9 qui conseille les nouveaux utilisateurs pour r\u00e9ussir le premier brasage.<\/p>\n<p>La gamme compl\u00e8te de sels de brasage DuBois est in\u00e9gal\u00e9e et offre des avantages \u00e9vidents par rapport aux autres types de brasage. Les principales caract\u00e9ristiques des sels de brasage DuBois sont les suivantes\u00a0:<\/p>\n<ul>\n<li>Flottabilit\u00e9 pour r\u00e9duire la distorsion<\/li>\n<li>Facilement lavables \u00e0 l&rsquo;eau<\/li>\n<li>Fluidit\u00e9 exceptionnelle qui minimise la perte par entra\u00eenement<\/li>\n<li>Environnement neutre afin d&rsquo;\u00e9viter la piq\u00fbration des pi\u00e8ces<\/li>\n<li>Milieu \u00e0 temp\u00e9rature uniforme pour que les plus petits joints soient compl\u00e8tement remplis<\/li>\n<li>Temps de brasage plus courts<\/li>\n<li>Conformes aux sp\u00e9cifications AMS 3415E et AWS A5.31M\/A5.31:2012<\/li>\n<\/ul>\n","protected":false},"excerpt":{"rendered":"<p>La capacit\u00e9 d\u2019effectuer un brasage de l&rsquo;aluminium avec trempe dans du sel fondu continue de cro\u00eetre. DuBois, de loin, est le leader dans l&rsquo;offre de ce type de technologie de sel fondu, avec un personnel&#8230;<\/p>\n","protected":false},"author":220,"featured_media":9702,"parent":9751,"menu_order":6,"comment_status":"closed","ping_status":"closed","template":"template-prodinfo.php","meta":{"_acf_changed":false,"footnotes":""},"class_list":["post-9736","page","type-page","status-publish","has-post-thumbnail","hentry"],"acf":[],"yoast_head":"<!-- This site is optimized with the Yoast SEO plugin v26.8 - https:\/\/yoast.com\/product\/yoast-seo-wordpress\/ -->\n<title>Brasage de l\u2019aluminium - Manufacturing<\/title>\n<meta name=\"robots\" content=\"index, follow, max-snippet:-1, max-image-preview:large, max-video-preview:-1\" \/>\n<link rel=\"canonical\" href=\"https:\/\/www.duboischemicals.com\/manufacturing\/fr\/products\/heat-treatment\/aluminum-brazing\/\" \/>\n<meta property=\"og:locale\" content=\"fr_FR\" \/>\n<meta property=\"og:type\" content=\"article\" \/>\n<meta property=\"og:title\" content=\"Brasage de l\u2019aluminium - Manufacturing\" \/>\n<meta property=\"og:description\" content=\"La capacit\u00e9 d\u2019effectuer un brasage de l&rsquo;aluminium avec trempe dans du sel fondu continue de cro\u00eetre. DuBois, de loin, est le leader dans l&rsquo;offre de ce type de technologie de sel fondu, avec un personnel...\" \/>\n<meta property=\"og:url\" content=\"https:\/\/www.duboischemicals.com\/manufacturing\/fr\/products\/heat-treatment\/aluminum-brazing\/\" \/>\n<meta property=\"og:site_name\" content=\"Manufacturing\" \/>\n<meta property=\"article:modified_time\" content=\"2021-02-17T10:04:24+00:00\" \/>\n<meta property=\"og:image\" content=\"https:\/\/www.duboischemicals.com\/manufacturing\/wp-content\/uploads\/sites\/2\/2018\/10\/iStock-487920560-Aluminum-Brazing.jpg\" \/>\n\t<meta property=\"og:image:width\" content=\"454\" \/>\n\t<meta property=\"og:image:height\" content=\"450\" \/>\n\t<meta property=\"og:image:type\" content=\"image\/jpeg\" \/>\n<meta name=\"twitter:card\" content=\"summary_large_image\" \/>\n<meta name=\"twitter:label1\" content=\"Dur\u00e9e de lecture estim\u00e9e\" \/>\n\t<meta name=\"twitter:data1\" content=\"1 minute\" \/>\n<script type=\"application\/ld+json\" class=\"yoast-schema-graph\">{\"@context\":\"https:\/\/schema.org\",\"@graph\":[{\"@type\":\"WebPage\",\"@id\":\"https:\/\/www.duboischemicals.com\/manufacturing\/fr\/products\/heat-treatment\/aluminum-brazing\/\",\"url\":\"https:\/\/www.duboischemicals.com\/manufacturing\/fr\/products\/heat-treatment\/aluminum-brazing\/\",\"name\":\"Brasage de l\u2019aluminium - Manufacturing\",\"isPartOf\":{\"@id\":\"https:\/\/www.duboischemicals.com\/manufacturing\/fr\/#website\"},\"primaryImageOfPage\":{\"@id\":\"https:\/\/www.duboischemicals.com\/manufacturing\/fr\/products\/heat-treatment\/aluminum-brazing\/#primaryimage\"},\"image\":{\"@id\":\"https:\/\/www.duboischemicals.com\/manufacturing\/fr\/products\/heat-treatment\/aluminum-brazing\/#primaryimage\"},\"thumbnailUrl\":\"https:\/\/www.duboischemicals.com\/manufacturing\/wp-content\/uploads\/sites\/2\/2018\/10\/iStock-487920560-Aluminum-Brazing.jpg\",\"datePublished\":\"2018-10-22T21:46:55+00:00\",\"dateModified\":\"2021-02-17T10:04:24+00:00\",\"breadcrumb\":{\"@id\":\"https:\/\/www.duboischemicals.com\/manufacturing\/fr\/products\/heat-treatment\/aluminum-brazing\/#breadcrumb\"},\"inLanguage\":\"fr-FR\",\"potentialAction\":[{\"@type\":\"ReadAction\",\"target\":[\"https:\/\/www.duboischemicals.com\/manufacturing\/fr\/products\/heat-treatment\/aluminum-brazing\/\"]}]},{\"@type\":\"ImageObject\",\"inLanguage\":\"fr-FR\",\"@id\":\"https:\/\/www.duboischemicals.com\/manufacturing\/fr\/products\/heat-treatment\/aluminum-brazing\/#primaryimage\",\"url\":\"https:\/\/www.duboischemicals.com\/manufacturing\/wp-content\/uploads\/sites\/2\/2018\/10\/iStock-487920560-Aluminum-Brazing.jpg\",\"contentUrl\":\"https:\/\/www.duboischemicals.com\/manufacturing\/wp-content\/uploads\/sites\/2\/2018\/10\/iStock-487920560-Aluminum-Brazing.jpg\",\"width\":454,\"height\":450},{\"@type\":\"BreadcrumbList\",\"@id\":\"https:\/\/www.duboischemicals.com\/manufacturing\/fr\/products\/heat-treatment\/aluminum-brazing\/#breadcrumb\",\"itemListElement\":[{\"@type\":\"ListItem\",\"position\":1,\"name\":\"Home\",\"item\":\"https:\/\/www.duboischemicals.com\/manufacturing\/fr\/\"},{\"@type\":\"ListItem\",\"position\":2,\"name\":\"Produits\",\"item\":\"https:\/\/www.duboischemicals.com\/manufacturing\/fr\/products\/\"},{\"@type\":\"ListItem\",\"position\":3,\"name\":\"Traitement-thermique\",\"item\":\"https:\/\/www.duboischemicals.com\/manufacturing\/fr\/products\/heat-treatment\/\"},{\"@type\":\"ListItem\",\"position\":4,\"name\":\"Brasage de l\u2019aluminium\"}]},{\"@type\":\"WebSite\",\"@id\":\"https:\/\/www.duboischemicals.com\/manufacturing\/fr\/#website\",\"url\":\"https:\/\/www.duboischemicals.com\/manufacturing\/fr\/\",\"name\":\"Manufacturing\",\"description\":\"\",\"potentialAction\":[{\"@type\":\"SearchAction\",\"target\":{\"@type\":\"EntryPoint\",\"urlTemplate\":\"https:\/\/www.duboischemicals.com\/manufacturing\/fr\/?s={search_term_string}\"},\"query-input\":{\"@type\":\"PropertyValueSpecification\",\"valueRequired\":true,\"valueName\":\"search_term_string\"}}],\"inLanguage\":\"fr-FR\"}]}<\/script>\n<!-- \/ Yoast SEO plugin. -->","yoast_head_json":{"title":"Brasage de l\u2019aluminium - Manufacturing","robots":{"index":"index","follow":"follow","max-snippet":"max-snippet:-1","max-image-preview":"max-image-preview:large","max-video-preview":"max-video-preview:-1"},"canonical":"https:\/\/www.duboischemicals.com\/manufacturing\/fr\/products\/heat-treatment\/aluminum-brazing\/","og_locale":"fr_FR","og_type":"article","og_title":"Brasage de l\u2019aluminium - Manufacturing","og_description":"La capacit\u00e9 d\u2019effectuer un brasage de l&rsquo;aluminium avec trempe dans du sel fondu continue de cro\u00eetre. DuBois, de loin, est le leader dans l&rsquo;offre de ce type de technologie de sel fondu, avec un personnel...","og_url":"https:\/\/www.duboischemicals.com\/manufacturing\/fr\/products\/heat-treatment\/aluminum-brazing\/","og_site_name":"Manufacturing","article_modified_time":"2021-02-17T10:04:24+00:00","og_image":[{"width":454,"height":450,"url":"https:\/\/www.duboischemicals.com\/manufacturing\/wp-content\/uploads\/sites\/2\/2018\/10\/iStock-487920560-Aluminum-Brazing.jpg","type":"image\/jpeg"}],"twitter_card":"summary_large_image","twitter_misc":{"Dur\u00e9e de lecture estim\u00e9e":"1 minute"},"schema":{"@context":"https:\/\/schema.org","@graph":[{"@type":"WebPage","@id":"https:\/\/www.duboischemicals.com\/manufacturing\/fr\/products\/heat-treatment\/aluminum-brazing\/","url":"https:\/\/www.duboischemicals.com\/manufacturing\/fr\/products\/heat-treatment\/aluminum-brazing\/","name":"Brasage de l\u2019aluminium - Manufacturing","isPartOf":{"@id":"https:\/\/www.duboischemicals.com\/manufacturing\/fr\/#website"},"primaryImageOfPage":{"@id":"https:\/\/www.duboischemicals.com\/manufacturing\/fr\/products\/heat-treatment\/aluminum-brazing\/#primaryimage"},"image":{"@id":"https:\/\/www.duboischemicals.com\/manufacturing\/fr\/products\/heat-treatment\/aluminum-brazing\/#primaryimage"},"thumbnailUrl":"https:\/\/www.duboischemicals.com\/manufacturing\/wp-content\/uploads\/sites\/2\/2018\/10\/iStock-487920560-Aluminum-Brazing.jpg","datePublished":"2018-10-22T21:46:55+00:00","dateModified":"2021-02-17T10:04:24+00:00","breadcrumb":{"@id":"https:\/\/www.duboischemicals.com\/manufacturing\/fr\/products\/heat-treatment\/aluminum-brazing\/#breadcrumb"},"inLanguage":"fr-FR","potentialAction":[{"@type":"ReadAction","target":["https:\/\/www.duboischemicals.com\/manufacturing\/fr\/products\/heat-treatment\/aluminum-brazing\/"]}]},{"@type":"ImageObject","inLanguage":"fr-FR","@id":"https:\/\/www.duboischemicals.com\/manufacturing\/fr\/products\/heat-treatment\/aluminum-brazing\/#primaryimage","url":"https:\/\/www.duboischemicals.com\/manufacturing\/wp-content\/uploads\/sites\/2\/2018\/10\/iStock-487920560-Aluminum-Brazing.jpg","contentUrl":"https:\/\/www.duboischemicals.com\/manufacturing\/wp-content\/uploads\/sites\/2\/2018\/10\/iStock-487920560-Aluminum-Brazing.jpg","width":454,"height":450},{"@type":"BreadcrumbList","@id":"https:\/\/www.duboischemicals.com\/manufacturing\/fr\/products\/heat-treatment\/aluminum-brazing\/#breadcrumb","itemListElement":[{"@type":"ListItem","position":1,"name":"Home","item":"https:\/\/www.duboischemicals.com\/manufacturing\/fr\/"},{"@type":"ListItem","position":2,"name":"Produits","item":"https:\/\/www.duboischemicals.com\/manufacturing\/fr\/products\/"},{"@type":"ListItem","position":3,"name":"Traitement-thermique","item":"https:\/\/www.duboischemicals.com\/manufacturing\/fr\/products\/heat-treatment\/"},{"@type":"ListItem","position":4,"name":"Brasage de l\u2019aluminium"}]},{"@type":"WebSite","@id":"https:\/\/www.duboischemicals.com\/manufacturing\/fr\/#website","url":"https:\/\/www.duboischemicals.com\/manufacturing\/fr\/","name":"Manufacturing","description":"","potentialAction":[{"@type":"SearchAction","target":{"@type":"EntryPoint","urlTemplate":"https:\/\/www.duboischemicals.com\/manufacturing\/fr\/?s={search_term_string}"},"query-input":{"@type":"PropertyValueSpecification","valueRequired":true,"valueName":"search_term_string"}}],"inLanguage":"fr-FR"}]}},"_links":{"self":[{"href":"https:\/\/www.duboischemicals.com\/manufacturing\/fr\/wp-json\/wp\/v2\/pages\/9736","targetHints":{"allow":["GET"]}}],"collection":[{"href":"https:\/\/www.duboischemicals.com\/manufacturing\/fr\/wp-json\/wp\/v2\/pages"}],"about":[{"href":"https:\/\/www.duboischemicals.com\/manufacturing\/fr\/wp-json\/wp\/v2\/types\/page"}],"author":[{"embeddable":true,"href":"https:\/\/www.duboischemicals.com\/manufacturing\/fr\/wp-json\/wp\/v2\/users\/220"}],"replies":[{"embeddable":true,"href":"https:\/\/www.duboischemicals.com\/manufacturing\/fr\/wp-json\/wp\/v2\/comments?post=9736"}],"version-history":[{"count":4,"href":"https:\/\/www.duboischemicals.com\/manufacturing\/fr\/wp-json\/wp\/v2\/pages\/9736\/revisions"}],"predecessor-version":[{"id":11582,"href":"https:\/\/www.duboischemicals.com\/manufacturing\/fr\/wp-json\/wp\/v2\/pages\/9736\/revisions\/11582"}],"up":[{"embeddable":true,"href":"https:\/\/www.duboischemicals.com\/manufacturing\/fr\/wp-json\/wp\/v2\/pages\/9751"}],"wp:featuredmedia":[{"embeddable":true,"href":"https:\/\/www.duboischemicals.com\/manufacturing\/fr\/wp-json\/wp\/v2\/media\/9702"}],"wp:attachment":[{"href":"https:\/\/www.duboischemicals.com\/manufacturing\/fr\/wp-json\/wp\/v2\/media?parent=9736"}],"curies":[{"name":"wp","href":"https:\/\/api.w.org\/{rel}","templated":true}]}}