{"id":9755,"date":"2018-10-22T16:12:23","date_gmt":"2018-10-22T20:12:23","guid":{"rendered":"https:\/\/www.duboischemicals.com\/\/manufacturing\/enclosed-gear-lubricants\/"},"modified":"2021-02-17T05:03:54","modified_gmt":"2021-02-17T10:03:54","slug":"enclosed-gear-lubricants","status":"publish","type":"page","link":"https:\/\/www.duboischemicals.com\/manufacturing\/fr\/products\/lubricants\/enclosed-gear-lubricants\/","title":{"rendered":"Lubrifiants pour engrenages abrit\u00e9s"},"content":{"rendered":"<p>Dans le secteur industriel, le nombre d&rsquo;entra\u00eenements par engrenages abrit\u00e9s peut aller de quelques-uns \u00e0 des centaines. Il est essentiel que ces engrenages soient correctement lubrifi\u00e9s, car ils sont expos\u00e9s \u00e0 une large gamme de conditions de fonctionnement. DuBois propose des formules de lubrifiants innovantes qui peuvent augmenter la dur\u00e9e de vie de vos transmissions par engrenages tout en r\u00e9duisant les co\u00fbts de maintenance et d&rsquo;\u00e9limination. Nous disposons d&rsquo;une vari\u00e9t\u00e9 de lubrifiants pour engrenages con\u00e7us pour les bo\u00eetes d\u2019engrenages fortement charg\u00e9es avec des roues droites cylindriques, des roues h\u00e9lico\u00efdales, des engrenages \u00e0 chevrons, des trains \u00e9picyclo\u00efdaux et des roues coniques acier\/acier sous carter.<\/p>\n<p>DuBois propose des lubrifiants pour engrenages abrit\u00e9s uniques pour vos besoins d&rsquo;\u00e9quipement\u00a0:<\/p>\n<ul>\n<li>Fluides synth\u00e9tiques \u00e0 base d&rsquo;hydrocarbures et d&rsquo;esters<\/li>\n<li>Fluides synth\u00e9tiques \u00e0 base de polyalkyl\u00e8ne glycol<\/li>\n<li>S\u00e9lections \u00e0 oxydation inhib\u00e9e<\/li>\n<li>Huiles d&rsquo;engrenages compos\u00e9es<\/li>\n<li>Options pour pressions extr\u00eames<\/li>\n<\/ul>\n","protected":false},"excerpt":{"rendered":"<p>Dans le secteur industriel, le nombre d&rsquo;entra\u00eenements par engrenages abrit\u00e9s peut aller de quelques-uns \u00e0 des centaines. Il est essentiel que ces engrenages soient correctement lubrifi\u00e9s, car ils sont expos\u00e9s \u00e0 une large gamme de&#8230;<\/p>\n","protected":false},"author":220,"featured_media":9757,"parent":10698,"menu_order":4,"comment_status":"closed","ping_status":"closed","template":"template-prodinfo.php","meta":{"_acf_changed":false,"footnotes":""},"class_list":["post-9755","page","type-page","status-publish","has-post-thumbnail","hentry"],"acf":[],"yoast_head":"<!-- This site is optimized with the Yoast SEO plugin v26.8 - https:\/\/yoast.com\/product\/yoast-seo-wordpress\/ -->\n<title>Lubrifiants pour engrenages abrit\u00e9s - Manufacturing<\/title>\n<meta name=\"robots\" content=\"index, follow, max-snippet:-1, max-image-preview:large, max-video-preview:-1\" \/>\n<link rel=\"canonical\" href=\"https:\/\/www.duboischemicals.com\/manufacturing\/fr\/products\/lubricants\/enclosed-gear-lubricants\/\" \/>\n<meta property=\"og:locale\" content=\"fr_FR\" \/>\n<meta property=\"og:type\" content=\"article\" \/>\n<meta property=\"og:title\" content=\"Lubrifiants pour engrenages abrit\u00e9s - Manufacturing\" \/>\n<meta property=\"og:description\" content=\"Dans le secteur industriel, le nombre d&rsquo;entra\u00eenements par engrenages abrit\u00e9s peut aller de quelques-uns \u00e0 des centaines. Il est essentiel que ces engrenages soient correctement lubrifi\u00e9s, car ils sont expos\u00e9s \u00e0 une large gamme de...\" \/>\n<meta property=\"og:url\" content=\"https:\/\/www.duboischemicals.com\/manufacturing\/fr\/products\/lubricants\/enclosed-gear-lubricants\/\" \/>\n<meta property=\"og:site_name\" content=\"Manufacturing\" \/>\n<meta property=\"article:modified_time\" content=\"2021-02-17T10:03:54+00:00\" \/>\n<meta property=\"og:image\" content=\"https:\/\/www.duboischemicals.com\/manufacturing\/wp-content\/uploads\/sites\/2\/2018\/10\/iStock-476428410-Enclosed-Gear-Lubricants.jpg\" \/>\n\t<meta property=\"og:image:width\" content=\"454\" \/>\n\t<meta property=\"og:image:height\" content=\"450\" \/>\n\t<meta property=\"og:image:type\" content=\"image\/jpeg\" \/>\n<meta name=\"twitter:card\" content=\"summary_large_image\" \/>\n<meta name=\"twitter:label1\" content=\"Dur\u00e9e de lecture estim\u00e9e\" \/>\n\t<meta name=\"twitter:data1\" content=\"1 minute\" \/>\n<script type=\"application\/ld+json\" class=\"yoast-schema-graph\">{\"@context\":\"https:\/\/schema.org\",\"@graph\":[{\"@type\":\"WebPage\",\"@id\":\"https:\/\/www.duboischemicals.com\/manufacturing\/fr\/products\/lubricants\/enclosed-gear-lubricants\/\",\"url\":\"https:\/\/www.duboischemicals.com\/manufacturing\/fr\/products\/lubricants\/enclosed-gear-lubricants\/\",\"name\":\"Lubrifiants pour engrenages abrit\u00e9s - Manufacturing\",\"isPartOf\":{\"@id\":\"https:\/\/www.duboischemicals.com\/manufacturing\/fr\/#website\"},\"primaryImageOfPage\":{\"@id\":\"https:\/\/www.duboischemicals.com\/manufacturing\/fr\/products\/lubricants\/enclosed-gear-lubricants\/#primaryimage\"},\"image\":{\"@id\":\"https:\/\/www.duboischemicals.com\/manufacturing\/fr\/products\/lubricants\/enclosed-gear-lubricants\/#primaryimage\"},\"thumbnailUrl\":\"https:\/\/www.duboischemicals.com\/manufacturing\/wp-content\/uploads\/sites\/2\/2018\/10\/iStock-476428410-Enclosed-Gear-Lubricants.jpg\",\"datePublished\":\"2018-10-22T20:12:23+00:00\",\"dateModified\":\"2021-02-17T10:03:54+00:00\",\"breadcrumb\":{\"@id\":\"https:\/\/www.duboischemicals.com\/manufacturing\/fr\/products\/lubricants\/enclosed-gear-lubricants\/#breadcrumb\"},\"inLanguage\":\"fr-FR\",\"potentialAction\":[{\"@type\":\"ReadAction\",\"target\":[\"https:\/\/www.duboischemicals.com\/manufacturing\/fr\/products\/lubricants\/enclosed-gear-lubricants\/\"]}]},{\"@type\":\"ImageObject\",\"inLanguage\":\"fr-FR\",\"@id\":\"https:\/\/www.duboischemicals.com\/manufacturing\/fr\/products\/lubricants\/enclosed-gear-lubricants\/#primaryimage\",\"url\":\"https:\/\/www.duboischemicals.com\/manufacturing\/wp-content\/uploads\/sites\/2\/2018\/10\/iStock-476428410-Enclosed-Gear-Lubricants.jpg\",\"contentUrl\":\"https:\/\/www.duboischemicals.com\/manufacturing\/wp-content\/uploads\/sites\/2\/2018\/10\/iStock-476428410-Enclosed-Gear-Lubricants.jpg\",\"width\":454,\"height\":450},{\"@type\":\"BreadcrumbList\",\"@id\":\"https:\/\/www.duboischemicals.com\/manufacturing\/fr\/products\/lubricants\/enclosed-gear-lubricants\/#breadcrumb\",\"itemListElement\":[{\"@type\":\"ListItem\",\"position\":1,\"name\":\"Home\",\"item\":\"https:\/\/www.duboischemicals.com\/manufacturing\/fr\/\"},{\"@type\":\"ListItem\",\"position\":2,\"name\":\"Produits\",\"item\":\"https:\/\/www.duboischemicals.com\/manufacturing\/fr\/products\/\"},{\"@type\":\"ListItem\",\"position\":3,\"name\":\"Lubrifiants\",\"item\":\"https:\/\/www.duboischemicals.com\/manufacturing\/fr\/products\/lubricants\/\"},{\"@type\":\"ListItem\",\"position\":4,\"name\":\"Lubrifiants pour engrenages abrit\u00e9s\"}]},{\"@type\":\"WebSite\",\"@id\":\"https:\/\/www.duboischemicals.com\/manufacturing\/fr\/#website\",\"url\":\"https:\/\/www.duboischemicals.com\/manufacturing\/fr\/\",\"name\":\"Manufacturing\",\"description\":\"\",\"potentialAction\":[{\"@type\":\"SearchAction\",\"target\":{\"@type\":\"EntryPoint\",\"urlTemplate\":\"https:\/\/www.duboischemicals.com\/manufacturing\/fr\/?s={search_term_string}\"},\"query-input\":{\"@type\":\"PropertyValueSpecification\",\"valueRequired\":true,\"valueName\":\"search_term_string\"}}],\"inLanguage\":\"fr-FR\"}]}<\/script>\n<!-- \/ Yoast SEO plugin. -->","yoast_head_json":{"title":"Lubrifiants pour engrenages abrit\u00e9s - Manufacturing","robots":{"index":"index","follow":"follow","max-snippet":"max-snippet:-1","max-image-preview":"max-image-preview:large","max-video-preview":"max-video-preview:-1"},"canonical":"https:\/\/www.duboischemicals.com\/manufacturing\/fr\/products\/lubricants\/enclosed-gear-lubricants\/","og_locale":"fr_FR","og_type":"article","og_title":"Lubrifiants pour engrenages abrit\u00e9s - Manufacturing","og_description":"Dans le secteur industriel, le nombre d&rsquo;entra\u00eenements par engrenages abrit\u00e9s peut aller de quelques-uns \u00e0 des centaines. Il est essentiel que ces engrenages soient correctement lubrifi\u00e9s, car ils sont expos\u00e9s \u00e0 une large gamme de...","og_url":"https:\/\/www.duboischemicals.com\/manufacturing\/fr\/products\/lubricants\/enclosed-gear-lubricants\/","og_site_name":"Manufacturing","article_modified_time":"2021-02-17T10:03:54+00:00","og_image":[{"width":454,"height":450,"url":"https:\/\/www.duboischemicals.com\/manufacturing\/wp-content\/uploads\/sites\/2\/2018\/10\/iStock-476428410-Enclosed-Gear-Lubricants.jpg","type":"image\/jpeg"}],"twitter_card":"summary_large_image","twitter_misc":{"Dur\u00e9e de lecture estim\u00e9e":"1 minute"},"schema":{"@context":"https:\/\/schema.org","@graph":[{"@type":"WebPage","@id":"https:\/\/www.duboischemicals.com\/manufacturing\/fr\/products\/lubricants\/enclosed-gear-lubricants\/","url":"https:\/\/www.duboischemicals.com\/manufacturing\/fr\/products\/lubricants\/enclosed-gear-lubricants\/","name":"Lubrifiants pour engrenages abrit\u00e9s - Manufacturing","isPartOf":{"@id":"https:\/\/www.duboischemicals.com\/manufacturing\/fr\/#website"},"primaryImageOfPage":{"@id":"https:\/\/www.duboischemicals.com\/manufacturing\/fr\/products\/lubricants\/enclosed-gear-lubricants\/#primaryimage"},"image":{"@id":"https:\/\/www.duboischemicals.com\/manufacturing\/fr\/products\/lubricants\/enclosed-gear-lubricants\/#primaryimage"},"thumbnailUrl":"https:\/\/www.duboischemicals.com\/manufacturing\/wp-content\/uploads\/sites\/2\/2018\/10\/iStock-476428410-Enclosed-Gear-Lubricants.jpg","datePublished":"2018-10-22T20:12:23+00:00","dateModified":"2021-02-17T10:03:54+00:00","breadcrumb":{"@id":"https:\/\/www.duboischemicals.com\/manufacturing\/fr\/products\/lubricants\/enclosed-gear-lubricants\/#breadcrumb"},"inLanguage":"fr-FR","potentialAction":[{"@type":"ReadAction","target":["https:\/\/www.duboischemicals.com\/manufacturing\/fr\/products\/lubricants\/enclosed-gear-lubricants\/"]}]},{"@type":"ImageObject","inLanguage":"fr-FR","@id":"https:\/\/www.duboischemicals.com\/manufacturing\/fr\/products\/lubricants\/enclosed-gear-lubricants\/#primaryimage","url":"https:\/\/www.duboischemicals.com\/manufacturing\/wp-content\/uploads\/sites\/2\/2018\/10\/iStock-476428410-Enclosed-Gear-Lubricants.jpg","contentUrl":"https:\/\/www.duboischemicals.com\/manufacturing\/wp-content\/uploads\/sites\/2\/2018\/10\/iStock-476428410-Enclosed-Gear-Lubricants.jpg","width":454,"height":450},{"@type":"BreadcrumbList","@id":"https:\/\/www.duboischemicals.com\/manufacturing\/fr\/products\/lubricants\/enclosed-gear-lubricants\/#breadcrumb","itemListElement":[{"@type":"ListItem","position":1,"name":"Home","item":"https:\/\/www.duboischemicals.com\/manufacturing\/fr\/"},{"@type":"ListItem","position":2,"name":"Produits","item":"https:\/\/www.duboischemicals.com\/manufacturing\/fr\/products\/"},{"@type":"ListItem","position":3,"name":"Lubrifiants","item":"https:\/\/www.duboischemicals.com\/manufacturing\/fr\/products\/lubricants\/"},{"@type":"ListItem","position":4,"name":"Lubrifiants pour engrenages abrit\u00e9s"}]},{"@type":"WebSite","@id":"https:\/\/www.duboischemicals.com\/manufacturing\/fr\/#website","url":"https:\/\/www.duboischemicals.com\/manufacturing\/fr\/","name":"Manufacturing","description":"","potentialAction":[{"@type":"SearchAction","target":{"@type":"EntryPoint","urlTemplate":"https:\/\/www.duboischemicals.com\/manufacturing\/fr\/?s={search_term_string}"},"query-input":{"@type":"PropertyValueSpecification","valueRequired":true,"valueName":"search_term_string"}}],"inLanguage":"fr-FR"}]}},"_links":{"self":[{"href":"https:\/\/www.duboischemicals.com\/manufacturing\/fr\/wp-json\/wp\/v2\/pages\/9755","targetHints":{"allow":["GET"]}}],"collection":[{"href":"https:\/\/www.duboischemicals.com\/manufacturing\/fr\/wp-json\/wp\/v2\/pages"}],"about":[{"href":"https:\/\/www.duboischemicals.com\/manufacturing\/fr\/wp-json\/wp\/v2\/types\/page"}],"author":[{"embeddable":true,"href":"https:\/\/www.duboischemicals.com\/manufacturing\/fr\/wp-json\/wp\/v2\/users\/220"}],"replies":[{"embeddable":true,"href":"https:\/\/www.duboischemicals.com\/manufacturing\/fr\/wp-json\/wp\/v2\/comments?post=9755"}],"version-history":[{"count":3,"href":"https:\/\/www.duboischemicals.com\/manufacturing\/fr\/wp-json\/wp\/v2\/pages\/9755\/revisions"}],"predecessor-version":[{"id":11521,"href":"https:\/\/www.duboischemicals.com\/manufacturing\/fr\/wp-json\/wp\/v2\/pages\/9755\/revisions\/11521"}],"up":[{"embeddable":true,"href":"https:\/\/www.duboischemicals.com\/manufacturing\/fr\/wp-json\/wp\/v2\/pages\/10698"}],"wp:featuredmedia":[{"embeddable":true,"href":"https:\/\/www.duboischemicals.com\/manufacturing\/fr\/wp-json\/wp\/v2\/media\/9757"}],"wp:attachment":[{"href":"https:\/\/www.duboischemicals.com\/manufacturing\/fr\/wp-json\/wp\/v2\/media?parent=9755"}],"curies":[{"name":"wp","href":"https:\/\/api.w.org\/{rel}","templated":true}]}}