{"id":9760,"date":"2020-11-30T12:20:08","date_gmt":"2020-11-30T17:20:08","guid":{"rendered":"https:\/\/www.duboischemicals.com\/\/manufacturing\/hydraulic-fluids\/"},"modified":"2021-02-17T05:04:09","modified_gmt":"2021-02-17T10:04:09","slug":"hydraulic-fluids","status":"publish","type":"page","link":"https:\/\/www.duboischemicals.com\/manufacturing\/fr\/products\/lubricants\/hydraulic-fluids\/","title":{"rendered":"Fluide hydraulique"},"content":{"rendered":"<p>Les syst\u00e8mes hydrauliques fonctionnent souvent \u00e0 des pressions et des vitesses \u00e9lev\u00e9es tout en ayant un contact m\u00e9tal contre m\u00e9tal important. Les applications peuvent aller des pompes hydrauliques \u00e0 palettes, \u00e0 engrenages et \u00e0 pistons \u00e0 la robotique \u00e0 commande num\u00e9rique. DuBois propose plusieurs s\u00e9ries de fluides hydrauliques formul\u00e9s pour r\u00e9duire le contact m\u00e9tal contre m\u00e9tal, ce qui augmente la dur\u00e9e de vie et l&rsquo;efficacit\u00e9 de l&rsquo;unit\u00e9 hydraulique.<\/p>\n<p>Nos produits de fluides hydrauliques sont\u00a0:<\/p>\n<ul>\n<li>Inhib\u00e9s contre la rouille et l\u2019oxydation<\/li>\n<li>Anti-usure<\/li>\n<li>\u00c0 base de p\u00e9trole, de polyol-ester et d&rsquo;eau glycol\u00e9e<\/li>\n<li>Des huiles hydrauliques r\u00e9sistantes au feu \u00e0 base d&rsquo;esters synth\u00e9tiques, approuv\u00e9es par Factory Mutual Global au niveau mondial<\/li>\n<\/ul>\n","protected":false},"excerpt":{"rendered":"<p>Les syst\u00e8mes hydrauliques fonctionnent souvent \u00e0 des pressions et des vitesses \u00e9lev\u00e9es tout en ayant un contact m\u00e9tal contre m\u00e9tal important. Les applications peuvent aller des pompes hydrauliques \u00e0 palettes, \u00e0 engrenages et \u00e0 pistons&#8230;<\/p>\n","protected":false},"author":220,"featured_media":9761,"parent":10698,"menu_order":5,"comment_status":"closed","ping_status":"closed","template":"template-prodinfo.php","meta":{"_acf_changed":false,"footnotes":""},"class_list":["post-9760","page","type-page","status-publish","has-post-thumbnail","hentry"],"acf":[],"yoast_head":"<!-- This site is optimized with the Yoast SEO plugin v26.8 - https:\/\/yoast.com\/product\/yoast-seo-wordpress\/ -->\n<title>Fluide hydraulique - Manufacturing<\/title>\n<meta name=\"robots\" content=\"index, follow, max-snippet:-1, max-image-preview:large, max-video-preview:-1\" \/>\n<link rel=\"canonical\" href=\"https:\/\/www.duboischemicals.com\/manufacturing\/fr\/products\/lubricants\/hydraulic-fluids\/\" \/>\n<meta property=\"og:locale\" content=\"fr_FR\" \/>\n<meta property=\"og:type\" content=\"article\" \/>\n<meta property=\"og:title\" content=\"Fluide hydraulique - Manufacturing\" \/>\n<meta property=\"og:description\" content=\"Les syst\u00e8mes hydrauliques fonctionnent souvent \u00e0 des pressions et des vitesses \u00e9lev\u00e9es tout en ayant un contact m\u00e9tal contre m\u00e9tal important. Les applications peuvent aller des pompes hydrauliques \u00e0 palettes, \u00e0 engrenages et \u00e0 pistons...\" \/>\n<meta property=\"og:url\" content=\"https:\/\/www.duboischemicals.com\/manufacturing\/fr\/products\/lubricants\/hydraulic-fluids\/\" \/>\n<meta property=\"og:site_name\" content=\"Manufacturing\" \/>\n<meta property=\"article:modified_time\" content=\"2021-02-17T10:04:09+00:00\" \/>\n<meta property=\"og:image\" content=\"https:\/\/www.duboischemicals.com\/manufacturing\/wp-content\/uploads\/sites\/2\/2018\/10\/iStock-591444680.jpg\" \/>\n\t<meta property=\"og:image:width\" content=\"454\" \/>\n\t<meta property=\"og:image:height\" content=\"450\" \/>\n\t<meta property=\"og:image:type\" content=\"image\/jpeg\" \/>\n<meta name=\"twitter:card\" content=\"summary_large_image\" \/>\n<meta name=\"twitter:label1\" content=\"Dur\u00e9e de lecture estim\u00e9e\" \/>\n\t<meta name=\"twitter:data1\" content=\"1 minute\" \/>\n<script type=\"application\/ld+json\" class=\"yoast-schema-graph\">{\"@context\":\"https:\/\/schema.org\",\"@graph\":[{\"@type\":\"WebPage\",\"@id\":\"https:\/\/www.duboischemicals.com\/manufacturing\/fr\/products\/lubricants\/hydraulic-fluids\/\",\"url\":\"https:\/\/www.duboischemicals.com\/manufacturing\/fr\/products\/lubricants\/hydraulic-fluids\/\",\"name\":\"Fluide hydraulique - Manufacturing\",\"isPartOf\":{\"@id\":\"https:\/\/www.duboischemicals.com\/manufacturing\/fr\/#website\"},\"primaryImageOfPage\":{\"@id\":\"https:\/\/www.duboischemicals.com\/manufacturing\/fr\/products\/lubricants\/hydraulic-fluids\/#primaryimage\"},\"image\":{\"@id\":\"https:\/\/www.duboischemicals.com\/manufacturing\/fr\/products\/lubricants\/hydraulic-fluids\/#primaryimage\"},\"thumbnailUrl\":\"https:\/\/www.duboischemicals.com\/manufacturing\/wp-content\/uploads\/sites\/2\/2018\/10\/iStock-591444680.jpg\",\"datePublished\":\"2020-11-30T17:20:08+00:00\",\"dateModified\":\"2021-02-17T10:04:09+00:00\",\"breadcrumb\":{\"@id\":\"https:\/\/www.duboischemicals.com\/manufacturing\/fr\/products\/lubricants\/hydraulic-fluids\/#breadcrumb\"},\"inLanguage\":\"fr-FR\",\"potentialAction\":[{\"@type\":\"ReadAction\",\"target\":[\"https:\/\/www.duboischemicals.com\/manufacturing\/fr\/products\/lubricants\/hydraulic-fluids\/\"]}]},{\"@type\":\"ImageObject\",\"inLanguage\":\"fr-FR\",\"@id\":\"https:\/\/www.duboischemicals.com\/manufacturing\/fr\/products\/lubricants\/hydraulic-fluids\/#primaryimage\",\"url\":\"https:\/\/www.duboischemicals.com\/manufacturing\/wp-content\/uploads\/sites\/2\/2018\/10\/iStock-591444680.jpg\",\"contentUrl\":\"https:\/\/www.duboischemicals.com\/manufacturing\/wp-content\/uploads\/sites\/2\/2018\/10\/iStock-591444680.jpg\",\"width\":454,\"height\":450},{\"@type\":\"BreadcrumbList\",\"@id\":\"https:\/\/www.duboischemicals.com\/manufacturing\/fr\/products\/lubricants\/hydraulic-fluids\/#breadcrumb\",\"itemListElement\":[{\"@type\":\"ListItem\",\"position\":1,\"name\":\"Home\",\"item\":\"https:\/\/www.duboischemicals.com\/manufacturing\/fr\/\"},{\"@type\":\"ListItem\",\"position\":2,\"name\":\"Produits\",\"item\":\"https:\/\/www.duboischemicals.com\/manufacturing\/fr\/products\/\"},{\"@type\":\"ListItem\",\"position\":3,\"name\":\"Lubrifiants\",\"item\":\"https:\/\/www.duboischemicals.com\/manufacturing\/fr\/products\/lubricants\/\"},{\"@type\":\"ListItem\",\"position\":4,\"name\":\"Fluide hydraulique\"}]},{\"@type\":\"WebSite\",\"@id\":\"https:\/\/www.duboischemicals.com\/manufacturing\/fr\/#website\",\"url\":\"https:\/\/www.duboischemicals.com\/manufacturing\/fr\/\",\"name\":\"Manufacturing\",\"description\":\"\",\"potentialAction\":[{\"@type\":\"SearchAction\",\"target\":{\"@type\":\"EntryPoint\",\"urlTemplate\":\"https:\/\/www.duboischemicals.com\/manufacturing\/fr\/?s={search_term_string}\"},\"query-input\":{\"@type\":\"PropertyValueSpecification\",\"valueRequired\":true,\"valueName\":\"search_term_string\"}}],\"inLanguage\":\"fr-FR\"}]}<\/script>\n<!-- \/ Yoast SEO plugin. -->","yoast_head_json":{"title":"Fluide hydraulique - Manufacturing","robots":{"index":"index","follow":"follow","max-snippet":"max-snippet:-1","max-image-preview":"max-image-preview:large","max-video-preview":"max-video-preview:-1"},"canonical":"https:\/\/www.duboischemicals.com\/manufacturing\/fr\/products\/lubricants\/hydraulic-fluids\/","og_locale":"fr_FR","og_type":"article","og_title":"Fluide hydraulique - Manufacturing","og_description":"Les syst\u00e8mes hydrauliques fonctionnent souvent \u00e0 des pressions et des vitesses \u00e9lev\u00e9es tout en ayant un contact m\u00e9tal contre m\u00e9tal important. Les applications peuvent aller des pompes hydrauliques \u00e0 palettes, \u00e0 engrenages et \u00e0 pistons...","og_url":"https:\/\/www.duboischemicals.com\/manufacturing\/fr\/products\/lubricants\/hydraulic-fluids\/","og_site_name":"Manufacturing","article_modified_time":"2021-02-17T10:04:09+00:00","og_image":[{"width":454,"height":450,"url":"https:\/\/www.duboischemicals.com\/manufacturing\/wp-content\/uploads\/sites\/2\/2018\/10\/iStock-591444680.jpg","type":"image\/jpeg"}],"twitter_card":"summary_large_image","twitter_misc":{"Dur\u00e9e de lecture estim\u00e9e":"1 minute"},"schema":{"@context":"https:\/\/schema.org","@graph":[{"@type":"WebPage","@id":"https:\/\/www.duboischemicals.com\/manufacturing\/fr\/products\/lubricants\/hydraulic-fluids\/","url":"https:\/\/www.duboischemicals.com\/manufacturing\/fr\/products\/lubricants\/hydraulic-fluids\/","name":"Fluide hydraulique - Manufacturing","isPartOf":{"@id":"https:\/\/www.duboischemicals.com\/manufacturing\/fr\/#website"},"primaryImageOfPage":{"@id":"https:\/\/www.duboischemicals.com\/manufacturing\/fr\/products\/lubricants\/hydraulic-fluids\/#primaryimage"},"image":{"@id":"https:\/\/www.duboischemicals.com\/manufacturing\/fr\/products\/lubricants\/hydraulic-fluids\/#primaryimage"},"thumbnailUrl":"https:\/\/www.duboischemicals.com\/manufacturing\/wp-content\/uploads\/sites\/2\/2018\/10\/iStock-591444680.jpg","datePublished":"2020-11-30T17:20:08+00:00","dateModified":"2021-02-17T10:04:09+00:00","breadcrumb":{"@id":"https:\/\/www.duboischemicals.com\/manufacturing\/fr\/products\/lubricants\/hydraulic-fluids\/#breadcrumb"},"inLanguage":"fr-FR","potentialAction":[{"@type":"ReadAction","target":["https:\/\/www.duboischemicals.com\/manufacturing\/fr\/products\/lubricants\/hydraulic-fluids\/"]}]},{"@type":"ImageObject","inLanguage":"fr-FR","@id":"https:\/\/www.duboischemicals.com\/manufacturing\/fr\/products\/lubricants\/hydraulic-fluids\/#primaryimage","url":"https:\/\/www.duboischemicals.com\/manufacturing\/wp-content\/uploads\/sites\/2\/2018\/10\/iStock-591444680.jpg","contentUrl":"https:\/\/www.duboischemicals.com\/manufacturing\/wp-content\/uploads\/sites\/2\/2018\/10\/iStock-591444680.jpg","width":454,"height":450},{"@type":"BreadcrumbList","@id":"https:\/\/www.duboischemicals.com\/manufacturing\/fr\/products\/lubricants\/hydraulic-fluids\/#breadcrumb","itemListElement":[{"@type":"ListItem","position":1,"name":"Home","item":"https:\/\/www.duboischemicals.com\/manufacturing\/fr\/"},{"@type":"ListItem","position":2,"name":"Produits","item":"https:\/\/www.duboischemicals.com\/manufacturing\/fr\/products\/"},{"@type":"ListItem","position":3,"name":"Lubrifiants","item":"https:\/\/www.duboischemicals.com\/manufacturing\/fr\/products\/lubricants\/"},{"@type":"ListItem","position":4,"name":"Fluide hydraulique"}]},{"@type":"WebSite","@id":"https:\/\/www.duboischemicals.com\/manufacturing\/fr\/#website","url":"https:\/\/www.duboischemicals.com\/manufacturing\/fr\/","name":"Manufacturing","description":"","potentialAction":[{"@type":"SearchAction","target":{"@type":"EntryPoint","urlTemplate":"https:\/\/www.duboischemicals.com\/manufacturing\/fr\/?s={search_term_string}"},"query-input":{"@type":"PropertyValueSpecification","valueRequired":true,"valueName":"search_term_string"}}],"inLanguage":"fr-FR"}]}},"_links":{"self":[{"href":"https:\/\/www.duboischemicals.com\/manufacturing\/fr\/wp-json\/wp\/v2\/pages\/9760","targetHints":{"allow":["GET"]}}],"collection":[{"href":"https:\/\/www.duboischemicals.com\/manufacturing\/fr\/wp-json\/wp\/v2\/pages"}],"about":[{"href":"https:\/\/www.duboischemicals.com\/manufacturing\/fr\/wp-json\/wp\/v2\/types\/page"}],"author":[{"embeddable":true,"href":"https:\/\/www.duboischemicals.com\/manufacturing\/fr\/wp-json\/wp\/v2\/users\/220"}],"replies":[{"embeddable":true,"href":"https:\/\/www.duboischemicals.com\/manufacturing\/fr\/wp-json\/wp\/v2\/comments?post=9760"}],"version-history":[{"count":3,"href":"https:\/\/www.duboischemicals.com\/manufacturing\/fr\/wp-json\/wp\/v2\/pages\/9760\/revisions"}],"predecessor-version":[{"id":11547,"href":"https:\/\/www.duboischemicals.com\/manufacturing\/fr\/wp-json\/wp\/v2\/pages\/9760\/revisions\/11547"}],"up":[{"embeddable":true,"href":"https:\/\/www.duboischemicals.com\/manufacturing\/fr\/wp-json\/wp\/v2\/pages\/10698"}],"wp:featuredmedia":[{"embeddable":true,"href":"https:\/\/www.duboischemicals.com\/manufacturing\/fr\/wp-json\/wp\/v2\/media\/9761"}],"wp:attachment":[{"href":"https:\/\/www.duboischemicals.com\/manufacturing\/fr\/wp-json\/wp\/v2\/media?parent=9760"}],"curies":[{"name":"wp","href":"https:\/\/api.w.org\/{rel}","templated":true}]}}