{"id":9766,"date":"2020-11-30T12:20:09","date_gmt":"2020-11-30T17:20:09","guid":{"rendered":"https:\/\/www.duboischemicals.com\/\/manufacturing\/open-gear-grease\/"},"modified":"2021-02-17T05:04:06","modified_gmt":"2021-02-17T10:04:06","slug":"open-gear-grease","status":"publish","type":"page","link":"https:\/\/www.duboischemicals.com\/manufacturing\/fr\/products\/lubricants\/open-gear-grease\/","title":{"rendered":"Graisse pour engrenages ouverts"},"content":{"rendered":"<p>Les engrenages d\u00e9couverts sont expos\u00e9s \u00e0 des conditions de fonctionnement difficiles, et il est important qu&rsquo;ils continuent \u00e0 fonctionner \u00e0 leur niveau maximum \u00e0 tout moment. DuBois propose une gamme compl\u00e8te de lubrifiants con\u00e7us pour les engrenages d\u00e9couverts, les douilles, les cr\u00e9maill\u00e8res, les rails, les rouleaux, les b\u00e2tis de pr\u00e9hension et les composants de m\u00e9canisme de propulsion fortement charg\u00e9s des pelles et des pelles \u00e0 benne tra\u00eenante. Cette gamme de graisses pour engrenages ouverts comporte \u00e9galement des versions pour la lubrification des engrenages des moulins rotatifs, des fours, des concasseurs et des \u00e9quipements de pulv\u00e9risation.<\/p>\n<p>La gamme DuBois de graisse pour engrenages ouverts peut r\u00e9pondre \u00e0 vos besoins en mati\u00e8re d&rsquo;\u00e9quipement et comprend les produits suivants\u00a0:<\/p>\n<ul>\n<li>Huile synth\u00e9tique de haute viscosit\u00e9 pour engrenages lents mod\u00e9r\u00e9ment \u00e0 fortement charg\u00e9s<\/li>\n<li>Fluides \u00e0 base de polym\u00e8res<\/li>\n<li>Lubrifiants d&rsquo;origine biologique<\/li>\n<li>Lubrifiant fortifi\u00e9 pour engrenages sous pression extr\u00eame<\/li>\n<\/ul>\n","protected":false},"excerpt":{"rendered":"<p>Les engrenages d\u00e9couverts sont expos\u00e9s \u00e0 des conditions de fonctionnement difficiles, et il est important qu&rsquo;ils continuent \u00e0 fonctionner \u00e0 leur niveau maximum \u00e0 tout moment. DuBois propose une gamme compl\u00e8te de lubrifiants con\u00e7us pour&#8230;<\/p>\n","protected":false},"author":220,"featured_media":9767,"parent":10698,"menu_order":7,"comment_status":"closed","ping_status":"closed","template":"template-prodinfo.php","meta":{"_acf_changed":false,"footnotes":""},"class_list":["post-9766","page","type-page","status-publish","has-post-thumbnail","hentry"],"acf":[],"yoast_head":"<!-- This site is optimized with the Yoast SEO plugin v26.8 - https:\/\/yoast.com\/product\/yoast-seo-wordpress\/ -->\n<title>Graisse pour engrenages ouverts - Manufacturing<\/title>\n<meta name=\"robots\" content=\"index, follow, max-snippet:-1, max-image-preview:large, max-video-preview:-1\" \/>\n<link rel=\"canonical\" href=\"https:\/\/www.duboischemicals.com\/manufacturing\/fr\/products\/lubricants\/open-gear-grease\/\" \/>\n<meta property=\"og:locale\" content=\"fr_FR\" \/>\n<meta property=\"og:type\" content=\"article\" \/>\n<meta property=\"og:title\" content=\"Graisse pour engrenages ouverts - Manufacturing\" \/>\n<meta property=\"og:description\" content=\"Les engrenages d\u00e9couverts sont expos\u00e9s \u00e0 des conditions de fonctionnement difficiles, et il est important qu&rsquo;ils continuent \u00e0 fonctionner \u00e0 leur niveau maximum \u00e0 tout moment. DuBois propose une gamme compl\u00e8te de lubrifiants con\u00e7us pour...\" \/>\n<meta property=\"og:url\" content=\"https:\/\/www.duboischemicals.com\/manufacturing\/fr\/products\/lubricants\/open-gear-grease\/\" \/>\n<meta property=\"og:site_name\" content=\"Manufacturing\" \/>\n<meta property=\"article:modified_time\" content=\"2021-02-17T10:04:06+00:00\" \/>\n<meta property=\"og:image\" content=\"https:\/\/www.duboischemicals.com\/manufacturing\/wp-content\/uploads\/sites\/2\/2018\/10\/iStock-503519030.jpg\" \/>\n\t<meta property=\"og:image:width\" content=\"454\" \/>\n\t<meta property=\"og:image:height\" content=\"450\" \/>\n\t<meta property=\"og:image:type\" content=\"image\/jpeg\" \/>\n<meta name=\"twitter:card\" content=\"summary_large_image\" \/>\n<meta name=\"twitter:label1\" content=\"Dur\u00e9e de lecture estim\u00e9e\" \/>\n\t<meta name=\"twitter:data1\" content=\"1 minute\" \/>\n<script type=\"application\/ld+json\" class=\"yoast-schema-graph\">{\"@context\":\"https:\/\/schema.org\",\"@graph\":[{\"@type\":\"WebPage\",\"@id\":\"https:\/\/www.duboischemicals.com\/manufacturing\/fr\/products\/lubricants\/open-gear-grease\/\",\"url\":\"https:\/\/www.duboischemicals.com\/manufacturing\/fr\/products\/lubricants\/open-gear-grease\/\",\"name\":\"Graisse pour engrenages ouverts - Manufacturing\",\"isPartOf\":{\"@id\":\"https:\/\/www.duboischemicals.com\/manufacturing\/fr\/#website\"},\"primaryImageOfPage\":{\"@id\":\"https:\/\/www.duboischemicals.com\/manufacturing\/fr\/products\/lubricants\/open-gear-grease\/#primaryimage\"},\"image\":{\"@id\":\"https:\/\/www.duboischemicals.com\/manufacturing\/fr\/products\/lubricants\/open-gear-grease\/#primaryimage\"},\"thumbnailUrl\":\"https:\/\/www.duboischemicals.com\/manufacturing\/wp-content\/uploads\/sites\/2\/2018\/10\/iStock-503519030.jpg\",\"datePublished\":\"2020-11-30T17:20:09+00:00\",\"dateModified\":\"2021-02-17T10:04:06+00:00\",\"breadcrumb\":{\"@id\":\"https:\/\/www.duboischemicals.com\/manufacturing\/fr\/products\/lubricants\/open-gear-grease\/#breadcrumb\"},\"inLanguage\":\"fr-FR\",\"potentialAction\":[{\"@type\":\"ReadAction\",\"target\":[\"https:\/\/www.duboischemicals.com\/manufacturing\/fr\/products\/lubricants\/open-gear-grease\/\"]}]},{\"@type\":\"ImageObject\",\"inLanguage\":\"fr-FR\",\"@id\":\"https:\/\/www.duboischemicals.com\/manufacturing\/fr\/products\/lubricants\/open-gear-grease\/#primaryimage\",\"url\":\"https:\/\/www.duboischemicals.com\/manufacturing\/wp-content\/uploads\/sites\/2\/2018\/10\/iStock-503519030.jpg\",\"contentUrl\":\"https:\/\/www.duboischemicals.com\/manufacturing\/wp-content\/uploads\/sites\/2\/2018\/10\/iStock-503519030.jpg\",\"width\":454,\"height\":450},{\"@type\":\"BreadcrumbList\",\"@id\":\"https:\/\/www.duboischemicals.com\/manufacturing\/fr\/products\/lubricants\/open-gear-grease\/#breadcrumb\",\"itemListElement\":[{\"@type\":\"ListItem\",\"position\":1,\"name\":\"Home\",\"item\":\"https:\/\/www.duboischemicals.com\/manufacturing\/fr\/\"},{\"@type\":\"ListItem\",\"position\":2,\"name\":\"Produits\",\"item\":\"https:\/\/www.duboischemicals.com\/manufacturing\/fr\/products\/\"},{\"@type\":\"ListItem\",\"position\":3,\"name\":\"Lubrifiants\",\"item\":\"https:\/\/www.duboischemicals.com\/manufacturing\/fr\/products\/lubricants\/\"},{\"@type\":\"ListItem\",\"position\":4,\"name\":\"Graisse pour engrenages ouverts\"}]},{\"@type\":\"WebSite\",\"@id\":\"https:\/\/www.duboischemicals.com\/manufacturing\/fr\/#website\",\"url\":\"https:\/\/www.duboischemicals.com\/manufacturing\/fr\/\",\"name\":\"Manufacturing\",\"description\":\"\",\"potentialAction\":[{\"@type\":\"SearchAction\",\"target\":{\"@type\":\"EntryPoint\",\"urlTemplate\":\"https:\/\/www.duboischemicals.com\/manufacturing\/fr\/?s={search_term_string}\"},\"query-input\":{\"@type\":\"PropertyValueSpecification\",\"valueRequired\":true,\"valueName\":\"search_term_string\"}}],\"inLanguage\":\"fr-FR\"}]}<\/script>\n<!-- \/ Yoast SEO plugin. -->","yoast_head_json":{"title":"Graisse pour engrenages ouverts - Manufacturing","robots":{"index":"index","follow":"follow","max-snippet":"max-snippet:-1","max-image-preview":"max-image-preview:large","max-video-preview":"max-video-preview:-1"},"canonical":"https:\/\/www.duboischemicals.com\/manufacturing\/fr\/products\/lubricants\/open-gear-grease\/","og_locale":"fr_FR","og_type":"article","og_title":"Graisse pour engrenages ouverts - Manufacturing","og_description":"Les engrenages d\u00e9couverts sont expos\u00e9s \u00e0 des conditions de fonctionnement difficiles, et il est important qu&rsquo;ils continuent \u00e0 fonctionner \u00e0 leur niveau maximum \u00e0 tout moment. DuBois propose une gamme compl\u00e8te de lubrifiants con\u00e7us pour...","og_url":"https:\/\/www.duboischemicals.com\/manufacturing\/fr\/products\/lubricants\/open-gear-grease\/","og_site_name":"Manufacturing","article_modified_time":"2021-02-17T10:04:06+00:00","og_image":[{"width":454,"height":450,"url":"https:\/\/www.duboischemicals.com\/manufacturing\/wp-content\/uploads\/sites\/2\/2018\/10\/iStock-503519030.jpg","type":"image\/jpeg"}],"twitter_card":"summary_large_image","twitter_misc":{"Dur\u00e9e de lecture estim\u00e9e":"1 minute"},"schema":{"@context":"https:\/\/schema.org","@graph":[{"@type":"WebPage","@id":"https:\/\/www.duboischemicals.com\/manufacturing\/fr\/products\/lubricants\/open-gear-grease\/","url":"https:\/\/www.duboischemicals.com\/manufacturing\/fr\/products\/lubricants\/open-gear-grease\/","name":"Graisse pour engrenages ouverts - Manufacturing","isPartOf":{"@id":"https:\/\/www.duboischemicals.com\/manufacturing\/fr\/#website"},"primaryImageOfPage":{"@id":"https:\/\/www.duboischemicals.com\/manufacturing\/fr\/products\/lubricants\/open-gear-grease\/#primaryimage"},"image":{"@id":"https:\/\/www.duboischemicals.com\/manufacturing\/fr\/products\/lubricants\/open-gear-grease\/#primaryimage"},"thumbnailUrl":"https:\/\/www.duboischemicals.com\/manufacturing\/wp-content\/uploads\/sites\/2\/2018\/10\/iStock-503519030.jpg","datePublished":"2020-11-30T17:20:09+00:00","dateModified":"2021-02-17T10:04:06+00:00","breadcrumb":{"@id":"https:\/\/www.duboischemicals.com\/manufacturing\/fr\/products\/lubricants\/open-gear-grease\/#breadcrumb"},"inLanguage":"fr-FR","potentialAction":[{"@type":"ReadAction","target":["https:\/\/www.duboischemicals.com\/manufacturing\/fr\/products\/lubricants\/open-gear-grease\/"]}]},{"@type":"ImageObject","inLanguage":"fr-FR","@id":"https:\/\/www.duboischemicals.com\/manufacturing\/fr\/products\/lubricants\/open-gear-grease\/#primaryimage","url":"https:\/\/www.duboischemicals.com\/manufacturing\/wp-content\/uploads\/sites\/2\/2018\/10\/iStock-503519030.jpg","contentUrl":"https:\/\/www.duboischemicals.com\/manufacturing\/wp-content\/uploads\/sites\/2\/2018\/10\/iStock-503519030.jpg","width":454,"height":450},{"@type":"BreadcrumbList","@id":"https:\/\/www.duboischemicals.com\/manufacturing\/fr\/products\/lubricants\/open-gear-grease\/#breadcrumb","itemListElement":[{"@type":"ListItem","position":1,"name":"Home","item":"https:\/\/www.duboischemicals.com\/manufacturing\/fr\/"},{"@type":"ListItem","position":2,"name":"Produits","item":"https:\/\/www.duboischemicals.com\/manufacturing\/fr\/products\/"},{"@type":"ListItem","position":3,"name":"Lubrifiants","item":"https:\/\/www.duboischemicals.com\/manufacturing\/fr\/products\/lubricants\/"},{"@type":"ListItem","position":4,"name":"Graisse pour engrenages ouverts"}]},{"@type":"WebSite","@id":"https:\/\/www.duboischemicals.com\/manufacturing\/fr\/#website","url":"https:\/\/www.duboischemicals.com\/manufacturing\/fr\/","name":"Manufacturing","description":"","potentialAction":[{"@type":"SearchAction","target":{"@type":"EntryPoint","urlTemplate":"https:\/\/www.duboischemicals.com\/manufacturing\/fr\/?s={search_term_string}"},"query-input":{"@type":"PropertyValueSpecification","valueRequired":true,"valueName":"search_term_string"}}],"inLanguage":"fr-FR"}]}},"_links":{"self":[{"href":"https:\/\/www.duboischemicals.com\/manufacturing\/fr\/wp-json\/wp\/v2\/pages\/9766","targetHints":{"allow":["GET"]}}],"collection":[{"href":"https:\/\/www.duboischemicals.com\/manufacturing\/fr\/wp-json\/wp\/v2\/pages"}],"about":[{"href":"https:\/\/www.duboischemicals.com\/manufacturing\/fr\/wp-json\/wp\/v2\/types\/page"}],"author":[{"embeddable":true,"href":"https:\/\/www.duboischemicals.com\/manufacturing\/fr\/wp-json\/wp\/v2\/users\/220"}],"replies":[{"embeddable":true,"href":"https:\/\/www.duboischemicals.com\/manufacturing\/fr\/wp-json\/wp\/v2\/comments?post=9766"}],"version-history":[{"count":3,"href":"https:\/\/www.duboischemicals.com\/manufacturing\/fr\/wp-json\/wp\/v2\/pages\/9766\/revisions"}],"predecessor-version":[{"id":11537,"href":"https:\/\/www.duboischemicals.com\/manufacturing\/fr\/wp-json\/wp\/v2\/pages\/9766\/revisions\/11537"}],"up":[{"embeddable":true,"href":"https:\/\/www.duboischemicals.com\/manufacturing\/fr\/wp-json\/wp\/v2\/pages\/10698"}],"wp:featuredmedia":[{"embeddable":true,"href":"https:\/\/www.duboischemicals.com\/manufacturing\/fr\/wp-json\/wp\/v2\/media\/9767"}],"wp:attachment":[{"href":"https:\/\/www.duboischemicals.com\/manufacturing\/fr\/wp-json\/wp\/v2\/media?parent=9766"}],"curies":[{"name":"wp","href":"https:\/\/api.w.org\/{rel}","templated":true}]}}