{"id":9769,"date":"2020-11-30T12:20:09","date_gmt":"2020-11-30T17:20:09","guid":{"rendered":"https:\/\/www.duboischemicals.com\/\/manufacturing\/acid-pickling-and-derusting\/"},"modified":"2021-02-17T05:03:50","modified_gmt":"2021-02-17T10:03:50","slug":"acid-pickling-and-derusting","status":"publish","type":"page","link":"https:\/\/www.duboischemicals.com\/manufacturing\/fr\/products\/industrial-cleaners\/acid-pickling-and-derusting\/","title":{"rendered":"D\u00e9capage et d\u00e9rouillage \u00e0 l\u2019acide"},"content":{"rendered":"<p>Que vous souhaitiez souder, r\u00e9usiner ou remettre \u00e0 neuf des pi\u00e8ces, la rouille et le tartre sont toujours difficiles \u00e0 \u00e9liminer. DuBois reconna\u00eet qu&rsquo;un enl\u00e8vement incomplet nuit \u00e0 la performance de vos produits finis; nous utilisons des m\u00e9langes d&rsquo;acides synergiques pour \u00e9liminer les salissures inorganiques telles que la calamine laiss\u00e9e par la d\u00e9coupe au laser et les br\u00fblures de soudure de la surface de vos produits. DuBois offre \u00e9galement une vari\u00e9t\u00e9 de choix pour nettoyer et faire briller l&rsquo;acier, l&rsquo;acier inoxydable, l&rsquo;aluminium, le laiton et le cuivre.<\/p>\n<p>DuBois propose des solutions personnalis\u00e9es, notamment\u00a0:<\/p>\n<ul>\n<li>Applications par pulv\u00e9risation, immersion, baguette de pulv\u00e9risation et vibration<\/li>\n<li>Liquides, poudres et gels pr\u00eats \u00e0 l&#8217;emploi<\/li>\n<li>Multiples approches de la refabrication et de la remise \u00e0 neuf<\/li>\n<\/ul>\n<p>Informations compl\u00e9mentaires\u00a0:<\/p>\n<ul>\n<li>Enlever la rouille avec fiabilit\u00e9 (vid\u00e9o YouTube)<\/li>\n<li>Adieu la calamine (article pour les fabricants sur l\u2019\u00e9limination de la calamine laiss\u00e9e par la d\u00e9coupe au laser)<\/li>\n<\/ul>\n","protected":false},"excerpt":{"rendered":"<p>Que vous souhaitiez souder, r\u00e9usiner ou remettre \u00e0 neuf des pi\u00e8ces, la rouille et le tartre sont toujours difficiles \u00e0 \u00e9liminer. DuBois reconna\u00eet qu&rsquo;un enl\u00e8vement incomplet nuit \u00e0 la performance de vos produits finis; nous&#8230;<\/p>\n","protected":false},"author":220,"featured_media":9770,"parent":10707,"menu_order":1,"comment_status":"closed","ping_status":"closed","template":"template-prodinfo.php","meta":{"_acf_changed":false,"footnotes":""},"class_list":["post-9769","page","type-page","status-publish","has-post-thumbnail","hentry"],"acf":[],"yoast_head":"<!-- This site is optimized with the Yoast SEO plugin v26.8 - https:\/\/yoast.com\/product\/yoast-seo-wordpress\/ -->\n<title>D\u00e9capage et d\u00e9rouillage \u00e0 l\u2019acide - Manufacturing<\/title>\n<meta name=\"robots\" content=\"index, follow, max-snippet:-1, max-image-preview:large, max-video-preview:-1\" \/>\n<link rel=\"canonical\" href=\"https:\/\/www.duboischemicals.com\/manufacturing\/fr\/products\/industrial-cleaners\/acid-pickling-and-derusting\/\" \/>\n<meta property=\"og:locale\" content=\"fr_FR\" \/>\n<meta property=\"og:type\" content=\"article\" \/>\n<meta property=\"og:title\" content=\"D\u00e9capage et d\u00e9rouillage \u00e0 l\u2019acide - Manufacturing\" \/>\n<meta property=\"og:description\" content=\"Que vous souhaitiez souder, r\u00e9usiner ou remettre \u00e0 neuf des pi\u00e8ces, la rouille et le tartre sont toujours difficiles \u00e0 \u00e9liminer. DuBois reconna\u00eet qu&rsquo;un enl\u00e8vement incomplet nuit \u00e0 la performance de vos produits finis; nous...\" \/>\n<meta property=\"og:url\" content=\"https:\/\/www.duboischemicals.com\/manufacturing\/fr\/products\/industrial-cleaners\/acid-pickling-and-derusting\/\" \/>\n<meta property=\"og:site_name\" content=\"Manufacturing\" \/>\n<meta property=\"article:modified_time\" content=\"2021-02-17T10:03:50+00:00\" \/>\n<meta property=\"og:image\" content=\"https:\/\/www.duboischemicals.com\/manufacturing\/wp-content\/uploads\/sites\/2\/2018\/10\/iStock-903888904.jpg\" \/>\n\t<meta property=\"og:image:width\" content=\"454\" \/>\n\t<meta property=\"og:image:height\" content=\"450\" \/>\n\t<meta property=\"og:image:type\" content=\"image\/jpeg\" \/>\n<meta name=\"twitter:card\" content=\"summary_large_image\" \/>\n<meta name=\"twitter:label1\" content=\"Dur\u00e9e de lecture estim\u00e9e\" \/>\n\t<meta name=\"twitter:data1\" content=\"1 minute\" \/>\n<script type=\"application\/ld+json\" class=\"yoast-schema-graph\">{\"@context\":\"https:\/\/schema.org\",\"@graph\":[{\"@type\":\"WebPage\",\"@id\":\"https:\/\/www.duboischemicals.com\/manufacturing\/fr\/products\/industrial-cleaners\/acid-pickling-and-derusting\/\",\"url\":\"https:\/\/www.duboischemicals.com\/manufacturing\/fr\/products\/industrial-cleaners\/acid-pickling-and-derusting\/\",\"name\":\"D\u00e9capage et d\u00e9rouillage \u00e0 l\u2019acide - Manufacturing\",\"isPartOf\":{\"@id\":\"https:\/\/www.duboischemicals.com\/manufacturing\/fr\/#website\"},\"primaryImageOfPage\":{\"@id\":\"https:\/\/www.duboischemicals.com\/manufacturing\/fr\/products\/industrial-cleaners\/acid-pickling-and-derusting\/#primaryimage\"},\"image\":{\"@id\":\"https:\/\/www.duboischemicals.com\/manufacturing\/fr\/products\/industrial-cleaners\/acid-pickling-and-derusting\/#primaryimage\"},\"thumbnailUrl\":\"https:\/\/www.duboischemicals.com\/manufacturing\/wp-content\/uploads\/sites\/2\/2018\/10\/iStock-903888904.jpg\",\"datePublished\":\"2020-11-30T17:20:09+00:00\",\"dateModified\":\"2021-02-17T10:03:50+00:00\",\"breadcrumb\":{\"@id\":\"https:\/\/www.duboischemicals.com\/manufacturing\/fr\/products\/industrial-cleaners\/acid-pickling-and-derusting\/#breadcrumb\"},\"inLanguage\":\"fr-FR\",\"potentialAction\":[{\"@type\":\"ReadAction\",\"target\":[\"https:\/\/www.duboischemicals.com\/manufacturing\/fr\/products\/industrial-cleaners\/acid-pickling-and-derusting\/\"]}]},{\"@type\":\"ImageObject\",\"inLanguage\":\"fr-FR\",\"@id\":\"https:\/\/www.duboischemicals.com\/manufacturing\/fr\/products\/industrial-cleaners\/acid-pickling-and-derusting\/#primaryimage\",\"url\":\"https:\/\/www.duboischemicals.com\/manufacturing\/wp-content\/uploads\/sites\/2\/2018\/10\/iStock-903888904.jpg\",\"contentUrl\":\"https:\/\/www.duboischemicals.com\/manufacturing\/wp-content\/uploads\/sites\/2\/2018\/10\/iStock-903888904.jpg\",\"width\":454,\"height\":450},{\"@type\":\"BreadcrumbList\",\"@id\":\"https:\/\/www.duboischemicals.com\/manufacturing\/fr\/products\/industrial-cleaners\/acid-pickling-and-derusting\/#breadcrumb\",\"itemListElement\":[{\"@type\":\"ListItem\",\"position\":1,\"name\":\"Home\",\"item\":\"https:\/\/www.duboischemicals.com\/manufacturing\/fr\/\"},{\"@type\":\"ListItem\",\"position\":2,\"name\":\"Produits\",\"item\":\"https:\/\/www.duboischemicals.com\/manufacturing\/fr\/products\/\"},{\"@type\":\"ListItem\",\"position\":3,\"name\":\"Nettoyants industriels\",\"item\":\"https:\/\/www.duboischemicals.com\/manufacturing\/fr\/products\/industrial-cleaners\/\"},{\"@type\":\"ListItem\",\"position\":4,\"name\":\"D\u00e9capage et d\u00e9rouillage \u00e0 l\u2019acide\"}]},{\"@type\":\"WebSite\",\"@id\":\"https:\/\/www.duboischemicals.com\/manufacturing\/fr\/#website\",\"url\":\"https:\/\/www.duboischemicals.com\/manufacturing\/fr\/\",\"name\":\"Manufacturing\",\"description\":\"\",\"potentialAction\":[{\"@type\":\"SearchAction\",\"target\":{\"@type\":\"EntryPoint\",\"urlTemplate\":\"https:\/\/www.duboischemicals.com\/manufacturing\/fr\/?s={search_term_string}\"},\"query-input\":{\"@type\":\"PropertyValueSpecification\",\"valueRequired\":true,\"valueName\":\"search_term_string\"}}],\"inLanguage\":\"fr-FR\"}]}<\/script>\n<!-- \/ Yoast SEO plugin. -->","yoast_head_json":{"title":"D\u00e9capage et d\u00e9rouillage \u00e0 l\u2019acide - Manufacturing","robots":{"index":"index","follow":"follow","max-snippet":"max-snippet:-1","max-image-preview":"max-image-preview:large","max-video-preview":"max-video-preview:-1"},"canonical":"https:\/\/www.duboischemicals.com\/manufacturing\/fr\/products\/industrial-cleaners\/acid-pickling-and-derusting\/","og_locale":"fr_FR","og_type":"article","og_title":"D\u00e9capage et d\u00e9rouillage \u00e0 l\u2019acide - Manufacturing","og_description":"Que vous souhaitiez souder, r\u00e9usiner ou remettre \u00e0 neuf des pi\u00e8ces, la rouille et le tartre sont toujours difficiles \u00e0 \u00e9liminer. DuBois reconna\u00eet qu&rsquo;un enl\u00e8vement incomplet nuit \u00e0 la performance de vos produits finis; nous...","og_url":"https:\/\/www.duboischemicals.com\/manufacturing\/fr\/products\/industrial-cleaners\/acid-pickling-and-derusting\/","og_site_name":"Manufacturing","article_modified_time":"2021-02-17T10:03:50+00:00","og_image":[{"width":454,"height":450,"url":"https:\/\/www.duboischemicals.com\/manufacturing\/wp-content\/uploads\/sites\/2\/2018\/10\/iStock-903888904.jpg","type":"image\/jpeg"}],"twitter_card":"summary_large_image","twitter_misc":{"Dur\u00e9e de lecture estim\u00e9e":"1 minute"},"schema":{"@context":"https:\/\/schema.org","@graph":[{"@type":"WebPage","@id":"https:\/\/www.duboischemicals.com\/manufacturing\/fr\/products\/industrial-cleaners\/acid-pickling-and-derusting\/","url":"https:\/\/www.duboischemicals.com\/manufacturing\/fr\/products\/industrial-cleaners\/acid-pickling-and-derusting\/","name":"D\u00e9capage et d\u00e9rouillage \u00e0 l\u2019acide - Manufacturing","isPartOf":{"@id":"https:\/\/www.duboischemicals.com\/manufacturing\/fr\/#website"},"primaryImageOfPage":{"@id":"https:\/\/www.duboischemicals.com\/manufacturing\/fr\/products\/industrial-cleaners\/acid-pickling-and-derusting\/#primaryimage"},"image":{"@id":"https:\/\/www.duboischemicals.com\/manufacturing\/fr\/products\/industrial-cleaners\/acid-pickling-and-derusting\/#primaryimage"},"thumbnailUrl":"https:\/\/www.duboischemicals.com\/manufacturing\/wp-content\/uploads\/sites\/2\/2018\/10\/iStock-903888904.jpg","datePublished":"2020-11-30T17:20:09+00:00","dateModified":"2021-02-17T10:03:50+00:00","breadcrumb":{"@id":"https:\/\/www.duboischemicals.com\/manufacturing\/fr\/products\/industrial-cleaners\/acid-pickling-and-derusting\/#breadcrumb"},"inLanguage":"fr-FR","potentialAction":[{"@type":"ReadAction","target":["https:\/\/www.duboischemicals.com\/manufacturing\/fr\/products\/industrial-cleaners\/acid-pickling-and-derusting\/"]}]},{"@type":"ImageObject","inLanguage":"fr-FR","@id":"https:\/\/www.duboischemicals.com\/manufacturing\/fr\/products\/industrial-cleaners\/acid-pickling-and-derusting\/#primaryimage","url":"https:\/\/www.duboischemicals.com\/manufacturing\/wp-content\/uploads\/sites\/2\/2018\/10\/iStock-903888904.jpg","contentUrl":"https:\/\/www.duboischemicals.com\/manufacturing\/wp-content\/uploads\/sites\/2\/2018\/10\/iStock-903888904.jpg","width":454,"height":450},{"@type":"BreadcrumbList","@id":"https:\/\/www.duboischemicals.com\/manufacturing\/fr\/products\/industrial-cleaners\/acid-pickling-and-derusting\/#breadcrumb","itemListElement":[{"@type":"ListItem","position":1,"name":"Home","item":"https:\/\/www.duboischemicals.com\/manufacturing\/fr\/"},{"@type":"ListItem","position":2,"name":"Produits","item":"https:\/\/www.duboischemicals.com\/manufacturing\/fr\/products\/"},{"@type":"ListItem","position":3,"name":"Nettoyants industriels","item":"https:\/\/www.duboischemicals.com\/manufacturing\/fr\/products\/industrial-cleaners\/"},{"@type":"ListItem","position":4,"name":"D\u00e9capage et d\u00e9rouillage \u00e0 l\u2019acide"}]},{"@type":"WebSite","@id":"https:\/\/www.duboischemicals.com\/manufacturing\/fr\/#website","url":"https:\/\/www.duboischemicals.com\/manufacturing\/fr\/","name":"Manufacturing","description":"","potentialAction":[{"@type":"SearchAction","target":{"@type":"EntryPoint","urlTemplate":"https:\/\/www.duboischemicals.com\/manufacturing\/fr\/?s={search_term_string}"},"query-input":{"@type":"PropertyValueSpecification","valueRequired":true,"valueName":"search_term_string"}}],"inLanguage":"fr-FR"}]}},"_links":{"self":[{"href":"https:\/\/www.duboischemicals.com\/manufacturing\/fr\/wp-json\/wp\/v2\/pages\/9769","targetHints":{"allow":["GET"]}}],"collection":[{"href":"https:\/\/www.duboischemicals.com\/manufacturing\/fr\/wp-json\/wp\/v2\/pages"}],"about":[{"href":"https:\/\/www.duboischemicals.com\/manufacturing\/fr\/wp-json\/wp\/v2\/types\/page"}],"author":[{"embeddable":true,"href":"https:\/\/www.duboischemicals.com\/manufacturing\/fr\/wp-json\/wp\/v2\/users\/220"}],"replies":[{"embeddable":true,"href":"https:\/\/www.duboischemicals.com\/manufacturing\/fr\/wp-json\/wp\/v2\/comments?post=9769"}],"version-history":[{"count":3,"href":"https:\/\/www.duboischemicals.com\/manufacturing\/fr\/wp-json\/wp\/v2\/pages\/9769\/revisions"}],"predecessor-version":[{"id":11514,"href":"https:\/\/www.duboischemicals.com\/manufacturing\/fr\/wp-json\/wp\/v2\/pages\/9769\/revisions\/11514"}],"up":[{"embeddable":true,"href":"https:\/\/www.duboischemicals.com\/manufacturing\/fr\/wp-json\/wp\/v2\/pages\/10707"}],"wp:featuredmedia":[{"embeddable":true,"href":"https:\/\/www.duboischemicals.com\/manufacturing\/fr\/wp-json\/wp\/v2\/media\/9770"}],"wp:attachment":[{"href":"https:\/\/www.duboischemicals.com\/manufacturing\/fr\/wp-json\/wp\/v2\/media?parent=9769"}],"curies":[{"name":"wp","href":"https:\/\/api.w.org\/{rel}","templated":true}]}}