{"id":9772,"date":"2020-11-30T12:20:09","date_gmt":"2020-11-30T17:20:09","guid":{"rendered":"https:\/\/www.duboischemicals.com\/\/manufacturing\/alkaline-and-neutral-cleaners\/"},"modified":"2021-02-17T05:03:58","modified_gmt":"2021-02-17T10:03:58","slug":"alkaline-and-neutral-cleaners","status":"publish","type":"page","link":"https:\/\/www.duboischemicals.com\/manufacturing\/fr\/products\/industrial-cleaners\/alkaline-and-neutral-cleaners\/","title":{"rendered":"Nettoyants alcalins et neutres"},"content":{"rendered":"<p>Pour garantir une qualit\u00e9 optimale et optimiser la production, vos pi\u00e8ces doivent \u00eatre propres avant l&rsquo;\u00e9tape suivante de votre processus. Si vos pi\u00e8ces ne sont pas correctement nettoy\u00e9es, des salissures s&rsquo;accumuleront sur les \u00e9quipements de production, les surfaces de transfert des mat\u00e9riaux, la robotique, les sols et autres zones de travail, ce qui entra\u00eenera des temps d&rsquo;arr\u00eat et des environnements de travail dangereux. DuBois propose une vari\u00e9t\u00e9 de nettoyants alcalins et neutres formul\u00e9s pour \u00e9liminer les salissures les plus tenaces. Nos nettoyants industriels \u00e9liminent les lubrifiants de processus, les graisses et autres salissures g\u00e9n\u00e9rales d&rsquo;atelier accumul\u00e9es pendant la production.<\/p>\n<p>Avec pr\u00e8s de 100\u00a0ans d&rsquo;exp\u00e9rience dans le domaine du nettoyage, nous sommes en mesure de vous proposer le nettoyant id\u00e9al pour votre proc\u00e9d\u00e9. DuBois dispose d&rsquo;une gamme compl\u00e8te de liquides, de poudres et de gels pr\u00eats \u00e0 l&#8217;emploi et propose des solutions de nettoyage industrielles sur mesure pour\u00a0:<\/p>\n<ul>\n<li>Applications par pulv\u00e9risation, immersion, baguette de pulv\u00e9risation et vibration<\/li>\n<li>Acier, acier galvanis\u00e9, aluminium, laiton, cuivre et m\u00e9tal galvanis\u00e9, ainsi que des options sans danger pour de multiples m\u00e9taux<\/li>\n<li>Conditions de basse temp\u00e9rature de fonctionnement<\/li>\n<\/ul>\n<p>Informations compl\u00e9mentaires\u00a0:<\/p>\n<ul>\n<li>Article sur la finition de produits de DuJEL<\/li>\n<li>L&rsquo;histoire du succ\u00e8s de Met-All TERJ<\/li>\n<\/ul>\n","protected":false},"excerpt":{"rendered":"<p>Pour garantir une qualit\u00e9 optimale et optimiser la production, vos pi\u00e8ces doivent \u00eatre propres avant l&rsquo;\u00e9tape suivante de votre processus. Si vos pi\u00e8ces ne sont pas correctement nettoy\u00e9es, des salissures s&rsquo;accumuleront sur les \u00e9quipements de&#8230;<\/p>\n","protected":false},"author":220,"featured_media":9773,"parent":10707,"menu_order":2,"comment_status":"closed","ping_status":"closed","template":"template-prodinfo.php","meta":{"_acf_changed":false,"footnotes":""},"class_list":["post-9772","page","type-page","status-publish","has-post-thumbnail","hentry"],"acf":[],"yoast_head":"<!-- This site is optimized with the Yoast SEO plugin v26.8 - https:\/\/yoast.com\/product\/yoast-seo-wordpress\/ -->\n<title>Nettoyants alcalins et neutres - Manufacturing<\/title>\n<meta name=\"robots\" content=\"index, follow, max-snippet:-1, max-image-preview:large, max-video-preview:-1\" \/>\n<link rel=\"canonical\" href=\"https:\/\/www.duboischemicals.com\/manufacturing\/fr\/products\/industrial-cleaners\/alkaline-and-neutral-cleaners\/\" \/>\n<meta property=\"og:locale\" content=\"fr_FR\" \/>\n<meta property=\"og:type\" content=\"article\" \/>\n<meta property=\"og:title\" content=\"Nettoyants alcalins et neutres - Manufacturing\" \/>\n<meta property=\"og:description\" content=\"Pour garantir une qualit\u00e9 optimale et optimiser la production, vos pi\u00e8ces doivent \u00eatre propres avant l&rsquo;\u00e9tape suivante de votre processus. Si vos pi\u00e8ces ne sont pas correctement nettoy\u00e9es, des salissures s&rsquo;accumuleront sur les \u00e9quipements de...\" \/>\n<meta property=\"og:url\" content=\"https:\/\/www.duboischemicals.com\/manufacturing\/fr\/products\/industrial-cleaners\/alkaline-and-neutral-cleaners\/\" \/>\n<meta property=\"og:site_name\" content=\"Manufacturing\" \/>\n<meta property=\"article:modified_time\" content=\"2021-02-17T10:03:58+00:00\" \/>\n<meta property=\"og:image\" content=\"https:\/\/www.duboischemicals.com\/manufacturing\/wp-content\/uploads\/sites\/2\/2018\/10\/iStock-941851336-Alkaline-and-Neutral-Cleaners.jpg\" \/>\n\t<meta property=\"og:image:width\" content=\"454\" \/>\n\t<meta property=\"og:image:height\" content=\"450\" \/>\n\t<meta property=\"og:image:type\" content=\"image\/jpeg\" \/>\n<meta name=\"twitter:card\" content=\"summary_large_image\" \/>\n<meta name=\"twitter:label1\" content=\"Dur\u00e9e de lecture estim\u00e9e\" \/>\n\t<meta name=\"twitter:data1\" content=\"1 minute\" \/>\n<script type=\"application\/ld+json\" class=\"yoast-schema-graph\">{\"@context\":\"https:\/\/schema.org\",\"@graph\":[{\"@type\":\"WebPage\",\"@id\":\"https:\/\/www.duboischemicals.com\/manufacturing\/fr\/products\/industrial-cleaners\/alkaline-and-neutral-cleaners\/\",\"url\":\"https:\/\/www.duboischemicals.com\/manufacturing\/fr\/products\/industrial-cleaners\/alkaline-and-neutral-cleaners\/\",\"name\":\"Nettoyants alcalins et neutres - Manufacturing\",\"isPartOf\":{\"@id\":\"https:\/\/www.duboischemicals.com\/manufacturing\/fr\/#website\"},\"primaryImageOfPage\":{\"@id\":\"https:\/\/www.duboischemicals.com\/manufacturing\/fr\/products\/industrial-cleaners\/alkaline-and-neutral-cleaners\/#primaryimage\"},\"image\":{\"@id\":\"https:\/\/www.duboischemicals.com\/manufacturing\/fr\/products\/industrial-cleaners\/alkaline-and-neutral-cleaners\/#primaryimage\"},\"thumbnailUrl\":\"https:\/\/www.duboischemicals.com\/manufacturing\/wp-content\/uploads\/sites\/2\/2018\/10\/iStock-941851336-Alkaline-and-Neutral-Cleaners.jpg\",\"datePublished\":\"2020-11-30T17:20:09+00:00\",\"dateModified\":\"2021-02-17T10:03:58+00:00\",\"breadcrumb\":{\"@id\":\"https:\/\/www.duboischemicals.com\/manufacturing\/fr\/products\/industrial-cleaners\/alkaline-and-neutral-cleaners\/#breadcrumb\"},\"inLanguage\":\"fr-FR\",\"potentialAction\":[{\"@type\":\"ReadAction\",\"target\":[\"https:\/\/www.duboischemicals.com\/manufacturing\/fr\/products\/industrial-cleaners\/alkaline-and-neutral-cleaners\/\"]}]},{\"@type\":\"ImageObject\",\"inLanguage\":\"fr-FR\",\"@id\":\"https:\/\/www.duboischemicals.com\/manufacturing\/fr\/products\/industrial-cleaners\/alkaline-and-neutral-cleaners\/#primaryimage\",\"url\":\"https:\/\/www.duboischemicals.com\/manufacturing\/wp-content\/uploads\/sites\/2\/2018\/10\/iStock-941851336-Alkaline-and-Neutral-Cleaners.jpg\",\"contentUrl\":\"https:\/\/www.duboischemicals.com\/manufacturing\/wp-content\/uploads\/sites\/2\/2018\/10\/iStock-941851336-Alkaline-and-Neutral-Cleaners.jpg\",\"width\":454,\"height\":450},{\"@type\":\"BreadcrumbList\",\"@id\":\"https:\/\/www.duboischemicals.com\/manufacturing\/fr\/products\/industrial-cleaners\/alkaline-and-neutral-cleaners\/#breadcrumb\",\"itemListElement\":[{\"@type\":\"ListItem\",\"position\":1,\"name\":\"Home\",\"item\":\"https:\/\/www.duboischemicals.com\/manufacturing\/fr\/\"},{\"@type\":\"ListItem\",\"position\":2,\"name\":\"Produits\",\"item\":\"https:\/\/www.duboischemicals.com\/manufacturing\/fr\/products\/\"},{\"@type\":\"ListItem\",\"position\":3,\"name\":\"Nettoyants industriels\",\"item\":\"https:\/\/www.duboischemicals.com\/manufacturing\/fr\/products\/industrial-cleaners\/\"},{\"@type\":\"ListItem\",\"position\":4,\"name\":\"Nettoyants alcalins et neutres\"}]},{\"@type\":\"WebSite\",\"@id\":\"https:\/\/www.duboischemicals.com\/manufacturing\/fr\/#website\",\"url\":\"https:\/\/www.duboischemicals.com\/manufacturing\/fr\/\",\"name\":\"Manufacturing\",\"description\":\"\",\"potentialAction\":[{\"@type\":\"SearchAction\",\"target\":{\"@type\":\"EntryPoint\",\"urlTemplate\":\"https:\/\/www.duboischemicals.com\/manufacturing\/fr\/?s={search_term_string}\"},\"query-input\":{\"@type\":\"PropertyValueSpecification\",\"valueRequired\":true,\"valueName\":\"search_term_string\"}}],\"inLanguage\":\"fr-FR\"}]}<\/script>\n<!-- \/ Yoast SEO plugin. -->","yoast_head_json":{"title":"Nettoyants alcalins et neutres - Manufacturing","robots":{"index":"index","follow":"follow","max-snippet":"max-snippet:-1","max-image-preview":"max-image-preview:large","max-video-preview":"max-video-preview:-1"},"canonical":"https:\/\/www.duboischemicals.com\/manufacturing\/fr\/products\/industrial-cleaners\/alkaline-and-neutral-cleaners\/","og_locale":"fr_FR","og_type":"article","og_title":"Nettoyants alcalins et neutres - Manufacturing","og_description":"Pour garantir une qualit\u00e9 optimale et optimiser la production, vos pi\u00e8ces doivent \u00eatre propres avant l&rsquo;\u00e9tape suivante de votre processus. Si vos pi\u00e8ces ne sont pas correctement nettoy\u00e9es, des salissures s&rsquo;accumuleront sur les \u00e9quipements de...","og_url":"https:\/\/www.duboischemicals.com\/manufacturing\/fr\/products\/industrial-cleaners\/alkaline-and-neutral-cleaners\/","og_site_name":"Manufacturing","article_modified_time":"2021-02-17T10:03:58+00:00","og_image":[{"width":454,"height":450,"url":"https:\/\/www.duboischemicals.com\/manufacturing\/wp-content\/uploads\/sites\/2\/2018\/10\/iStock-941851336-Alkaline-and-Neutral-Cleaners.jpg","type":"image\/jpeg"}],"twitter_card":"summary_large_image","twitter_misc":{"Dur\u00e9e de lecture estim\u00e9e":"1 minute"},"schema":{"@context":"https:\/\/schema.org","@graph":[{"@type":"WebPage","@id":"https:\/\/www.duboischemicals.com\/manufacturing\/fr\/products\/industrial-cleaners\/alkaline-and-neutral-cleaners\/","url":"https:\/\/www.duboischemicals.com\/manufacturing\/fr\/products\/industrial-cleaners\/alkaline-and-neutral-cleaners\/","name":"Nettoyants alcalins et neutres - Manufacturing","isPartOf":{"@id":"https:\/\/www.duboischemicals.com\/manufacturing\/fr\/#website"},"primaryImageOfPage":{"@id":"https:\/\/www.duboischemicals.com\/manufacturing\/fr\/products\/industrial-cleaners\/alkaline-and-neutral-cleaners\/#primaryimage"},"image":{"@id":"https:\/\/www.duboischemicals.com\/manufacturing\/fr\/products\/industrial-cleaners\/alkaline-and-neutral-cleaners\/#primaryimage"},"thumbnailUrl":"https:\/\/www.duboischemicals.com\/manufacturing\/wp-content\/uploads\/sites\/2\/2018\/10\/iStock-941851336-Alkaline-and-Neutral-Cleaners.jpg","datePublished":"2020-11-30T17:20:09+00:00","dateModified":"2021-02-17T10:03:58+00:00","breadcrumb":{"@id":"https:\/\/www.duboischemicals.com\/manufacturing\/fr\/products\/industrial-cleaners\/alkaline-and-neutral-cleaners\/#breadcrumb"},"inLanguage":"fr-FR","potentialAction":[{"@type":"ReadAction","target":["https:\/\/www.duboischemicals.com\/manufacturing\/fr\/products\/industrial-cleaners\/alkaline-and-neutral-cleaners\/"]}]},{"@type":"ImageObject","inLanguage":"fr-FR","@id":"https:\/\/www.duboischemicals.com\/manufacturing\/fr\/products\/industrial-cleaners\/alkaline-and-neutral-cleaners\/#primaryimage","url":"https:\/\/www.duboischemicals.com\/manufacturing\/wp-content\/uploads\/sites\/2\/2018\/10\/iStock-941851336-Alkaline-and-Neutral-Cleaners.jpg","contentUrl":"https:\/\/www.duboischemicals.com\/manufacturing\/wp-content\/uploads\/sites\/2\/2018\/10\/iStock-941851336-Alkaline-and-Neutral-Cleaners.jpg","width":454,"height":450},{"@type":"BreadcrumbList","@id":"https:\/\/www.duboischemicals.com\/manufacturing\/fr\/products\/industrial-cleaners\/alkaline-and-neutral-cleaners\/#breadcrumb","itemListElement":[{"@type":"ListItem","position":1,"name":"Home","item":"https:\/\/www.duboischemicals.com\/manufacturing\/fr\/"},{"@type":"ListItem","position":2,"name":"Produits","item":"https:\/\/www.duboischemicals.com\/manufacturing\/fr\/products\/"},{"@type":"ListItem","position":3,"name":"Nettoyants industriels","item":"https:\/\/www.duboischemicals.com\/manufacturing\/fr\/products\/industrial-cleaners\/"},{"@type":"ListItem","position":4,"name":"Nettoyants alcalins et neutres"}]},{"@type":"WebSite","@id":"https:\/\/www.duboischemicals.com\/manufacturing\/fr\/#website","url":"https:\/\/www.duboischemicals.com\/manufacturing\/fr\/","name":"Manufacturing","description":"","potentialAction":[{"@type":"SearchAction","target":{"@type":"EntryPoint","urlTemplate":"https:\/\/www.duboischemicals.com\/manufacturing\/fr\/?s={search_term_string}"},"query-input":{"@type":"PropertyValueSpecification","valueRequired":true,"valueName":"search_term_string"}}],"inLanguage":"fr-FR"}]}},"_links":{"self":[{"href":"https:\/\/www.duboischemicals.com\/manufacturing\/fr\/wp-json\/wp\/v2\/pages\/9772","targetHints":{"allow":["GET"]}}],"collection":[{"href":"https:\/\/www.duboischemicals.com\/manufacturing\/fr\/wp-json\/wp\/v2\/pages"}],"about":[{"href":"https:\/\/www.duboischemicals.com\/manufacturing\/fr\/wp-json\/wp\/v2\/types\/page"}],"author":[{"embeddable":true,"href":"https:\/\/www.duboischemicals.com\/manufacturing\/fr\/wp-json\/wp\/v2\/users\/220"}],"replies":[{"embeddable":true,"href":"https:\/\/www.duboischemicals.com\/manufacturing\/fr\/wp-json\/wp\/v2\/comments?post=9772"}],"version-history":[{"count":3,"href":"https:\/\/www.duboischemicals.com\/manufacturing\/fr\/wp-json\/wp\/v2\/pages\/9772\/revisions"}],"predecessor-version":[{"id":11529,"href":"https:\/\/www.duboischemicals.com\/manufacturing\/fr\/wp-json\/wp\/v2\/pages\/9772\/revisions\/11529"}],"up":[{"embeddable":true,"href":"https:\/\/www.duboischemicals.com\/manufacturing\/fr\/wp-json\/wp\/v2\/pages\/10707"}],"wp:featuredmedia":[{"embeddable":true,"href":"https:\/\/www.duboischemicals.com\/manufacturing\/fr\/wp-json\/wp\/v2\/media\/9773"}],"wp:attachment":[{"href":"https:\/\/www.duboischemicals.com\/manufacturing\/fr\/wp-json\/wp\/v2\/media?parent=9772"}],"curies":[{"name":"wp","href":"https:\/\/api.w.org\/{rel}","templated":true}]}}