{"id":9775,"date":"2020-11-30T12:20:09","date_gmt":"2020-11-30T17:20:09","guid":{"rendered":"https:\/\/www.duboischemicals.com\/\/manufacturing\/vibratory-and-mass-finishing\/"},"modified":"2021-02-17T05:03:48","modified_gmt":"2021-02-17T10:03:48","slug":"vibratory-and-mass-finishing","status":"publish","type":"page","link":"https:\/\/www.duboischemicals.com\/manufacturing\/fr\/products\/industrial-cleaners\/vibratory-and-mass-finishing\/","title":{"rendered":"Vibroabrasion et grenaillage"},"content":{"rendered":"<p>DuBois propose une s\u00e9lection compl\u00e8te de m\u00e9langes de tribofinition et de finition en masse qui permettent d&rsquo;obtenir la finition de surface que vous exigez. Nos produits chimiques offrent le pouvoir lubrifiant, le nettoyage et la protection contre la corrosion n\u00e9cessaires pour maintenir la propret\u00e9 de votre \u00e9quipement et de vos supports. Les m\u00e9langes de DuBois facilitent l&rsquo;\u00e9limination des bavures, des lignes de partition, de l&rsquo;oxydation, de la rouille et du tartre. Nous proposons des produits chimiques pour de nombreux m\u00e9taux destin\u00e9s \u00e0 subir des actions vibratoires ou l\u2019action des tonneaux rotatifs et des culbuteurs. Que le traitement de finition fasse appel \u00e0 un milieu de finition ou au contact des pi\u00e8ces les unes sur les autres, DuBois a une solution sur mesure pour vous.<\/p>\n<p>Les m\u00e9taux jaunes et doux sont parmi les plus difficiles \u00e0 nettoyer tout en prot\u00e9geant et en pr\u00e9servant l&rsquo;int\u00e9grit\u00e9 du mat\u00e9riau. Nous sommes sp\u00e9cialis\u00e9s dans les produits permettant de nettoyer et de prot\u00e9ger les munitions tout en leur donnant le lustre souhait\u00e9.<\/p>\n<p>Les solutions sur mesure de DuBois comprennent les suivantes\u00a0:<\/p>\n<ul>\n<li>Produits chimiques alcalins, neutres et acides<\/li>\n<li>Options pour les m\u00e9taux ferreux, le laiton, le cuivre, l&rsquo;aluminium, l&rsquo;acier inoxydable et les m\u00e9taux jaunes<\/li>\n<li>Protection contre la corrosion apr\u00e8s traitement<\/li>\n<\/ul>\n","protected":false},"excerpt":{"rendered":"<p>DuBois propose une s\u00e9lection compl\u00e8te de m\u00e9langes de tribofinition et de finition en masse qui permettent d&rsquo;obtenir la finition de surface que vous exigez. Nos produits chimiques offrent le pouvoir lubrifiant, le nettoyage et la&#8230;<\/p>\n","protected":false},"author":220,"featured_media":9776,"parent":10707,"menu_order":3,"comment_status":"closed","ping_status":"closed","template":"template-prodinfo.php","meta":{"_acf_changed":false,"footnotes":""},"class_list":["post-9775","page","type-page","status-publish","has-post-thumbnail","hentry"],"acf":[],"yoast_head":"<!-- This site is optimized with the Yoast SEO plugin v26.8 - https:\/\/yoast.com\/product\/yoast-seo-wordpress\/ -->\n<title>Vibroabrasion et grenaillage - Manufacturing<\/title>\n<meta name=\"robots\" content=\"index, follow, max-snippet:-1, max-image-preview:large, max-video-preview:-1\" \/>\n<link rel=\"canonical\" href=\"https:\/\/www.duboischemicals.com\/manufacturing\/fr\/products\/industrial-cleaners\/vibratory-and-mass-finishing\/\" \/>\n<meta property=\"og:locale\" content=\"fr_FR\" \/>\n<meta property=\"og:type\" content=\"article\" \/>\n<meta property=\"og:title\" content=\"Vibroabrasion et grenaillage - Manufacturing\" \/>\n<meta property=\"og:description\" content=\"DuBois propose une s\u00e9lection compl\u00e8te de m\u00e9langes de tribofinition et de finition en masse qui permettent d&rsquo;obtenir la finition de surface que vous exigez. Nos produits chimiques offrent le pouvoir lubrifiant, le nettoyage et la...\" \/>\n<meta property=\"og:url\" content=\"https:\/\/www.duboischemicals.com\/manufacturing\/fr\/products\/industrial-cleaners\/vibratory-and-mass-finishing\/\" \/>\n<meta property=\"og:site_name\" content=\"Manufacturing\" \/>\n<meta property=\"article:modified_time\" content=\"2021-02-17T10:03:48+00:00\" \/>\n<meta property=\"og:image\" content=\"https:\/\/www.duboischemicals.com\/manufacturing\/wp-content\/uploads\/sites\/2\/2018\/10\/iStock-181685977-Vibratory-and-Mass-Finishing.jpg\" \/>\n\t<meta property=\"og:image:width\" content=\"454\" \/>\n\t<meta property=\"og:image:height\" content=\"450\" \/>\n\t<meta property=\"og:image:type\" content=\"image\/jpeg\" \/>\n<meta name=\"twitter:card\" content=\"summary_large_image\" \/>\n<meta name=\"twitter:label1\" content=\"Dur\u00e9e de lecture estim\u00e9e\" \/>\n\t<meta name=\"twitter:data1\" content=\"1 minute\" \/>\n<script type=\"application\/ld+json\" class=\"yoast-schema-graph\">{\"@context\":\"https:\/\/schema.org\",\"@graph\":[{\"@type\":\"WebPage\",\"@id\":\"https:\/\/www.duboischemicals.com\/manufacturing\/fr\/products\/industrial-cleaners\/vibratory-and-mass-finishing\/\",\"url\":\"https:\/\/www.duboischemicals.com\/manufacturing\/fr\/products\/industrial-cleaners\/vibratory-and-mass-finishing\/\",\"name\":\"Vibroabrasion et grenaillage - Manufacturing\",\"isPartOf\":{\"@id\":\"https:\/\/www.duboischemicals.com\/manufacturing\/fr\/#website\"},\"primaryImageOfPage\":{\"@id\":\"https:\/\/www.duboischemicals.com\/manufacturing\/fr\/products\/industrial-cleaners\/vibratory-and-mass-finishing\/#primaryimage\"},\"image\":{\"@id\":\"https:\/\/www.duboischemicals.com\/manufacturing\/fr\/products\/industrial-cleaners\/vibratory-and-mass-finishing\/#primaryimage\"},\"thumbnailUrl\":\"https:\/\/www.duboischemicals.com\/manufacturing\/wp-content\/uploads\/sites\/2\/2018\/10\/iStock-181685977-Vibratory-and-Mass-Finishing.jpg\",\"datePublished\":\"2020-11-30T17:20:09+00:00\",\"dateModified\":\"2021-02-17T10:03:48+00:00\",\"breadcrumb\":{\"@id\":\"https:\/\/www.duboischemicals.com\/manufacturing\/fr\/products\/industrial-cleaners\/vibratory-and-mass-finishing\/#breadcrumb\"},\"inLanguage\":\"fr-FR\",\"potentialAction\":[{\"@type\":\"ReadAction\",\"target\":[\"https:\/\/www.duboischemicals.com\/manufacturing\/fr\/products\/industrial-cleaners\/vibratory-and-mass-finishing\/\"]}]},{\"@type\":\"ImageObject\",\"inLanguage\":\"fr-FR\",\"@id\":\"https:\/\/www.duboischemicals.com\/manufacturing\/fr\/products\/industrial-cleaners\/vibratory-and-mass-finishing\/#primaryimage\",\"url\":\"https:\/\/www.duboischemicals.com\/manufacturing\/wp-content\/uploads\/sites\/2\/2018\/10\/iStock-181685977-Vibratory-and-Mass-Finishing.jpg\",\"contentUrl\":\"https:\/\/www.duboischemicals.com\/manufacturing\/wp-content\/uploads\/sites\/2\/2018\/10\/iStock-181685977-Vibratory-and-Mass-Finishing.jpg\",\"width\":454,\"height\":450},{\"@type\":\"BreadcrumbList\",\"@id\":\"https:\/\/www.duboischemicals.com\/manufacturing\/fr\/products\/industrial-cleaners\/vibratory-and-mass-finishing\/#breadcrumb\",\"itemListElement\":[{\"@type\":\"ListItem\",\"position\":1,\"name\":\"Home\",\"item\":\"https:\/\/www.duboischemicals.com\/manufacturing\/fr\/\"},{\"@type\":\"ListItem\",\"position\":2,\"name\":\"Produits\",\"item\":\"https:\/\/www.duboischemicals.com\/manufacturing\/fr\/products\/\"},{\"@type\":\"ListItem\",\"position\":3,\"name\":\"Nettoyants industriels\",\"item\":\"https:\/\/www.duboischemicals.com\/manufacturing\/fr\/products\/industrial-cleaners\/\"},{\"@type\":\"ListItem\",\"position\":4,\"name\":\"Vibroabrasion et grenaillage\"}]},{\"@type\":\"WebSite\",\"@id\":\"https:\/\/www.duboischemicals.com\/manufacturing\/fr\/#website\",\"url\":\"https:\/\/www.duboischemicals.com\/manufacturing\/fr\/\",\"name\":\"Manufacturing\",\"description\":\"\",\"potentialAction\":[{\"@type\":\"SearchAction\",\"target\":{\"@type\":\"EntryPoint\",\"urlTemplate\":\"https:\/\/www.duboischemicals.com\/manufacturing\/fr\/?s={search_term_string}\"},\"query-input\":{\"@type\":\"PropertyValueSpecification\",\"valueRequired\":true,\"valueName\":\"search_term_string\"}}],\"inLanguage\":\"fr-FR\"}]}<\/script>\n<!-- \/ Yoast SEO plugin. -->","yoast_head_json":{"title":"Vibroabrasion et grenaillage - Manufacturing","robots":{"index":"index","follow":"follow","max-snippet":"max-snippet:-1","max-image-preview":"max-image-preview:large","max-video-preview":"max-video-preview:-1"},"canonical":"https:\/\/www.duboischemicals.com\/manufacturing\/fr\/products\/industrial-cleaners\/vibratory-and-mass-finishing\/","og_locale":"fr_FR","og_type":"article","og_title":"Vibroabrasion et grenaillage - Manufacturing","og_description":"DuBois propose une s\u00e9lection compl\u00e8te de m\u00e9langes de tribofinition et de finition en masse qui permettent d&rsquo;obtenir la finition de surface que vous exigez. Nos produits chimiques offrent le pouvoir lubrifiant, le nettoyage et la...","og_url":"https:\/\/www.duboischemicals.com\/manufacturing\/fr\/products\/industrial-cleaners\/vibratory-and-mass-finishing\/","og_site_name":"Manufacturing","article_modified_time":"2021-02-17T10:03:48+00:00","og_image":[{"width":454,"height":450,"url":"https:\/\/www.duboischemicals.com\/manufacturing\/wp-content\/uploads\/sites\/2\/2018\/10\/iStock-181685977-Vibratory-and-Mass-Finishing.jpg","type":"image\/jpeg"}],"twitter_card":"summary_large_image","twitter_misc":{"Dur\u00e9e de lecture estim\u00e9e":"1 minute"},"schema":{"@context":"https:\/\/schema.org","@graph":[{"@type":"WebPage","@id":"https:\/\/www.duboischemicals.com\/manufacturing\/fr\/products\/industrial-cleaners\/vibratory-and-mass-finishing\/","url":"https:\/\/www.duboischemicals.com\/manufacturing\/fr\/products\/industrial-cleaners\/vibratory-and-mass-finishing\/","name":"Vibroabrasion et grenaillage - Manufacturing","isPartOf":{"@id":"https:\/\/www.duboischemicals.com\/manufacturing\/fr\/#website"},"primaryImageOfPage":{"@id":"https:\/\/www.duboischemicals.com\/manufacturing\/fr\/products\/industrial-cleaners\/vibratory-and-mass-finishing\/#primaryimage"},"image":{"@id":"https:\/\/www.duboischemicals.com\/manufacturing\/fr\/products\/industrial-cleaners\/vibratory-and-mass-finishing\/#primaryimage"},"thumbnailUrl":"https:\/\/www.duboischemicals.com\/manufacturing\/wp-content\/uploads\/sites\/2\/2018\/10\/iStock-181685977-Vibratory-and-Mass-Finishing.jpg","datePublished":"2020-11-30T17:20:09+00:00","dateModified":"2021-02-17T10:03:48+00:00","breadcrumb":{"@id":"https:\/\/www.duboischemicals.com\/manufacturing\/fr\/products\/industrial-cleaners\/vibratory-and-mass-finishing\/#breadcrumb"},"inLanguage":"fr-FR","potentialAction":[{"@type":"ReadAction","target":["https:\/\/www.duboischemicals.com\/manufacturing\/fr\/products\/industrial-cleaners\/vibratory-and-mass-finishing\/"]}]},{"@type":"ImageObject","inLanguage":"fr-FR","@id":"https:\/\/www.duboischemicals.com\/manufacturing\/fr\/products\/industrial-cleaners\/vibratory-and-mass-finishing\/#primaryimage","url":"https:\/\/www.duboischemicals.com\/manufacturing\/wp-content\/uploads\/sites\/2\/2018\/10\/iStock-181685977-Vibratory-and-Mass-Finishing.jpg","contentUrl":"https:\/\/www.duboischemicals.com\/manufacturing\/wp-content\/uploads\/sites\/2\/2018\/10\/iStock-181685977-Vibratory-and-Mass-Finishing.jpg","width":454,"height":450},{"@type":"BreadcrumbList","@id":"https:\/\/www.duboischemicals.com\/manufacturing\/fr\/products\/industrial-cleaners\/vibratory-and-mass-finishing\/#breadcrumb","itemListElement":[{"@type":"ListItem","position":1,"name":"Home","item":"https:\/\/www.duboischemicals.com\/manufacturing\/fr\/"},{"@type":"ListItem","position":2,"name":"Produits","item":"https:\/\/www.duboischemicals.com\/manufacturing\/fr\/products\/"},{"@type":"ListItem","position":3,"name":"Nettoyants industriels","item":"https:\/\/www.duboischemicals.com\/manufacturing\/fr\/products\/industrial-cleaners\/"},{"@type":"ListItem","position":4,"name":"Vibroabrasion et grenaillage"}]},{"@type":"WebSite","@id":"https:\/\/www.duboischemicals.com\/manufacturing\/fr\/#website","url":"https:\/\/www.duboischemicals.com\/manufacturing\/fr\/","name":"Manufacturing","description":"","potentialAction":[{"@type":"SearchAction","target":{"@type":"EntryPoint","urlTemplate":"https:\/\/www.duboischemicals.com\/manufacturing\/fr\/?s={search_term_string}"},"query-input":{"@type":"PropertyValueSpecification","valueRequired":true,"valueName":"search_term_string"}}],"inLanguage":"fr-FR"}]}},"_links":{"self":[{"href":"https:\/\/www.duboischemicals.com\/manufacturing\/fr\/wp-json\/wp\/v2\/pages\/9775","targetHints":{"allow":["GET"]}}],"collection":[{"href":"https:\/\/www.duboischemicals.com\/manufacturing\/fr\/wp-json\/wp\/v2\/pages"}],"about":[{"href":"https:\/\/www.duboischemicals.com\/manufacturing\/fr\/wp-json\/wp\/v2\/types\/page"}],"author":[{"embeddable":true,"href":"https:\/\/www.duboischemicals.com\/manufacturing\/fr\/wp-json\/wp\/v2\/users\/220"}],"replies":[{"embeddable":true,"href":"https:\/\/www.duboischemicals.com\/manufacturing\/fr\/wp-json\/wp\/v2\/comments?post=9775"}],"version-history":[{"count":3,"href":"https:\/\/www.duboischemicals.com\/manufacturing\/fr\/wp-json\/wp\/v2\/pages\/9775\/revisions"}],"predecessor-version":[{"id":11512,"href":"https:\/\/www.duboischemicals.com\/manufacturing\/fr\/wp-json\/wp\/v2\/pages\/9775\/revisions\/11512"}],"up":[{"embeddable":true,"href":"https:\/\/www.duboischemicals.com\/manufacturing\/fr\/wp-json\/wp\/v2\/pages\/10707"}],"wp:featuredmedia":[{"embeddable":true,"href":"https:\/\/www.duboischemicals.com\/manufacturing\/fr\/wp-json\/wp\/v2\/media\/9776"}],"wp:attachment":[{"href":"https:\/\/www.duboischemicals.com\/manufacturing\/fr\/wp-json\/wp\/v2\/media?parent=9775"}],"curies":[{"name":"wp","href":"https:\/\/api.w.org\/{rel}","templated":true}]}}