{"id":9778,"date":"2020-11-30T12:20:09","date_gmt":"2020-11-30T17:20:09","guid":{"rendered":"https:\/\/www.duboischemicals.com\/\/manufacturing\/in-process-protection\/"},"modified":"2021-02-17T05:04:04","modified_gmt":"2021-02-17T10:04:04","slug":"in-process-protection","status":"publish","type":"page","link":"https:\/\/www.duboischemicals.com\/manufacturing\/fr\/products\/rust-preventives\/in-process-protection\/","title":{"rendered":"Protection en cours de fabrication"},"content":{"rendered":"<p>Souvent, lors du nettoyage et du rev\u00eatement des mat\u00e9riaux, il peut s&rsquo;\u00e9couler beaucoup de temps entre les diff\u00e9rentes \u00e9tapes du processus. Lorsque la pi\u00e8ce est nettoy\u00e9e avec une surface active, elle est beaucoup plus sensible \u00e0 la rouille et \u00e0 la corrosion. DuBois propose une gamme \u00e9tendue de produits antirouille \u00e0 base synth\u00e9tique pour la protection contre la rouille en cours de fabrication, ainsi que pour le stockage en int\u00e9rieur \u00e0 court ou \u00e0 moyen terme. Cette gamme de produits, qui laisse un film sec au toucher, peut \u00eatre appliqu\u00e9e en immersion, en pulv\u00e9risation ou en enrobage \u00e0 d\u00e9bit continu.<\/p>\n<p>DuBois offre de multiples options et avantages pour la protection contre la rouille en cours de fabrication, notamment les suivantes\u00a0:<\/p>\n<ul>\n<li>Protection des m\u00e9taux ferreux, non ferreux et en poudre<\/li>\n<li>Options \u00e0 base de borate, de carboxylate, de carbonate et de nitrite d&rsquo;amine<\/li>\n<li>Nettoyage en cours de processus\/solutions de scellage final<\/li>\n<\/ul>\n","protected":false},"excerpt":{"rendered":"<p>Souvent, lors du nettoyage et du rev\u00eatement des mat\u00e9riaux, il peut s&rsquo;\u00e9couler beaucoup de temps entre les diff\u00e9rentes \u00e9tapes du processus. Lorsque la pi\u00e8ce est nettoy\u00e9e avec une surface active, elle est beaucoup plus sensible&#8230;<\/p>\n","protected":false},"author":220,"featured_media":9779,"parent":10718,"menu_order":1,"comment_status":"closed","ping_status":"closed","template":"template-prodinfo.php","meta":{"_acf_changed":false,"footnotes":""},"class_list":["post-9778","page","type-page","status-publish","has-post-thumbnail","hentry"],"acf":[],"yoast_head":"<!-- This site is optimized with the Yoast SEO plugin v26.8 - https:\/\/yoast.com\/product\/yoast-seo-wordpress\/ -->\n<title>Protection en cours de fabrication - Manufacturing<\/title>\n<meta name=\"robots\" content=\"index, follow, max-snippet:-1, max-image-preview:large, max-video-preview:-1\" \/>\n<link rel=\"canonical\" href=\"https:\/\/www.duboischemicals.com\/manufacturing\/fr\/products\/rust-preventives\/in-process-protection\/\" \/>\n<meta property=\"og:locale\" content=\"fr_FR\" \/>\n<meta property=\"og:type\" content=\"article\" \/>\n<meta property=\"og:title\" content=\"Protection en cours de fabrication - Manufacturing\" \/>\n<meta property=\"og:description\" content=\"Souvent, lors du nettoyage et du rev\u00eatement des mat\u00e9riaux, il peut s&rsquo;\u00e9couler beaucoup de temps entre les diff\u00e9rentes \u00e9tapes du processus. Lorsque la pi\u00e8ce est nettoy\u00e9e avec une surface active, elle est beaucoup plus sensible...\" \/>\n<meta property=\"og:url\" content=\"https:\/\/www.duboischemicals.com\/manufacturing\/fr\/products\/rust-preventives\/in-process-protection\/\" \/>\n<meta property=\"og:site_name\" content=\"Manufacturing\" \/>\n<meta property=\"article:modified_time\" content=\"2021-02-17T10:04:04+00:00\" \/>\n<meta property=\"og:image\" content=\"https:\/\/www.duboischemicals.com\/manufacturing\/wp-content\/uploads\/sites\/2\/2018\/10\/iStock_000017073416S-Rust-Preventatives2.jpg\" \/>\n\t<meta property=\"og:image:width\" content=\"454\" \/>\n\t<meta property=\"og:image:height\" content=\"450\" \/>\n\t<meta property=\"og:image:type\" content=\"image\/jpeg\" \/>\n<meta name=\"twitter:card\" content=\"summary_large_image\" \/>\n<meta name=\"twitter:label1\" content=\"Dur\u00e9e de lecture estim\u00e9e\" \/>\n\t<meta name=\"twitter:data1\" content=\"1 minute\" \/>\n<script type=\"application\/ld+json\" class=\"yoast-schema-graph\">{\"@context\":\"https:\/\/schema.org\",\"@graph\":[{\"@type\":\"WebPage\",\"@id\":\"https:\/\/www.duboischemicals.com\/manufacturing\/fr\/products\/rust-preventives\/in-process-protection\/\",\"url\":\"https:\/\/www.duboischemicals.com\/manufacturing\/fr\/products\/rust-preventives\/in-process-protection\/\",\"name\":\"Protection en cours de fabrication - Manufacturing\",\"isPartOf\":{\"@id\":\"https:\/\/www.duboischemicals.com\/manufacturing\/fr\/#website\"},\"primaryImageOfPage\":{\"@id\":\"https:\/\/www.duboischemicals.com\/manufacturing\/fr\/products\/rust-preventives\/in-process-protection\/#primaryimage\"},\"image\":{\"@id\":\"https:\/\/www.duboischemicals.com\/manufacturing\/fr\/products\/rust-preventives\/in-process-protection\/#primaryimage\"},\"thumbnailUrl\":\"https:\/\/www.duboischemicals.com\/manufacturing\/wp-content\/uploads\/sites\/2\/2018\/10\/iStock_000017073416S-Rust-Preventatives2.jpg\",\"datePublished\":\"2020-11-30T17:20:09+00:00\",\"dateModified\":\"2021-02-17T10:04:04+00:00\",\"breadcrumb\":{\"@id\":\"https:\/\/www.duboischemicals.com\/manufacturing\/fr\/products\/rust-preventives\/in-process-protection\/#breadcrumb\"},\"inLanguage\":\"fr-FR\",\"potentialAction\":[{\"@type\":\"ReadAction\",\"target\":[\"https:\/\/www.duboischemicals.com\/manufacturing\/fr\/products\/rust-preventives\/in-process-protection\/\"]}]},{\"@type\":\"ImageObject\",\"inLanguage\":\"fr-FR\",\"@id\":\"https:\/\/www.duboischemicals.com\/manufacturing\/fr\/products\/rust-preventives\/in-process-protection\/#primaryimage\",\"url\":\"https:\/\/www.duboischemicals.com\/manufacturing\/wp-content\/uploads\/sites\/2\/2018\/10\/iStock_000017073416S-Rust-Preventatives2.jpg\",\"contentUrl\":\"https:\/\/www.duboischemicals.com\/manufacturing\/wp-content\/uploads\/sites\/2\/2018\/10\/iStock_000017073416S-Rust-Preventatives2.jpg\",\"width\":454,\"height\":450},{\"@type\":\"BreadcrumbList\",\"@id\":\"https:\/\/www.duboischemicals.com\/manufacturing\/fr\/products\/rust-preventives\/in-process-protection\/#breadcrumb\",\"itemListElement\":[{\"@type\":\"ListItem\",\"position\":1,\"name\":\"Home\",\"item\":\"https:\/\/www.duboischemicals.com\/manufacturing\/fr\/\"},{\"@type\":\"ListItem\",\"position\":2,\"name\":\"Produits\",\"item\":\"https:\/\/www.duboischemicals.com\/manufacturing\/fr\/products\/\"},{\"@type\":\"ListItem\",\"position\":3,\"name\":\"Antirouilles\",\"item\":\"https:\/\/www.duboischemicals.com\/manufacturing\/fr\/products\/rust-preventives\/\"},{\"@type\":\"ListItem\",\"position\":4,\"name\":\"Protection en cours de fabrication\"}]},{\"@type\":\"WebSite\",\"@id\":\"https:\/\/www.duboischemicals.com\/manufacturing\/fr\/#website\",\"url\":\"https:\/\/www.duboischemicals.com\/manufacturing\/fr\/\",\"name\":\"Manufacturing\",\"description\":\"\",\"potentialAction\":[{\"@type\":\"SearchAction\",\"target\":{\"@type\":\"EntryPoint\",\"urlTemplate\":\"https:\/\/www.duboischemicals.com\/manufacturing\/fr\/?s={search_term_string}\"},\"query-input\":{\"@type\":\"PropertyValueSpecification\",\"valueRequired\":true,\"valueName\":\"search_term_string\"}}],\"inLanguage\":\"fr-FR\"}]}<\/script>\n<!-- \/ Yoast SEO plugin. -->","yoast_head_json":{"title":"Protection en cours de fabrication - Manufacturing","robots":{"index":"index","follow":"follow","max-snippet":"max-snippet:-1","max-image-preview":"max-image-preview:large","max-video-preview":"max-video-preview:-1"},"canonical":"https:\/\/www.duboischemicals.com\/manufacturing\/fr\/products\/rust-preventives\/in-process-protection\/","og_locale":"fr_FR","og_type":"article","og_title":"Protection en cours de fabrication - Manufacturing","og_description":"Souvent, lors du nettoyage et du rev\u00eatement des mat\u00e9riaux, il peut s&rsquo;\u00e9couler beaucoup de temps entre les diff\u00e9rentes \u00e9tapes du processus. Lorsque la pi\u00e8ce est nettoy\u00e9e avec une surface active, elle est beaucoup plus sensible...","og_url":"https:\/\/www.duboischemicals.com\/manufacturing\/fr\/products\/rust-preventives\/in-process-protection\/","og_site_name":"Manufacturing","article_modified_time":"2021-02-17T10:04:04+00:00","og_image":[{"width":454,"height":450,"url":"https:\/\/www.duboischemicals.com\/manufacturing\/wp-content\/uploads\/sites\/2\/2018\/10\/iStock_000017073416S-Rust-Preventatives2.jpg","type":"image\/jpeg"}],"twitter_card":"summary_large_image","twitter_misc":{"Dur\u00e9e de lecture estim\u00e9e":"1 minute"},"schema":{"@context":"https:\/\/schema.org","@graph":[{"@type":"WebPage","@id":"https:\/\/www.duboischemicals.com\/manufacturing\/fr\/products\/rust-preventives\/in-process-protection\/","url":"https:\/\/www.duboischemicals.com\/manufacturing\/fr\/products\/rust-preventives\/in-process-protection\/","name":"Protection en cours de fabrication - Manufacturing","isPartOf":{"@id":"https:\/\/www.duboischemicals.com\/manufacturing\/fr\/#website"},"primaryImageOfPage":{"@id":"https:\/\/www.duboischemicals.com\/manufacturing\/fr\/products\/rust-preventives\/in-process-protection\/#primaryimage"},"image":{"@id":"https:\/\/www.duboischemicals.com\/manufacturing\/fr\/products\/rust-preventives\/in-process-protection\/#primaryimage"},"thumbnailUrl":"https:\/\/www.duboischemicals.com\/manufacturing\/wp-content\/uploads\/sites\/2\/2018\/10\/iStock_000017073416S-Rust-Preventatives2.jpg","datePublished":"2020-11-30T17:20:09+00:00","dateModified":"2021-02-17T10:04:04+00:00","breadcrumb":{"@id":"https:\/\/www.duboischemicals.com\/manufacturing\/fr\/products\/rust-preventives\/in-process-protection\/#breadcrumb"},"inLanguage":"fr-FR","potentialAction":[{"@type":"ReadAction","target":["https:\/\/www.duboischemicals.com\/manufacturing\/fr\/products\/rust-preventives\/in-process-protection\/"]}]},{"@type":"ImageObject","inLanguage":"fr-FR","@id":"https:\/\/www.duboischemicals.com\/manufacturing\/fr\/products\/rust-preventives\/in-process-protection\/#primaryimage","url":"https:\/\/www.duboischemicals.com\/manufacturing\/wp-content\/uploads\/sites\/2\/2018\/10\/iStock_000017073416S-Rust-Preventatives2.jpg","contentUrl":"https:\/\/www.duboischemicals.com\/manufacturing\/wp-content\/uploads\/sites\/2\/2018\/10\/iStock_000017073416S-Rust-Preventatives2.jpg","width":454,"height":450},{"@type":"BreadcrumbList","@id":"https:\/\/www.duboischemicals.com\/manufacturing\/fr\/products\/rust-preventives\/in-process-protection\/#breadcrumb","itemListElement":[{"@type":"ListItem","position":1,"name":"Home","item":"https:\/\/www.duboischemicals.com\/manufacturing\/fr\/"},{"@type":"ListItem","position":2,"name":"Produits","item":"https:\/\/www.duboischemicals.com\/manufacturing\/fr\/products\/"},{"@type":"ListItem","position":3,"name":"Antirouilles","item":"https:\/\/www.duboischemicals.com\/manufacturing\/fr\/products\/rust-preventives\/"},{"@type":"ListItem","position":4,"name":"Protection en cours de fabrication"}]},{"@type":"WebSite","@id":"https:\/\/www.duboischemicals.com\/manufacturing\/fr\/#website","url":"https:\/\/www.duboischemicals.com\/manufacturing\/fr\/","name":"Manufacturing","description":"","potentialAction":[{"@type":"SearchAction","target":{"@type":"EntryPoint","urlTemplate":"https:\/\/www.duboischemicals.com\/manufacturing\/fr\/?s={search_term_string}"},"query-input":{"@type":"PropertyValueSpecification","valueRequired":true,"valueName":"search_term_string"}}],"inLanguage":"fr-FR"}]}},"_links":{"self":[{"href":"https:\/\/www.duboischemicals.com\/manufacturing\/fr\/wp-json\/wp\/v2\/pages\/9778","targetHints":{"allow":["GET"]}}],"collection":[{"href":"https:\/\/www.duboischemicals.com\/manufacturing\/fr\/wp-json\/wp\/v2\/pages"}],"about":[{"href":"https:\/\/www.duboischemicals.com\/manufacturing\/fr\/wp-json\/wp\/v2\/types\/page"}],"author":[{"embeddable":true,"href":"https:\/\/www.duboischemicals.com\/manufacturing\/fr\/wp-json\/wp\/v2\/users\/220"}],"replies":[{"embeddable":true,"href":"https:\/\/www.duboischemicals.com\/manufacturing\/fr\/wp-json\/wp\/v2\/comments?post=9778"}],"version-history":[{"count":3,"href":"https:\/\/www.duboischemicals.com\/manufacturing\/fr\/wp-json\/wp\/v2\/pages\/9778\/revisions"}],"predecessor-version":[{"id":11535,"href":"https:\/\/www.duboischemicals.com\/manufacturing\/fr\/wp-json\/wp\/v2\/pages\/9778\/revisions\/11535"}],"up":[{"embeddable":true,"href":"https:\/\/www.duboischemicals.com\/manufacturing\/fr\/wp-json\/wp\/v2\/pages\/10718"}],"wp:featuredmedia":[{"embeddable":true,"href":"https:\/\/www.duboischemicals.com\/manufacturing\/fr\/wp-json\/wp\/v2\/media\/9779"}],"wp:attachment":[{"href":"https:\/\/www.duboischemicals.com\/manufacturing\/fr\/wp-json\/wp\/v2\/media?parent=9778"}],"curies":[{"name":"wp","href":"https:\/\/api.w.org\/{rel}","templated":true}]}}