{"id":9781,"date":"2020-11-30T12:20:10","date_gmt":"2020-11-30T17:20:10","guid":{"rendered":"https:\/\/www.duboischemicals.com\/\/manufacturing\/indoor-protection\/"},"modified":"2021-02-17T05:04:26","modified_gmt":"2021-02-17T10:04:26","slug":"indoor-protection","status":"publish","type":"page","link":"https:\/\/www.duboischemicals.com\/manufacturing\/fr\/products\/rust-preventives\/indoor-protection\/","title":{"rendered":"Protection \u00e0 l\u2019int\u00e9rieur"},"content":{"rendered":"<p>Souvent, apr\u00e8s que vos pi\u00e8ces ont \u00e9t\u00e9 trait\u00e9es, il peut s&rsquo;\u00e9couler un certain temps avant qu&rsquo;elles ne soient vendues ou d\u00e9plac\u00e9es. Ces pi\u00e8ces sont sensibles aux effets de l&rsquo;environnement de votre usine ou de votre entrep\u00f4t, ce qui pourrait provoquer la corrosion de ces pi\u00e8ces avant qu&rsquo;elles n&rsquo;arrivent \u00e0 leur utilisateur final. DuBois propose de nombreuses solutions pour prot\u00e9ger vos pi\u00e8ces lorsqu&rsquo;elles sont stock\u00e9es \u00e0 l&rsquo;int\u00e9rieur. DuBois fournit une gamme compl\u00e8te de produits chimiques qui prot\u00e8gent votre m\u00e9tal, que ce soit pendant une semaine ou une ann\u00e9e compl\u00e8te dans des conditions de stockage humides. Nos \u00e9mulsions diluables peuvent fournir une l\u00e9g\u00e8re couche d&rsquo;huile pour une protection int\u00e9rieure \u00e0 moyen terme, tandis que nos antirouilles \u00e0 base de solvant peuvent fournir une protection int\u00e9rieure \u00e0 long terme tout en laissant un rev\u00eatement sec au toucher sur la surface de votre pi\u00e8ce.<\/p>\n<p>DuBois propose les solutions suivantes pour vos besoins de stockage en int\u00e9rieur :<\/p>\n<ul>\n<li>Des antirouilles synth\u00e9tiques secs au toucher pour un stockage \u00e0 court ou \u00e0 moyen terme.<\/li>\n<li>Des \u00e9mulsions d\u2019huiles solubles qui laissent une l\u00e9g\u00e8re couche d\u2019huile \u00e0 la surface de la pi\u00e8ce pour un stockage \u00e0 court ou \u00e0 moyen terme en int\u00e9rieur.<\/li>\n<li>Des antirouilles \u00e0 base de solvants secs au toucher qui permettent un stockage \u00e0 moyen ou \u00e0 long terme en int\u00e9rieur.<\/li>\n<li>Des \u00e9mulsions de cire \u00e0 faible teneur en COV et \u00e0 point d&rsquo;\u00e9clair \u00e9lev\u00e9 qui laissent un rev\u00eatement sec et non collant sur la surface de la pi\u00e8ce.<\/li>\n<li>Des \u00e9mulsions huile-eau qui forment un film sur la pi\u00e8ce pour un stockage int\u00e9rieur \u00e0 moyen ou \u00e0 long terme.<\/li>\n<\/ul>\n","protected":false},"excerpt":{"rendered":"<p>Souvent, apr\u00e8s que vos pi\u00e8ces ont \u00e9t\u00e9 trait\u00e9es, il peut s&rsquo;\u00e9couler un certain temps avant qu&rsquo;elles ne soient vendues ou d\u00e9plac\u00e9es. Ces pi\u00e8ces sont sensibles aux effets de l&rsquo;environnement de votre usine ou de votre&#8230;<\/p>\n","protected":false},"author":220,"featured_media":9782,"parent":10718,"menu_order":2,"comment_status":"closed","ping_status":"closed","template":"template-prodinfo.php","meta":{"_acf_changed":false,"footnotes":""},"class_list":["post-9781","page","type-page","status-publish","has-post-thumbnail","hentry"],"acf":[],"yoast_head":"<!-- This site is optimized with the Yoast SEO plugin v26.8 - https:\/\/yoast.com\/product\/yoast-seo-wordpress\/ -->\n<title>Protection \u00e0 l\u2019int\u00e9rieur - Manufacturing<\/title>\n<meta name=\"robots\" content=\"index, follow, max-snippet:-1, max-image-preview:large, max-video-preview:-1\" \/>\n<link rel=\"canonical\" href=\"https:\/\/www.duboischemicals.com\/manufacturing\/fr\/products\/rust-preventives\/indoor-protection\/\" \/>\n<meta property=\"og:locale\" content=\"fr_FR\" \/>\n<meta property=\"og:type\" content=\"article\" \/>\n<meta property=\"og:title\" content=\"Protection \u00e0 l\u2019int\u00e9rieur - Manufacturing\" \/>\n<meta property=\"og:description\" content=\"Souvent, apr\u00e8s que vos pi\u00e8ces ont \u00e9t\u00e9 trait\u00e9es, il peut s&rsquo;\u00e9couler un certain temps avant qu&rsquo;elles ne soient vendues ou d\u00e9plac\u00e9es. Ces pi\u00e8ces sont sensibles aux effets de l&rsquo;environnement de votre usine ou de votre...\" \/>\n<meta property=\"og:url\" content=\"https:\/\/www.duboischemicals.com\/manufacturing\/fr\/products\/rust-preventives\/indoor-protection\/\" \/>\n<meta property=\"og:site_name\" content=\"Manufacturing\" \/>\n<meta property=\"article:modified_time\" content=\"2021-02-17T10:04:26+00:00\" \/>\n<meta property=\"og:image\" content=\"https:\/\/www.duboischemicals.com\/manufacturing\/wp-content\/uploads\/sites\/2\/2018\/10\/iStock-510150376.jpg\" \/>\n\t<meta property=\"og:image:width\" content=\"454\" \/>\n\t<meta property=\"og:image:height\" content=\"450\" \/>\n\t<meta property=\"og:image:type\" content=\"image\/jpeg\" \/>\n<meta name=\"twitter:card\" content=\"summary_large_image\" \/>\n<meta name=\"twitter:label1\" content=\"Dur\u00e9e de lecture estim\u00e9e\" \/>\n\t<meta name=\"twitter:data1\" content=\"1 minute\" \/>\n<script type=\"application\/ld+json\" class=\"yoast-schema-graph\">{\"@context\":\"https:\/\/schema.org\",\"@graph\":[{\"@type\":\"WebPage\",\"@id\":\"https:\/\/www.duboischemicals.com\/manufacturing\/fr\/products\/rust-preventives\/indoor-protection\/\",\"url\":\"https:\/\/www.duboischemicals.com\/manufacturing\/fr\/products\/rust-preventives\/indoor-protection\/\",\"name\":\"Protection \u00e0 l\u2019int\u00e9rieur - Manufacturing\",\"isPartOf\":{\"@id\":\"https:\/\/www.duboischemicals.com\/manufacturing\/fr\/#website\"},\"primaryImageOfPage\":{\"@id\":\"https:\/\/www.duboischemicals.com\/manufacturing\/fr\/products\/rust-preventives\/indoor-protection\/#primaryimage\"},\"image\":{\"@id\":\"https:\/\/www.duboischemicals.com\/manufacturing\/fr\/products\/rust-preventives\/indoor-protection\/#primaryimage\"},\"thumbnailUrl\":\"https:\/\/www.duboischemicals.com\/manufacturing\/wp-content\/uploads\/sites\/2\/2018\/10\/iStock-510150376.jpg\",\"datePublished\":\"2020-11-30T17:20:10+00:00\",\"dateModified\":\"2021-02-17T10:04:26+00:00\",\"breadcrumb\":{\"@id\":\"https:\/\/www.duboischemicals.com\/manufacturing\/fr\/products\/rust-preventives\/indoor-protection\/#breadcrumb\"},\"inLanguage\":\"fr-FR\",\"potentialAction\":[{\"@type\":\"ReadAction\",\"target\":[\"https:\/\/www.duboischemicals.com\/manufacturing\/fr\/products\/rust-preventives\/indoor-protection\/\"]}]},{\"@type\":\"ImageObject\",\"inLanguage\":\"fr-FR\",\"@id\":\"https:\/\/www.duboischemicals.com\/manufacturing\/fr\/products\/rust-preventives\/indoor-protection\/#primaryimage\",\"url\":\"https:\/\/www.duboischemicals.com\/manufacturing\/wp-content\/uploads\/sites\/2\/2018\/10\/iStock-510150376.jpg\",\"contentUrl\":\"https:\/\/www.duboischemicals.com\/manufacturing\/wp-content\/uploads\/sites\/2\/2018\/10\/iStock-510150376.jpg\",\"width\":454,\"height\":450},{\"@type\":\"BreadcrumbList\",\"@id\":\"https:\/\/www.duboischemicals.com\/manufacturing\/fr\/products\/rust-preventives\/indoor-protection\/#breadcrumb\",\"itemListElement\":[{\"@type\":\"ListItem\",\"position\":1,\"name\":\"Home\",\"item\":\"https:\/\/www.duboischemicals.com\/manufacturing\/fr\/\"},{\"@type\":\"ListItem\",\"position\":2,\"name\":\"Produits\",\"item\":\"https:\/\/www.duboischemicals.com\/manufacturing\/fr\/products\/\"},{\"@type\":\"ListItem\",\"position\":3,\"name\":\"Antirouilles\",\"item\":\"https:\/\/www.duboischemicals.com\/manufacturing\/fr\/products\/rust-preventives\/\"},{\"@type\":\"ListItem\",\"position\":4,\"name\":\"Protection \u00e0 l\u2019int\u00e9rieur\"}]},{\"@type\":\"WebSite\",\"@id\":\"https:\/\/www.duboischemicals.com\/manufacturing\/fr\/#website\",\"url\":\"https:\/\/www.duboischemicals.com\/manufacturing\/fr\/\",\"name\":\"Manufacturing\",\"description\":\"\",\"potentialAction\":[{\"@type\":\"SearchAction\",\"target\":{\"@type\":\"EntryPoint\",\"urlTemplate\":\"https:\/\/www.duboischemicals.com\/manufacturing\/fr\/?s={search_term_string}\"},\"query-input\":{\"@type\":\"PropertyValueSpecification\",\"valueRequired\":true,\"valueName\":\"search_term_string\"}}],\"inLanguage\":\"fr-FR\"}]}<\/script>\n<!-- \/ Yoast SEO plugin. -->","yoast_head_json":{"title":"Protection \u00e0 l\u2019int\u00e9rieur - Manufacturing","robots":{"index":"index","follow":"follow","max-snippet":"max-snippet:-1","max-image-preview":"max-image-preview:large","max-video-preview":"max-video-preview:-1"},"canonical":"https:\/\/www.duboischemicals.com\/manufacturing\/fr\/products\/rust-preventives\/indoor-protection\/","og_locale":"fr_FR","og_type":"article","og_title":"Protection \u00e0 l\u2019int\u00e9rieur - Manufacturing","og_description":"Souvent, apr\u00e8s que vos pi\u00e8ces ont \u00e9t\u00e9 trait\u00e9es, il peut s&rsquo;\u00e9couler un certain temps avant qu&rsquo;elles ne soient vendues ou d\u00e9plac\u00e9es. Ces pi\u00e8ces sont sensibles aux effets de l&rsquo;environnement de votre usine ou de votre...","og_url":"https:\/\/www.duboischemicals.com\/manufacturing\/fr\/products\/rust-preventives\/indoor-protection\/","og_site_name":"Manufacturing","article_modified_time":"2021-02-17T10:04:26+00:00","og_image":[{"width":454,"height":450,"url":"https:\/\/www.duboischemicals.com\/manufacturing\/wp-content\/uploads\/sites\/2\/2018\/10\/iStock-510150376.jpg","type":"image\/jpeg"}],"twitter_card":"summary_large_image","twitter_misc":{"Dur\u00e9e de lecture estim\u00e9e":"1 minute"},"schema":{"@context":"https:\/\/schema.org","@graph":[{"@type":"WebPage","@id":"https:\/\/www.duboischemicals.com\/manufacturing\/fr\/products\/rust-preventives\/indoor-protection\/","url":"https:\/\/www.duboischemicals.com\/manufacturing\/fr\/products\/rust-preventives\/indoor-protection\/","name":"Protection \u00e0 l\u2019int\u00e9rieur - Manufacturing","isPartOf":{"@id":"https:\/\/www.duboischemicals.com\/manufacturing\/fr\/#website"},"primaryImageOfPage":{"@id":"https:\/\/www.duboischemicals.com\/manufacturing\/fr\/products\/rust-preventives\/indoor-protection\/#primaryimage"},"image":{"@id":"https:\/\/www.duboischemicals.com\/manufacturing\/fr\/products\/rust-preventives\/indoor-protection\/#primaryimage"},"thumbnailUrl":"https:\/\/www.duboischemicals.com\/manufacturing\/wp-content\/uploads\/sites\/2\/2018\/10\/iStock-510150376.jpg","datePublished":"2020-11-30T17:20:10+00:00","dateModified":"2021-02-17T10:04:26+00:00","breadcrumb":{"@id":"https:\/\/www.duboischemicals.com\/manufacturing\/fr\/products\/rust-preventives\/indoor-protection\/#breadcrumb"},"inLanguage":"fr-FR","potentialAction":[{"@type":"ReadAction","target":["https:\/\/www.duboischemicals.com\/manufacturing\/fr\/products\/rust-preventives\/indoor-protection\/"]}]},{"@type":"ImageObject","inLanguage":"fr-FR","@id":"https:\/\/www.duboischemicals.com\/manufacturing\/fr\/products\/rust-preventives\/indoor-protection\/#primaryimage","url":"https:\/\/www.duboischemicals.com\/manufacturing\/wp-content\/uploads\/sites\/2\/2018\/10\/iStock-510150376.jpg","contentUrl":"https:\/\/www.duboischemicals.com\/manufacturing\/wp-content\/uploads\/sites\/2\/2018\/10\/iStock-510150376.jpg","width":454,"height":450},{"@type":"BreadcrumbList","@id":"https:\/\/www.duboischemicals.com\/manufacturing\/fr\/products\/rust-preventives\/indoor-protection\/#breadcrumb","itemListElement":[{"@type":"ListItem","position":1,"name":"Home","item":"https:\/\/www.duboischemicals.com\/manufacturing\/fr\/"},{"@type":"ListItem","position":2,"name":"Produits","item":"https:\/\/www.duboischemicals.com\/manufacturing\/fr\/products\/"},{"@type":"ListItem","position":3,"name":"Antirouilles","item":"https:\/\/www.duboischemicals.com\/manufacturing\/fr\/products\/rust-preventives\/"},{"@type":"ListItem","position":4,"name":"Protection \u00e0 l\u2019int\u00e9rieur"}]},{"@type":"WebSite","@id":"https:\/\/www.duboischemicals.com\/manufacturing\/fr\/#website","url":"https:\/\/www.duboischemicals.com\/manufacturing\/fr\/","name":"Manufacturing","description":"","potentialAction":[{"@type":"SearchAction","target":{"@type":"EntryPoint","urlTemplate":"https:\/\/www.duboischemicals.com\/manufacturing\/fr\/?s={search_term_string}"},"query-input":{"@type":"PropertyValueSpecification","valueRequired":true,"valueName":"search_term_string"}}],"inLanguage":"fr-FR"}]}},"_links":{"self":[{"href":"https:\/\/www.duboischemicals.com\/manufacturing\/fr\/wp-json\/wp\/v2\/pages\/9781","targetHints":{"allow":["GET"]}}],"collection":[{"href":"https:\/\/www.duboischemicals.com\/manufacturing\/fr\/wp-json\/wp\/v2\/pages"}],"about":[{"href":"https:\/\/www.duboischemicals.com\/manufacturing\/fr\/wp-json\/wp\/v2\/types\/page"}],"author":[{"embeddable":true,"href":"https:\/\/www.duboischemicals.com\/manufacturing\/fr\/wp-json\/wp\/v2\/users\/220"}],"replies":[{"embeddable":true,"href":"https:\/\/www.duboischemicals.com\/manufacturing\/fr\/wp-json\/wp\/v2\/comments?post=9781"}],"version-history":[{"count":3,"href":"https:\/\/www.duboischemicals.com\/manufacturing\/fr\/wp-json\/wp\/v2\/pages\/9781\/revisions"}],"predecessor-version":[{"id":11587,"href":"https:\/\/www.duboischemicals.com\/manufacturing\/fr\/wp-json\/wp\/v2\/pages\/9781\/revisions\/11587"}],"up":[{"embeddable":true,"href":"https:\/\/www.duboischemicals.com\/manufacturing\/fr\/wp-json\/wp\/v2\/pages\/10718"}],"wp:featuredmedia":[{"embeddable":true,"href":"https:\/\/www.duboischemicals.com\/manufacturing\/fr\/wp-json\/wp\/v2\/media\/9782"}],"wp:attachment":[{"href":"https:\/\/www.duboischemicals.com\/manufacturing\/fr\/wp-json\/wp\/v2\/media?parent=9781"}],"curies":[{"name":"wp","href":"https:\/\/api.w.org\/{rel}","templated":true}]}}