{"id":9784,"date":"2020-11-30T12:20:10","date_gmt":"2020-11-30T17:20:10","guid":{"rendered":"https:\/\/www.duboischemicals.com\/\/manufacturing\/outdoor-storage-and-shipping\/"},"modified":"2021-02-17T05:04:20","modified_gmt":"2021-02-17T10:04:20","slug":"outdoor-storage-and-shipping","status":"publish","type":"page","link":"https:\/\/www.duboischemicals.com\/manufacturing\/fr\/products\/rust-preventives\/outdoor-storage-and-shipping\/","title":{"rendered":"Stockage ext\u00e9rieur et exp\u00e9dition"},"content":{"rendered":"<p>Toutes les marchandises ne peuvent pas \u00eatre stock\u00e9es \u00e0 l&rsquo;int\u00e9rieur, surtout si elles sont tr\u00e8s grandes ou si elles doivent \u00eatre transport\u00e9es prochainement. C&rsquo;est dans ces zones que le m\u00e9tal peut \u00eatre expos\u00e9 \u00e0 des environnements tr\u00e8s humides et corrosifs qui d\u00e9gradent vos pi\u00e8ces. Vous avez besoin d&rsquo;un produit antirouille de qualit\u00e9 qui garantisse que votre pi\u00e8ce arrive chez votre client dans le m\u00eame \u00e9tat qu&rsquo;elle a quitt\u00e9 votre \u00e9tablissement. DuBois a des produits qui peuvent assurer une protection contre les environnements les plus rudes, avec des rev\u00eatements qui durent 56\u00a0heures en brouillard salin et 90\u00a0jours en test d&rsquo;humidit\u00e9. Ces produits chimiques produisent une couche protectrice durable sur vos pi\u00e8ces, qui assure leur protection contre la rouille pendant le stockage et sur la route.<\/p>\n<p>DuBois propose les solutions suivantes pour vos besoins de stockage et d&rsquo;exp\u00e9dition \u00e0 l&rsquo;ext\u00e9rieur\u00a0:<\/p>\n<ul>\n<li>Des \u00e9mulsions huile-eau qui forment un film sur la pi\u00e8ce pour un stockage ext\u00e9rieur \u00e0 court terme.<\/li>\n<li>Des antirouilles \u00e0 base de solvants secs au toucher qui permettent un stockage \u00e0 moyen terme en ext\u00e9rieur.<\/li>\n<\/ul>\n","protected":false},"excerpt":{"rendered":"<p>Toutes les marchandises ne peuvent pas \u00eatre stock\u00e9es \u00e0 l&rsquo;int\u00e9rieur, surtout si elles sont tr\u00e8s grandes ou si elles doivent \u00eatre transport\u00e9es prochainement. C&rsquo;est dans ces zones que le m\u00e9tal peut \u00eatre expos\u00e9 \u00e0 des&#8230;<\/p>\n","protected":false},"author":220,"featured_media":9785,"parent":10718,"menu_order":3,"comment_status":"closed","ping_status":"closed","template":"template-prodinfo.php","meta":{"_acf_changed":false,"footnotes":""},"class_list":["post-9784","page","type-page","status-publish","has-post-thumbnail","hentry"],"acf":[],"yoast_head":"<!-- This site is optimized with the Yoast SEO plugin v26.8 - https:\/\/yoast.com\/product\/yoast-seo-wordpress\/ -->\n<title>Stockage ext\u00e9rieur et exp\u00e9dition - Manufacturing<\/title>\n<meta name=\"robots\" content=\"index, follow, max-snippet:-1, max-image-preview:large, max-video-preview:-1\" \/>\n<link rel=\"canonical\" href=\"https:\/\/www.duboischemicals.com\/manufacturing\/fr\/products\/rust-preventives\/outdoor-storage-and-shipping\/\" \/>\n<meta property=\"og:locale\" content=\"fr_FR\" \/>\n<meta property=\"og:type\" content=\"article\" \/>\n<meta property=\"og:title\" content=\"Stockage ext\u00e9rieur et exp\u00e9dition - Manufacturing\" \/>\n<meta property=\"og:description\" content=\"Toutes les marchandises ne peuvent pas \u00eatre stock\u00e9es \u00e0 l&rsquo;int\u00e9rieur, surtout si elles sont tr\u00e8s grandes ou si elles doivent \u00eatre transport\u00e9es prochainement. C&rsquo;est dans ces zones que le m\u00e9tal peut \u00eatre expos\u00e9 \u00e0 des...\" \/>\n<meta property=\"og:url\" content=\"https:\/\/www.duboischemicals.com\/manufacturing\/fr\/products\/rust-preventives\/outdoor-storage-and-shipping\/\" \/>\n<meta property=\"og:site_name\" content=\"Manufacturing\" \/>\n<meta property=\"article:modified_time\" content=\"2021-02-17T10:04:20+00:00\" \/>\n<meta property=\"og:image\" content=\"https:\/\/www.duboischemicals.com\/manufacturing\/wp-content\/uploads\/sites\/2\/2018\/10\/iStock-952365954.jpg\" \/>\n\t<meta property=\"og:image:width\" content=\"454\" \/>\n\t<meta property=\"og:image:height\" content=\"450\" \/>\n\t<meta property=\"og:image:type\" content=\"image\/jpeg\" \/>\n<meta name=\"twitter:card\" content=\"summary_large_image\" \/>\n<meta name=\"twitter:label1\" content=\"Dur\u00e9e de lecture estim\u00e9e\" \/>\n\t<meta name=\"twitter:data1\" content=\"1 minute\" \/>\n<script type=\"application\/ld+json\" class=\"yoast-schema-graph\">{\"@context\":\"https:\/\/schema.org\",\"@graph\":[{\"@type\":\"WebPage\",\"@id\":\"https:\/\/www.duboischemicals.com\/manufacturing\/fr\/products\/rust-preventives\/outdoor-storage-and-shipping\/\",\"url\":\"https:\/\/www.duboischemicals.com\/manufacturing\/fr\/products\/rust-preventives\/outdoor-storage-and-shipping\/\",\"name\":\"Stockage ext\u00e9rieur et exp\u00e9dition - Manufacturing\",\"isPartOf\":{\"@id\":\"https:\/\/www.duboischemicals.com\/manufacturing\/fr\/#website\"},\"primaryImageOfPage\":{\"@id\":\"https:\/\/www.duboischemicals.com\/manufacturing\/fr\/products\/rust-preventives\/outdoor-storage-and-shipping\/#primaryimage\"},\"image\":{\"@id\":\"https:\/\/www.duboischemicals.com\/manufacturing\/fr\/products\/rust-preventives\/outdoor-storage-and-shipping\/#primaryimage\"},\"thumbnailUrl\":\"https:\/\/www.duboischemicals.com\/manufacturing\/wp-content\/uploads\/sites\/2\/2018\/10\/iStock-952365954.jpg\",\"datePublished\":\"2020-11-30T17:20:10+00:00\",\"dateModified\":\"2021-02-17T10:04:20+00:00\",\"breadcrumb\":{\"@id\":\"https:\/\/www.duboischemicals.com\/manufacturing\/fr\/products\/rust-preventives\/outdoor-storage-and-shipping\/#breadcrumb\"},\"inLanguage\":\"fr-FR\",\"potentialAction\":[{\"@type\":\"ReadAction\",\"target\":[\"https:\/\/www.duboischemicals.com\/manufacturing\/fr\/products\/rust-preventives\/outdoor-storage-and-shipping\/\"]}]},{\"@type\":\"ImageObject\",\"inLanguage\":\"fr-FR\",\"@id\":\"https:\/\/www.duboischemicals.com\/manufacturing\/fr\/products\/rust-preventives\/outdoor-storage-and-shipping\/#primaryimage\",\"url\":\"https:\/\/www.duboischemicals.com\/manufacturing\/wp-content\/uploads\/sites\/2\/2018\/10\/iStock-952365954.jpg\",\"contentUrl\":\"https:\/\/www.duboischemicals.com\/manufacturing\/wp-content\/uploads\/sites\/2\/2018\/10\/iStock-952365954.jpg\",\"width\":454,\"height\":450},{\"@type\":\"BreadcrumbList\",\"@id\":\"https:\/\/www.duboischemicals.com\/manufacturing\/fr\/products\/rust-preventives\/outdoor-storage-and-shipping\/#breadcrumb\",\"itemListElement\":[{\"@type\":\"ListItem\",\"position\":1,\"name\":\"Home\",\"item\":\"https:\/\/www.duboischemicals.com\/manufacturing\/fr\/\"},{\"@type\":\"ListItem\",\"position\":2,\"name\":\"Produits\",\"item\":\"https:\/\/www.duboischemicals.com\/manufacturing\/fr\/products\/\"},{\"@type\":\"ListItem\",\"position\":3,\"name\":\"Antirouilles\",\"item\":\"https:\/\/www.duboischemicals.com\/manufacturing\/fr\/products\/rust-preventives\/\"},{\"@type\":\"ListItem\",\"position\":4,\"name\":\"Stockage ext\u00e9rieur et exp\u00e9dition\"}]},{\"@type\":\"WebSite\",\"@id\":\"https:\/\/www.duboischemicals.com\/manufacturing\/fr\/#website\",\"url\":\"https:\/\/www.duboischemicals.com\/manufacturing\/fr\/\",\"name\":\"Manufacturing\",\"description\":\"\",\"potentialAction\":[{\"@type\":\"SearchAction\",\"target\":{\"@type\":\"EntryPoint\",\"urlTemplate\":\"https:\/\/www.duboischemicals.com\/manufacturing\/fr\/?s={search_term_string}\"},\"query-input\":{\"@type\":\"PropertyValueSpecification\",\"valueRequired\":true,\"valueName\":\"search_term_string\"}}],\"inLanguage\":\"fr-FR\"}]}<\/script>\n<!-- \/ Yoast SEO plugin. -->","yoast_head_json":{"title":"Stockage ext\u00e9rieur et exp\u00e9dition - Manufacturing","robots":{"index":"index","follow":"follow","max-snippet":"max-snippet:-1","max-image-preview":"max-image-preview:large","max-video-preview":"max-video-preview:-1"},"canonical":"https:\/\/www.duboischemicals.com\/manufacturing\/fr\/products\/rust-preventives\/outdoor-storage-and-shipping\/","og_locale":"fr_FR","og_type":"article","og_title":"Stockage ext\u00e9rieur et exp\u00e9dition - Manufacturing","og_description":"Toutes les marchandises ne peuvent pas \u00eatre stock\u00e9es \u00e0 l&rsquo;int\u00e9rieur, surtout si elles sont tr\u00e8s grandes ou si elles doivent \u00eatre transport\u00e9es prochainement. C&rsquo;est dans ces zones que le m\u00e9tal peut \u00eatre expos\u00e9 \u00e0 des...","og_url":"https:\/\/www.duboischemicals.com\/manufacturing\/fr\/products\/rust-preventives\/outdoor-storage-and-shipping\/","og_site_name":"Manufacturing","article_modified_time":"2021-02-17T10:04:20+00:00","og_image":[{"width":454,"height":450,"url":"https:\/\/www.duboischemicals.com\/manufacturing\/wp-content\/uploads\/sites\/2\/2018\/10\/iStock-952365954.jpg","type":"image\/jpeg"}],"twitter_card":"summary_large_image","twitter_misc":{"Dur\u00e9e de lecture estim\u00e9e":"1 minute"},"schema":{"@context":"https:\/\/schema.org","@graph":[{"@type":"WebPage","@id":"https:\/\/www.duboischemicals.com\/manufacturing\/fr\/products\/rust-preventives\/outdoor-storage-and-shipping\/","url":"https:\/\/www.duboischemicals.com\/manufacturing\/fr\/products\/rust-preventives\/outdoor-storage-and-shipping\/","name":"Stockage ext\u00e9rieur et exp\u00e9dition - Manufacturing","isPartOf":{"@id":"https:\/\/www.duboischemicals.com\/manufacturing\/fr\/#website"},"primaryImageOfPage":{"@id":"https:\/\/www.duboischemicals.com\/manufacturing\/fr\/products\/rust-preventives\/outdoor-storage-and-shipping\/#primaryimage"},"image":{"@id":"https:\/\/www.duboischemicals.com\/manufacturing\/fr\/products\/rust-preventives\/outdoor-storage-and-shipping\/#primaryimage"},"thumbnailUrl":"https:\/\/www.duboischemicals.com\/manufacturing\/wp-content\/uploads\/sites\/2\/2018\/10\/iStock-952365954.jpg","datePublished":"2020-11-30T17:20:10+00:00","dateModified":"2021-02-17T10:04:20+00:00","breadcrumb":{"@id":"https:\/\/www.duboischemicals.com\/manufacturing\/fr\/products\/rust-preventives\/outdoor-storage-and-shipping\/#breadcrumb"},"inLanguage":"fr-FR","potentialAction":[{"@type":"ReadAction","target":["https:\/\/www.duboischemicals.com\/manufacturing\/fr\/products\/rust-preventives\/outdoor-storage-and-shipping\/"]}]},{"@type":"ImageObject","inLanguage":"fr-FR","@id":"https:\/\/www.duboischemicals.com\/manufacturing\/fr\/products\/rust-preventives\/outdoor-storage-and-shipping\/#primaryimage","url":"https:\/\/www.duboischemicals.com\/manufacturing\/wp-content\/uploads\/sites\/2\/2018\/10\/iStock-952365954.jpg","contentUrl":"https:\/\/www.duboischemicals.com\/manufacturing\/wp-content\/uploads\/sites\/2\/2018\/10\/iStock-952365954.jpg","width":454,"height":450},{"@type":"BreadcrumbList","@id":"https:\/\/www.duboischemicals.com\/manufacturing\/fr\/products\/rust-preventives\/outdoor-storage-and-shipping\/#breadcrumb","itemListElement":[{"@type":"ListItem","position":1,"name":"Home","item":"https:\/\/www.duboischemicals.com\/manufacturing\/fr\/"},{"@type":"ListItem","position":2,"name":"Produits","item":"https:\/\/www.duboischemicals.com\/manufacturing\/fr\/products\/"},{"@type":"ListItem","position":3,"name":"Antirouilles","item":"https:\/\/www.duboischemicals.com\/manufacturing\/fr\/products\/rust-preventives\/"},{"@type":"ListItem","position":4,"name":"Stockage ext\u00e9rieur et exp\u00e9dition"}]},{"@type":"WebSite","@id":"https:\/\/www.duboischemicals.com\/manufacturing\/fr\/#website","url":"https:\/\/www.duboischemicals.com\/manufacturing\/fr\/","name":"Manufacturing","description":"","potentialAction":[{"@type":"SearchAction","target":{"@type":"EntryPoint","urlTemplate":"https:\/\/www.duboischemicals.com\/manufacturing\/fr\/?s={search_term_string}"},"query-input":{"@type":"PropertyValueSpecification","valueRequired":true,"valueName":"search_term_string"}}],"inLanguage":"fr-FR"}]}},"_links":{"self":[{"href":"https:\/\/www.duboischemicals.com\/manufacturing\/fr\/wp-json\/wp\/v2\/pages\/9784","targetHints":{"allow":["GET"]}}],"collection":[{"href":"https:\/\/www.duboischemicals.com\/manufacturing\/fr\/wp-json\/wp\/v2\/pages"}],"about":[{"href":"https:\/\/www.duboischemicals.com\/manufacturing\/fr\/wp-json\/wp\/v2\/types\/page"}],"author":[{"embeddable":true,"href":"https:\/\/www.duboischemicals.com\/manufacturing\/fr\/wp-json\/wp\/v2\/users\/220"}],"replies":[{"embeddable":true,"href":"https:\/\/www.duboischemicals.com\/manufacturing\/fr\/wp-json\/wp\/v2\/comments?post=9784"}],"version-history":[{"count":3,"href":"https:\/\/www.duboischemicals.com\/manufacturing\/fr\/wp-json\/wp\/v2\/pages\/9784\/revisions"}],"predecessor-version":[{"id":11571,"href":"https:\/\/www.duboischemicals.com\/manufacturing\/fr\/wp-json\/wp\/v2\/pages\/9784\/revisions\/11571"}],"up":[{"embeddable":true,"href":"https:\/\/www.duboischemicals.com\/manufacturing\/fr\/wp-json\/wp\/v2\/pages\/10718"}],"wp:featuredmedia":[{"embeddable":true,"href":"https:\/\/www.duboischemicals.com\/manufacturing\/fr\/wp-json\/wp\/v2\/media\/9785"}],"wp:attachment":[{"href":"https:\/\/www.duboischemicals.com\/manufacturing\/fr\/wp-json\/wp\/v2\/media?parent=9784"}],"curies":[{"name":"wp","href":"https:\/\/api.w.org\/{rel}","templated":true}]}}