{"id":9793,"date":"2018-10-22T18:42:23","date_gmt":"2018-10-22T22:42:23","guid":{"rendered":"https:\/\/www.duboischemicals.com\/\/manufacturing\/green-cleaners\/"},"modified":"2021-02-26T09:47:58","modified_gmt":"2021-02-26T14:47:58","slug":"green-cleaners","status":"publish","type":"page","link":"https:\/\/www.duboischemicals.com\/manufacturing\/fr\/products\/facility-maintenance-cleaners\/green-cleaners\/","title":{"rendered":"Nettoyants verts"},"content":{"rendered":"<p><strong>Des solutions respectueuses de l&rsquo;environnement<\/strong><\/p>\n<p>Qu&rsquo;il s&rsquo;agisse de r\u00e9glementations pour votre installation ou simplement d&rsquo;une vision pour votre entreprise, il est important pour vous de fournir \u00e0 vos employ\u00e9s des produits qui ne sont pas seulement efficaces, mais plus s\u00fbrs \u00e0 utiliser et plus s\u00fbrs pour l&rsquo;environnement.<\/p>\n<p>Dans cette optique, DuBois est devenu un partenaire du programme Safer Choice de l&rsquo;EPA. Les produits reconnus par le programme Safer\u00a0Choice r\u00e9pondent \u00e0 des exigences strictes en mati\u00e8re de s\u00e9curit\u00e9 des ingr\u00e9dients chimiques, d&#8217;emballage, de faible teneur en COV et de performances.<\/p>\n<p>Les nettoyeurs DuBois qui sont reconnus par ce programme comprennent :<\/p>\n<ul>\n<li>treo<sup>\u00ae<\/sup> General Purpose Cleaner (<a href=\"http:\/\/www.duboischemicals.com\/\/wp-content\/uploads\/2018\/12\/treo-General-Purpose-Cleaner-181130.pdf\">TDS<\/a>, <a href=\"http:\/\/www.duboischemicals.com\/\/wp-content\/uploads\/2018\/12\/TREO-GENERAL-PURPOSE-CLEANER_EN.pdf\">SDS<\/a>)<\/li>\n<li>treo<sup>\u00ae<\/sup> Ready-to-Use General Purpose Cleaner (<a href=\"http:\/\/www.duboischemicals.com\/\/wp-content\/uploads\/2018\/12\/treo-General-Purpose-Cleaner-181130.pdf\">TDS<\/a>, <a href=\"http:\/\/www.duboischemicals.com\/\/wp-content\/uploads\/2018\/12\/TREO-READY-TO-USE-GENERAL-PURPOSE-CLEANER_EN.pdf\">SDS<\/a>)<\/li>\n<li>treo<sup>\u00ae<\/sup> Neutral Floor Cleaner (<a href=\"http:\/\/www.duboischemicals.com\/\/wp-content\/uploads\/2018\/12\/treo-Neutral-Floor-Cleaner-181129.pdf\">TDS<\/a>, <a href=\"http:\/\/www.duboischemicals.com\/\/wp-content\/uploads\/2018\/12\/TREO-NEUTRAL-FLOOR-CLEANER_EN.pdf\">SDS<\/a>)<\/li>\n<li>treo<sup>\u00ae<\/sup> Neutra-Wash (<a href=\"http:\/\/www.duboischemicals.com\/\/wp-content\/uploads\/2018\/12\/treo-Neutra-Wash-181129.pdf\">TDS<\/a>, <a href=\"http:\/\/www.duboischemicals.com\/\/wp-content\/uploads\/2018\/12\/TREO-NEUTRA-WASH_EN.pdf\">SDS<\/a>)<\/li>\n<li>treo<sup>\u00ae<\/sup>\u00a0SW-61 (<a href=\"http:\/\/www.duboischemicals.com\/\/wp-content\/uploads\/2018\/12\/treo-SW-61-181130.pdf\">TDS<\/a>, <a href=\"http:\/\/www.duboischemicals.com\/\/wp-content\/uploads\/2018\/12\/TREO-SW-61_EN.pdf\">SDS<\/a>)<\/li>\n<li>treo<sup>\u00ae<\/sup>\u00a0SW-89 (<a href=\"http:\/\/www.duboischemicals.com\/\/wp-content\/uploads\/2018\/12\/treo-SW-89-181130.pdf\">TDS<\/a>, <a href=\"http:\/\/www.duboischemicals.com\/\/wp-content\/uploads\/2018\/12\/TREO-SW-89_EN.pdf\">SDS<\/a>)<\/li>\n<\/ul>\n<p>Avec la gamme de produits treo<sup>\u00ae<\/sup>, DuBois a d\u00e9velopp\u00e9 une chimie plus s\u00fbre gr\u00e2ce \u00e0 des solutions de nettoyage innovantes. Les produits treo<sup>\u00ae<\/sup> de DuBois sont capables d&rsquo;\u00e9liminer les salissures de vos surfaces et de vos produits tout en r\u00e9duisant les risques pour vous et pour l&rsquo;environnement.<em>La reconnaissance Safer Choice de l\u2019EPA ne constitue pas une approbation de ce produit. La mention Safer\u00a0Choice signifie que la formule du produit, telle que DuBois l&rsquo;a d\u00e9clar\u00e9e aupr\u00e8s de l&rsquo;EPA, contient des ingr\u00e9dients pr\u00e9sentant des caract\u00e9ristiques plus positives pour la sant\u00e9 humaine et l&rsquo;environnement que les produits conventionnels du m\u00eame type. La reconnaissance EPA\/Safer Choice s&rsquo;appuie uniquement sur DuBois, son int\u00e9grit\u00e9 et sa bonne foi pour obtenir des informations sur la composition, les ingr\u00e9dients et les attributs du produit. Le programme Safer\u00a0Choice de l\u2019EPA n&rsquo;a pas identifi\u00e9 de mani\u00e8re ind\u00e9pendante, c&rsquo;est-\u00e0-dire par analyse chimique, les ingr\u00e9dients de la formule du produit, ni \u00e9valu\u00e9 aucune des d\u00e9clarations de DuBois concernant les ingr\u00e9dients non compris. Le programme Safer\u00a0Choice de l\u2019EPA fournit son \u00e9valuation uniquement en ce qui concerne les caract\u00e9ristiques du produit pour la sant\u00e9 humaine et l&rsquo;environnement, comme le sp\u00e9cifie la norme Safer\u00a0Choice et sur la base des informations actuellement disponibles et de l\u2019\u00e9tat des connaissances scientifiques.<\/em><\/p>\n","protected":false},"excerpt":{"rendered":"<p>Des solutions respectueuses de l&rsquo;environnement Qu&rsquo;il s&rsquo;agisse de r\u00e9glementations pour votre installation ou simplement d&rsquo;une vision pour votre entreprise, il est important pour vous de fournir \u00e0 vos employ\u00e9s des produits qui ne sont pas&#8230;<\/p>\n","protected":false},"author":220,"featured_media":9794,"parent":10735,"menu_order":1,"comment_status":"closed","ping_status":"closed","template":"template-prodinfo.php","meta":{"_acf_changed":false,"footnotes":""},"class_list":["post-9793","page","type-page","status-publish","has-post-thumbnail","hentry"],"acf":[],"yoast_head":"<!-- This site is optimized with the Yoast SEO plugin v26.8 - https:\/\/yoast.com\/product\/yoast-seo-wordpress\/ -->\n<title>Nettoyants verts - Manufacturing<\/title>\n<meta name=\"robots\" content=\"index, follow, max-snippet:-1, max-image-preview:large, max-video-preview:-1\" \/>\n<link rel=\"canonical\" href=\"https:\/\/www.duboischemicals.com\/manufacturing\/fr\/products\/facility-maintenance-cleaners\/green-cleaners\/\" \/>\n<meta property=\"og:locale\" content=\"fr_FR\" \/>\n<meta property=\"og:type\" content=\"article\" \/>\n<meta property=\"og:title\" content=\"Nettoyants verts - Manufacturing\" \/>\n<meta property=\"og:description\" content=\"Des solutions respectueuses de l&rsquo;environnement Qu&rsquo;il s&rsquo;agisse de r\u00e9glementations pour votre installation ou simplement d&rsquo;une vision pour votre entreprise, il est important pour vous de fournir \u00e0 vos employ\u00e9s des produits qui ne sont pas...\" \/>\n<meta property=\"og:url\" content=\"https:\/\/www.duboischemicals.com\/manufacturing\/fr\/products\/facility-maintenance-cleaners\/green-cleaners\/\" \/>\n<meta property=\"og:site_name\" content=\"Manufacturing\" \/>\n<meta property=\"article:modified_time\" content=\"2021-02-26T14:47:58+00:00\" \/>\n<meta property=\"og:image\" content=\"https:\/\/www.duboischemicals.com\/manufacturing\/wp-content\/uploads\/sites\/2\/2018\/10\/iStock-949173492.jpg\" \/>\n\t<meta property=\"og:image:width\" content=\"454\" \/>\n\t<meta property=\"og:image:height\" content=\"450\" \/>\n\t<meta property=\"og:image:type\" content=\"image\/jpeg\" \/>\n<meta name=\"twitter:card\" content=\"summary_large_image\" \/>\n<meta name=\"twitter:label1\" content=\"Dur\u00e9e de lecture estim\u00e9e\" \/>\n\t<meta name=\"twitter:data1\" content=\"2 minutes\" \/>\n<script type=\"application\/ld+json\" class=\"yoast-schema-graph\">{\"@context\":\"https:\/\/schema.org\",\"@graph\":[{\"@type\":\"WebPage\",\"@id\":\"https:\/\/www.duboischemicals.com\/manufacturing\/fr\/products\/facility-maintenance-cleaners\/green-cleaners\/\",\"url\":\"https:\/\/www.duboischemicals.com\/manufacturing\/fr\/products\/facility-maintenance-cleaners\/green-cleaners\/\",\"name\":\"Nettoyants verts - Manufacturing\",\"isPartOf\":{\"@id\":\"https:\/\/www.duboischemicals.com\/manufacturing\/fr\/#website\"},\"primaryImageOfPage\":{\"@id\":\"https:\/\/www.duboischemicals.com\/manufacturing\/fr\/products\/facility-maintenance-cleaners\/green-cleaners\/#primaryimage\"},\"image\":{\"@id\":\"https:\/\/www.duboischemicals.com\/manufacturing\/fr\/products\/facility-maintenance-cleaners\/green-cleaners\/#primaryimage\"},\"thumbnailUrl\":\"https:\/\/www.duboischemicals.com\/manufacturing\/wp-content\/uploads\/sites\/2\/2018\/10\/iStock-949173492.jpg\",\"datePublished\":\"2018-10-22T22:42:23+00:00\",\"dateModified\":\"2021-02-26T14:47:58+00:00\",\"breadcrumb\":{\"@id\":\"https:\/\/www.duboischemicals.com\/manufacturing\/fr\/products\/facility-maintenance-cleaners\/green-cleaners\/#breadcrumb\"},\"inLanguage\":\"fr-FR\",\"potentialAction\":[{\"@type\":\"ReadAction\",\"target\":[\"https:\/\/www.duboischemicals.com\/manufacturing\/fr\/products\/facility-maintenance-cleaners\/green-cleaners\/\"]}]},{\"@type\":\"ImageObject\",\"inLanguage\":\"fr-FR\",\"@id\":\"https:\/\/www.duboischemicals.com\/manufacturing\/fr\/products\/facility-maintenance-cleaners\/green-cleaners\/#primaryimage\",\"url\":\"https:\/\/www.duboischemicals.com\/manufacturing\/wp-content\/uploads\/sites\/2\/2018\/10\/iStock-949173492.jpg\",\"contentUrl\":\"https:\/\/www.duboischemicals.com\/manufacturing\/wp-content\/uploads\/sites\/2\/2018\/10\/iStock-949173492.jpg\",\"width\":454,\"height\":450},{\"@type\":\"BreadcrumbList\",\"@id\":\"https:\/\/www.duboischemicals.com\/manufacturing\/fr\/products\/facility-maintenance-cleaners\/green-cleaners\/#breadcrumb\",\"itemListElement\":[{\"@type\":\"ListItem\",\"position\":1,\"name\":\"Home\",\"item\":\"https:\/\/www.duboischemicals.com\/manufacturing\/fr\/\"},{\"@type\":\"ListItem\",\"position\":2,\"name\":\"Produits\",\"item\":\"https:\/\/www.duboischemicals.com\/manufacturing\/fr\/products\/\"},{\"@type\":\"ListItem\",\"position\":3,\"name\":\"Nettoyants pour l\u2019entretien des installations\",\"item\":\"https:\/\/www.duboischemicals.com\/manufacturing\/fr\/products\/facility-maintenance-cleaners\/\"},{\"@type\":\"ListItem\",\"position\":4,\"name\":\"Nettoyants verts\"}]},{\"@type\":\"WebSite\",\"@id\":\"https:\/\/www.duboischemicals.com\/manufacturing\/fr\/#website\",\"url\":\"https:\/\/www.duboischemicals.com\/manufacturing\/fr\/\",\"name\":\"Manufacturing\",\"description\":\"\",\"potentialAction\":[{\"@type\":\"SearchAction\",\"target\":{\"@type\":\"EntryPoint\",\"urlTemplate\":\"https:\/\/www.duboischemicals.com\/manufacturing\/fr\/?s={search_term_string}\"},\"query-input\":{\"@type\":\"PropertyValueSpecification\",\"valueRequired\":true,\"valueName\":\"search_term_string\"}}],\"inLanguage\":\"fr-FR\"}]}<\/script>\n<!-- \/ Yoast SEO plugin. -->","yoast_head_json":{"title":"Nettoyants verts - Manufacturing","robots":{"index":"index","follow":"follow","max-snippet":"max-snippet:-1","max-image-preview":"max-image-preview:large","max-video-preview":"max-video-preview:-1"},"canonical":"https:\/\/www.duboischemicals.com\/manufacturing\/fr\/products\/facility-maintenance-cleaners\/green-cleaners\/","og_locale":"fr_FR","og_type":"article","og_title":"Nettoyants verts - Manufacturing","og_description":"Des solutions respectueuses de l&rsquo;environnement Qu&rsquo;il s&rsquo;agisse de r\u00e9glementations pour votre installation ou simplement d&rsquo;une vision pour votre entreprise, il est important pour vous de fournir \u00e0 vos employ\u00e9s des produits qui ne sont pas...","og_url":"https:\/\/www.duboischemicals.com\/manufacturing\/fr\/products\/facility-maintenance-cleaners\/green-cleaners\/","og_site_name":"Manufacturing","article_modified_time":"2021-02-26T14:47:58+00:00","og_image":[{"width":454,"height":450,"url":"https:\/\/www.duboischemicals.com\/manufacturing\/wp-content\/uploads\/sites\/2\/2018\/10\/iStock-949173492.jpg","type":"image\/jpeg"}],"twitter_card":"summary_large_image","twitter_misc":{"Dur\u00e9e de lecture estim\u00e9e":"2 minutes"},"schema":{"@context":"https:\/\/schema.org","@graph":[{"@type":"WebPage","@id":"https:\/\/www.duboischemicals.com\/manufacturing\/fr\/products\/facility-maintenance-cleaners\/green-cleaners\/","url":"https:\/\/www.duboischemicals.com\/manufacturing\/fr\/products\/facility-maintenance-cleaners\/green-cleaners\/","name":"Nettoyants verts - Manufacturing","isPartOf":{"@id":"https:\/\/www.duboischemicals.com\/manufacturing\/fr\/#website"},"primaryImageOfPage":{"@id":"https:\/\/www.duboischemicals.com\/manufacturing\/fr\/products\/facility-maintenance-cleaners\/green-cleaners\/#primaryimage"},"image":{"@id":"https:\/\/www.duboischemicals.com\/manufacturing\/fr\/products\/facility-maintenance-cleaners\/green-cleaners\/#primaryimage"},"thumbnailUrl":"https:\/\/www.duboischemicals.com\/manufacturing\/wp-content\/uploads\/sites\/2\/2018\/10\/iStock-949173492.jpg","datePublished":"2018-10-22T22:42:23+00:00","dateModified":"2021-02-26T14:47:58+00:00","breadcrumb":{"@id":"https:\/\/www.duboischemicals.com\/manufacturing\/fr\/products\/facility-maintenance-cleaners\/green-cleaners\/#breadcrumb"},"inLanguage":"fr-FR","potentialAction":[{"@type":"ReadAction","target":["https:\/\/www.duboischemicals.com\/manufacturing\/fr\/products\/facility-maintenance-cleaners\/green-cleaners\/"]}]},{"@type":"ImageObject","inLanguage":"fr-FR","@id":"https:\/\/www.duboischemicals.com\/manufacturing\/fr\/products\/facility-maintenance-cleaners\/green-cleaners\/#primaryimage","url":"https:\/\/www.duboischemicals.com\/manufacturing\/wp-content\/uploads\/sites\/2\/2018\/10\/iStock-949173492.jpg","contentUrl":"https:\/\/www.duboischemicals.com\/manufacturing\/wp-content\/uploads\/sites\/2\/2018\/10\/iStock-949173492.jpg","width":454,"height":450},{"@type":"BreadcrumbList","@id":"https:\/\/www.duboischemicals.com\/manufacturing\/fr\/products\/facility-maintenance-cleaners\/green-cleaners\/#breadcrumb","itemListElement":[{"@type":"ListItem","position":1,"name":"Home","item":"https:\/\/www.duboischemicals.com\/manufacturing\/fr\/"},{"@type":"ListItem","position":2,"name":"Produits","item":"https:\/\/www.duboischemicals.com\/manufacturing\/fr\/products\/"},{"@type":"ListItem","position":3,"name":"Nettoyants pour l\u2019entretien des installations","item":"https:\/\/www.duboischemicals.com\/manufacturing\/fr\/products\/facility-maintenance-cleaners\/"},{"@type":"ListItem","position":4,"name":"Nettoyants verts"}]},{"@type":"WebSite","@id":"https:\/\/www.duboischemicals.com\/manufacturing\/fr\/#website","url":"https:\/\/www.duboischemicals.com\/manufacturing\/fr\/","name":"Manufacturing","description":"","potentialAction":[{"@type":"SearchAction","target":{"@type":"EntryPoint","urlTemplate":"https:\/\/www.duboischemicals.com\/manufacturing\/fr\/?s={search_term_string}"},"query-input":{"@type":"PropertyValueSpecification","valueRequired":true,"valueName":"search_term_string"}}],"inLanguage":"fr-FR"}]}},"_links":{"self":[{"href":"https:\/\/www.duboischemicals.com\/manufacturing\/fr\/wp-json\/wp\/v2\/pages\/9793","targetHints":{"allow":["GET"]}}],"collection":[{"href":"https:\/\/www.duboischemicals.com\/manufacturing\/fr\/wp-json\/wp\/v2\/pages"}],"about":[{"href":"https:\/\/www.duboischemicals.com\/manufacturing\/fr\/wp-json\/wp\/v2\/types\/page"}],"author":[{"embeddable":true,"href":"https:\/\/www.duboischemicals.com\/manufacturing\/fr\/wp-json\/wp\/v2\/users\/220"}],"replies":[{"embeddable":true,"href":"https:\/\/www.duboischemicals.com\/manufacturing\/fr\/wp-json\/wp\/v2\/comments?post=9793"}],"version-history":[{"count":3,"href":"https:\/\/www.duboischemicals.com\/manufacturing\/fr\/wp-json\/wp\/v2\/pages\/9793\/revisions"}],"predecessor-version":[{"id":11554,"href":"https:\/\/www.duboischemicals.com\/manufacturing\/fr\/wp-json\/wp\/v2\/pages\/9793\/revisions\/11554"}],"up":[{"embeddable":true,"href":"https:\/\/www.duboischemicals.com\/manufacturing\/fr\/wp-json\/wp\/v2\/pages\/10735"}],"wp:featuredmedia":[{"embeddable":true,"href":"https:\/\/www.duboischemicals.com\/manufacturing\/fr\/wp-json\/wp\/v2\/media\/9794"}],"wp:attachment":[{"href":"https:\/\/www.duboischemicals.com\/manufacturing\/fr\/wp-json\/wp\/v2\/media?parent=9793"}],"curies":[{"name":"wp","href":"https:\/\/api.w.org\/{rel}","templated":true}]}}