{"id":9798,"date":"2020-11-30T12:20:12","date_gmt":"2020-11-30T17:20:12","guid":{"rendered":"https:\/\/www.duboischemicals.com\/\/manufacturing\/floor-cleaners\/"},"modified":"2021-02-17T05:04:21","modified_gmt":"2021-02-17T10:04:21","slug":"floor-cleaners","status":"publish","type":"page","link":"https:\/\/www.duboischemicals.com\/manufacturing\/fr\/products\/facility-maintenance-cleaners\/floor-cleaners\/","title":{"rendered":"Nettoyants pour sols"},"content":{"rendered":"<p>Le nettoyage des sols est un aspect essentiel de l&rsquo;exploitation de toute entreprise. Des sols propres am\u00e9liorent votre image, contribuent \u00e0 une plus grande efficacit\u00e9 au travail et cr\u00e9ent un lieu s\u00fbr pour vos employ\u00e9s et vos clients.<\/p>\n<p>DuBois propose des produits de nettoyage des sols qui r\u00e9pondent \u00e0 vos besoins :<\/p>\n<ul>\n<li>Produits concentr\u00e9s \u00e0 faible co\u00fbt d&rsquo;utilisation<\/li>\n<li>pH alcalin ou neutre selon le sol et les pr\u00e9occupations en mati\u00e8re de s\u00e9curit\u00e9<\/li>\n<li>Produits \u00e0 faible teneur en mousse pour les \u00e9purateurs de sols<\/li>\n<li>Produits de fractionnement des huiles pour faciliter la s\u00e9paration des huiles<\/li>\n<li>Produits biologiques pour r\u00e9duire la quantit\u00e9 des huiles dans le flux de d\u00e9chets<\/li>\n<\/ul>\n<p>Les nettoyants pour sols DuBois sont con\u00e7us pour fournir des solutions efficaces pour les travaux de nettoyage difficiles, ce qui permet d\u2019accro\u00eetre la productivit\u00e9 tout en r\u00e9duisant vos co\u00fbts de nettoyage.<\/p>\n","protected":false},"excerpt":{"rendered":"<p>Le nettoyage des sols est un aspect essentiel de l&rsquo;exploitation de toute entreprise. Des sols propres am\u00e9liorent votre image, contribuent \u00e0 une plus grande efficacit\u00e9 au travail et cr\u00e9ent un lieu s\u00fbr pour vos employ\u00e9s&#8230;<\/p>\n","protected":false},"author":220,"featured_media":9799,"parent":10735,"menu_order":2,"comment_status":"closed","ping_status":"closed","template":"template-prodinfo.php","meta":{"_acf_changed":false,"footnotes":""},"class_list":["post-9798","page","type-page","status-publish","has-post-thumbnail","hentry"],"acf":[],"yoast_head":"<!-- This site is optimized with the Yoast SEO plugin v26.8 - https:\/\/yoast.com\/product\/yoast-seo-wordpress\/ -->\n<title>Nettoyants pour sols - Manufacturing<\/title>\n<meta name=\"robots\" content=\"index, follow, max-snippet:-1, max-image-preview:large, max-video-preview:-1\" \/>\n<link rel=\"canonical\" href=\"https:\/\/www.duboischemicals.com\/manufacturing\/fr\/products\/facility-maintenance-cleaners\/floor-cleaners\/\" \/>\n<meta property=\"og:locale\" content=\"fr_FR\" \/>\n<meta property=\"og:type\" content=\"article\" \/>\n<meta property=\"og:title\" content=\"Nettoyants pour sols - Manufacturing\" \/>\n<meta property=\"og:description\" content=\"Le nettoyage des sols est un aspect essentiel de l&rsquo;exploitation de toute entreprise. Des sols propres am\u00e9liorent votre image, contribuent \u00e0 une plus grande efficacit\u00e9 au travail et cr\u00e9ent un lieu s\u00fbr pour vos employ\u00e9s...\" \/>\n<meta property=\"og:url\" content=\"https:\/\/www.duboischemicals.com\/manufacturing\/fr\/products\/facility-maintenance-cleaners\/floor-cleaners\/\" \/>\n<meta property=\"og:site_name\" content=\"Manufacturing\" \/>\n<meta property=\"article:modified_time\" content=\"2021-02-17T10:04:21+00:00\" \/>\n<meta property=\"og:image\" content=\"https:\/\/www.duboischemicals.com\/manufacturing\/wp-content\/uploads\/sites\/2\/2018\/10\/iStock_000050807670_XXXLarge.jpg\" \/>\n\t<meta property=\"og:image:width\" content=\"454\" \/>\n\t<meta property=\"og:image:height\" content=\"450\" \/>\n\t<meta property=\"og:image:type\" content=\"image\/jpeg\" \/>\n<meta name=\"twitter:card\" content=\"summary_large_image\" \/>\n<meta name=\"twitter:label1\" content=\"Dur\u00e9e de lecture estim\u00e9e\" \/>\n\t<meta name=\"twitter:data1\" content=\"1 minute\" \/>\n<script type=\"application\/ld+json\" class=\"yoast-schema-graph\">{\"@context\":\"https:\/\/schema.org\",\"@graph\":[{\"@type\":\"WebPage\",\"@id\":\"https:\/\/www.duboischemicals.com\/manufacturing\/fr\/products\/facility-maintenance-cleaners\/floor-cleaners\/\",\"url\":\"https:\/\/www.duboischemicals.com\/manufacturing\/fr\/products\/facility-maintenance-cleaners\/floor-cleaners\/\",\"name\":\"Nettoyants pour sols - Manufacturing\",\"isPartOf\":{\"@id\":\"https:\/\/www.duboischemicals.com\/manufacturing\/fr\/#website\"},\"primaryImageOfPage\":{\"@id\":\"https:\/\/www.duboischemicals.com\/manufacturing\/fr\/products\/facility-maintenance-cleaners\/floor-cleaners\/#primaryimage\"},\"image\":{\"@id\":\"https:\/\/www.duboischemicals.com\/manufacturing\/fr\/products\/facility-maintenance-cleaners\/floor-cleaners\/#primaryimage\"},\"thumbnailUrl\":\"https:\/\/www.duboischemicals.com\/manufacturing\/wp-content\/uploads\/sites\/2\/2018\/10\/iStock_000050807670_XXXLarge.jpg\",\"datePublished\":\"2020-11-30T17:20:12+00:00\",\"dateModified\":\"2021-02-17T10:04:21+00:00\",\"breadcrumb\":{\"@id\":\"https:\/\/www.duboischemicals.com\/manufacturing\/fr\/products\/facility-maintenance-cleaners\/floor-cleaners\/#breadcrumb\"},\"inLanguage\":\"fr-FR\",\"potentialAction\":[{\"@type\":\"ReadAction\",\"target\":[\"https:\/\/www.duboischemicals.com\/manufacturing\/fr\/products\/facility-maintenance-cleaners\/floor-cleaners\/\"]}]},{\"@type\":\"ImageObject\",\"inLanguage\":\"fr-FR\",\"@id\":\"https:\/\/www.duboischemicals.com\/manufacturing\/fr\/products\/facility-maintenance-cleaners\/floor-cleaners\/#primaryimage\",\"url\":\"https:\/\/www.duboischemicals.com\/manufacturing\/wp-content\/uploads\/sites\/2\/2018\/10\/iStock_000050807670_XXXLarge.jpg\",\"contentUrl\":\"https:\/\/www.duboischemicals.com\/manufacturing\/wp-content\/uploads\/sites\/2\/2018\/10\/iStock_000050807670_XXXLarge.jpg\",\"width\":454,\"height\":450},{\"@type\":\"BreadcrumbList\",\"@id\":\"https:\/\/www.duboischemicals.com\/manufacturing\/fr\/products\/facility-maintenance-cleaners\/floor-cleaners\/#breadcrumb\",\"itemListElement\":[{\"@type\":\"ListItem\",\"position\":1,\"name\":\"Home\",\"item\":\"https:\/\/www.duboischemicals.com\/manufacturing\/fr\/\"},{\"@type\":\"ListItem\",\"position\":2,\"name\":\"Produits\",\"item\":\"https:\/\/www.duboischemicals.com\/manufacturing\/fr\/products\/\"},{\"@type\":\"ListItem\",\"position\":3,\"name\":\"Nettoyants pour l\u2019entretien des installations\",\"item\":\"https:\/\/www.duboischemicals.com\/manufacturing\/fr\/products\/facility-maintenance-cleaners\/\"},{\"@type\":\"ListItem\",\"position\":4,\"name\":\"Nettoyants pour sols\"}]},{\"@type\":\"WebSite\",\"@id\":\"https:\/\/www.duboischemicals.com\/manufacturing\/fr\/#website\",\"url\":\"https:\/\/www.duboischemicals.com\/manufacturing\/fr\/\",\"name\":\"Manufacturing\",\"description\":\"\",\"potentialAction\":[{\"@type\":\"SearchAction\",\"target\":{\"@type\":\"EntryPoint\",\"urlTemplate\":\"https:\/\/www.duboischemicals.com\/manufacturing\/fr\/?s={search_term_string}\"},\"query-input\":{\"@type\":\"PropertyValueSpecification\",\"valueRequired\":true,\"valueName\":\"search_term_string\"}}],\"inLanguage\":\"fr-FR\"}]}<\/script>\n<!-- \/ Yoast SEO plugin. -->","yoast_head_json":{"title":"Nettoyants pour sols - Manufacturing","robots":{"index":"index","follow":"follow","max-snippet":"max-snippet:-1","max-image-preview":"max-image-preview:large","max-video-preview":"max-video-preview:-1"},"canonical":"https:\/\/www.duboischemicals.com\/manufacturing\/fr\/products\/facility-maintenance-cleaners\/floor-cleaners\/","og_locale":"fr_FR","og_type":"article","og_title":"Nettoyants pour sols - Manufacturing","og_description":"Le nettoyage des sols est un aspect essentiel de l&rsquo;exploitation de toute entreprise. Des sols propres am\u00e9liorent votre image, contribuent \u00e0 une plus grande efficacit\u00e9 au travail et cr\u00e9ent un lieu s\u00fbr pour vos employ\u00e9s...","og_url":"https:\/\/www.duboischemicals.com\/manufacturing\/fr\/products\/facility-maintenance-cleaners\/floor-cleaners\/","og_site_name":"Manufacturing","article_modified_time":"2021-02-17T10:04:21+00:00","og_image":[{"width":454,"height":450,"url":"https:\/\/www.duboischemicals.com\/manufacturing\/wp-content\/uploads\/sites\/2\/2018\/10\/iStock_000050807670_XXXLarge.jpg","type":"image\/jpeg"}],"twitter_card":"summary_large_image","twitter_misc":{"Dur\u00e9e de lecture estim\u00e9e":"1 minute"},"schema":{"@context":"https:\/\/schema.org","@graph":[{"@type":"WebPage","@id":"https:\/\/www.duboischemicals.com\/manufacturing\/fr\/products\/facility-maintenance-cleaners\/floor-cleaners\/","url":"https:\/\/www.duboischemicals.com\/manufacturing\/fr\/products\/facility-maintenance-cleaners\/floor-cleaners\/","name":"Nettoyants pour sols - Manufacturing","isPartOf":{"@id":"https:\/\/www.duboischemicals.com\/manufacturing\/fr\/#website"},"primaryImageOfPage":{"@id":"https:\/\/www.duboischemicals.com\/manufacturing\/fr\/products\/facility-maintenance-cleaners\/floor-cleaners\/#primaryimage"},"image":{"@id":"https:\/\/www.duboischemicals.com\/manufacturing\/fr\/products\/facility-maintenance-cleaners\/floor-cleaners\/#primaryimage"},"thumbnailUrl":"https:\/\/www.duboischemicals.com\/manufacturing\/wp-content\/uploads\/sites\/2\/2018\/10\/iStock_000050807670_XXXLarge.jpg","datePublished":"2020-11-30T17:20:12+00:00","dateModified":"2021-02-17T10:04:21+00:00","breadcrumb":{"@id":"https:\/\/www.duboischemicals.com\/manufacturing\/fr\/products\/facility-maintenance-cleaners\/floor-cleaners\/#breadcrumb"},"inLanguage":"fr-FR","potentialAction":[{"@type":"ReadAction","target":["https:\/\/www.duboischemicals.com\/manufacturing\/fr\/products\/facility-maintenance-cleaners\/floor-cleaners\/"]}]},{"@type":"ImageObject","inLanguage":"fr-FR","@id":"https:\/\/www.duboischemicals.com\/manufacturing\/fr\/products\/facility-maintenance-cleaners\/floor-cleaners\/#primaryimage","url":"https:\/\/www.duboischemicals.com\/manufacturing\/wp-content\/uploads\/sites\/2\/2018\/10\/iStock_000050807670_XXXLarge.jpg","contentUrl":"https:\/\/www.duboischemicals.com\/manufacturing\/wp-content\/uploads\/sites\/2\/2018\/10\/iStock_000050807670_XXXLarge.jpg","width":454,"height":450},{"@type":"BreadcrumbList","@id":"https:\/\/www.duboischemicals.com\/manufacturing\/fr\/products\/facility-maintenance-cleaners\/floor-cleaners\/#breadcrumb","itemListElement":[{"@type":"ListItem","position":1,"name":"Home","item":"https:\/\/www.duboischemicals.com\/manufacturing\/fr\/"},{"@type":"ListItem","position":2,"name":"Produits","item":"https:\/\/www.duboischemicals.com\/manufacturing\/fr\/products\/"},{"@type":"ListItem","position":3,"name":"Nettoyants pour l\u2019entretien des installations","item":"https:\/\/www.duboischemicals.com\/manufacturing\/fr\/products\/facility-maintenance-cleaners\/"},{"@type":"ListItem","position":4,"name":"Nettoyants pour sols"}]},{"@type":"WebSite","@id":"https:\/\/www.duboischemicals.com\/manufacturing\/fr\/#website","url":"https:\/\/www.duboischemicals.com\/manufacturing\/fr\/","name":"Manufacturing","description":"","potentialAction":[{"@type":"SearchAction","target":{"@type":"EntryPoint","urlTemplate":"https:\/\/www.duboischemicals.com\/manufacturing\/fr\/?s={search_term_string}"},"query-input":{"@type":"PropertyValueSpecification","valueRequired":true,"valueName":"search_term_string"}}],"inLanguage":"fr-FR"}]}},"_links":{"self":[{"href":"https:\/\/www.duboischemicals.com\/manufacturing\/fr\/wp-json\/wp\/v2\/pages\/9798","targetHints":{"allow":["GET"]}}],"collection":[{"href":"https:\/\/www.duboischemicals.com\/manufacturing\/fr\/wp-json\/wp\/v2\/pages"}],"about":[{"href":"https:\/\/www.duboischemicals.com\/manufacturing\/fr\/wp-json\/wp\/v2\/types\/page"}],"author":[{"embeddable":true,"href":"https:\/\/www.duboischemicals.com\/manufacturing\/fr\/wp-json\/wp\/v2\/users\/220"}],"replies":[{"embeddable":true,"href":"https:\/\/www.duboischemicals.com\/manufacturing\/fr\/wp-json\/wp\/v2\/comments?post=9798"}],"version-history":[{"count":3,"href":"https:\/\/www.duboischemicals.com\/manufacturing\/fr\/wp-json\/wp\/v2\/pages\/9798\/revisions"}],"predecessor-version":[{"id":11574,"href":"https:\/\/www.duboischemicals.com\/manufacturing\/fr\/wp-json\/wp\/v2\/pages\/9798\/revisions\/11574"}],"up":[{"embeddable":true,"href":"https:\/\/www.duboischemicals.com\/manufacturing\/fr\/wp-json\/wp\/v2\/pages\/10735"}],"wp:featuredmedia":[{"embeddable":true,"href":"https:\/\/www.duboischemicals.com\/manufacturing\/fr\/wp-json\/wp\/v2\/media\/9799"}],"wp:attachment":[{"href":"https:\/\/www.duboischemicals.com\/manufacturing\/fr\/wp-json\/wp\/v2\/media?parent=9798"}],"curies":[{"name":"wp","href":"https:\/\/api.w.org\/{rel}","templated":true}]}}