{"id":9801,"date":"2018-10-22T18:50:20","date_gmt":"2018-10-22T22:50:20","guid":{"rendered":"https:\/\/www.duboischemicals.com\/\/manufacturing\/foam-and-gel-cleaners\/"},"modified":"2021-02-17T05:04:08","modified_gmt":"2021-02-17T10:04:08","slug":"foam-and-gel-cleaners","status":"publish","type":"page","link":"https:\/\/www.duboischemicals.com\/manufacturing\/fr\/products\/facility-maintenance-cleaners\/foam-and-gel-cleaners\/","title":{"rendered":"Nettoyants en mousse et en gel"},"content":{"rendered":"<p>Pour les grandes surfaces verticales, les nettoyants en mousse et en gel repr\u00e9sentent l\u2019option la plus efficace. Une mousse ou un gel efficace adh\u00e8re bien, ce qui donne plus de temps au produit chimique pour r\u00e9agir avec les souillures, et se rince facilement.<\/p>\n<ul>\n<li>Produits alcalins pour les souillures contenant des gras ou des prot\u00e9ines<\/li>\n<li>Produits acides pour l\u2019\u00e9limination du tartre<\/li>\n<li>Produits renfermant un solvant pour huiles de p\u00e9trole, graisses et goudrons<\/li>\n<\/ul>\n<p>Nos produits DuJel sont des gels \u00e0 pulv\u00e9riser pr\u00eats \u00e0 l\u2019emploi qui permettent un temps d\u2019adh\u00e9rence plus long comparativement aux nettoyants en mousse classiques. Cela permet un nettoyage plus efficace et minimise les co\u00fbts de main-d\u2019\u0153uvre et de produit li\u00e9s \u00e0 une nouvelle application.<span style=\"color: #ff0000;\">Lien vers la vid\u00e9o DuJel<\/span><\/p>\n","protected":false},"excerpt":{"rendered":"<p>Pour les grandes surfaces verticales, les nettoyants en mousse et en gel repr\u00e9sentent l\u2019option la plus efficace. Une mousse ou un gel efficace adh\u00e8re bien, ce qui donne plus de temps au produit chimique pour&#8230;<\/p>\n","protected":false},"author":220,"featured_media":9802,"parent":10735,"menu_order":3,"comment_status":"closed","ping_status":"closed","template":"template-prodinfo.php","meta":{"_acf_changed":false,"footnotes":""},"class_list":["post-9801","page","type-page","status-publish","has-post-thumbnail","hentry"],"acf":[],"yoast_head":"<!-- This site is optimized with the Yoast SEO plugin v26.8 - https:\/\/yoast.com\/product\/yoast-seo-wordpress\/ -->\n<title>Nettoyants en mousse et en gel - Manufacturing<\/title>\n<meta name=\"robots\" content=\"index, follow, max-snippet:-1, max-image-preview:large, max-video-preview:-1\" \/>\n<link rel=\"canonical\" href=\"https:\/\/www.duboischemicals.com\/manufacturing\/fr\/products\/facility-maintenance-cleaners\/foam-and-gel-cleaners\/\" \/>\n<meta property=\"og:locale\" content=\"fr_FR\" \/>\n<meta property=\"og:type\" content=\"article\" \/>\n<meta property=\"og:title\" content=\"Nettoyants en mousse et en gel - Manufacturing\" \/>\n<meta property=\"og:description\" content=\"Pour les grandes surfaces verticales, les nettoyants en mousse et en gel repr\u00e9sentent l\u2019option la plus efficace. Une mousse ou un gel efficace adh\u00e8re bien, ce qui donne plus de temps au produit chimique pour...\" \/>\n<meta property=\"og:url\" content=\"https:\/\/www.duboischemicals.com\/manufacturing\/fr\/products\/facility-maintenance-cleaners\/foam-and-gel-cleaners\/\" \/>\n<meta property=\"og:site_name\" content=\"Manufacturing\" \/>\n<meta property=\"article:modified_time\" content=\"2021-02-17T10:04:08+00:00\" \/>\n<meta property=\"og:image\" content=\"https:\/\/www.duboischemicals.com\/manufacturing\/wp-content\/uploads\/sites\/2\/2018\/10\/iStock-940905560-Foam-and-Gel-Cleaners.jpg\" \/>\n\t<meta property=\"og:image:width\" content=\"454\" \/>\n\t<meta property=\"og:image:height\" content=\"450\" \/>\n\t<meta property=\"og:image:type\" content=\"image\/jpeg\" \/>\n<meta name=\"twitter:card\" content=\"summary_large_image\" \/>\n<meta name=\"twitter:label1\" content=\"Dur\u00e9e de lecture estim\u00e9e\" \/>\n\t<meta name=\"twitter:data1\" content=\"1 minute\" \/>\n<script type=\"application\/ld+json\" class=\"yoast-schema-graph\">{\"@context\":\"https:\/\/schema.org\",\"@graph\":[{\"@type\":\"WebPage\",\"@id\":\"https:\/\/www.duboischemicals.com\/manufacturing\/fr\/products\/facility-maintenance-cleaners\/foam-and-gel-cleaners\/\",\"url\":\"https:\/\/www.duboischemicals.com\/manufacturing\/fr\/products\/facility-maintenance-cleaners\/foam-and-gel-cleaners\/\",\"name\":\"Nettoyants en mousse et en gel - Manufacturing\",\"isPartOf\":{\"@id\":\"https:\/\/www.duboischemicals.com\/manufacturing\/fr\/#website\"},\"primaryImageOfPage\":{\"@id\":\"https:\/\/www.duboischemicals.com\/manufacturing\/fr\/products\/facility-maintenance-cleaners\/foam-and-gel-cleaners\/#primaryimage\"},\"image\":{\"@id\":\"https:\/\/www.duboischemicals.com\/manufacturing\/fr\/products\/facility-maintenance-cleaners\/foam-and-gel-cleaners\/#primaryimage\"},\"thumbnailUrl\":\"https:\/\/www.duboischemicals.com\/manufacturing\/wp-content\/uploads\/sites\/2\/2018\/10\/iStock-940905560-Foam-and-Gel-Cleaners.jpg\",\"datePublished\":\"2018-10-22T22:50:20+00:00\",\"dateModified\":\"2021-02-17T10:04:08+00:00\",\"breadcrumb\":{\"@id\":\"https:\/\/www.duboischemicals.com\/manufacturing\/fr\/products\/facility-maintenance-cleaners\/foam-and-gel-cleaners\/#breadcrumb\"},\"inLanguage\":\"fr-FR\",\"potentialAction\":[{\"@type\":\"ReadAction\",\"target\":[\"https:\/\/www.duboischemicals.com\/manufacturing\/fr\/products\/facility-maintenance-cleaners\/foam-and-gel-cleaners\/\"]}]},{\"@type\":\"ImageObject\",\"inLanguage\":\"fr-FR\",\"@id\":\"https:\/\/www.duboischemicals.com\/manufacturing\/fr\/products\/facility-maintenance-cleaners\/foam-and-gel-cleaners\/#primaryimage\",\"url\":\"https:\/\/www.duboischemicals.com\/manufacturing\/wp-content\/uploads\/sites\/2\/2018\/10\/iStock-940905560-Foam-and-Gel-Cleaners.jpg\",\"contentUrl\":\"https:\/\/www.duboischemicals.com\/manufacturing\/wp-content\/uploads\/sites\/2\/2018\/10\/iStock-940905560-Foam-and-Gel-Cleaners.jpg\",\"width\":454,\"height\":450},{\"@type\":\"BreadcrumbList\",\"@id\":\"https:\/\/www.duboischemicals.com\/manufacturing\/fr\/products\/facility-maintenance-cleaners\/foam-and-gel-cleaners\/#breadcrumb\",\"itemListElement\":[{\"@type\":\"ListItem\",\"position\":1,\"name\":\"Home\",\"item\":\"https:\/\/www.duboischemicals.com\/manufacturing\/fr\/\"},{\"@type\":\"ListItem\",\"position\":2,\"name\":\"Produits\",\"item\":\"https:\/\/www.duboischemicals.com\/manufacturing\/fr\/products\/\"},{\"@type\":\"ListItem\",\"position\":3,\"name\":\"Nettoyants pour l\u2019entretien des installations\",\"item\":\"https:\/\/www.duboischemicals.com\/manufacturing\/fr\/products\/facility-maintenance-cleaners\/\"},{\"@type\":\"ListItem\",\"position\":4,\"name\":\"Nettoyants en mousse et en gel\"}]},{\"@type\":\"WebSite\",\"@id\":\"https:\/\/www.duboischemicals.com\/manufacturing\/fr\/#website\",\"url\":\"https:\/\/www.duboischemicals.com\/manufacturing\/fr\/\",\"name\":\"Manufacturing\",\"description\":\"\",\"potentialAction\":[{\"@type\":\"SearchAction\",\"target\":{\"@type\":\"EntryPoint\",\"urlTemplate\":\"https:\/\/www.duboischemicals.com\/manufacturing\/fr\/?s={search_term_string}\"},\"query-input\":{\"@type\":\"PropertyValueSpecification\",\"valueRequired\":true,\"valueName\":\"search_term_string\"}}],\"inLanguage\":\"fr-FR\"}]}<\/script>\n<!-- \/ Yoast SEO plugin. -->","yoast_head_json":{"title":"Nettoyants en mousse et en gel - Manufacturing","robots":{"index":"index","follow":"follow","max-snippet":"max-snippet:-1","max-image-preview":"max-image-preview:large","max-video-preview":"max-video-preview:-1"},"canonical":"https:\/\/www.duboischemicals.com\/manufacturing\/fr\/products\/facility-maintenance-cleaners\/foam-and-gel-cleaners\/","og_locale":"fr_FR","og_type":"article","og_title":"Nettoyants en mousse et en gel - Manufacturing","og_description":"Pour les grandes surfaces verticales, les nettoyants en mousse et en gel repr\u00e9sentent l\u2019option la plus efficace. Une mousse ou un gel efficace adh\u00e8re bien, ce qui donne plus de temps au produit chimique pour...","og_url":"https:\/\/www.duboischemicals.com\/manufacturing\/fr\/products\/facility-maintenance-cleaners\/foam-and-gel-cleaners\/","og_site_name":"Manufacturing","article_modified_time":"2021-02-17T10:04:08+00:00","og_image":[{"width":454,"height":450,"url":"https:\/\/www.duboischemicals.com\/manufacturing\/wp-content\/uploads\/sites\/2\/2018\/10\/iStock-940905560-Foam-and-Gel-Cleaners.jpg","type":"image\/jpeg"}],"twitter_card":"summary_large_image","twitter_misc":{"Dur\u00e9e de lecture estim\u00e9e":"1 minute"},"schema":{"@context":"https:\/\/schema.org","@graph":[{"@type":"WebPage","@id":"https:\/\/www.duboischemicals.com\/manufacturing\/fr\/products\/facility-maintenance-cleaners\/foam-and-gel-cleaners\/","url":"https:\/\/www.duboischemicals.com\/manufacturing\/fr\/products\/facility-maintenance-cleaners\/foam-and-gel-cleaners\/","name":"Nettoyants en mousse et en gel - Manufacturing","isPartOf":{"@id":"https:\/\/www.duboischemicals.com\/manufacturing\/fr\/#website"},"primaryImageOfPage":{"@id":"https:\/\/www.duboischemicals.com\/manufacturing\/fr\/products\/facility-maintenance-cleaners\/foam-and-gel-cleaners\/#primaryimage"},"image":{"@id":"https:\/\/www.duboischemicals.com\/manufacturing\/fr\/products\/facility-maintenance-cleaners\/foam-and-gel-cleaners\/#primaryimage"},"thumbnailUrl":"https:\/\/www.duboischemicals.com\/manufacturing\/wp-content\/uploads\/sites\/2\/2018\/10\/iStock-940905560-Foam-and-Gel-Cleaners.jpg","datePublished":"2018-10-22T22:50:20+00:00","dateModified":"2021-02-17T10:04:08+00:00","breadcrumb":{"@id":"https:\/\/www.duboischemicals.com\/manufacturing\/fr\/products\/facility-maintenance-cleaners\/foam-and-gel-cleaners\/#breadcrumb"},"inLanguage":"fr-FR","potentialAction":[{"@type":"ReadAction","target":["https:\/\/www.duboischemicals.com\/manufacturing\/fr\/products\/facility-maintenance-cleaners\/foam-and-gel-cleaners\/"]}]},{"@type":"ImageObject","inLanguage":"fr-FR","@id":"https:\/\/www.duboischemicals.com\/manufacturing\/fr\/products\/facility-maintenance-cleaners\/foam-and-gel-cleaners\/#primaryimage","url":"https:\/\/www.duboischemicals.com\/manufacturing\/wp-content\/uploads\/sites\/2\/2018\/10\/iStock-940905560-Foam-and-Gel-Cleaners.jpg","contentUrl":"https:\/\/www.duboischemicals.com\/manufacturing\/wp-content\/uploads\/sites\/2\/2018\/10\/iStock-940905560-Foam-and-Gel-Cleaners.jpg","width":454,"height":450},{"@type":"BreadcrumbList","@id":"https:\/\/www.duboischemicals.com\/manufacturing\/fr\/products\/facility-maintenance-cleaners\/foam-and-gel-cleaners\/#breadcrumb","itemListElement":[{"@type":"ListItem","position":1,"name":"Home","item":"https:\/\/www.duboischemicals.com\/manufacturing\/fr\/"},{"@type":"ListItem","position":2,"name":"Produits","item":"https:\/\/www.duboischemicals.com\/manufacturing\/fr\/products\/"},{"@type":"ListItem","position":3,"name":"Nettoyants pour l\u2019entretien des installations","item":"https:\/\/www.duboischemicals.com\/manufacturing\/fr\/products\/facility-maintenance-cleaners\/"},{"@type":"ListItem","position":4,"name":"Nettoyants en mousse et en gel"}]},{"@type":"WebSite","@id":"https:\/\/www.duboischemicals.com\/manufacturing\/fr\/#website","url":"https:\/\/www.duboischemicals.com\/manufacturing\/fr\/","name":"Manufacturing","description":"","potentialAction":[{"@type":"SearchAction","target":{"@type":"EntryPoint","urlTemplate":"https:\/\/www.duboischemicals.com\/manufacturing\/fr\/?s={search_term_string}"},"query-input":{"@type":"PropertyValueSpecification","valueRequired":true,"valueName":"search_term_string"}}],"inLanguage":"fr-FR"}]}},"_links":{"self":[{"href":"https:\/\/www.duboischemicals.com\/manufacturing\/fr\/wp-json\/wp\/v2\/pages\/9801","targetHints":{"allow":["GET"]}}],"collection":[{"href":"https:\/\/www.duboischemicals.com\/manufacturing\/fr\/wp-json\/wp\/v2\/pages"}],"about":[{"href":"https:\/\/www.duboischemicals.com\/manufacturing\/fr\/wp-json\/wp\/v2\/types\/page"}],"author":[{"embeddable":true,"href":"https:\/\/www.duboischemicals.com\/manufacturing\/fr\/wp-json\/wp\/v2\/users\/220"}],"replies":[{"embeddable":true,"href":"https:\/\/www.duboischemicals.com\/manufacturing\/fr\/wp-json\/wp\/v2\/comments?post=9801"}],"version-history":[{"count":3,"href":"https:\/\/www.duboischemicals.com\/manufacturing\/fr\/wp-json\/wp\/v2\/pages\/9801\/revisions"}],"predecessor-version":[{"id":11541,"href":"https:\/\/www.duboischemicals.com\/manufacturing\/fr\/wp-json\/wp\/v2\/pages\/9801\/revisions\/11541"}],"up":[{"embeddable":true,"href":"https:\/\/www.duboischemicals.com\/manufacturing\/fr\/wp-json\/wp\/v2\/pages\/10735"}],"wp:featuredmedia":[{"embeddable":true,"href":"https:\/\/www.duboischemicals.com\/manufacturing\/fr\/wp-json\/wp\/v2\/media\/9802"}],"wp:attachment":[{"href":"https:\/\/www.duboischemicals.com\/manufacturing\/fr\/wp-json\/wp\/v2\/media?parent=9801"}],"curies":[{"name":"wp","href":"https:\/\/api.w.org\/{rel}","templated":true}]}}