{"id":9804,"date":"2020-11-30T12:20:12","date_gmt":"2020-11-30T17:20:12","guid":{"rendered":"https:\/\/www.duboischemicals.com\/\/manufacturing\/general-purpose-cleaners\/"},"modified":"2021-02-17T05:03:53","modified_gmt":"2021-02-17T10:03:53","slug":"general-purpose-cleaners","status":"publish","type":"page","link":"https:\/\/www.duboischemicals.com\/manufacturing\/fr\/products\/facility-maintenance-cleaners\/general-purpose-cleaners\/","title":{"rendered":"Nettoyants \u00e0 usage g\u00e9n\u00e9ral"},"content":{"rendered":"<p>Une installation ordonn\u00e9e et propre n\u2019est plus l\u2019exception; c\u2019est d\u00e9sormais la norme. Un environnement de travail propre am\u00e9liore le moral et la productivit\u00e9 des employ\u00e9s, tout en montrant aux clients que vous vous souciez de la qualit\u00e9. DuBois propose des solutions novatrices adapt\u00e9es \u00e0 vos besoins. Peu importe la taille de votre entreprise, les exigences en mati\u00e8re d\u2019\u00e9quipement ou la r\u00e9glementation en vigueur sur le site, DuBois s\u2019efforce de r\u00e9pondre \u00e0 vos besoins.<\/p>\n<p>Parmi les nombreux produits de DuBois, mentionnons les suivants\u00a0:<\/p>\n<ul>\n<li>Nettoyants sans phosphates<\/li>\n<li>Produits pour nettoyeurs haute pression<\/li>\n<li>Nettoyants alcalins sans danger pour les m\u00e9taux doux<\/li>\n<li>\u00c9mulsions d\u00e9graissantes \u00e0 base de solvants<\/li>\n<li>Produits pour le nettoyage \u00e0 la vapeur<\/li>\n<li>Nettoyants treo<sup>\u00ae<\/sup> respectueux de l\u2019environnement<\/li>\n<\/ul>\n","protected":false},"excerpt":{"rendered":"<p>Une installation ordonn\u00e9e et propre n\u2019est plus l\u2019exception; c\u2019est d\u00e9sormais la norme. Un environnement de travail propre am\u00e9liore le moral et la productivit\u00e9 des employ\u00e9s, tout en montrant aux clients que vous vous souciez de&#8230;<\/p>\n","protected":false},"author":220,"featured_media":9805,"parent":10735,"menu_order":4,"comment_status":"closed","ping_status":"closed","template":"template-prodinfo.php","meta":{"_acf_changed":false,"footnotes":""},"class_list":["post-9804","page","type-page","status-publish","has-post-thumbnail","hentry"],"acf":[],"yoast_head":"<!-- This site is optimized with the Yoast SEO plugin v26.8 - https:\/\/yoast.com\/product\/yoast-seo-wordpress\/ -->\n<title>Nettoyants \u00e0 usage g\u00e9n\u00e9ral - Manufacturing<\/title>\n<meta name=\"robots\" content=\"index, follow, max-snippet:-1, max-image-preview:large, max-video-preview:-1\" \/>\n<link rel=\"canonical\" href=\"https:\/\/www.duboischemicals.com\/manufacturing\/fr\/products\/facility-maintenance-cleaners\/general-purpose-cleaners\/\" \/>\n<meta property=\"og:locale\" content=\"fr_FR\" \/>\n<meta property=\"og:type\" content=\"article\" \/>\n<meta property=\"og:title\" content=\"Nettoyants \u00e0 usage g\u00e9n\u00e9ral - Manufacturing\" \/>\n<meta property=\"og:description\" content=\"Une installation ordonn\u00e9e et propre n\u2019est plus l\u2019exception; c\u2019est d\u00e9sormais la norme. Un environnement de travail propre am\u00e9liore le moral et la productivit\u00e9 des employ\u00e9s, tout en montrant aux clients que vous vous souciez de...\" \/>\n<meta property=\"og:url\" content=\"https:\/\/www.duboischemicals.com\/manufacturing\/fr\/products\/facility-maintenance-cleaners\/general-purpose-cleaners\/\" \/>\n<meta property=\"og:site_name\" content=\"Manufacturing\" \/>\n<meta property=\"article:modified_time\" content=\"2021-02-17T10:03:53+00:00\" \/>\n<meta property=\"og:image\" content=\"https:\/\/www.duboischemicals.com\/manufacturing\/wp-content\/uploads\/sites\/2\/2018\/10\/iStock-684827184-General-Purpose-Cleaners.jpg\" \/>\n\t<meta property=\"og:image:width\" content=\"454\" \/>\n\t<meta property=\"og:image:height\" content=\"450\" \/>\n\t<meta property=\"og:image:type\" content=\"image\/jpeg\" \/>\n<meta name=\"twitter:card\" content=\"summary_large_image\" \/>\n<meta name=\"twitter:label1\" content=\"Dur\u00e9e de lecture estim\u00e9e\" \/>\n\t<meta name=\"twitter:data1\" content=\"1 minute\" \/>\n<script type=\"application\/ld+json\" class=\"yoast-schema-graph\">{\"@context\":\"https:\/\/schema.org\",\"@graph\":[{\"@type\":\"WebPage\",\"@id\":\"https:\/\/www.duboischemicals.com\/manufacturing\/fr\/products\/facility-maintenance-cleaners\/general-purpose-cleaners\/\",\"url\":\"https:\/\/www.duboischemicals.com\/manufacturing\/fr\/products\/facility-maintenance-cleaners\/general-purpose-cleaners\/\",\"name\":\"Nettoyants \u00e0 usage g\u00e9n\u00e9ral - Manufacturing\",\"isPartOf\":{\"@id\":\"https:\/\/www.duboischemicals.com\/manufacturing\/fr\/#website\"},\"primaryImageOfPage\":{\"@id\":\"https:\/\/www.duboischemicals.com\/manufacturing\/fr\/products\/facility-maintenance-cleaners\/general-purpose-cleaners\/#primaryimage\"},\"image\":{\"@id\":\"https:\/\/www.duboischemicals.com\/manufacturing\/fr\/products\/facility-maintenance-cleaners\/general-purpose-cleaners\/#primaryimage\"},\"thumbnailUrl\":\"https:\/\/www.duboischemicals.com\/manufacturing\/wp-content\/uploads\/sites\/2\/2018\/10\/iStock-684827184-General-Purpose-Cleaners.jpg\",\"datePublished\":\"2020-11-30T17:20:12+00:00\",\"dateModified\":\"2021-02-17T10:03:53+00:00\",\"breadcrumb\":{\"@id\":\"https:\/\/www.duboischemicals.com\/manufacturing\/fr\/products\/facility-maintenance-cleaners\/general-purpose-cleaners\/#breadcrumb\"},\"inLanguage\":\"fr-FR\",\"potentialAction\":[{\"@type\":\"ReadAction\",\"target\":[\"https:\/\/www.duboischemicals.com\/manufacturing\/fr\/products\/facility-maintenance-cleaners\/general-purpose-cleaners\/\"]}]},{\"@type\":\"ImageObject\",\"inLanguage\":\"fr-FR\",\"@id\":\"https:\/\/www.duboischemicals.com\/manufacturing\/fr\/products\/facility-maintenance-cleaners\/general-purpose-cleaners\/#primaryimage\",\"url\":\"https:\/\/www.duboischemicals.com\/manufacturing\/wp-content\/uploads\/sites\/2\/2018\/10\/iStock-684827184-General-Purpose-Cleaners.jpg\",\"contentUrl\":\"https:\/\/www.duboischemicals.com\/manufacturing\/wp-content\/uploads\/sites\/2\/2018\/10\/iStock-684827184-General-Purpose-Cleaners.jpg\",\"width\":454,\"height\":450},{\"@type\":\"BreadcrumbList\",\"@id\":\"https:\/\/www.duboischemicals.com\/manufacturing\/fr\/products\/facility-maintenance-cleaners\/general-purpose-cleaners\/#breadcrumb\",\"itemListElement\":[{\"@type\":\"ListItem\",\"position\":1,\"name\":\"Home\",\"item\":\"https:\/\/www.duboischemicals.com\/manufacturing\/fr\/\"},{\"@type\":\"ListItem\",\"position\":2,\"name\":\"Produits\",\"item\":\"https:\/\/www.duboischemicals.com\/manufacturing\/fr\/products\/\"},{\"@type\":\"ListItem\",\"position\":3,\"name\":\"Nettoyants pour l\u2019entretien des installations\",\"item\":\"https:\/\/www.duboischemicals.com\/manufacturing\/fr\/products\/facility-maintenance-cleaners\/\"},{\"@type\":\"ListItem\",\"position\":4,\"name\":\"Nettoyants \u00e0 usage g\u00e9n\u00e9ral\"}]},{\"@type\":\"WebSite\",\"@id\":\"https:\/\/www.duboischemicals.com\/manufacturing\/fr\/#website\",\"url\":\"https:\/\/www.duboischemicals.com\/manufacturing\/fr\/\",\"name\":\"Manufacturing\",\"description\":\"\",\"potentialAction\":[{\"@type\":\"SearchAction\",\"target\":{\"@type\":\"EntryPoint\",\"urlTemplate\":\"https:\/\/www.duboischemicals.com\/manufacturing\/fr\/?s={search_term_string}\"},\"query-input\":{\"@type\":\"PropertyValueSpecification\",\"valueRequired\":true,\"valueName\":\"search_term_string\"}}],\"inLanguage\":\"fr-FR\"}]}<\/script>\n<!-- \/ Yoast SEO plugin. -->","yoast_head_json":{"title":"Nettoyants \u00e0 usage g\u00e9n\u00e9ral - Manufacturing","robots":{"index":"index","follow":"follow","max-snippet":"max-snippet:-1","max-image-preview":"max-image-preview:large","max-video-preview":"max-video-preview:-1"},"canonical":"https:\/\/www.duboischemicals.com\/manufacturing\/fr\/products\/facility-maintenance-cleaners\/general-purpose-cleaners\/","og_locale":"fr_FR","og_type":"article","og_title":"Nettoyants \u00e0 usage g\u00e9n\u00e9ral - Manufacturing","og_description":"Une installation ordonn\u00e9e et propre n\u2019est plus l\u2019exception; c\u2019est d\u00e9sormais la norme. Un environnement de travail propre am\u00e9liore le moral et la productivit\u00e9 des employ\u00e9s, tout en montrant aux clients que vous vous souciez de...","og_url":"https:\/\/www.duboischemicals.com\/manufacturing\/fr\/products\/facility-maintenance-cleaners\/general-purpose-cleaners\/","og_site_name":"Manufacturing","article_modified_time":"2021-02-17T10:03:53+00:00","og_image":[{"width":454,"height":450,"url":"https:\/\/www.duboischemicals.com\/manufacturing\/wp-content\/uploads\/sites\/2\/2018\/10\/iStock-684827184-General-Purpose-Cleaners.jpg","type":"image\/jpeg"}],"twitter_card":"summary_large_image","twitter_misc":{"Dur\u00e9e de lecture estim\u00e9e":"1 minute"},"schema":{"@context":"https:\/\/schema.org","@graph":[{"@type":"WebPage","@id":"https:\/\/www.duboischemicals.com\/manufacturing\/fr\/products\/facility-maintenance-cleaners\/general-purpose-cleaners\/","url":"https:\/\/www.duboischemicals.com\/manufacturing\/fr\/products\/facility-maintenance-cleaners\/general-purpose-cleaners\/","name":"Nettoyants \u00e0 usage g\u00e9n\u00e9ral - Manufacturing","isPartOf":{"@id":"https:\/\/www.duboischemicals.com\/manufacturing\/fr\/#website"},"primaryImageOfPage":{"@id":"https:\/\/www.duboischemicals.com\/manufacturing\/fr\/products\/facility-maintenance-cleaners\/general-purpose-cleaners\/#primaryimage"},"image":{"@id":"https:\/\/www.duboischemicals.com\/manufacturing\/fr\/products\/facility-maintenance-cleaners\/general-purpose-cleaners\/#primaryimage"},"thumbnailUrl":"https:\/\/www.duboischemicals.com\/manufacturing\/wp-content\/uploads\/sites\/2\/2018\/10\/iStock-684827184-General-Purpose-Cleaners.jpg","datePublished":"2020-11-30T17:20:12+00:00","dateModified":"2021-02-17T10:03:53+00:00","breadcrumb":{"@id":"https:\/\/www.duboischemicals.com\/manufacturing\/fr\/products\/facility-maintenance-cleaners\/general-purpose-cleaners\/#breadcrumb"},"inLanguage":"fr-FR","potentialAction":[{"@type":"ReadAction","target":["https:\/\/www.duboischemicals.com\/manufacturing\/fr\/products\/facility-maintenance-cleaners\/general-purpose-cleaners\/"]}]},{"@type":"ImageObject","inLanguage":"fr-FR","@id":"https:\/\/www.duboischemicals.com\/manufacturing\/fr\/products\/facility-maintenance-cleaners\/general-purpose-cleaners\/#primaryimage","url":"https:\/\/www.duboischemicals.com\/manufacturing\/wp-content\/uploads\/sites\/2\/2018\/10\/iStock-684827184-General-Purpose-Cleaners.jpg","contentUrl":"https:\/\/www.duboischemicals.com\/manufacturing\/wp-content\/uploads\/sites\/2\/2018\/10\/iStock-684827184-General-Purpose-Cleaners.jpg","width":454,"height":450},{"@type":"BreadcrumbList","@id":"https:\/\/www.duboischemicals.com\/manufacturing\/fr\/products\/facility-maintenance-cleaners\/general-purpose-cleaners\/#breadcrumb","itemListElement":[{"@type":"ListItem","position":1,"name":"Home","item":"https:\/\/www.duboischemicals.com\/manufacturing\/fr\/"},{"@type":"ListItem","position":2,"name":"Produits","item":"https:\/\/www.duboischemicals.com\/manufacturing\/fr\/products\/"},{"@type":"ListItem","position":3,"name":"Nettoyants pour l\u2019entretien des installations","item":"https:\/\/www.duboischemicals.com\/manufacturing\/fr\/products\/facility-maintenance-cleaners\/"},{"@type":"ListItem","position":4,"name":"Nettoyants \u00e0 usage g\u00e9n\u00e9ral"}]},{"@type":"WebSite","@id":"https:\/\/www.duboischemicals.com\/manufacturing\/fr\/#website","url":"https:\/\/www.duboischemicals.com\/manufacturing\/fr\/","name":"Manufacturing","description":"","potentialAction":[{"@type":"SearchAction","target":{"@type":"EntryPoint","urlTemplate":"https:\/\/www.duboischemicals.com\/manufacturing\/fr\/?s={search_term_string}"},"query-input":{"@type":"PropertyValueSpecification","valueRequired":true,"valueName":"search_term_string"}}],"inLanguage":"fr-FR"}]}},"_links":{"self":[{"href":"https:\/\/www.duboischemicals.com\/manufacturing\/fr\/wp-json\/wp\/v2\/pages\/9804","targetHints":{"allow":["GET"]}}],"collection":[{"href":"https:\/\/www.duboischemicals.com\/manufacturing\/fr\/wp-json\/wp\/v2\/pages"}],"about":[{"href":"https:\/\/www.duboischemicals.com\/manufacturing\/fr\/wp-json\/wp\/v2\/types\/page"}],"author":[{"embeddable":true,"href":"https:\/\/www.duboischemicals.com\/manufacturing\/fr\/wp-json\/wp\/v2\/users\/220"}],"replies":[{"embeddable":true,"href":"https:\/\/www.duboischemicals.com\/manufacturing\/fr\/wp-json\/wp\/v2\/comments?post=9804"}],"version-history":[{"count":3,"href":"https:\/\/www.duboischemicals.com\/manufacturing\/fr\/wp-json\/wp\/v2\/pages\/9804\/revisions"}],"predecessor-version":[{"id":11520,"href":"https:\/\/www.duboischemicals.com\/manufacturing\/fr\/wp-json\/wp\/v2\/pages\/9804\/revisions\/11520"}],"up":[{"embeddable":true,"href":"https:\/\/www.duboischemicals.com\/manufacturing\/fr\/wp-json\/wp\/v2\/pages\/10735"}],"wp:featuredmedia":[{"embeddable":true,"href":"https:\/\/www.duboischemicals.com\/manufacturing\/fr\/wp-json\/wp\/v2\/media\/9805"}],"wp:attachment":[{"href":"https:\/\/www.duboischemicals.com\/manufacturing\/fr\/wp-json\/wp\/v2\/media?parent=9804"}],"curies":[{"name":"wp","href":"https:\/\/api.w.org\/{rel}","templated":true}]}}