{"id":9807,"date":"2020-11-30T12:20:13","date_gmt":"2020-11-30T17:20:13","guid":{"rendered":"https:\/\/www.duboischemicals.com\/\/manufacturing\/solvent-cleaners\/"},"modified":"2021-02-17T05:03:51","modified_gmt":"2021-02-17T10:03:51","slug":"solvent-cleaners","status":"publish","type":"page","link":"https:\/\/www.duboischemicals.com\/manufacturing\/fr\/products\/facility-maintenance-cleaners\/solvent-cleaners\/","title":{"rendered":"Nettoyants \u00e0 base de solvants"},"content":{"rendered":"<p>Le nettoyage aux solvants r\u00e9sout g\u00e9n\u00e9ralement les probl\u00e8mes de nettoyage les plus difficiles dans une installation. Les solvants sont n\u00e9cessaires lorsque l\u2019eau pose un risque pour la pi\u00e8ce, lorsque des d\u00e9lais d\u2019ex\u00e9cution rapides sont n\u00e9cessaires ou lorsque la souillure ne r\u00e9agit pas aux produits \u00e0 base d\u2019eau. En g\u00e9n\u00e9ral, les nettoyants \u00e0 base de solvants conviennent le mieux aux r\u00e9sines, aux adh\u00e9sifs et aux encres.<\/p>\n<p>La s\u00e9curit\u00e9 est particuli\u00e8rement importante lors de l\u2019utilisation des produits nettoyants \u00e0 base de solvants. Les gammes de produits de nettoyage aux solvants Spirit et Perchem de DuBois comprennent des produits permettant de r\u00e9soudre les probl\u00e8mes li\u00e9s au point d\u2019\u00e9clair, aux odeurs, etc.<\/p>\n","protected":false},"excerpt":{"rendered":"<p>Le nettoyage aux solvants r\u00e9sout g\u00e9n\u00e9ralement les probl\u00e8mes de nettoyage les plus difficiles dans une installation. Les solvants sont n\u00e9cessaires lorsque l\u2019eau pose un risque pour la pi\u00e8ce, lorsque des d\u00e9lais d\u2019ex\u00e9cution rapides sont n\u00e9cessaires&#8230;<\/p>\n","protected":false},"author":220,"featured_media":9808,"parent":10735,"menu_order":5,"comment_status":"closed","ping_status":"closed","template":"template-prodinfo.php","meta":{"_acf_changed":false,"footnotes":""},"class_list":["post-9807","page","type-page","status-publish","has-post-thumbnail","hentry"],"acf":[],"yoast_head":"<!-- This site is optimized with the Yoast SEO plugin v26.8 - https:\/\/yoast.com\/product\/yoast-seo-wordpress\/ -->\n<title>Nettoyants \u00e0 base de solvants - Manufacturing<\/title>\n<meta name=\"robots\" content=\"index, follow, max-snippet:-1, max-image-preview:large, max-video-preview:-1\" \/>\n<link rel=\"canonical\" href=\"https:\/\/www.duboischemicals.com\/manufacturing\/fr\/products\/facility-maintenance-cleaners\/solvent-cleaners\/\" \/>\n<meta property=\"og:locale\" content=\"fr_FR\" \/>\n<meta property=\"og:type\" content=\"article\" \/>\n<meta property=\"og:title\" content=\"Nettoyants \u00e0 base de solvants - Manufacturing\" \/>\n<meta property=\"og:description\" content=\"Le nettoyage aux solvants r\u00e9sout g\u00e9n\u00e9ralement les probl\u00e8mes de nettoyage les plus difficiles dans une installation. Les solvants sont n\u00e9cessaires lorsque l\u2019eau pose un risque pour la pi\u00e8ce, lorsque des d\u00e9lais d\u2019ex\u00e9cution rapides sont n\u00e9cessaires...\" \/>\n<meta property=\"og:url\" content=\"https:\/\/www.duboischemicals.com\/manufacturing\/fr\/products\/facility-maintenance-cleaners\/solvent-cleaners\/\" \/>\n<meta property=\"og:site_name\" content=\"Manufacturing\" \/>\n<meta property=\"article:modified_time\" content=\"2021-02-17T10:03:51+00:00\" \/>\n<meta property=\"og:image\" content=\"https:\/\/www.duboischemicals.com\/manufacturing\/wp-content\/uploads\/sites\/2\/2018\/10\/iStock-840078432.jpg\" \/>\n\t<meta property=\"og:image:width\" content=\"454\" \/>\n\t<meta property=\"og:image:height\" content=\"450\" \/>\n\t<meta property=\"og:image:type\" content=\"image\/jpeg\" \/>\n<meta name=\"twitter:card\" content=\"summary_large_image\" \/>\n<meta name=\"twitter:label1\" content=\"Dur\u00e9e de lecture estim\u00e9e\" \/>\n\t<meta name=\"twitter:data1\" content=\"1 minute\" \/>\n<script type=\"application\/ld+json\" class=\"yoast-schema-graph\">{\"@context\":\"https:\/\/schema.org\",\"@graph\":[{\"@type\":\"WebPage\",\"@id\":\"https:\/\/www.duboischemicals.com\/manufacturing\/fr\/products\/facility-maintenance-cleaners\/solvent-cleaners\/\",\"url\":\"https:\/\/www.duboischemicals.com\/manufacturing\/fr\/products\/facility-maintenance-cleaners\/solvent-cleaners\/\",\"name\":\"Nettoyants \u00e0 base de solvants - Manufacturing\",\"isPartOf\":{\"@id\":\"https:\/\/www.duboischemicals.com\/manufacturing\/fr\/#website\"},\"primaryImageOfPage\":{\"@id\":\"https:\/\/www.duboischemicals.com\/manufacturing\/fr\/products\/facility-maintenance-cleaners\/solvent-cleaners\/#primaryimage\"},\"image\":{\"@id\":\"https:\/\/www.duboischemicals.com\/manufacturing\/fr\/products\/facility-maintenance-cleaners\/solvent-cleaners\/#primaryimage\"},\"thumbnailUrl\":\"https:\/\/www.duboischemicals.com\/manufacturing\/wp-content\/uploads\/sites\/2\/2018\/10\/iStock-840078432.jpg\",\"datePublished\":\"2020-11-30T17:20:13+00:00\",\"dateModified\":\"2021-02-17T10:03:51+00:00\",\"breadcrumb\":{\"@id\":\"https:\/\/www.duboischemicals.com\/manufacturing\/fr\/products\/facility-maintenance-cleaners\/solvent-cleaners\/#breadcrumb\"},\"inLanguage\":\"fr-FR\",\"potentialAction\":[{\"@type\":\"ReadAction\",\"target\":[\"https:\/\/www.duboischemicals.com\/manufacturing\/fr\/products\/facility-maintenance-cleaners\/solvent-cleaners\/\"]}]},{\"@type\":\"ImageObject\",\"inLanguage\":\"fr-FR\",\"@id\":\"https:\/\/www.duboischemicals.com\/manufacturing\/fr\/products\/facility-maintenance-cleaners\/solvent-cleaners\/#primaryimage\",\"url\":\"https:\/\/www.duboischemicals.com\/manufacturing\/wp-content\/uploads\/sites\/2\/2018\/10\/iStock-840078432.jpg\",\"contentUrl\":\"https:\/\/www.duboischemicals.com\/manufacturing\/wp-content\/uploads\/sites\/2\/2018\/10\/iStock-840078432.jpg\",\"width\":454,\"height\":450},{\"@type\":\"BreadcrumbList\",\"@id\":\"https:\/\/www.duboischemicals.com\/manufacturing\/fr\/products\/facility-maintenance-cleaners\/solvent-cleaners\/#breadcrumb\",\"itemListElement\":[{\"@type\":\"ListItem\",\"position\":1,\"name\":\"Home\",\"item\":\"https:\/\/www.duboischemicals.com\/manufacturing\/fr\/\"},{\"@type\":\"ListItem\",\"position\":2,\"name\":\"Produits\",\"item\":\"https:\/\/www.duboischemicals.com\/manufacturing\/fr\/products\/\"},{\"@type\":\"ListItem\",\"position\":3,\"name\":\"Nettoyants pour l\u2019entretien des installations\",\"item\":\"https:\/\/www.duboischemicals.com\/manufacturing\/fr\/products\/facility-maintenance-cleaners\/\"},{\"@type\":\"ListItem\",\"position\":4,\"name\":\"Nettoyants \u00e0 base de solvants\"}]},{\"@type\":\"WebSite\",\"@id\":\"https:\/\/www.duboischemicals.com\/manufacturing\/fr\/#website\",\"url\":\"https:\/\/www.duboischemicals.com\/manufacturing\/fr\/\",\"name\":\"Manufacturing\",\"description\":\"\",\"potentialAction\":[{\"@type\":\"SearchAction\",\"target\":{\"@type\":\"EntryPoint\",\"urlTemplate\":\"https:\/\/www.duboischemicals.com\/manufacturing\/fr\/?s={search_term_string}\"},\"query-input\":{\"@type\":\"PropertyValueSpecification\",\"valueRequired\":true,\"valueName\":\"search_term_string\"}}],\"inLanguage\":\"fr-FR\"}]}<\/script>\n<!-- \/ Yoast SEO plugin. -->","yoast_head_json":{"title":"Nettoyants \u00e0 base de solvants - Manufacturing","robots":{"index":"index","follow":"follow","max-snippet":"max-snippet:-1","max-image-preview":"max-image-preview:large","max-video-preview":"max-video-preview:-1"},"canonical":"https:\/\/www.duboischemicals.com\/manufacturing\/fr\/products\/facility-maintenance-cleaners\/solvent-cleaners\/","og_locale":"fr_FR","og_type":"article","og_title":"Nettoyants \u00e0 base de solvants - Manufacturing","og_description":"Le nettoyage aux solvants r\u00e9sout g\u00e9n\u00e9ralement les probl\u00e8mes de nettoyage les plus difficiles dans une installation. Les solvants sont n\u00e9cessaires lorsque l\u2019eau pose un risque pour la pi\u00e8ce, lorsque des d\u00e9lais d\u2019ex\u00e9cution rapides sont n\u00e9cessaires...","og_url":"https:\/\/www.duboischemicals.com\/manufacturing\/fr\/products\/facility-maintenance-cleaners\/solvent-cleaners\/","og_site_name":"Manufacturing","article_modified_time":"2021-02-17T10:03:51+00:00","og_image":[{"width":454,"height":450,"url":"https:\/\/www.duboischemicals.com\/manufacturing\/wp-content\/uploads\/sites\/2\/2018\/10\/iStock-840078432.jpg","type":"image\/jpeg"}],"twitter_card":"summary_large_image","twitter_misc":{"Dur\u00e9e de lecture estim\u00e9e":"1 minute"},"schema":{"@context":"https:\/\/schema.org","@graph":[{"@type":"WebPage","@id":"https:\/\/www.duboischemicals.com\/manufacturing\/fr\/products\/facility-maintenance-cleaners\/solvent-cleaners\/","url":"https:\/\/www.duboischemicals.com\/manufacturing\/fr\/products\/facility-maintenance-cleaners\/solvent-cleaners\/","name":"Nettoyants \u00e0 base de solvants - Manufacturing","isPartOf":{"@id":"https:\/\/www.duboischemicals.com\/manufacturing\/fr\/#website"},"primaryImageOfPage":{"@id":"https:\/\/www.duboischemicals.com\/manufacturing\/fr\/products\/facility-maintenance-cleaners\/solvent-cleaners\/#primaryimage"},"image":{"@id":"https:\/\/www.duboischemicals.com\/manufacturing\/fr\/products\/facility-maintenance-cleaners\/solvent-cleaners\/#primaryimage"},"thumbnailUrl":"https:\/\/www.duboischemicals.com\/manufacturing\/wp-content\/uploads\/sites\/2\/2018\/10\/iStock-840078432.jpg","datePublished":"2020-11-30T17:20:13+00:00","dateModified":"2021-02-17T10:03:51+00:00","breadcrumb":{"@id":"https:\/\/www.duboischemicals.com\/manufacturing\/fr\/products\/facility-maintenance-cleaners\/solvent-cleaners\/#breadcrumb"},"inLanguage":"fr-FR","potentialAction":[{"@type":"ReadAction","target":["https:\/\/www.duboischemicals.com\/manufacturing\/fr\/products\/facility-maintenance-cleaners\/solvent-cleaners\/"]}]},{"@type":"ImageObject","inLanguage":"fr-FR","@id":"https:\/\/www.duboischemicals.com\/manufacturing\/fr\/products\/facility-maintenance-cleaners\/solvent-cleaners\/#primaryimage","url":"https:\/\/www.duboischemicals.com\/manufacturing\/wp-content\/uploads\/sites\/2\/2018\/10\/iStock-840078432.jpg","contentUrl":"https:\/\/www.duboischemicals.com\/manufacturing\/wp-content\/uploads\/sites\/2\/2018\/10\/iStock-840078432.jpg","width":454,"height":450},{"@type":"BreadcrumbList","@id":"https:\/\/www.duboischemicals.com\/manufacturing\/fr\/products\/facility-maintenance-cleaners\/solvent-cleaners\/#breadcrumb","itemListElement":[{"@type":"ListItem","position":1,"name":"Home","item":"https:\/\/www.duboischemicals.com\/manufacturing\/fr\/"},{"@type":"ListItem","position":2,"name":"Produits","item":"https:\/\/www.duboischemicals.com\/manufacturing\/fr\/products\/"},{"@type":"ListItem","position":3,"name":"Nettoyants pour l\u2019entretien des installations","item":"https:\/\/www.duboischemicals.com\/manufacturing\/fr\/products\/facility-maintenance-cleaners\/"},{"@type":"ListItem","position":4,"name":"Nettoyants \u00e0 base de solvants"}]},{"@type":"WebSite","@id":"https:\/\/www.duboischemicals.com\/manufacturing\/fr\/#website","url":"https:\/\/www.duboischemicals.com\/manufacturing\/fr\/","name":"Manufacturing","description":"","potentialAction":[{"@type":"SearchAction","target":{"@type":"EntryPoint","urlTemplate":"https:\/\/www.duboischemicals.com\/manufacturing\/fr\/?s={search_term_string}"},"query-input":{"@type":"PropertyValueSpecification","valueRequired":true,"valueName":"search_term_string"}}],"inLanguage":"fr-FR"}]}},"_links":{"self":[{"href":"https:\/\/www.duboischemicals.com\/manufacturing\/fr\/wp-json\/wp\/v2\/pages\/9807","targetHints":{"allow":["GET"]}}],"collection":[{"href":"https:\/\/www.duboischemicals.com\/manufacturing\/fr\/wp-json\/wp\/v2\/pages"}],"about":[{"href":"https:\/\/www.duboischemicals.com\/manufacturing\/fr\/wp-json\/wp\/v2\/types\/page"}],"author":[{"embeddable":true,"href":"https:\/\/www.duboischemicals.com\/manufacturing\/fr\/wp-json\/wp\/v2\/users\/220"}],"replies":[{"embeddable":true,"href":"https:\/\/www.duboischemicals.com\/manufacturing\/fr\/wp-json\/wp\/v2\/comments?post=9807"}],"version-history":[{"count":3,"href":"https:\/\/www.duboischemicals.com\/manufacturing\/fr\/wp-json\/wp\/v2\/pages\/9807\/revisions"}],"predecessor-version":[{"id":11516,"href":"https:\/\/www.duboischemicals.com\/manufacturing\/fr\/wp-json\/wp\/v2\/pages\/9807\/revisions\/11516"}],"up":[{"embeddable":true,"href":"https:\/\/www.duboischemicals.com\/manufacturing\/fr\/wp-json\/wp\/v2\/pages\/10735"}],"wp:featuredmedia":[{"embeddable":true,"href":"https:\/\/www.duboischemicals.com\/manufacturing\/fr\/wp-json\/wp\/v2\/media\/9808"}],"wp:attachment":[{"href":"https:\/\/www.duboischemicals.com\/manufacturing\/fr\/wp-json\/wp\/v2\/media?parent=9807"}],"curies":[{"name":"wp","href":"https:\/\/api.w.org\/{rel}","templated":true}]}}