{"id":9810,"date":"2020-11-30T12:20:13","date_gmt":"2020-11-30T17:20:13","guid":{"rendered":"https:\/\/www.duboischemicals.com\/\/manufacturing\/cleaners-scale-conditioners\/"},"modified":"2021-02-17T05:04:00","modified_gmt":"2021-02-17T10:04:00","slug":"cleaners-scale-conditioners","status":"publish","type":"page","link":"https:\/\/www.duboischemicals.com\/manufacturing\/fr\/products\/cold-forming-wire-tube\/cleaners-scale-conditioners\/","title":{"rendered":"Nettoyants et agents de conditionnement du tartre"},"content":{"rendered":"<p>Un rev\u00eatement uniforme est essentiel aux proc\u00e9d\u00e9s de formage des fils et des tubes. Si des couches de finition lubrifiantes et du tartre acide persistent sur la surface du produit lors de l\u2019\u00e9tape du phosphate de zinc, il en r\u00e9sultera un rev\u00eatement in\u00e9gal et irr\u00e9gulier. DuBois propose une gamme compl\u00e8te de nettoyants alcalins et d\u2019agents de conditionnement du tartre con\u00e7us pour rendre vos pi\u00e8ces propres et obtenir un rev\u00eatement uniforme et dense. Les nettoyants alcalins \u00e9liminent toutes les huiles et graisses, tandis que les agents de conditionnement du tartre transforment les oxydes insolubles dans l\u2019acide en leur forme soluble, en particulier avec les alliages contenant du nickel et du chrome, et \u00e9liminent les d\u00e9p\u00f4ts lors du proc\u00e9d\u00e9 de recuit.<\/p>\n<p>Les produits nettoyants et de conditionnement du tartre de DuBois se d\u00e9clinent en plusieurs options et pr\u00e9sentent de nombreux avantages, notamment les suivants\u00a0:<\/p>\n<ul>\n<li>Nettoyants alcalins \u00e0 pulv\u00e9riser et \u00e0 immerger pour tous les types de m\u00e9taux<\/li>\n<li>Produits tamponn\u00e9s de conditionnement du tartre permettant de convertir les oxydes en une forme soluble dans l\u2019acide et d\u2019augmenter la dur\u00e9e de vie du bain<\/li>\n<li>Inhibiteurs de d\u00e9capage \u00e0 l\u2019acide<\/li>\n<\/ul>\n","protected":false},"excerpt":{"rendered":"<p>Un rev\u00eatement uniforme est essentiel aux proc\u00e9d\u00e9s de formage des fils et des tubes. Si des couches de finition lubrifiantes et du tartre acide persistent sur la surface du produit lors de l\u2019\u00e9tape du phosphate&#8230;<\/p>\n","protected":false},"author":220,"featured_media":9811,"parent":10730,"menu_order":1,"comment_status":"closed","ping_status":"closed","template":"template-prodinfo.php","meta":{"_acf_changed":false,"footnotes":""},"class_list":["post-9810","page","type-page","status-publish","has-post-thumbnail","hentry"],"acf":[],"yoast_head":"<!-- This site is optimized with the Yoast SEO plugin v26.8 - https:\/\/yoast.com\/product\/yoast-seo-wordpress\/ -->\n<title>Nettoyants et agents de conditionnement du tartre - Manufacturing<\/title>\n<meta name=\"robots\" content=\"index, follow, max-snippet:-1, max-image-preview:large, max-video-preview:-1\" \/>\n<link rel=\"canonical\" href=\"https:\/\/www.duboischemicals.com\/manufacturing\/fr\/products\/cold-forming-wire-tube\/cleaners-scale-conditioners\/\" \/>\n<meta property=\"og:locale\" content=\"fr_FR\" \/>\n<meta property=\"og:type\" content=\"article\" \/>\n<meta property=\"og:title\" content=\"Nettoyants et agents de conditionnement du tartre - Manufacturing\" \/>\n<meta property=\"og:description\" content=\"Un rev\u00eatement uniforme est essentiel aux proc\u00e9d\u00e9s de formage des fils et des tubes. Si des couches de finition lubrifiantes et du tartre acide persistent sur la surface du produit lors de l\u2019\u00e9tape du phosphate...\" \/>\n<meta property=\"og:url\" content=\"https:\/\/www.duboischemicals.com\/manufacturing\/fr\/products\/cold-forming-wire-tube\/cleaners-scale-conditioners\/\" \/>\n<meta property=\"og:site_name\" content=\"Manufacturing\" \/>\n<meta property=\"article:modified_time\" content=\"2021-02-17T10:04:00+00:00\" \/>\n<meta property=\"og:image\" content=\"https:\/\/www.duboischemicals.com\/manufacturing\/wp-content\/uploads\/sites\/2\/2018\/10\/iStock-905154954.jpg\" \/>\n\t<meta property=\"og:image:width\" content=\"454\" \/>\n\t<meta property=\"og:image:height\" content=\"450\" \/>\n\t<meta property=\"og:image:type\" content=\"image\/jpeg\" \/>\n<meta name=\"twitter:card\" content=\"summary_large_image\" \/>\n<meta name=\"twitter:label1\" content=\"Dur\u00e9e de lecture estim\u00e9e\" \/>\n\t<meta name=\"twitter:data1\" content=\"1 minute\" \/>\n<script type=\"application\/ld+json\" class=\"yoast-schema-graph\">{\"@context\":\"https:\/\/schema.org\",\"@graph\":[{\"@type\":\"WebPage\",\"@id\":\"https:\/\/www.duboischemicals.com\/manufacturing\/fr\/products\/cold-forming-wire-tube\/cleaners-scale-conditioners\/\",\"url\":\"https:\/\/www.duboischemicals.com\/manufacturing\/fr\/products\/cold-forming-wire-tube\/cleaners-scale-conditioners\/\",\"name\":\"Nettoyants et agents de conditionnement du tartre - Manufacturing\",\"isPartOf\":{\"@id\":\"https:\/\/www.duboischemicals.com\/manufacturing\/fr\/#website\"},\"primaryImageOfPage\":{\"@id\":\"https:\/\/www.duboischemicals.com\/manufacturing\/fr\/products\/cold-forming-wire-tube\/cleaners-scale-conditioners\/#primaryimage\"},\"image\":{\"@id\":\"https:\/\/www.duboischemicals.com\/manufacturing\/fr\/products\/cold-forming-wire-tube\/cleaners-scale-conditioners\/#primaryimage\"},\"thumbnailUrl\":\"https:\/\/www.duboischemicals.com\/manufacturing\/wp-content\/uploads\/sites\/2\/2018\/10\/iStock-905154954.jpg\",\"datePublished\":\"2020-11-30T17:20:13+00:00\",\"dateModified\":\"2021-02-17T10:04:00+00:00\",\"breadcrumb\":{\"@id\":\"https:\/\/www.duboischemicals.com\/manufacturing\/fr\/products\/cold-forming-wire-tube\/cleaners-scale-conditioners\/#breadcrumb\"},\"inLanguage\":\"fr-FR\",\"potentialAction\":[{\"@type\":\"ReadAction\",\"target\":[\"https:\/\/www.duboischemicals.com\/manufacturing\/fr\/products\/cold-forming-wire-tube\/cleaners-scale-conditioners\/\"]}]},{\"@type\":\"ImageObject\",\"inLanguage\":\"fr-FR\",\"@id\":\"https:\/\/www.duboischemicals.com\/manufacturing\/fr\/products\/cold-forming-wire-tube\/cleaners-scale-conditioners\/#primaryimage\",\"url\":\"https:\/\/www.duboischemicals.com\/manufacturing\/wp-content\/uploads\/sites\/2\/2018\/10\/iStock-905154954.jpg\",\"contentUrl\":\"https:\/\/www.duboischemicals.com\/manufacturing\/wp-content\/uploads\/sites\/2\/2018\/10\/iStock-905154954.jpg\",\"width\":454,\"height\":450},{\"@type\":\"BreadcrumbList\",\"@id\":\"https:\/\/www.duboischemicals.com\/manufacturing\/fr\/products\/cold-forming-wire-tube\/cleaners-scale-conditioners\/#breadcrumb\",\"itemListElement\":[{\"@type\":\"ListItem\",\"position\":1,\"name\":\"Home\",\"item\":\"https:\/\/www.duboischemicals.com\/manufacturing\/fr\/\"},{\"@type\":\"ListItem\",\"position\":2,\"name\":\"Produits\",\"item\":\"https:\/\/www.duboischemicals.com\/manufacturing\/fr\/products\/\"},{\"@type\":\"ListItem\",\"position\":3,\"name\":\"Formage \u00e0 froid, fils et tubes\",\"item\":\"https:\/\/www.duboischemicals.com\/manufacturing\/fr\/products\/cold-forming-wire-tube\/\"},{\"@type\":\"ListItem\",\"position\":4,\"name\":\"Nettoyants et agents de conditionnement du tartre\"}]},{\"@type\":\"WebSite\",\"@id\":\"https:\/\/www.duboischemicals.com\/manufacturing\/fr\/#website\",\"url\":\"https:\/\/www.duboischemicals.com\/manufacturing\/fr\/\",\"name\":\"Manufacturing\",\"description\":\"\",\"potentialAction\":[{\"@type\":\"SearchAction\",\"target\":{\"@type\":\"EntryPoint\",\"urlTemplate\":\"https:\/\/www.duboischemicals.com\/manufacturing\/fr\/?s={search_term_string}\"},\"query-input\":{\"@type\":\"PropertyValueSpecification\",\"valueRequired\":true,\"valueName\":\"search_term_string\"}}],\"inLanguage\":\"fr-FR\"}]}<\/script>\n<!-- \/ Yoast SEO plugin. -->","yoast_head_json":{"title":"Nettoyants et agents de conditionnement du tartre - Manufacturing","robots":{"index":"index","follow":"follow","max-snippet":"max-snippet:-1","max-image-preview":"max-image-preview:large","max-video-preview":"max-video-preview:-1"},"canonical":"https:\/\/www.duboischemicals.com\/manufacturing\/fr\/products\/cold-forming-wire-tube\/cleaners-scale-conditioners\/","og_locale":"fr_FR","og_type":"article","og_title":"Nettoyants et agents de conditionnement du tartre - Manufacturing","og_description":"Un rev\u00eatement uniforme est essentiel aux proc\u00e9d\u00e9s de formage des fils et des tubes. Si des couches de finition lubrifiantes et du tartre acide persistent sur la surface du produit lors de l\u2019\u00e9tape du phosphate...","og_url":"https:\/\/www.duboischemicals.com\/manufacturing\/fr\/products\/cold-forming-wire-tube\/cleaners-scale-conditioners\/","og_site_name":"Manufacturing","article_modified_time":"2021-02-17T10:04:00+00:00","og_image":[{"width":454,"height":450,"url":"https:\/\/www.duboischemicals.com\/manufacturing\/wp-content\/uploads\/sites\/2\/2018\/10\/iStock-905154954.jpg","type":"image\/jpeg"}],"twitter_card":"summary_large_image","twitter_misc":{"Dur\u00e9e de lecture estim\u00e9e":"1 minute"},"schema":{"@context":"https:\/\/schema.org","@graph":[{"@type":"WebPage","@id":"https:\/\/www.duboischemicals.com\/manufacturing\/fr\/products\/cold-forming-wire-tube\/cleaners-scale-conditioners\/","url":"https:\/\/www.duboischemicals.com\/manufacturing\/fr\/products\/cold-forming-wire-tube\/cleaners-scale-conditioners\/","name":"Nettoyants et agents de conditionnement du tartre - Manufacturing","isPartOf":{"@id":"https:\/\/www.duboischemicals.com\/manufacturing\/fr\/#website"},"primaryImageOfPage":{"@id":"https:\/\/www.duboischemicals.com\/manufacturing\/fr\/products\/cold-forming-wire-tube\/cleaners-scale-conditioners\/#primaryimage"},"image":{"@id":"https:\/\/www.duboischemicals.com\/manufacturing\/fr\/products\/cold-forming-wire-tube\/cleaners-scale-conditioners\/#primaryimage"},"thumbnailUrl":"https:\/\/www.duboischemicals.com\/manufacturing\/wp-content\/uploads\/sites\/2\/2018\/10\/iStock-905154954.jpg","datePublished":"2020-11-30T17:20:13+00:00","dateModified":"2021-02-17T10:04:00+00:00","breadcrumb":{"@id":"https:\/\/www.duboischemicals.com\/manufacturing\/fr\/products\/cold-forming-wire-tube\/cleaners-scale-conditioners\/#breadcrumb"},"inLanguage":"fr-FR","potentialAction":[{"@type":"ReadAction","target":["https:\/\/www.duboischemicals.com\/manufacturing\/fr\/products\/cold-forming-wire-tube\/cleaners-scale-conditioners\/"]}]},{"@type":"ImageObject","inLanguage":"fr-FR","@id":"https:\/\/www.duboischemicals.com\/manufacturing\/fr\/products\/cold-forming-wire-tube\/cleaners-scale-conditioners\/#primaryimage","url":"https:\/\/www.duboischemicals.com\/manufacturing\/wp-content\/uploads\/sites\/2\/2018\/10\/iStock-905154954.jpg","contentUrl":"https:\/\/www.duboischemicals.com\/manufacturing\/wp-content\/uploads\/sites\/2\/2018\/10\/iStock-905154954.jpg","width":454,"height":450},{"@type":"BreadcrumbList","@id":"https:\/\/www.duboischemicals.com\/manufacturing\/fr\/products\/cold-forming-wire-tube\/cleaners-scale-conditioners\/#breadcrumb","itemListElement":[{"@type":"ListItem","position":1,"name":"Home","item":"https:\/\/www.duboischemicals.com\/manufacturing\/fr\/"},{"@type":"ListItem","position":2,"name":"Produits","item":"https:\/\/www.duboischemicals.com\/manufacturing\/fr\/products\/"},{"@type":"ListItem","position":3,"name":"Formage \u00e0 froid, fils et tubes","item":"https:\/\/www.duboischemicals.com\/manufacturing\/fr\/products\/cold-forming-wire-tube\/"},{"@type":"ListItem","position":4,"name":"Nettoyants et agents de conditionnement du tartre"}]},{"@type":"WebSite","@id":"https:\/\/www.duboischemicals.com\/manufacturing\/fr\/#website","url":"https:\/\/www.duboischemicals.com\/manufacturing\/fr\/","name":"Manufacturing","description":"","potentialAction":[{"@type":"SearchAction","target":{"@type":"EntryPoint","urlTemplate":"https:\/\/www.duboischemicals.com\/manufacturing\/fr\/?s={search_term_string}"},"query-input":{"@type":"PropertyValueSpecification","valueRequired":true,"valueName":"search_term_string"}}],"inLanguage":"fr-FR"}]}},"_links":{"self":[{"href":"https:\/\/www.duboischemicals.com\/manufacturing\/fr\/wp-json\/wp\/v2\/pages\/9810","targetHints":{"allow":["GET"]}}],"collection":[{"href":"https:\/\/www.duboischemicals.com\/manufacturing\/fr\/wp-json\/wp\/v2\/pages"}],"about":[{"href":"https:\/\/www.duboischemicals.com\/manufacturing\/fr\/wp-json\/wp\/v2\/types\/page"}],"author":[{"embeddable":true,"href":"https:\/\/www.duboischemicals.com\/manufacturing\/fr\/wp-json\/wp\/v2\/users\/220"}],"replies":[{"embeddable":true,"href":"https:\/\/www.duboischemicals.com\/manufacturing\/fr\/wp-json\/wp\/v2\/comments?post=9810"}],"version-history":[{"count":3,"href":"https:\/\/www.duboischemicals.com\/manufacturing\/fr\/wp-json\/wp\/v2\/pages\/9810\/revisions"}],"predecessor-version":[{"id":11530,"href":"https:\/\/www.duboischemicals.com\/manufacturing\/fr\/wp-json\/wp\/v2\/pages\/9810\/revisions\/11530"}],"up":[{"embeddable":true,"href":"https:\/\/www.duboischemicals.com\/manufacturing\/fr\/wp-json\/wp\/v2\/pages\/10730"}],"wp:featuredmedia":[{"embeddable":true,"href":"https:\/\/www.duboischemicals.com\/manufacturing\/fr\/wp-json\/wp\/v2\/media\/9811"}],"wp:attachment":[{"href":"https:\/\/www.duboischemicals.com\/manufacturing\/fr\/wp-json\/wp\/v2\/media?parent=9810"}],"curies":[{"name":"wp","href":"https:\/\/api.w.org\/{rel}","templated":true}]}}